{"id":11196,"date":"2015-07-21T15:48:19","date_gmt":"2015-07-21T13:48:19","guid":{"rendered":"http:\/\/www.targettraining.eu\/?page_id=11196"},"modified":"2015-09-30T12:41:14","modified_gmt":"2015-09-30T10:41:14","slug":"sichere-teilnahme-an-meetings-auf-englisch","status":"publish","type":"page","link":"https:\/\/www.targettraining.eu\/de\/sichere-teilnahme-an-meetings-auf-englisch\/","title":{"rendered":"Sichere Teilnahme an Meetings auf Englisch"},"content":{"rendered":"<div  class='flex_column av-av_one_full-2a9015ff38129c418a3f2eafba3e9512 av_one_full  avia-builder-el-0  el_before_av_two_third  avia-builder-el-first  first flex_column_div  '     ><section  class='av_textblock_section av-av_textblock-0366cc7376be6c9e82a3e9cc8987b64f '   itemscope=\"itemscope\" itemtype=\"https:\/\/schema.org\/CreativeWork\" ><div class='avia_textblock'  itemprop=\"text\" ><h3 style=\"text-align: right;\">\u00a0<span style=\"color: #888888;\">Business Englisch<\/span><\/h3>\n<\/div><\/section><br \/>\n\n<style type=\"text\/css\" data-created_by=\"avia_inline_auto\" id=\"style-css-av-av_hr-7148c96ad18338470e2200b4c17e1ba3\">\n#top .hr.hr-invisible.av-av_hr-7148c96ad18338470e2200b4c17e1ba3{\nheight:30px;\n}\n<\/style>\n<div  class='hr av-av_hr-7148c96ad18338470e2200b4c17e1ba3 hr-invisible  avia-builder-el-2  el_after_av_textblock  el_before_av_textblock '><span class='hr-inner '><span class=\"hr-inner-style\"><\/span><\/span><\/div><br \/>\n<section  class='av_textblock_section av-av_textblock-0366cc7376be6c9e82a3e9cc8987b64f '   itemscope=\"itemscope\" itemtype=\"https:\/\/schema.org\/CreativeWork\" ><div class='avia_textblock'  itemprop=\"text\" ><h1>Sichere Teilnahme an Meetings auf Englisch<\/h1>\n<h2>Kommunikative F\u00e4higkeiten | Business Englisch | Seminar<\/h2>\n<\/div><\/section><br \/>\n<section  class='av_textblock_section av-av_textblock-0366cc7376be6c9e82a3e9cc8987b64f '   itemscope=\"itemscope\" itemtype=\"https:\/\/schema.org\/CreativeWork\" ><div class='avia_textblock'  itemprop=\"text\" ><h1><img loading=\"lazy\" decoding=\"async\" class=\"alignnone lazyload\" data-src=\"http:\/\/02086ee2.kundenrechner.net\/wp-content\/uploads\/2013\/08\/participating-in-meetings-with-confidence-e1376046405240.jpg\" alt=\" Teilnahme an Meetings auf Englisch\" width=\"1800\" height=\"891\" src=\"data:image\/gif;base64,R0lGODlhAQABAAAAACH5BAEKAAEALAAAAAABAAEAAAICTAEAOw==\" style=\"--smush-placeholder-width: 1800px; --smush-placeholder-aspect-ratio: 1800\/891;\" \/><noscript><img loading=\"lazy\" decoding=\"async\" class=\"alignnone\" src=\"http:\/\/02086ee2.kundenrechner.net\/wp-content\/uploads\/2013\/08\/participating-in-meetings-with-confidence-e1376046405240.jpg\" alt=\" Teilnahme an Meetings auf Englisch\" width=\"1800\" height=\"891\" \/><\/noscript><\/h1>\n<\/div><\/section><\/p><\/div><div  class='flex_column av-av_two_third-2a9015ff38129c418a3f2eafba3e9512 av_two_third first flex_column_div  '     ><section  class='av_textblock_section av-av_textblock-0366cc7376be6c9e82a3e9cc8987b64f '   itemscope=\"itemscope\" itemtype=\"https:\/\/schema.org\/CreativeWork\" ><div class='avia_textblock'  itemprop=\"text\" ><p><strong>Meetings sind der Schl\u00fcssel f\u00fcr erfolgreiche Kommunikation und Ihre englischen Sprachkenntnisse sollten keine Auswirkungen auf den Erfolg haben. Egal, ob Sie an einem Meeting auf Englisch teilnehmen oder es selbst organisieren: Dieses Seminar st\u00e4rkt Ihr Selbstvertrauen und Ihre kommunikative Kompetenz.<\/strong><\/p>\n<h3>F\u00fcr wen ist es geeignet?<\/h3>\n<p>Dieses praxisorientierte Seminar eignet sich ideal f\u00fcr alle Mitarbeiter, die aktiv an Meetings in englischer Sprache teilnehmen m\u00fcssen. Die typischen Teilnehmer wollen ihr Selbstvertrauen und Ihre kommunikativen F\u00e4higkeiten verbessern, damit sie die vorhandenen sprachlichen Ausdrucksf\u00e4higkeiten optimal bei Meetings auf Englisch einsetzen k\u00f6nnen.<\/p>\n<h3>Welches Ergebnis k\u00f6nnen Sie erwarten?<\/h3>\n<p>Bis zum Abschluss des Seminars haben Sie:<\/p>\n<ul>\n<li>Selbstvertrauen und Sprachfl\u00fcssigkeit bei der Teilnahme an Meetings auf Englisch entwickelt.<\/li>\n<li>die f\u00fcr erfolgreiche Meetings erforderlichen Verhaltensweisen \u00fcbernommen.<\/li>\n<li>sich eine sprachliche Toolbox aufgebaut, um die Produktivit\u00e4t k\u00fcnftiger Meetings zu steigern.<\/li>\n<\/ul>\n<h3>Welche Themen werden behandelt:<\/h3>\n<ul>\n<li>Erkennen, was effektive und erfolgreiche Meetings ausmacht<\/li>\n<li>Sensibilisierung f\u00fcr bew\u00e4hrtes Verhalten bei Meetings<\/li>\n<li>Nehmen Sie Ihre Verantwortung f\u00fcr aktive Mitwirkung wahr<\/li>\n<li>Gut geplant ist halb gewonnen<\/li>\n<\/ul>\n<p><strong>Aufbau und Anwendung einer englischsprachlichen Toolbox:<\/strong><\/p>\n<ul>\n<li>Mit dem Ende im Hinterkopf beginnen<\/li>\n<li>Meinungsaustausch bei Meeting auf Englisch<\/li>\n<li>Zusammenfassung von Projekten und das Vortragen von Aktualisierungen<\/li>\n<li>Gr\u00fcnde \u00e4u\u00dfern und Erkl\u00e4rungen abgeben zu Meinungen, Pl\u00e4nen und Handlungen<\/li>\n<li>Die vergleichende Gegen\u00fcberstellung von Alternativen<\/li>\n<li>Zustimmung und Ablehnung<\/li>\n<li>Konstruktiv unterbrechen<\/li>\n<li>Das englischsprachige Meeting in der Spur halten durch Klarstellung und Zusammenfassung<\/li>\n<li>Andere Teilnehmer einbeziehen<\/li>\n<li>Aufgaben delegieren und Vereinbarungen umsetzen<\/li>\n<\/ul>\n<\/div><\/section><\/div><\/p>\n\n<style type=\"text\/css\" data-created_by=\"avia_inline_auto\" id=\"style-css-av-av_one_third-2a64de42b738552fe666ca889af77e28\">\n.flex_column.av-av_one_third-2a64de42b738552fe666ca889af77e28{\nborder-radius:0px 0px 0px 0px;\npadding:0px 0px 0px 0px;\n}\n<\/style>\n<div  class='flex_column av-av_one_third-2a64de42b738552fe666ca889af77e28 av_one_third flex_column_div av-zero-column-padding  '     ><p>\n<style type=\"text\/css\" data-created_by=\"avia_inline_auto\" id=\"style-css-av-av_heading-9cf45dddb311ba3802125b9ca6562803\">\n#top .av-special-heading.av-av_heading-9cf45dddb311ba3802125b9ca6562803{\npadding-bottom:1px;\n}\nbody .av-special-heading.av-av_heading-9cf45dddb311ba3802125b9ca6562803 .av-special-heading-tag .heading-char{\nfont-size:25px;\n}\n.av-special-heading.av-av_heading-9cf45dddb311ba3802125b9ca6562803 .av-subheading{\nfont-size:10px;\n}\n<\/style>\n<div  class='av-special-heading av-av_heading-9cf45dddb311ba3802125b9ca6562803 av-special-heading-h6 meta-heading blockquote modern-quote'><h6 class='av-special-heading-tag'  itemprop=\"headline\"  >Teilnehmerbewertung<\/h6><div class=\"special-heading-border\"><div class=\"special-heading-inner-border\"><\/div><\/div><\/div><br \/>\n\n<style type=\"text\/css\" data-created_by=\"avia_inline_auto\" id=\"style-css-av-av_image-b5e8e82059dda40c05993f68c26b1fa8\">\n.avia-image-container.av-av_image-b5e8e82059dda40c05993f68c26b1fa8 img.avia_image{\nbox-shadow:none;\n}\n.avia-image-container.av-av_image-b5e8e82059dda40c05993f68c26b1fa8 .av-image-caption-overlay-center{\ncolor:#ffffff;\n}\n<\/style>\n<div  class='avia-image-container av-av_image-b5e8e82059dda40c05993f68c26b1fa8 av-styling- avia-align-left  avia-builder-el-4  el_after_av_textblock  avia-builder-el-last '   itemprop=\"image\" itemscope=\"itemscope\" itemtype=\"https:\/\/schema.org\/ImageObject\" ><div class=\"avia-image-container-inner\"><div class=\"avia-image-overlay-wrap\"><img decoding=\"async\" fetchpriority=\"high\" class='avia-img-lazy-loading-not- avia_image ' src=\"http:\/\/02086ee2.kundenrechner.net\/wp-content\/uploads\/2013\/08\/stars-4.5.bmp\" alt='' title=''   itemprop=\"thumbnailUrl\"  \/><\/div><\/div><\/div><br \/>\n<div  class='hr av-av_hr-d3021aff4e2c88ff75459fd6b3a45a12 hr-default'><span class='hr-inner '><span class=\"hr-inner-style\"><\/span><\/span><\/div><br \/>\n<section  class='av_textblock_section av-av_textblock-0366cc7376be6c9e82a3e9cc8987b64f '   itemscope=\"itemscope\" itemtype=\"https:\/\/schema.org\/CreativeWork\" ><div class='avia_textblock'  itemprop=\"text\" ><ul>\n<li><strong>Dauer:<\/strong> 2\u00a0Tage<\/li>\n<li><strong>Kosten:<\/strong>\u00a0 1520 \u20ac<\/li>\n<\/ul>\n<\/div><\/section><br \/>\n<div  class='hr av-av_hr-d3021aff4e2c88ff75459fd6b3a45a12 hr-default'><span class='hr-inner '><span class=\"hr-inner-style\"><\/span><\/span><\/div><br \/>\n<section  class='av_textblock_section av-av_textblock-0366cc7376be6c9e82a3e9cc8987b64f '   itemscope=\"itemscope\" itemtype=\"https:\/\/schema.org\/CreativeWork\" ><div class='avia_textblock'  itemprop=\"text\" ><p><img loading=\"lazy\" decoding=\"async\" class=\"alignnone lazyload\" data-src=\"http:\/\/02086ee2.kundenrechner.net\/wp-content\/uploads\/2013\/08\/tj-300x208.png\" alt=\"Tony Jones Teilnahme an Meetings auf Englisch\" width=\"300\" height=\"208\" src=\"data:image\/gif;base64,R0lGODlhAQABAAAAACH5BAEKAAEALAAAAAABAAEAAAICTAEAOw==\" style=\"--smush-placeholder-width: 300px; --smush-placeholder-aspect-ratio: 300\/208;\" \/><noscript><img loading=\"lazy\" decoding=\"async\" class=\"alignnone\" src=\"http:\/\/02086ee2.kundenrechner.net\/wp-content\/uploads\/2013\/08\/tj-300x208.png\" alt=\"Tony Jones Teilnahme an Meetings auf Englisch\" width=\"300\" height=\"208\" \/><\/noscript><\/p>\n<\/div><\/section><br \/>\n\n<style type=\"text\/css\" data-created_by=\"avia_inline_auto\" id=\"style-css-av-av_hr-7148c96ad18338470e2200b4c17e1ba3\">\n#top .hr.hr-invisible.av-av_hr-7148c96ad18338470e2200b4c17e1ba3{\nheight:30px;\n}\n<\/style>\n<div  class='hr av-av_hr-7148c96ad18338470e2200b4c17e1ba3 hr-invisible'><span class='hr-inner '><span class=\"hr-inner-style\"><\/span><\/span><\/div><br \/>\n<section  class='av_textblock_section av-av_textblock-0366cc7376be6c9e82a3e9cc8987b64f '   itemscope=\"itemscope\" itemtype=\"https:\/\/schema.org\/CreativeWork\" ><div class='avia_textblock'  itemprop=\"text\" ><p><span style=\"color: #808080;\"><em>&#8222;Es ist mein Ziel sicherzustellen, dass Sie eine aktive Rolle in Ihren englischsprachigen Meetings spielen.\u00a0Mit verschiedenen Aktivit\u00e4ten, Simulationen, n\u00fctzlichen Tipps und klaren Ratschl\u00e4gen,\u00a0bauen wir auf Ihren St\u00e4rken auf und vermitteln Ihnen praktische Sprachf\u00e4higkeiten, um Ihre Schw\u00e4chen zu \u00fcberwinden. Ich garantiere Ihnen, dass Sie unser Seminar mit Zuversicht verlassen werden.&#8220;<\/em><\/span><\/p>\n<p><span style=\"font-size: small; color: #808080;\"><strong>Tony Jones<br \/>\n<\/strong><\/span><\/p>\n<\/div><\/section><br \/>\n<div  class='hr av-av_hr-d3021aff4e2c88ff75459fd6b3a45a12 hr-default'><span class='hr-inner '><span class=\"hr-inner-style\"><\/span><\/span><\/div><br \/>\n\n<style type=\"text\/css\" data-created_by=\"avia_inline_auto\" id=\"style-css-av-av_heading-880d39e1c457a98997ad0c96877b2aeb\">\n#top .av-special-heading.av-av_heading-880d39e1c457a98997ad0c96877b2aeb{\npadding-bottom:1px;\n}\nbody .av-special-heading.av-av_heading-880d39e1c457a98997ad0c96877b2aeb .av-special-heading-tag .heading-char{\nfont-size:25px;\n}\n.av-special-heading.av-av_heading-880d39e1c457a98997ad0c96877b2aeb .av-subheading{\nfont-size:10px;\n}\n<\/style>\n<div  class='av-special-heading av-av_heading-880d39e1c457a98997ad0c96877b2aeb av-special-heading-h6 meta-heading blockquote modern-quote'><h6 class='av-special-heading-tag'  itemprop=\"headline\"  >Angepasst an folgendes CEF Level:<\/h6><div class=\"special-heading-border\"><div class=\"special-heading-inner-border\"><\/div><\/div><\/div><br \/>\n<section  class='av_textblock_section av-av_textblock-0366cc7376be6c9e82a3e9cc8987b64f '   itemscope=\"itemscope\" itemtype=\"https:\/\/schema.org\/CreativeWork\" ><div class='avia_textblock'  itemprop=\"text\" ><p><strong><span style=\"font-size: medium; color: #0070c0;\">B1<\/span><\/strong><\/p>\n<\/div><\/section><br \/>\n\n<style type=\"text\/css\" data-created_by=\"avia_inline_auto\" id=\"style-css-av-av_image-8b3d3b300d7e176066ab1aa03eeb91a6\">\n.avia-image-container.av-av_image-8b3d3b300d7e176066ab1aa03eeb91a6 img.avia_image{\nbox-shadow:none;\n}\n.avia-image-container.av-av_image-8b3d3b300d7e176066ab1aa03eeb91a6 .av-image-caption-overlay-center{\ncolor:#ffffff;\n}\n<\/style>\n<div  class='avia-image-container av-av_image-8b3d3b300d7e176066ab1aa03eeb91a6 av-styling- avia-align-center'   itemprop=\"image\" itemscope=\"itemscope\" itemtype=\"https:\/\/schema.org\/ImageObject\" ><div class=\"avia-image-container-inner\"><div class=\"avia-image-overlay-wrap\"><img decoding=\"async\" fetchpriority=\"high\" class='avia-img-lazy-loading-not- avia_image ' src=\"http:\/\/02086ee2.kundenrechner.net\/wp-content\/uploads\/2013\/08\/cef-b1.bmp\" alt='' title=''   itemprop=\"thumbnailUrl\"  \/><\/div><\/div><\/div><\/p><\/div>\n<div  class='hr av-av_hr-d3021aff4e2c88ff75459fd6b3a45a12 hr-default'><span class='hr-inner '><span class=\"hr-inner-style\"><\/span><\/span><\/div>\n","protected":false},"excerpt":{"rendered":"","protected":false},"author":3,"featured_media":0,"parent":0,"menu_order":0,"comment_status":"open","ping_status":"open","template":"","meta":{"_acf_changed":false,"content-type":"","footnotes":""},"class_list":["post-11196","page","type-page","status-publish","hentry"],"acf":[],"yoast_head":"<!-- This site is optimized with the Yoast SEO plugin v23.6 - https:\/\/yoast.com\/wordpress\/plugins\/seo\/ -->\n<title>Teilnahme an Meetings auf Englisch - Target Training GmbH<\/title>\n<meta name=\"description\" content=\"Innerhalb dieses Seminars von Target Training lernen Sie wichtige Strategien und Tipps f\u00fcr die sichere Teilnahme an Meetings auf Englisch.\" \/>\n<meta name=\"robots\" content=\"index, follow, max-snippet:-1, max-image-preview:large, max-video-preview:-1\" \/>\n<link rel=\"canonical\" href=\"https:\/\/www.targettraining.eu\/de\/sichere-teilnahme-an-meetings-auf-englisch\/\" \/>\n<meta property=\"og:locale\" content=\"de_DE\" \/>\n<meta property=\"og:type\" content=\"article\" \/>\n<meta property=\"og:title\" content=\"Teilnahme an Meetings auf Englisch - Target Training GmbH\" \/>\n<meta property=\"og:description\" content=\"Innerhalb dieses Seminars von Target Training lernen Sie wichtige Strategien und Tipps f\u00fcr die sichere Teilnahme an Meetings auf Englisch.\" \/>\n<meta property=\"og:url\" content=\"https:\/\/www.targettraining.eu\/de\/sichere-teilnahme-an-meetings-auf-englisch\/\" \/>\n<meta property=\"og:site_name\" content=\"Target Training GmbH\" \/>\n<meta property=\"article:publisher\" content=\"https:\/\/www.facebook.com\/TargetTrainingGmbh\" \/>\n<meta property=\"article:modified_time\" content=\"2015-09-30T10:41:14+00:00\" \/>\n<meta property=\"og:image\" content=\"http:\/\/02086ee2.kundenrechner.net\/wp-content\/uploads\/2013\/08\/participating-in-meetings-with-confidence-e1376046405240.jpg\" \/>\n<meta name=\"twitter:label1\" content=\"Gesch\u00e4tzte Lesezeit\" \/>\n\t<meta name=\"twitter:data1\" content=\"3 Minuten\" \/>\n<script type=\"application\/ld+json\" class=\"yoast-schema-graph\">{\"@context\":\"https:\/\/schema.org\",\"@graph\":[{\"@type\":\"WebPage\",\"@id\":\"https:\/\/www.targettraining.eu\/de\/sichere-teilnahme-an-meetings-auf-englisch\/\",\"url\":\"https:\/\/www.targettraining.eu\/de\/sichere-teilnahme-an-meetings-auf-englisch\/\",\"name\":\"Teilnahme an Meetings auf Englisch - Target Training GmbH\",\"isPartOf\":{\"@id\":\"https:\/\/www.targettraining.eu\/#website\"},\"primaryImageOfPage\":{\"@id\":\"https:\/\/www.targettraining.eu\/de\/sichere-teilnahme-an-meetings-auf-englisch\/#primaryimage\"},\"image\":{\"@id\":\"https:\/\/www.targettraining.eu\/de\/sichere-teilnahme-an-meetings-auf-englisch\/#primaryimage\"},\"thumbnailUrl\":\"http:\/\/02086ee2.kundenrechner.net\/wp-content\/uploads\/2013\/08\/participating-in-meetings-with-confidence-e1376046405240.jpg\",\"datePublished\":\"2015-07-21T13:48:19+00:00\",\"dateModified\":\"2015-09-30T10:41:14+00:00\",\"description\":\"Innerhalb dieses Seminars von Target Training lernen Sie wichtige Strategien und Tipps f\u00fcr die sichere Teilnahme an Meetings auf Englisch.\",\"breadcrumb\":{\"@id\":\"https:\/\/www.targettraining.eu\/de\/sichere-teilnahme-an-meetings-auf-englisch\/#breadcrumb\"},\"inLanguage\":\"de-DE\",\"potentialAction\":[{\"@type\":\"ReadAction\",\"target\":[\"https:\/\/www.targettraining.eu\/de\/sichere-teilnahme-an-meetings-auf-englisch\/\"]}]},{\"@type\":\"ImageObject\",\"inLanguage\":\"de-DE\",\"@id\":\"https:\/\/www.targettraining.eu\/de\/sichere-teilnahme-an-meetings-auf-englisch\/#primaryimage\",\"url\":\"http:\/\/02086ee2.kundenrechner.net\/wp-content\/uploads\/2013\/08\/participating-in-meetings-with-confidence-e1376046405240.jpg\",\"contentUrl\":\"http:\/\/02086ee2.kundenrechner.net\/wp-content\/uploads\/2013\/08\/participating-in-meetings-with-confidence-e1376046405240.jpg\"},{\"@type\":\"BreadcrumbList\",\"@id\":\"https:\/\/www.targettraining.eu\/de\/sichere-teilnahme-an-meetings-auf-englisch\/#breadcrumb\",\"itemListElement\":[{\"@type\":\"ListItem\",\"position\":1,\"name\":\"Home\",\"item\":\"https:\/\/www.targettraining.eu\/de\/\"},{\"@type\":\"ListItem\",\"position\":2,\"name\":\"Sichere Teilnahme an Meetings auf Englisch\"}]},{\"@type\":\"WebSite\",\"@id\":\"https:\/\/www.targettraining.eu\/#website\",\"url\":\"https:\/\/www.targettraining.eu\/\",\"name\":\"Target Training GmbH\",\"description\":\"Training you to succeed globally\",\"publisher\":{\"@id\":\"https:\/\/www.targettraining.eu\/#organization\"},\"potentialAction\":[{\"@type\":\"SearchAction\",\"target\":{\"@type\":\"EntryPoint\",\"urlTemplate\":\"https:\/\/www.targettraining.eu\/?s={search_term_string}\"},\"query-input\":{\"@type\":\"PropertyValueSpecification\",\"valueRequired\":true,\"valueName\":\"search_term_string\"}}],\"inLanguage\":\"de-DE\"},{\"@type\":\"Organization\",\"@id\":\"https:\/\/www.targettraining.eu\/#organization\",\"name\":\"Target Training GmbH\",\"url\":\"https:\/\/www.targettraining.eu\/\",\"logo\":{\"@type\":\"ImageObject\",\"inLanguage\":\"de-DE\",\"@id\":\"https:\/\/www.targettraining.eu\/#\/schema\/logo\/image\/\",\"url\":\"https:\/\/www.targettraining.eu\/wp-content\/uploads\/2013\/04\/WP-logo2.png\",\"contentUrl\":\"https:\/\/www.targettraining.eu\/wp-content\/uploads\/2013\/04\/WP-logo2.png\",\"width\":103,\"height\":32,\"caption\":\"Target Training GmbH\"},\"image\":{\"@id\":\"https:\/\/www.targettraining.eu\/#\/schema\/logo\/image\/\"},\"sameAs\":[\"https:\/\/www.facebook.com\/TargetTrainingGmbh\",\"https:\/\/x.com\/TargetTrains\",\"https:\/\/www.youtube.com\/c\/TargettrainingEugmbh\"]}]}<\/script>\n<!-- \/ Yoast SEO plugin. -->","yoast_head_json":{"title":"Teilnahme an Meetings auf Englisch - Target Training GmbH","description":"Innerhalb dieses Seminars von Target Training lernen Sie wichtige Strategien und Tipps f\u00fcr die sichere Teilnahme an Meetings auf Englisch.","robots":{"index":"index","follow":"follow","max-snippet":"max-snippet:-1","max-image-preview":"max-image-preview:large","max-video-preview":"max-video-preview:-1"},"canonical":"https:\/\/www.targettraining.eu\/de\/sichere-teilnahme-an-meetings-auf-englisch\/","og_locale":"de_DE","og_type":"article","og_title":"Teilnahme an Meetings auf Englisch - Target Training GmbH","og_description":"Innerhalb dieses Seminars von Target Training lernen Sie wichtige Strategien und Tipps f\u00fcr die sichere Teilnahme an Meetings auf Englisch.","og_url":"https:\/\/www.targettraining.eu\/de\/sichere-teilnahme-an-meetings-auf-englisch\/","og_site_name":"Target Training GmbH","article_publisher":"https:\/\/www.facebook.com\/TargetTrainingGmbh","article_modified_time":"2015-09-30T10:41:14+00:00","og_image":[{"url":"http:\/\/02086ee2.kundenrechner.net\/wp-content\/uploads\/2013\/08\/participating-in-meetings-with-confidence-e1376046405240.jpg"}],"twitter_misc":{"Gesch\u00e4tzte Lesezeit":"3 Minuten"},"schema":{"@context":"https:\/\/schema.org","@graph":[{"@type":"WebPage","@id":"https:\/\/www.targettraining.eu\/de\/sichere-teilnahme-an-meetings-auf-englisch\/","url":"https:\/\/www.targettraining.eu\/de\/sichere-teilnahme-an-meetings-auf-englisch\/","name":"Teilnahme an Meetings auf Englisch - Target Training GmbH","isPartOf":{"@id":"https:\/\/www.targettraining.eu\/#website"},"primaryImageOfPage":{"@id":"https:\/\/www.targettraining.eu\/de\/sichere-teilnahme-an-meetings-auf-englisch\/#primaryimage"},"image":{"@id":"https:\/\/www.targettraining.eu\/de\/sichere-teilnahme-an-meetings-auf-englisch\/#primaryimage"},"thumbnailUrl":"http:\/\/02086ee2.kundenrechner.net\/wp-content\/uploads\/2013\/08\/participating-in-meetings-with-confidence-e1376046405240.jpg","datePublished":"2015-07-21T13:48:19+00:00","dateModified":"2015-09-30T10:41:14+00:00","description":"Innerhalb dieses Seminars von Target Training lernen Sie wichtige Strategien und Tipps f\u00fcr die sichere Teilnahme an Meetings auf Englisch.","breadcrumb":{"@id":"https:\/\/www.targettraining.eu\/de\/sichere-teilnahme-an-meetings-auf-englisch\/#breadcrumb"},"inLanguage":"de-DE","potentialAction":[{"@type":"ReadAction","target":["https:\/\/www.targettraining.eu\/de\/sichere-teilnahme-an-meetings-auf-englisch\/"]}]},{"@type":"ImageObject","inLanguage":"de-DE","@id":"https:\/\/www.targettraining.eu\/de\/sichere-teilnahme-an-meetings-auf-englisch\/#primaryimage","url":"http:\/\/02086ee2.kundenrechner.net\/wp-content\/uploads\/2013\/08\/participating-in-meetings-with-confidence-e1376046405240.jpg","contentUrl":"http:\/\/02086ee2.kundenrechner.net\/wp-content\/uploads\/2013\/08\/participating-in-meetings-with-confidence-e1376046405240.jpg"},{"@type":"BreadcrumbList","@id":"https:\/\/www.targettraining.eu\/de\/sichere-teilnahme-an-meetings-auf-englisch\/#breadcrumb","itemListElement":[{"@type":"ListItem","position":1,"name":"Home","item":"https:\/\/www.targettraining.eu\/de\/"},{"@type":"ListItem","position":2,"name":"Sichere Teilnahme an Meetings auf Englisch"}]},{"@type":"WebSite","@id":"https:\/\/www.targettraining.eu\/#website","url":"https:\/\/www.targettraining.eu\/","name":"Target Training GmbH","description":"Training you to succeed globally","publisher":{"@id":"https:\/\/www.targettraining.eu\/#organization"},"potentialAction":[{"@type":"SearchAction","target":{"@type":"EntryPoint","urlTemplate":"https:\/\/www.targettraining.eu\/?s={search_term_string}"},"query-input":{"@type":"PropertyValueSpecification","valueRequired":true,"valueName":"search_term_string"}}],"inLanguage":"de-DE"},{"@type":"Organization","@id":"https:\/\/www.targettraining.eu\/#organization","name":"Target Training GmbH","url":"https:\/\/www.targettraining.eu\/","logo":{"@type":"ImageObject","inLanguage":"de-DE","@id":"https:\/\/www.targettraining.eu\/#\/schema\/logo\/image\/","url":"https:\/\/www.targettraining.eu\/wp-content\/uploads\/2013\/04\/WP-logo2.png","contentUrl":"https:\/\/www.targettraining.eu\/wp-content\/uploads\/2013\/04\/WP-logo2.png","width":103,"height":32,"caption":"Target Training GmbH"},"image":{"@id":"https:\/\/www.targettraining.eu\/#\/schema\/logo\/image\/"},"sameAs":["https:\/\/www.facebook.com\/TargetTrainingGmbh","https:\/\/x.com\/TargetTrains","https:\/\/www.youtube.com\/c\/TargettrainingEugmbh"]}]}},"_links":{"self":[{"href":"https:\/\/www.targettraining.eu\/de\/wp-json\/wp\/v2\/pages\/11196\/"}],"collection":[{"href":"https:\/\/www.targettraining.eu\/de\/wp-json\/wp\/v2\/pages\/"}],"about":[{"href":"https:\/\/www.targettraining.eu\/de\/wp-json\/wp\/v2\/types\/page\/"}],"author":[{"embeddable":true,"href":"https:\/\/www.targettraining.eu\/de\/wp-json\/wp\/v2\/users\/3\/"}],"replies":[{"embeddable":true,"href":"https:\/\/www.targettraining.eu\/de\/wp-json\/wp\/v2\/comments\/?post=11196"}],"version-history":[{"count":7,"href":"https:\/\/www.targettraining.eu\/de\/wp-json\/wp\/v2\/pages\/11196\/revisions\/"}],"predecessor-version":[{"id":12764,"href":"https:\/\/www.targettraining.eu\/de\/wp-json\/wp\/v2\/pages\/11196\/revisions\/12764\/"}],"wp:attachment":[{"href":"https:\/\/www.targettraining.eu\/de\/wp-json\/wp\/v2\/media\/?parent=11196"}],"curies":[{"name":"wp","href":"https:\/\/api.w.org\/{rel}","templated":true}]}}