{"id":11239,"date":"2015-07-22T15:58:43","date_gmt":"2015-07-22T13:58:43","guid":{"rendered":"http:\/\/www.targettraining.eu\/?page_id=11239"},"modified":"2015-09-30T12:14:21","modified_gmt":"2015-09-30T10:14:21","slug":"englisch-fur-finanzcontroller","status":"publish","type":"page","link":"https:\/\/www.targettraining.eu\/de\/englisch-fur-finanzcontroller\/","title":{"rendered":"Englisch f\u00fcr Finanzcontroller"},"content":{"rendered":"<section  class='av_textblock_section av-av_textblock-0366cc7376be6c9e82a3e9cc8987b64f '   itemscope=\"itemscope\" itemtype=\"https:\/\/schema.org\/CreativeWork\" ><div class='avia_textblock'  itemprop=\"text\" ><h3 style=\"text-align: right;\"><span style=\"color: #888888;\">Business Englisch<\/span><\/h3>\n<\/div><\/section>\n\n<style type=\"text\/css\" data-created_by=\"avia_inline_auto\" id=\"style-css-av-av_hr-7148c96ad18338470e2200b4c17e1ba3\">\n#top .hr.hr-invisible.av-av_hr-7148c96ad18338470e2200b4c17e1ba3{\nheight:30px;\n}\n<\/style>\n<div  class='hr av-av_hr-7148c96ad18338470e2200b4c17e1ba3 hr-invisible  avia-builder-el-1  el_after_av_textblock  el_before_av_textblock '><span class='hr-inner '><span class=\"hr-inner-style\"><\/span><\/span><\/div>\n<section  class='av_textblock_section av-av_textblock-0366cc7376be6c9e82a3e9cc8987b64f '   itemscope=\"itemscope\" itemtype=\"https:\/\/schema.org\/CreativeWork\" ><div class='avia_textblock'  itemprop=\"text\" ><h1><span style=\"color: #000000;\"><strong>Englisch f\u00fcr Finanzcontroller<\/strong><\/span><\/h1>\n<h2>Branchen- und fachspezifisches Business Englisch | Seminar<\/h2>\n<p><strong>Finanzcontroller m\u00fcssen mit Kollegen auf allen Ebenen des Unternehmens klar und selbstbewusst kommunizieren k\u00f6nnen. Der konzeptionelle Aufbau unserer Trainingsl\u00f6sung &#8222;Englisch f\u00fcr Finanzcontroller&#8220; gew\u00e4hrleistet, dass die Teilnehmer sicher mit den Rahmenbedingungen und M\u00f6glichkeiten der Informationsvermittlung umgehen k\u00f6nnen, indem wir uns praktische L\u00f6sungen f\u00fcr t\u00e4tigkeitsrelevante Situationen erarbeiten.<\/strong><\/p>\n<\/div><\/section>\n<div  class='flex_column av-av_one_half-2a9015ff38129c418a3f2eafba3e9512 av_one_half  avia-builder-el-3  el_after_av_textblock  el_before_av_one_half  first flex_column_div  column-top-margin'     ><section  class='av_textblock_section av-av_textblock-0366cc7376be6c9e82a3e9cc8987b64f '   itemscope=\"itemscope\" itemtype=\"https:\/\/schema.org\/CreativeWork\" ><div class='avia_textblock'  itemprop=\"text\" ><h3>Top-Themen<\/h3>\n<ul>\n<li>Terminologie und Prozesse der Finanzbuchhaltung<\/li>\n<li>Prognose und Abschluss<\/li>\n<li>Kommunikation mit fachfremden Kollegen<\/li>\n<li>Zahlen, Daten und deren wirkliche Bedeutung kommunizieren<\/li>\n<li>Cashflow-Steuerung<\/li>\n<li>Berichte erstellen<\/li>\n<li>Vorbereitung und Pr\u00fcfung von Finanzunterlagen<\/li>\n<li>Entwurf von Zeitpl\u00e4nen und Anforderungen f\u00fcr die Umsetzung von Ver\u00f6ffentlichungspflichten<\/li>\n<li>Bilanzierung und\u00a0Abstimmung der Konten<\/li>\n<li>Die Einf\u00fchrung angemessener \u00dcberwachungsprozesse<\/li>\n<li>\u00c4nderungen empfehlen und steuern<\/li>\n<li>Finanzplanung<\/li>\n<li>Erreichen und \u00dcbertreffen der Jahresplanzahlen<\/li>\n<li>Steuerung der Lagerprozesse<\/li>\n<li>Steuerung des Budgets<\/li>\n<li>Schaffung und Dokumentation von Prozessen<\/li>\n<li>Beeinflussen und \u00fcberzeugen im gesamten Unternehmen<\/li>\n<\/ul>\n<\/div><\/section><\/div>\n\n<style type=\"text\/css\" data-created_by=\"avia_inline_auto\" id=\"style-css-av-av_one_half-2a64de42b738552fe666ca889af77e28\">\n.flex_column.av-av_one_half-2a64de42b738552fe666ca889af77e28{\nborder-radius:0px 0px 0px 0px;\npadding:0px 0px 0px 0px;\n}\n<\/style>\n<div  class='flex_column av-av_one_half-2a64de42b738552fe666ca889af77e28 av_one_half  avia-builder-el-5  el_after_av_one_half  el_before_av_hr  flex_column_div av-zero-column-padding  column-top-margin'     ><p><section  class='av_textblock_section av-av_textblock-0366cc7376be6c9e82a3e9cc8987b64f '   itemscope=\"itemscope\" itemtype=\"https:\/\/schema.org\/CreativeWork\" ><div class='avia_textblock'  itemprop=\"text\" ><p><img loading=\"lazy\" decoding=\"async\" class=\"aligncenter lazyload\" data-src=\"http:\/\/02086ee2.kundenrechner.net\/wp-content\/uploads\/2013\/08\/ks-300x208.png\" alt=\"Karen Sutherland Englisch f\u00fcr Finanzcontroller\" width=\"300\" height=\"208\" src=\"data:image\/gif;base64,R0lGODlhAQABAAAAACH5BAEKAAEALAAAAAABAAEAAAICTAEAOw==\" style=\"--smush-placeholder-width: 300px; --smush-placeholder-aspect-ratio: 300\/208;\" \/><noscript><img loading=\"lazy\" decoding=\"async\" class=\"aligncenter\" src=\"http:\/\/02086ee2.kundenrechner.net\/wp-content\/uploads\/2013\/08\/ks-300x208.png\" alt=\"Karen Sutherland Englisch f\u00fcr Finanzcontroller\" width=\"300\" height=\"208\" \/><\/noscript><\/p>\n<\/div><\/section><br \/>\n<section  class='av_textblock_section av-av_textblock-0366cc7376be6c9e82a3e9cc8987b64f '   itemscope=\"itemscope\" itemtype=\"https:\/\/schema.org\/CreativeWork\" ><div class='avia_textblock'  itemprop=\"text\" ><p><em>&#8222;Ich sehe zwei Schwerpunkte. Die F\u00e4higkeit, Bed\u00fcrfnisse und Anliegen klar und einfach zu kommunizieren ist f\u00fcr alle Mitarbeiter wichtig, f\u00fcr Finanzcontroller aber ganz besonders. Der zweite Punkt betrifft die im Finanzcontrolling unbedingt notwendige F\u00e4higkeit, die Fachsprache, Prozesse und Ergebnisse den nichtfachlichen Kollegen erkl\u00e4ren zu k\u00f6nnen. Das hat ganz handfeste Auswirkungen auf Gesch\u00e4ftsentscheidungen und das Gesch\u00e4ftsergebnis.\u201c<\/em><\/p>\n<p><strong>Karen Sutherland<br \/>\n<\/strong><\/p>\n<\/div><\/section><br \/>\n<div  class='hr av-av_hr-d3021aff4e2c88ff75459fd6b3a45a12 hr-default  avia-builder-el-8  el_after_av_textblock  el_before_av_textblock '><span class='hr-inner '><span class=\"hr-inner-style\"><\/span><\/span><\/div><br \/>\n<section  class='av_textblock_section av-av_textblock-0366cc7376be6c9e82a3e9cc8987b64f '   itemscope=\"itemscope\" itemtype=\"https:\/\/schema.org\/CreativeWork\" ><div class='avia_textblock'  itemprop=\"text\" ><h3>Was ist das richtige Konzept f\u00fcr Sie?<\/h3>\n<ul>\n<li><strong>Training und Support on-the-job<\/strong><\/li>\n<li><strong>Inhouse Training<\/strong><\/li>\n<li><strong>Seminare &amp; Workshops<\/strong><\/li>\n<li><strong>Coaching<\/strong><\/li>\n<li><strong>Blended Learning<\/strong><\/li>\n<\/ul>\n<\/div><\/section><\/p><\/div>\n<div  class='hr av-av_hr-d3021aff4e2c88ff75459fd6b3a45a12 hr-default  avia-builder-el-10  el_after_av_one_half  avia-builder-el-last '><span class='hr-inner '><span class=\"hr-inner-style\"><\/span><\/span><\/div>\n","protected":false},"excerpt":{"rendered":"","protected":false},"author":3,"featured_media":0,"parent":0,"menu_order":0,"comment_status":"open","ping_status":"open","template":"","meta":{"_acf_changed":false,"content-type":"","footnotes":""},"class_list":["post-11239","page","type-page","status-publish","hentry"],"acf":[],"yoast_head":"<!-- This site is optimized with the Yoast SEO plugin v23.6 - https:\/\/yoast.com\/wordpress\/plugins\/seo\/ -->\n<title>Englisch f\u00fcr Finanzcontroller - Target Training GmbH<\/title>\n<meta name=\"description\" content=\"Das Seminar &quot;Englisch f\u00fcr Finanzcontroller&quot; vermittelt praktische L\u00f6sungen f\u00fcr t\u00e4tigkeitsrelevante Situationen, damit Sie mit sicherem Englisch auftreten.\" \/>\n<meta name=\"robots\" content=\"index, follow, max-snippet:-1, max-image-preview:large, max-video-preview:-1\" \/>\n<link rel=\"canonical\" href=\"https:\/\/www.targettraining.eu\/de\/englisch-fur-finanzcontroller\/\" \/>\n<meta property=\"og:locale\" content=\"de_DE\" \/>\n<meta property=\"og:type\" content=\"article\" \/>\n<meta property=\"og:title\" content=\"Englisch f\u00fcr Finanzcontroller - Target Training GmbH\" \/>\n<meta property=\"og:description\" content=\"Das Seminar &quot;Englisch f\u00fcr Finanzcontroller&quot; vermittelt praktische L\u00f6sungen f\u00fcr t\u00e4tigkeitsrelevante Situationen, damit Sie mit sicherem Englisch auftreten.\" \/>\n<meta property=\"og:url\" content=\"https:\/\/www.targettraining.eu\/de\/englisch-fur-finanzcontroller\/\" \/>\n<meta property=\"og:site_name\" content=\"Target Training GmbH\" \/>\n<meta property=\"article:publisher\" content=\"https:\/\/www.facebook.com\/TargetTrainingGmbh\" \/>\n<meta property=\"article:modified_time\" content=\"2015-09-30T10:14:21+00:00\" \/>\n<meta property=\"og:image\" content=\"http:\/\/02086ee2.kundenrechner.net\/wp-content\/uploads\/2013\/08\/ks-300x208.png\" \/>\n<meta name=\"twitter:label1\" content=\"Gesch\u00e4tzte Lesezeit\" \/>\n\t<meta name=\"twitter:data1\" content=\"2 Minuten\" \/>\n<script type=\"application\/ld+json\" class=\"yoast-schema-graph\">{\"@context\":\"https:\/\/schema.org\",\"@graph\":[{\"@type\":\"WebPage\",\"@id\":\"https:\/\/www.targettraining.eu\/de\/englisch-fur-finanzcontroller\/\",\"url\":\"https:\/\/www.targettraining.eu\/de\/englisch-fur-finanzcontroller\/\",\"name\":\"Englisch f\u00fcr Finanzcontroller - Target Training GmbH\",\"isPartOf\":{\"@id\":\"https:\/\/www.targettraining.eu\/#website\"},\"primaryImageOfPage\":{\"@id\":\"https:\/\/www.targettraining.eu\/de\/englisch-fur-finanzcontroller\/#primaryimage\"},\"image\":{\"@id\":\"https:\/\/www.targettraining.eu\/de\/englisch-fur-finanzcontroller\/#primaryimage\"},\"thumbnailUrl\":\"http:\/\/02086ee2.kundenrechner.net\/wp-content\/uploads\/2013\/08\/ks-300x208.png\",\"datePublished\":\"2015-07-22T13:58:43+00:00\",\"dateModified\":\"2015-09-30T10:14:21+00:00\",\"description\":\"Das Seminar \\\"Englisch f\u00fcr Finanzcontroller\\\" vermittelt praktische L\u00f6sungen f\u00fcr t\u00e4tigkeitsrelevante Situationen, damit Sie mit sicherem Englisch auftreten.\",\"breadcrumb\":{\"@id\":\"https:\/\/www.targettraining.eu\/de\/englisch-fur-finanzcontroller\/#breadcrumb\"},\"inLanguage\":\"de-DE\",\"potentialAction\":[{\"@type\":\"ReadAction\",\"target\":[\"https:\/\/www.targettraining.eu\/de\/englisch-fur-finanzcontroller\/\"]}]},{\"@type\":\"ImageObject\",\"inLanguage\":\"de-DE\",\"@id\":\"https:\/\/www.targettraining.eu\/de\/englisch-fur-finanzcontroller\/#primaryimage\",\"url\":\"http:\/\/02086ee2.kundenrechner.net\/wp-content\/uploads\/2013\/08\/ks-300x208.png\",\"contentUrl\":\"http:\/\/02086ee2.kundenrechner.net\/wp-content\/uploads\/2013\/08\/ks-300x208.png\"},{\"@type\":\"BreadcrumbList\",\"@id\":\"https:\/\/www.targettraining.eu\/de\/englisch-fur-finanzcontroller\/#breadcrumb\",\"itemListElement\":[{\"@type\":\"ListItem\",\"position\":1,\"name\":\"Home\",\"item\":\"https:\/\/www.targettraining.eu\/de\/\"},{\"@type\":\"ListItem\",\"position\":2,\"name\":\"Englisch f\u00fcr Finanzcontroller\"}]},{\"@type\":\"WebSite\",\"@id\":\"https:\/\/www.targettraining.eu\/#website\",\"url\":\"https:\/\/www.targettraining.eu\/\",\"name\":\"Target Training GmbH\",\"description\":\"Training you to succeed globally\",\"publisher\":{\"@id\":\"https:\/\/www.targettraining.eu\/#organization\"},\"potentialAction\":[{\"@type\":\"SearchAction\",\"target\":{\"@type\":\"EntryPoint\",\"urlTemplate\":\"https:\/\/www.targettraining.eu\/?s={search_term_string}\"},\"query-input\":{\"@type\":\"PropertyValueSpecification\",\"valueRequired\":true,\"valueName\":\"search_term_string\"}}],\"inLanguage\":\"de-DE\"},{\"@type\":\"Organization\",\"@id\":\"https:\/\/www.targettraining.eu\/#organization\",\"name\":\"Target Training GmbH\",\"url\":\"https:\/\/www.targettraining.eu\/\",\"logo\":{\"@type\":\"ImageObject\",\"inLanguage\":\"de-DE\",\"@id\":\"https:\/\/www.targettraining.eu\/#\/schema\/logo\/image\/\",\"url\":\"https:\/\/www.targettraining.eu\/wp-content\/uploads\/2013\/04\/WP-logo2.png\",\"contentUrl\":\"https:\/\/www.targettraining.eu\/wp-content\/uploads\/2013\/04\/WP-logo2.png\",\"width\":103,\"height\":32,\"caption\":\"Target Training GmbH\"},\"image\":{\"@id\":\"https:\/\/www.targettraining.eu\/#\/schema\/logo\/image\/\"},\"sameAs\":[\"https:\/\/www.facebook.com\/TargetTrainingGmbh\",\"https:\/\/x.com\/TargetTrains\",\"https:\/\/www.youtube.com\/c\/TargettrainingEugmbh\"]}]}<\/script>\n<!-- \/ Yoast SEO plugin. -->","yoast_head_json":{"title":"Englisch f\u00fcr Finanzcontroller - Target Training GmbH","description":"Das Seminar \"Englisch f\u00fcr Finanzcontroller\" vermittelt praktische L\u00f6sungen f\u00fcr t\u00e4tigkeitsrelevante Situationen, damit Sie mit sicherem Englisch auftreten.","robots":{"index":"index","follow":"follow","max-snippet":"max-snippet:-1","max-image-preview":"max-image-preview:large","max-video-preview":"max-video-preview:-1"},"canonical":"https:\/\/www.targettraining.eu\/de\/englisch-fur-finanzcontroller\/","og_locale":"de_DE","og_type":"article","og_title":"Englisch f\u00fcr Finanzcontroller - Target Training GmbH","og_description":"Das Seminar \"Englisch f\u00fcr Finanzcontroller\" vermittelt praktische L\u00f6sungen f\u00fcr t\u00e4tigkeitsrelevante Situationen, damit Sie mit sicherem Englisch auftreten.","og_url":"https:\/\/www.targettraining.eu\/de\/englisch-fur-finanzcontroller\/","og_site_name":"Target Training GmbH","article_publisher":"https:\/\/www.facebook.com\/TargetTrainingGmbh","article_modified_time":"2015-09-30T10:14:21+00:00","og_image":[{"url":"http:\/\/02086ee2.kundenrechner.net\/wp-content\/uploads\/2013\/08\/ks-300x208.png"}],"twitter_misc":{"Gesch\u00e4tzte Lesezeit":"2 Minuten"},"schema":{"@context":"https:\/\/schema.org","@graph":[{"@type":"WebPage","@id":"https:\/\/www.targettraining.eu\/de\/englisch-fur-finanzcontroller\/","url":"https:\/\/www.targettraining.eu\/de\/englisch-fur-finanzcontroller\/","name":"Englisch f\u00fcr Finanzcontroller - Target Training GmbH","isPartOf":{"@id":"https:\/\/www.targettraining.eu\/#website"},"primaryImageOfPage":{"@id":"https:\/\/www.targettraining.eu\/de\/englisch-fur-finanzcontroller\/#primaryimage"},"image":{"@id":"https:\/\/www.targettraining.eu\/de\/englisch-fur-finanzcontroller\/#primaryimage"},"thumbnailUrl":"http:\/\/02086ee2.kundenrechner.net\/wp-content\/uploads\/2013\/08\/ks-300x208.png","datePublished":"2015-07-22T13:58:43+00:00","dateModified":"2015-09-30T10:14:21+00:00","description":"Das Seminar \"Englisch f\u00fcr Finanzcontroller\" vermittelt praktische L\u00f6sungen f\u00fcr t\u00e4tigkeitsrelevante Situationen, damit Sie mit sicherem Englisch auftreten.","breadcrumb":{"@id":"https:\/\/www.targettraining.eu\/de\/englisch-fur-finanzcontroller\/#breadcrumb"},"inLanguage":"de-DE","potentialAction":[{"@type":"ReadAction","target":["https:\/\/www.targettraining.eu\/de\/englisch-fur-finanzcontroller\/"]}]},{"@type":"ImageObject","inLanguage":"de-DE","@id":"https:\/\/www.targettraining.eu\/de\/englisch-fur-finanzcontroller\/#primaryimage","url":"http:\/\/02086ee2.kundenrechner.net\/wp-content\/uploads\/2013\/08\/ks-300x208.png","contentUrl":"http:\/\/02086ee2.kundenrechner.net\/wp-content\/uploads\/2013\/08\/ks-300x208.png"},{"@type":"BreadcrumbList","@id":"https:\/\/www.targettraining.eu\/de\/englisch-fur-finanzcontroller\/#breadcrumb","itemListElement":[{"@type":"ListItem","position":1,"name":"Home","item":"https:\/\/www.targettraining.eu\/de\/"},{"@type":"ListItem","position":2,"name":"Englisch f\u00fcr Finanzcontroller"}]},{"@type":"WebSite","@id":"https:\/\/www.targettraining.eu\/#website","url":"https:\/\/www.targettraining.eu\/","name":"Target Training GmbH","description":"Training you to succeed globally","publisher":{"@id":"https:\/\/www.targettraining.eu\/#organization"},"potentialAction":[{"@type":"SearchAction","target":{"@type":"EntryPoint","urlTemplate":"https:\/\/www.targettraining.eu\/?s={search_term_string}"},"query-input":{"@type":"PropertyValueSpecification","valueRequired":true,"valueName":"search_term_string"}}],"inLanguage":"de-DE"},{"@type":"Organization","@id":"https:\/\/www.targettraining.eu\/#organization","name":"Target Training GmbH","url":"https:\/\/www.targettraining.eu\/","logo":{"@type":"ImageObject","inLanguage":"de-DE","@id":"https:\/\/www.targettraining.eu\/#\/schema\/logo\/image\/","url":"https:\/\/www.targettraining.eu\/wp-content\/uploads\/2013\/04\/WP-logo2.png","contentUrl":"https:\/\/www.targettraining.eu\/wp-content\/uploads\/2013\/04\/WP-logo2.png","width":103,"height":32,"caption":"Target Training GmbH"},"image":{"@id":"https:\/\/www.targettraining.eu\/#\/schema\/logo\/image\/"},"sameAs":["https:\/\/www.facebook.com\/TargetTrainingGmbh","https:\/\/x.com\/TargetTrains","https:\/\/www.youtube.com\/c\/TargettrainingEugmbh"]}]}},"_links":{"self":[{"href":"https:\/\/www.targettraining.eu\/de\/wp-json\/wp\/v2\/pages\/11239\/"}],"collection":[{"href":"https:\/\/www.targettraining.eu\/de\/wp-json\/wp\/v2\/pages\/"}],"about":[{"href":"https:\/\/www.targettraining.eu\/de\/wp-json\/wp\/v2\/types\/page\/"}],"author":[{"embeddable":true,"href":"https:\/\/www.targettraining.eu\/de\/wp-json\/wp\/v2\/users\/3\/"}],"replies":[{"embeddable":true,"href":"https:\/\/www.targettraining.eu\/de\/wp-json\/wp\/v2\/comments\/?post=11239"}],"version-history":[{"count":3,"href":"https:\/\/www.targettraining.eu\/de\/wp-json\/wp\/v2\/pages\/11239\/revisions\/"}],"predecessor-version":[{"id":12728,"href":"https:\/\/www.targettraining.eu\/de\/wp-json\/wp\/v2\/pages\/11239\/revisions\/12728\/"}],"wp:attachment":[{"href":"https:\/\/www.targettraining.eu\/de\/wp-json\/wp\/v2\/media\/?parent=11239"}],"curies":[{"name":"wp","href":"https:\/\/api.w.org\/{rel}","templated":true}]}}