{"id":11253,"date":"2015-07-22T17:10:23","date_gmt":"2015-07-22T15:10:23","guid":{"rendered":"http:\/\/www.targettraining.eu\/?page_id=11253"},"modified":"2015-09-24T09:34:42","modified_gmt":"2015-09-24T07:34:42","slug":"was-ist-ein-incorporate-trainer","status":"publish","type":"page","link":"https:\/\/www.targettraining.eu\/de\/was-ist-ein-incorporate-trainer\/","title":{"rendered":"Was ist ein Incorporate Trainer?"},"content":{"rendered":"<section  class='av_textblock_section av-av_textblock-0366cc7376be6c9e82a3e9cc8987b64f '   itemscope=\"itemscope\" itemtype=\"https:\/\/schema.org\/CreativeWork\" ><div class='avia_textblock'  itemprop=\"text\" ><h1>Was ist ein Incorporate Trainer?<\/h1>\n<\/div><\/section>\n<div  class='avia-slideshow av-av_slideshow-c47a2f3255a2daeef12195ba9cece72d avia-slideshow-entry_with_sidebar av_slideshow avia-fade-slider  avia-builder-el-1  el_after_av_textblock  el_before_av_one_full  av-slideshow-ui av-control-default av-slideshow-autoplay av-loop-endless av-loop-manual-endless av-default-height-applied avia-slideshow-1' data-slideshow-options=\"{&quot;animation&quot;:&quot;fade&quot;,&quot;autoplay&quot;:true,&quot;loop_autoplay&quot;:&quot;endless&quot;,&quot;interval&quot;:8,&quot;loop_manual&quot;:&quot;manual-endless&quot;,&quot;autoplay_stopper&quot;:false,&quot;noNavigation&quot;:false,&quot;bg_slider&quot;:false,&quot;keep_padding&quot;:false,&quot;hoverpause&quot;:false,&quot;show_slide_delay&quot;:0}\"  itemprop=\"image\" itemscope=\"itemscope\" itemtype=\"https:\/\/schema.org\/ImageObject\" ><ul class='avia-slideshow-inner ' style='padding-bottom: 37.988165680473%;'><\/ul><\/div>\n<div  class='flex_column av-av_one_full-2a9015ff38129c418a3f2eafba3e9512 av_one_full  avia-builder-el-2  el_after_av_slideshow  el_before_av_hr  first flex_column_div  '     ><section  class='av_textblock_section av-av_textblock-0366cc7376be6c9e82a3e9cc8987b64f '   itemscope=\"itemscope\" itemtype=\"https:\/\/schema.org\/CreativeWork\" ><div class='avia_textblock'  itemprop=\"text\" ><h2><span style=\"color: #0070c0;\">Verstehen Sie<\/span>, wie ein InCorporate Trainer Inhouse Business Englisch betreibt<\/h2>\n<p>Was ist ein InCorporate Trainer? Unsere InCorporate Trainer sind erfahren und qualifiziert f\u00fcr die Vermittlung von Business Englisch. Sie werden sorgf\u00e4ltig nach Kompetenz, Engagement und Tatkraft ausgew\u00e4hlt.<\/p>\n<h2><span style=\"color: #0070c0;\"><strong>Inhouse Einbettung<\/strong><\/span><\/h2>\n<p>Anders als bei vielen sogenannten \u201ebetriebsinternen\u201c L\u00f6sungen arbeiten unsere Trainer nicht aus einer Schule heraus. Unsere Trainer sind stattdessen den ganzen Tag in Ihren B\u00fcros anwesend, mit eigenem Schreibtisch inmitten Ihrer Teams. Sie geben Trainingsstunden, helfen Ihnen \u201eon-the-Job\u201c an Ihrem Arbeitsplatz und betreiben \u201eShadowing\u201c, w\u00e4hrend Sie in Aktion sind. Zus\u00e4tzlich ist der Trainer verantwortlich f\u00fcr die Organisation und Zeitplanung des Trainings.<\/p>\n<h2><span style=\"color: #0070c0;\"><strong>Verf\u00fcgbar f\u00fcr einen oder f\u00fcnf Tage pro Woche<\/strong><\/span><\/h2>\n<p>Abh\u00e4ngig von der Anzahl der Mitarbeiter, die an dem Programm teilnehmen sollen, ist ein InCorporate Trainer zwischen einem und f\u00fcnf Tagen pro Woche bei Ihnen.<\/p>\n<p>Ein eingebetteter Trainer f\u00fcr Business Englisch mit einer Wochenarbeitszeit von 40 Stunden ist normalerweise verantwortlich f\u00fcr die Anforderungen von 80 bis 120 Mitarbeitern. Die genaue Zahl ist abh\u00e4ngig von einer Reihe von Einflussgr\u00f6\u00dfen, wie zum Beispiel Verf\u00fcgbarkeit, Trainingsziele und die Vielfalt der individuellen Lernbed\u00fcrfnisse.<\/p>\n<h2><span style=\"color: #0070c0;\"><strong>Verf\u00fcgbarkeit und Flexibilit\u00e4t<\/strong><\/span><\/h2>\n<p>Ein in Vollzeit t\u00e4tiger InCorporate Trainer wird mindestens 30 Stunden davon in direktem Kontakt mit Ihnen und Ihrem Team verbringen. Durch die Inhouse Einbettung des Trainers profitieren Sie von einer hohen Verf\u00fcgbarkeit. Der Trainer ist stets erreichbar, wenn Sie seine Unterst\u00fctzung ben\u00f6tigen. Dar\u00fcber hinaus kann ein Trainer seinen Zeitplan \u00e4ndern oder anpassen um Alternativen vorzuschlagen, sollten unvorhergesehene Umst\u00e4nde eine Teilnahme am Training verhindern.<\/p>\n<\/div><\/section><\/div>\n<div  class='flex_column av-av_one_half-2a9015ff38129c418a3f2eafba3e9512 av_one_half first flex_column_div  '     ><section  class='av_textblock_section av-av_textblock-0366cc7376be6c9e82a3e9cc8987b64f '   itemscope=\"itemscope\" itemtype=\"https:\/\/schema.org\/CreativeWork\" ><div class='avia_textblock'  itemprop=\"text\" ><h3>Die 30 Stunden sind\u00a0typischerweise eine Kombination aus:<\/h3>\n<ul>\n<li>GRUPPENTRAINING<\/li>\n<li>EINZELTRAINING<\/li>\n<li>SEMINARE UND WORKSHOPS<\/li>\n<li>SHADOWING<\/li>\n<li>UNTERST\u00dcTZUNG \u201eON-THE-JOB\u201c<\/li>\n<li>BLENDED LEARNING<\/li>\n<\/ul>\n<\/div><\/section><br \/>\n<section  class='av_textblock_section av-av_textblock-0366cc7376be6c9e82a3e9cc8987b64f '   itemscope=\"itemscope\" itemtype=\"https:\/\/schema.org\/CreativeWork\" ><div class='avia_textblock'  itemprop=\"text\" ><h3>Die restlichen 10 Stunden werden f\u00fcr Folgendes genutzt:<\/h3>\n<ul>\n<li>FEEDBACK\u00a0GEBEN<\/li>\n<li>TRAININGSPL\u00c4NE F\u00dcR EINEN STRUKTURIERTEN LERNPFAD ANFERTIGEN<\/li>\n<li>TRAININGSMATERIAL AUSW\u00c4HLEN, ADAPTIEREN ODER ERSTELLEN &#8211; PASSEND ZU IHREN BED\u00dcRFNISSEN<\/li>\n<li>TRAININGSPROGRAMME VERWALTEN (EINLADUNGEN, TEILNAHMEKONTROLLE)<\/li>\n<li>MOTIVIEREN UND EINBINDEN DER TEILNEHMER<\/li>\n<\/ul>\n<\/div><\/section><\/p><\/div>\n<div  class='flex_column av-av_one_half-5c3bdd854542bbc70d067b1f6b1f9883 av_one_half flex_column_div  '     ><section  class='av_textblock_section av-av_textblock-0366cc7376be6c9e82a3e9cc8987b64f '   itemscope=\"itemscope\" itemtype=\"https:\/\/schema.org\/CreativeWork\" ><div class='avia_textblock'  itemprop=\"text\" ><h3 style=\"text-align: right;\">Kostenloses Ebook<\/h3>\n<h2 style=\"text-align: right;\">Make the most of your training investment<\/h2>\n<p style=\"text-align: right;\"><span id=\"hs_cos_wrapper_module_1395325065960295\" class=\"hs_cos_wrapper hs_cos_wrapper_widget_container hs_cos_wrapper_type_widget_container\" data-hs-cos-general-type=\"widget_container\" data-hs-cos-type=\"widget_container\"><a href=\"https:\/\/hs.targettraining.eu\/ebook\/traininginvestment\">Dieses beliebte Ebook<\/a> ist einfacher Schritte\u00a0f\u00fcr Manager und Angestellte zu einem wirkungsvollen Training. Mithilfe dieser leicht anwendbaren To-Dos,\u00a0holen Sie das Bestm\u00f6gliche aus Ihrem Trainingsbudget heraus. Das Training wird so wertvolle Ergebnisse in Ihrem Unternehmen liefern.\u00a0<\/span><\/p>\n<\/div><\/section><br \/>\n<\/p><\/div>\n<div  class='hr av-av_hr-dcd2069817a0e3d34ae04cad8f3443c7 hr-default  avia-builder-el-4  el_after_av_one_full  el_before_av_one_half '><span class='hr-inner '><span class=\"hr-inner-style\"><\/span><\/span><\/div>\n<div  class='flex_column av-av_one_fifth-2a9015ff38129c418a3f2eafba3e9512 av_one_fifth first flex_column_div  '     ><section  class='av_textblock_section av-av_textblock-0366cc7376be6c9e82a3e9cc8987b64f '   itemscope=\"itemscope\" itemtype=\"https:\/\/schema.org\/CreativeWork\" ><div class='avia_textblock'  itemprop=\"text\" ><h2 style=\"text-align: right;\">Mehr:<\/h2>\n<\/div><\/section><\/div>\n<div  class='flex_column av-av_two_fifth-5c3bdd854542bbc70d067b1f6b1f9883 av_two_fifth flex_column_div  '     ><div  class='av_promobox av-av_promobox-e6dc186666f8aa6eaef3f53f775de1d8 avia-button-no'><div class='avia-promocontent'><p>\n<strong><a href=\"https:\/\/www.targettraining.eu\/de\/incorporate-trainer-wie-funktioniert-es\/?lang=de\">Wie funktioniert es?<\/a><a href=\"https:\/\/www.targettraining.eu\/in-house-business-english-incorporate-trainer-2\/how-does-it-work\/\"><img loading=\"lazy\" decoding=\"async\" class=\"alignright wp-image-12447 size-thumbnail lazyload\" data-src=\"https:\/\/www.targettraining.eu\/wp-content\/uploads\/2013\/08\/question-80x80.png\" alt=\"Wie funktioniert es?\" width=\"80\" height=\"80\" data-srcset=\"https:\/\/www.targettraining.eu\/wp-content\/uploads\/2013\/08\/question-80x80.png 80w, https:\/\/www.targettraining.eu\/wp-content\/uploads\/2013\/08\/question-300x296.png 300w, https:\/\/www.targettraining.eu\/wp-content\/uploads\/2013\/08\/question-125x123.png 125w, https:\/\/www.targettraining.eu\/wp-content\/uploads\/2013\/08\/question-75x75.png 75w, https:\/\/www.targettraining.eu\/wp-content\/uploads\/2013\/08\/question-36x36.png 36w, https:\/\/www.targettraining.eu\/wp-content\/uploads\/2013\/08\/question-180x180.png 180w, https:\/\/www.targettraining.eu\/wp-content\/uploads\/2013\/08\/question-120x120.png 120w, https:\/\/www.targettraining.eu\/wp-content\/uploads\/2013\/08\/question-450x444.png 450w, https:\/\/www.targettraining.eu\/wp-content\/uploads\/2013\/08\/question.png 580w\" data-sizes=\"(max-width: 80px) 100vw, 80px\" src=\"data:image\/gif;base64,R0lGODlhAQABAAAAACH5BAEKAAEALAAAAAABAAEAAAICTAEAOw==\" style=\"--smush-placeholder-width: 80px; --smush-placeholder-aspect-ratio: 80\/80;\" \/><noscript><img loading=\"lazy\" decoding=\"async\" class=\"alignright wp-image-12447 size-thumbnail\" src=\"https:\/\/www.targettraining.eu\/wp-content\/uploads\/2013\/08\/question-80x80.png\" alt=\"Wie funktioniert es?\" width=\"80\" height=\"80\" srcset=\"https:\/\/www.targettraining.eu\/wp-content\/uploads\/2013\/08\/question-80x80.png 80w, https:\/\/www.targettraining.eu\/wp-content\/uploads\/2013\/08\/question-300x296.png 300w, https:\/\/www.targettraining.eu\/wp-content\/uploads\/2013\/08\/question-125x123.png 125w, https:\/\/www.targettraining.eu\/wp-content\/uploads\/2013\/08\/question-75x75.png 75w, https:\/\/www.targettraining.eu\/wp-content\/uploads\/2013\/08\/question-36x36.png 36w, https:\/\/www.targettraining.eu\/wp-content\/uploads\/2013\/08\/question-180x180.png 180w, https:\/\/www.targettraining.eu\/wp-content\/uploads\/2013\/08\/question-120x120.png 120w, https:\/\/www.targettraining.eu\/wp-content\/uploads\/2013\/08\/question-450x444.png 450w, https:\/\/www.targettraining.eu\/wp-content\/uploads\/2013\/08\/question.png 580w\" sizes=\"(max-width: 80px) 100vw, 80px\" \/><\/noscript><\/a><\/strong><\/p>\n<p>Bewerten Sie unser Business Englisch InCorporate Trainer Konzept.<\/p>\n<\/div><\/div><\/div><div  class='flex_column av-av_two_fifth-5c3bdd854542bbc70d067b1f6b1f9883 av_two_fifth flex_column_div  '     ><div  class='av_promobox av-av_promobox-e6dc186666f8aa6eaef3f53f775de1d8 avia-button-no'><div class='avia-promocontent'><p>\n<strong><a href=\"https:\/\/www.targettraining.eu\/in-house-business-english-incorporate-trainer-2\/whats-in-it-for-you\/\"><img loading=\"lazy\" decoding=\"async\" class=\"alignright wp-image-12448 size-thumbnail lazyload\" data-src=\"https:\/\/www.targettraining.eu\/wp-content\/uploads\/2013\/08\/topoftheworld-80x80.png\" alt=\"Vorteile Target Training\" width=\"80\" height=\"80\" data-srcset=\"https:\/\/www.targettraining.eu\/wp-content\/uploads\/2013\/08\/topoftheworld-80x80.png 80w, https:\/\/www.targettraining.eu\/wp-content\/uploads\/2013\/08\/topoftheworld-296x300.png 296w, https:\/\/www.targettraining.eu\/wp-content\/uploads\/2013\/08\/topoftheworld-123x125.png 123w, https:\/\/www.targettraining.eu\/wp-content\/uploads\/2013\/08\/topoftheworld-75x75.png 75w, https:\/\/www.targettraining.eu\/wp-content\/uploads\/2013\/08\/topoftheworld-36x36.png 36w, https:\/\/www.targettraining.eu\/wp-content\/uploads\/2013\/08\/topoftheworld-180x180.png 180w, https:\/\/www.targettraining.eu\/wp-content\/uploads\/2013\/08\/topoftheworld-120x120.png 120w, https:\/\/www.targettraining.eu\/wp-content\/uploads\/2013\/08\/topoftheworld-450x456.png 450w, https:\/\/www.targettraining.eu\/wp-content\/uploads\/2013\/08\/topoftheworld.png 564w\" data-sizes=\"(max-width: 80px) 100vw, 80px\" src=\"data:image\/gif;base64,R0lGODlhAQABAAAAACH5BAEKAAEALAAAAAABAAEAAAICTAEAOw==\" style=\"--smush-placeholder-width: 80px; --smush-placeholder-aspect-ratio: 80\/80;\" \/><noscript><img loading=\"lazy\" decoding=\"async\" class=\"alignright wp-image-12448 size-thumbnail\" src=\"https:\/\/www.targettraining.eu\/wp-content\/uploads\/2013\/08\/topoftheworld-80x80.png\" alt=\"Vorteile Target Training\" width=\"80\" height=\"80\" srcset=\"https:\/\/www.targettraining.eu\/wp-content\/uploads\/2013\/08\/topoftheworld-80x80.png 80w, https:\/\/www.targettraining.eu\/wp-content\/uploads\/2013\/08\/topoftheworld-296x300.png 296w, https:\/\/www.targettraining.eu\/wp-content\/uploads\/2013\/08\/topoftheworld-123x125.png 123w, https:\/\/www.targettraining.eu\/wp-content\/uploads\/2013\/08\/topoftheworld-75x75.png 75w, https:\/\/www.targettraining.eu\/wp-content\/uploads\/2013\/08\/topoftheworld-36x36.png 36w, https:\/\/www.targettraining.eu\/wp-content\/uploads\/2013\/08\/topoftheworld-180x180.png 180w, https:\/\/www.targettraining.eu\/wp-content\/uploads\/2013\/08\/topoftheworld-120x120.png 120w, https:\/\/www.targettraining.eu\/wp-content\/uploads\/2013\/08\/topoftheworld-450x456.png 450w, https:\/\/www.targettraining.eu\/wp-content\/uploads\/2013\/08\/topoftheworld.png 564w\" sizes=\"(max-width: 80px) 100vw, 80px\" \/><\/noscript><\/a><a href=\"https:\/\/www.targettraining.eu\/de\/incorporate-trainer-vorteile-fur-sie\/?lang=de\">Was sind Ihre Vorteile?<\/a><\/strong><\/p>\n<p>Lesen Sie die 5 Vorteile eines integrierten Inhouse Business Englisch Trainers.<\/p>\n<\/div><\/div><\/div><\/p>\n\n<style type=\"text\/css\" data-created_by=\"avia_inline_auto\" id=\"style-css-av-av_hr-5ea7596238ed9f191e6b5e662093052f\">\n#top .hr.hr-invisible.av-av_hr-5ea7596238ed9f191e6b5e662093052f{\nheight:30px;\n}\n<\/style>\n<div  class='hr av-av_hr-5ea7596238ed9f191e6b5e662093052f hr-invisible'><span class='hr-inner '><span class=\"hr-inner-style\"><\/span><\/span><\/div>\n<div  class='flex_column av-av_one_third-2a9015ff38129c418a3f2eafba3e9512 av_one_third first flex_column_div  '     ><div  class='av_promobox av-av_promobox-e6dc186666f8aa6eaef3f53f775de1d8 avia-button-no'><div class='avia-promocontent'><p>\n<strong><a href=\"https:\/\/www.targettraining.eu\/de\/ict-die-richtige-losung-fur-sie\/?lang=de\">Ist es die richtige L\u00f6sung f\u00fcr Sie?<\/a><\/strong><\/p>\n<p>Beurteilen Sie, ob dieses Business Englisch Trainingskonzept zu Ihren Bed\u00fcrfnissen passt.<\/p>\n<\/div><\/div><\/div>\n<div  class='flex_column av-av_one_third-5c3bdd854542bbc70d067b1f6b1f9883 av_one_third flex_column_div  '     ><div  class='av_promobox av-av_promobox-e6dc186666f8aa6eaef3f53f775de1d8 avia-button-no'><div class='avia-promocontent'><p>\n<strong><a href=\"https:\/\/www.targettraining.eu\/de\/incorporate-trainer-konzept\/ict-warum-sie-mit-uns-reden-sollten\/?lang=de\">Warum sollten Sie mit uns reden? <\/a><\/strong><\/p>\n<p>3 einfache Gr\u00fcnde, warum Sie uns vertrauen k\u00f6nnen, dass wir Ihren Trainingsbed\u00fcrfnissen entgegen kommen.<\/p>\n<\/div><\/div><\/div>\n<div  class='flex_column av-av_one_third-5c3bdd854542bbc70d067b1f6b1f9883 av_one_third flex_column_div  '     ><div  class='av_promobox av-av_promobox-e6dc186666f8aa6eaef3f53f775de1d8 avia-button-no'><div class='avia-promocontent'><p>\n<a href=\"https:\/\/www.targettraining.eu\/de\/ict-was-unsere-kunden-an-uns-schatzen\/?lang=de\"><strong>Was unsere Kunden\u00a0an uns sch\u00e4tzen<\/strong><\/a><\/p>\n<p>Lesen Sie, was unsere Kunden \u00fcber unser Inhouse Business Englisch Training zu sagen haben.<\/p>\n<\/div><\/div><\/div>\n","protected":false},"excerpt":{"rendered":"","protected":false},"author":3,"featured_media":0,"parent":0,"menu_order":0,"comment_status":"open","ping_status":"open","template":"","meta":{"_acf_changed":false,"content-type":"","footnotes":""},"class_list":["post-11253","page","type-page","status-publish","hentry"],"acf":[],"yoast_head":"<!-- This site is optimized with the Yoast SEO plugin v23.6 - https:\/\/yoast.com\/wordpress\/plugins\/seo\/ -->\n<title>Was ist ein Incorporate Trainer? - Target Training GmbH<\/title>\n<meta name=\"description\" content=\"Unser Inhouse Business Englisch Konzept kann Ihr Unternehmen voranbringen. Aber was ist ein Incorporate Trainer? Erfahren Sie hier mehr.\" \/>\n<meta name=\"robots\" content=\"index, follow, max-snippet:-1, max-image-preview:large, max-video-preview:-1\" \/>\n<link rel=\"canonical\" href=\"https:\/\/www.targettraining.eu\/de\/incorporate-trainer-konzept\/was-ist-ein-incorporate-trainer\/\" \/>\n<meta property=\"og:locale\" content=\"de_DE\" \/>\n<meta property=\"og:type\" content=\"article\" \/>\n<meta property=\"og:title\" content=\"Was ist ein Incorporate Trainer? - Target Training GmbH\" \/>\n<meta property=\"og:description\" content=\"Unser Inhouse Business Englisch Konzept kann Ihr Unternehmen voranbringen. Aber was ist ein Incorporate Trainer? Erfahren Sie hier mehr.\" \/>\n<meta property=\"og:url\" content=\"https:\/\/www.targettraining.eu\/de\/incorporate-trainer-konzept\/was-ist-ein-incorporate-trainer\/\" \/>\n<meta property=\"og:site_name\" content=\"Target Training GmbH\" \/>\n<meta property=\"article:publisher\" content=\"https:\/\/www.facebook.com\/TargetTrainingGmbh\" \/>\n<meta property=\"article:modified_time\" content=\"2015-09-24T07:34:42+00:00\" \/>\n<meta property=\"og:image\" content=\"https:\/\/no-cache.hubspot.com\/cta\/default\/455190\/0d63c90d-e4ff-40fa-a85c-8dd05ca80c27.png\" \/>\n<meta name=\"twitter:label1\" content=\"Gesch\u00e4tzte Lesezeit\" \/>\n\t<meta name=\"twitter:data1\" content=\"5 Minuten\" \/>\n<script type=\"application\/ld+json\" class=\"yoast-schema-graph\">{\"@context\":\"https:\/\/schema.org\",\"@graph\":[{\"@type\":\"WebPage\",\"@id\":\"https:\/\/www.targettraining.eu\/de\/incorporate-trainer-konzept\/was-ist-ein-incorporate-trainer\/\",\"url\":\"https:\/\/www.targettraining.eu\/de\/incorporate-trainer-konzept\/was-ist-ein-incorporate-trainer\/\",\"name\":\"Was ist ein Incorporate Trainer? - Target Training GmbH\",\"isPartOf\":{\"@id\":\"https:\/\/www.targettraining.eu\/#website\"},\"primaryImageOfPage\":{\"@id\":\"https:\/\/www.targettraining.eu\/de\/incorporate-trainer-konzept\/was-ist-ein-incorporate-trainer\/#primaryimage\"},\"image\":{\"@id\":\"https:\/\/www.targettraining.eu\/de\/incorporate-trainer-konzept\/was-ist-ein-incorporate-trainer\/#primaryimage\"},\"thumbnailUrl\":\"https:\/\/no-cache.hubspot.com\/cta\/default\/455190\/0d63c90d-e4ff-40fa-a85c-8dd05ca80c27.png\",\"datePublished\":\"2015-07-22T15:10:23+00:00\",\"dateModified\":\"2015-09-24T07:34:42+00:00\",\"description\":\"Unser Inhouse Business Englisch Konzept kann Ihr Unternehmen voranbringen. Aber was ist ein Incorporate Trainer? Erfahren Sie hier mehr.\",\"breadcrumb\":{\"@id\":\"https:\/\/www.targettraining.eu\/de\/incorporate-trainer-konzept\/was-ist-ein-incorporate-trainer\/#breadcrumb\"},\"inLanguage\":\"de-DE\",\"potentialAction\":[{\"@type\":\"ReadAction\",\"target\":[\"https:\/\/www.targettraining.eu\/de\/incorporate-trainer-konzept\/was-ist-ein-incorporate-trainer\/\"]}]},{\"@type\":\"ImageObject\",\"inLanguage\":\"de-DE\",\"@id\":\"https:\/\/www.targettraining.eu\/de\/incorporate-trainer-konzept\/was-ist-ein-incorporate-trainer\/#primaryimage\",\"url\":\"https:\/\/no-cache.hubspot.com\/cta\/default\/455190\/0d63c90d-e4ff-40fa-a85c-8dd05ca80c27.png\",\"contentUrl\":\"https:\/\/no-cache.hubspot.com\/cta\/default\/455190\/0d63c90d-e4ff-40fa-a85c-8dd05ca80c27.png\"},{\"@type\":\"BreadcrumbList\",\"@id\":\"https:\/\/www.targettraining.eu\/de\/incorporate-trainer-konzept\/was-ist-ein-incorporate-trainer\/#breadcrumb\",\"itemListElement\":[{\"@type\":\"ListItem\",\"position\":1,\"name\":\"Home\",\"item\":\"https:\/\/www.targettraining.eu\/de\/\"},{\"@type\":\"ListItem\",\"position\":2,\"name\":\"Der InCorporate Trainer\",\"item\":\"https:\/\/www.targettraining.eu\/de\/incorporate-trainer-konzept\/\"},{\"@type\":\"ListItem\",\"position\":3,\"name\":\"Was ist ein Incorporate Trainer?\"}]},{\"@type\":\"WebSite\",\"@id\":\"https:\/\/www.targettraining.eu\/#website\",\"url\":\"https:\/\/www.targettraining.eu\/\",\"name\":\"Target Training GmbH\",\"description\":\"Training you to succeed globally\",\"publisher\":{\"@id\":\"https:\/\/www.targettraining.eu\/#organization\"},\"potentialAction\":[{\"@type\":\"SearchAction\",\"target\":{\"@type\":\"EntryPoint\",\"urlTemplate\":\"https:\/\/www.targettraining.eu\/?s={search_term_string}\"},\"query-input\":{\"@type\":\"PropertyValueSpecification\",\"valueRequired\":true,\"valueName\":\"search_term_string\"}}],\"inLanguage\":\"de-DE\"},{\"@type\":\"Organization\",\"@id\":\"https:\/\/www.targettraining.eu\/#organization\",\"name\":\"Target Training GmbH\",\"url\":\"https:\/\/www.targettraining.eu\/\",\"logo\":{\"@type\":\"ImageObject\",\"inLanguage\":\"de-DE\",\"@id\":\"https:\/\/www.targettraining.eu\/#\/schema\/logo\/image\/\",\"url\":\"https:\/\/www.targettraining.eu\/wp-content\/uploads\/2013\/04\/WP-logo2.png\",\"contentUrl\":\"https:\/\/www.targettraining.eu\/wp-content\/uploads\/2013\/04\/WP-logo2.png\",\"width\":103,\"height\":32,\"caption\":\"Target Training GmbH\"},\"image\":{\"@id\":\"https:\/\/www.targettraining.eu\/#\/schema\/logo\/image\/\"},\"sameAs\":[\"https:\/\/www.facebook.com\/TargetTrainingGmbh\",\"https:\/\/x.com\/TargetTrains\",\"https:\/\/www.youtube.com\/c\/TargettrainingEugmbh\"]}]}<\/script>\n<!-- \/ Yoast SEO plugin. -->","yoast_head_json":{"title":"Was ist ein Incorporate Trainer? - Target Training GmbH","description":"Unser Inhouse Business Englisch Konzept kann Ihr Unternehmen voranbringen. Aber was ist ein Incorporate Trainer? Erfahren Sie hier mehr.","robots":{"index":"index","follow":"follow","max-snippet":"max-snippet:-1","max-image-preview":"max-image-preview:large","max-video-preview":"max-video-preview:-1"},"canonical":"https:\/\/www.targettraining.eu\/de\/incorporate-trainer-konzept\/was-ist-ein-incorporate-trainer\/","og_locale":"de_DE","og_type":"article","og_title":"Was ist ein Incorporate Trainer? - Target Training GmbH","og_description":"Unser Inhouse Business Englisch Konzept kann Ihr Unternehmen voranbringen. Aber was ist ein Incorporate Trainer? Erfahren Sie hier mehr.","og_url":"https:\/\/www.targettraining.eu\/de\/incorporate-trainer-konzept\/was-ist-ein-incorporate-trainer\/","og_site_name":"Target Training GmbH","article_publisher":"https:\/\/www.facebook.com\/TargetTrainingGmbh","article_modified_time":"2015-09-24T07:34:42+00:00","og_image":[{"url":"https:\/\/no-cache.hubspot.com\/cta\/default\/455190\/0d63c90d-e4ff-40fa-a85c-8dd05ca80c27.png"}],"twitter_misc":{"Gesch\u00e4tzte Lesezeit":"5 Minuten"},"schema":{"@context":"https:\/\/schema.org","@graph":[{"@type":"WebPage","@id":"https:\/\/www.targettraining.eu\/de\/incorporate-trainer-konzept\/was-ist-ein-incorporate-trainer\/","url":"https:\/\/www.targettraining.eu\/de\/incorporate-trainer-konzept\/was-ist-ein-incorporate-trainer\/","name":"Was ist ein Incorporate Trainer? - Target Training GmbH","isPartOf":{"@id":"https:\/\/www.targettraining.eu\/#website"},"primaryImageOfPage":{"@id":"https:\/\/www.targettraining.eu\/de\/incorporate-trainer-konzept\/was-ist-ein-incorporate-trainer\/#primaryimage"},"image":{"@id":"https:\/\/www.targettraining.eu\/de\/incorporate-trainer-konzept\/was-ist-ein-incorporate-trainer\/#primaryimage"},"thumbnailUrl":"https:\/\/no-cache.hubspot.com\/cta\/default\/455190\/0d63c90d-e4ff-40fa-a85c-8dd05ca80c27.png","datePublished":"2015-07-22T15:10:23+00:00","dateModified":"2015-09-24T07:34:42+00:00","description":"Unser Inhouse Business Englisch Konzept kann Ihr Unternehmen voranbringen. Aber was ist ein Incorporate Trainer? Erfahren Sie hier mehr.","breadcrumb":{"@id":"https:\/\/www.targettraining.eu\/de\/incorporate-trainer-konzept\/was-ist-ein-incorporate-trainer\/#breadcrumb"},"inLanguage":"de-DE","potentialAction":[{"@type":"ReadAction","target":["https:\/\/www.targettraining.eu\/de\/incorporate-trainer-konzept\/was-ist-ein-incorporate-trainer\/"]}]},{"@type":"ImageObject","inLanguage":"de-DE","@id":"https:\/\/www.targettraining.eu\/de\/incorporate-trainer-konzept\/was-ist-ein-incorporate-trainer\/#primaryimage","url":"https:\/\/no-cache.hubspot.com\/cta\/default\/455190\/0d63c90d-e4ff-40fa-a85c-8dd05ca80c27.png","contentUrl":"https:\/\/no-cache.hubspot.com\/cta\/default\/455190\/0d63c90d-e4ff-40fa-a85c-8dd05ca80c27.png"},{"@type":"BreadcrumbList","@id":"https:\/\/www.targettraining.eu\/de\/incorporate-trainer-konzept\/was-ist-ein-incorporate-trainer\/#breadcrumb","itemListElement":[{"@type":"ListItem","position":1,"name":"Home","item":"https:\/\/www.targettraining.eu\/de\/"},{"@type":"ListItem","position":2,"name":"Der InCorporate Trainer","item":"https:\/\/www.targettraining.eu\/de\/incorporate-trainer-konzept\/"},{"@type":"ListItem","position":3,"name":"Was ist ein Incorporate Trainer?"}]},{"@type":"WebSite","@id":"https:\/\/www.targettraining.eu\/#website","url":"https:\/\/www.targettraining.eu\/","name":"Target Training GmbH","description":"Training you to succeed globally","publisher":{"@id":"https:\/\/www.targettraining.eu\/#organization"},"potentialAction":[{"@type":"SearchAction","target":{"@type":"EntryPoint","urlTemplate":"https:\/\/www.targettraining.eu\/?s={search_term_string}"},"query-input":{"@type":"PropertyValueSpecification","valueRequired":true,"valueName":"search_term_string"}}],"inLanguage":"de-DE"},{"@type":"Organization","@id":"https:\/\/www.targettraining.eu\/#organization","name":"Target Training GmbH","url":"https:\/\/www.targettraining.eu\/","logo":{"@type":"ImageObject","inLanguage":"de-DE","@id":"https:\/\/www.targettraining.eu\/#\/schema\/logo\/image\/","url":"https:\/\/www.targettraining.eu\/wp-content\/uploads\/2013\/04\/WP-logo2.png","contentUrl":"https:\/\/www.targettraining.eu\/wp-content\/uploads\/2013\/04\/WP-logo2.png","width":103,"height":32,"caption":"Target Training GmbH"},"image":{"@id":"https:\/\/www.targettraining.eu\/#\/schema\/logo\/image\/"},"sameAs":["https:\/\/www.facebook.com\/TargetTrainingGmbh","https:\/\/x.com\/TargetTrains","https:\/\/www.youtube.com\/c\/TargettrainingEugmbh"]}]}},"_links":{"self":[{"href":"https:\/\/www.targettraining.eu\/de\/wp-json\/wp\/v2\/pages\/11253\/"}],"collection":[{"href":"https:\/\/www.targettraining.eu\/de\/wp-json\/wp\/v2\/pages\/"}],"about":[{"href":"https:\/\/www.targettraining.eu\/de\/wp-json\/wp\/v2\/types\/page\/"}],"author":[{"embeddable":true,"href":"https:\/\/www.targettraining.eu\/de\/wp-json\/wp\/v2\/users\/3\/"}],"replies":[{"embeddable":true,"href":"https:\/\/www.targettraining.eu\/de\/wp-json\/wp\/v2\/comments\/?post=11253"}],"version-history":[{"count":12,"href":"https:\/\/www.targettraining.eu\/de\/wp-json\/wp\/v2\/pages\/11253\/revisions\/"}],"predecessor-version":[{"id":12642,"href":"https:\/\/www.targettraining.eu\/de\/wp-json\/wp\/v2\/pages\/11253\/revisions\/12642\/"}],"wp:attachment":[{"href":"https:\/\/www.targettraining.eu\/de\/wp-json\/wp\/v2\/media\/?parent=11253"}],"curies":[{"name":"wp","href":"https:\/\/api.w.org\/{rel}","templated":true}]}}