{"id":11264,"date":"2015-07-22T18:17:14","date_gmt":"2015-07-22T16:17:14","guid":{"rendered":"http:\/\/www.targettraining.eu\/?page_id=11264"},"modified":"2015-09-18T14:05:39","modified_gmt":"2015-09-18T12:05:39","slug":"ict-warum-sie-mit-uns-reden-sollten","status":"publish","type":"page","link":"https:\/\/www.targettraining.eu\/de\/incorporate-trainer-konzept\/ict-warum-sie-mit-uns-reden-sollten\/","title":{"rendered":"InCorporate Trainer: Warum Sie mit uns reden sollten"},"content":{"rendered":"<section  class='av_textblock_section av-av_textblock-0366cc7376be6c9e82a3e9cc8987b64f '   itemscope=\"itemscope\" itemtype=\"https:\/\/schema.org\/CreativeWork\" ><div class='avia_textblock'  itemprop=\"text\" ><h1>InCorporate Trainer: Warum Sie mit uns reden sollten<\/h1>\n<\/div><\/section>\n<div  class='avia-slideshow av-av_slideshow-c47a2f3255a2daeef12195ba9cece72d avia-slideshow-entry_with_sidebar av_slideshow avia-fade-slider  avia-builder-el-1  el_after_av_textblock  el_before_av_one_full  av-slideshow-ui av-control-default av-slideshow-autoplay av-loop-endless av-loop-manual-endless av-default-height-applied avia-slideshow-1' data-slideshow-options=\"{&quot;animation&quot;:&quot;fade&quot;,&quot;autoplay&quot;:true,&quot;loop_autoplay&quot;:&quot;endless&quot;,&quot;interval&quot;:8,&quot;loop_manual&quot;:&quot;manual-endless&quot;,&quot;autoplay_stopper&quot;:false,&quot;noNavigation&quot;:false,&quot;bg_slider&quot;:false,&quot;keep_padding&quot;:false,&quot;hoverpause&quot;:false,&quot;show_slide_delay&quot;:0}\"  itemprop=\"image\" itemscope=\"itemscope\" itemtype=\"https:\/\/schema.org\/ImageObject\" ><ul class='avia-slideshow-inner ' style='padding-bottom: 37.988165680473%;'><\/ul><\/div>\n<div  class='flex_column av-av_one_full-2a9015ff38129c418a3f2eafba3e9512 av_one_full  avia-builder-el-2  el_after_av_slideshow  avia-builder-el-last  first flex_column_div  '     ><section  class='av_textblock_section av-av_textblock-0366cc7376be6c9e82a3e9cc8987b64f '   itemscope=\"itemscope\" itemtype=\"https:\/\/schema.org\/CreativeWork\" ><div class='avia_textblock'  itemprop=\"text\" ><h2><span style=\"color: #0070c0;\"><strong>Drei einfache Gr\u00fcnde<\/strong><\/span>\u00a0f\u00fcr eine Partnerschaft mit uns<\/h2>\n<\/div><\/section><br \/>\n\n<style type=\"text\/css\" data-created_by=\"avia_inline_auto\" id=\"style-css-av-av_hr-a6de236e6c183bbbd700292deacd2b52\">\n#top .hr.hr-invisible.av-av_hr-a6de236e6c183bbbd700292deacd2b52{\nheight:20px;\n}\n<\/style>\n<div  class='hr av-av_hr-a6de236e6c183bbbd700292deacd2b52 hr-invisible  avia-builder-el-4  el_after_av_textblock  el_before_av_textblock '><span class='hr-inner '><span class=\"hr-inner-style\"><\/span><\/span><\/div><br \/>\n<section  class='av_textblock_section av-av_textblock-0366cc7376be6c9e82a3e9cc8987b64f '   itemscope=\"itemscope\" itemtype=\"https:\/\/schema.org\/CreativeWork\" ><div class='avia_textblock'  itemprop=\"text\" ><h3><span style=\"color: #0070c0;\"><strong>Wir liefern Inhouse Business Englisch Trainingsl\u00f6sungen seit 1995<\/strong><\/span><\/h3>\n<p>Inhouse Business Englisch\u00a0ist unser Kerngesch\u00e4ft und unsere Kernkompetenz. Wir haben mit und von unseren Kunden gelernt. Von dieser Erfahrung k\u00f6nnen Sie profitieren, dieser Wahl k\u00f6nnen Sie vertrauen. Ihr Unternehmen wird eine ausgereifte Trainingsl\u00f6sung mit erfahrenen Spezialisten erfahren.<\/p>\n<h3><span style=\"color: #0070c0;\"><strong>Unsere Trainer z\u00e4hlen durchweg zu den besten in diesem Gesch\u00e4ft<\/strong><\/span><\/h3>\n<p>Beim Sprachtraining geht es um Menschen, weshalb der Trainer den wichtigsten Qualit\u00e4tsfaktor darstellt. Wir rekrutieren unsere Trainer weltweit, um die besten Ihres Faches an uns zu binden. Unsere sehr attraktiven Konditionen und ein langfristiges Besch\u00e4ftigungsverh\u00e4ltnis mit Weiterbildungs- und Entwicklungsm\u00f6glichkeiten, machen uns zu einem Top-Arbeitgeber in der Branche. Sie k\u00f6nnen sicher sein, dass Ihr Training von einem qualifizierten, erfahrenen, engagierten und professionellen Trainer durchgef\u00fchrt wird.<\/p>\n<h3><span style=\"color: #0070c0;\"><strong>Mit uns l\u00e4sst es sich leicht zusammenarbeiten<\/strong><\/span><\/h3>\n<p>Alle unsere Kunden haben ihre eigenen, bew\u00e4hrten Prozessen und Systeme. Wir verwenden Ihre Systeme und Prozesse und passen uns den Erfordernissen Ihres Beschaffungswesens, der Administration und des Personalwesens an. Unsere Inhouse Trainingsl\u00f6sungen f\u00fcr Business Englisch werden von engagierten Programm-Managern und Kundenberatern gef\u00fchrt, die als zentrale Ansprechpartner f\u00fcr alle Fragen und Ideen zur Verf\u00fcgung stehen. Unsere internen Prozesse sind zuverl\u00e4ssig, robust und bew\u00e4hrt, weshalb wir im Jahre 2014 f\u00fcr ISO 9001 und DIN ISO 29990 (\u201eLerndienstleistungen f\u00fcr die Aus- und Weiterbildung &#8211; Grundlegende Anforderungen an Dienstleister\u201c) zertifiziert wurden.<\/p>\n<p>Sie k\u00f6nnen sicher sein, dass unterst\u00fctzende Prozesse reibungslos erfolgen und dass Sie pers\u00f6nlich wissen, mit wem Sie sprechen k\u00f6nnen, sollten Sie Hilfe ben\u00f6tigen.<\/p>\n<h3><span style=\"color: #0070c0;\"><strong>Und ein paar weitere Gr\u00fcnde f\u00fcr eine Partnerschaft:<\/strong><\/span><\/h3>\n<ul>\n<ul>\n<li>Wir sind Trainer aus Leidenschaft und es ist diese Begeisterung, die\u00a0unser Training anregend und motivierend macht.<\/li>\n<\/ul>\n<\/ul>\n<ul>\n<ul>\n<li>Wir waren bereits f\u00fcr ein breites Spektrum an Branchen und Berufsfeldern t\u00e4tig.<\/li>\n<\/ul>\n<\/ul>\n<ul>\n<ul>\n<li>Wir k\u00f6nnen uns sehr einfach in Ihr Trainingskonzept einf\u00fcgen, sei es ein Einzelprojekt oder die Abdeckung s\u00e4mtlicher Anforderungen an Business-Englisch, Soft Skills oder interkultureller Kommunikation.<\/li>\n<\/ul>\n<\/ul>\n<ul>\n<ul>\n<li>Wir liefern L\u00f6sungen in ganz Deutschland und den Nachbarl\u00e4ndern. Wir haben unseren Kunden sogar schon bei Projekten im Mittleren Osten, Afrika, Nord- und S\u00fcdamerika helfen k\u00f6nnen.<\/li>\n<\/ul>\n<\/ul>\n<\/div><\/section><\/p><\/div>\n","protected":false},"excerpt":{"rendered":"","protected":false},"author":3,"featured_media":0,"parent":11241,"menu_order":4,"comment_status":"open","ping_status":"open","template":"","meta":{"_acf_changed":false,"content-type":"","footnotes":""},"class_list":["post-11264","page","type-page","status-publish","hentry"],"acf":[],"yoast_head":"<!-- This site is optimized with the Yoast SEO plugin v23.6 - https:\/\/yoast.com\/wordpress\/plugins\/seo\/ -->\n<title>InCorporate Trainer: Warum Sie mit uns reden sollten<\/title>\n<meta name=\"description\" content=\"Unser Inhouse Business Englisch Konzept birgt viele Vorteile f\u00fcr Sie. Wir nennen Ihnen drei einfache Gr\u00fcnde, warum Sie mit uns reden sollten.\" \/>\n<meta name=\"robots\" content=\"index, follow, max-snippet:-1, max-image-preview:large, max-video-preview:-1\" \/>\n<link rel=\"canonical\" href=\"https:\/\/www.targettraining.eu\/de\/incorporate-trainer-konzept\/ict-warum-sie-mit-uns-reden-sollten\/\" \/>\n<meta property=\"og:locale\" content=\"de_DE\" \/>\n<meta property=\"og:type\" content=\"article\" \/>\n<meta property=\"og:title\" content=\"InCorporate Trainer: Warum Sie mit uns reden sollten\" \/>\n<meta property=\"og:description\" content=\"Unser Inhouse Business Englisch Konzept birgt viele Vorteile f\u00fcr Sie. Wir nennen Ihnen drei einfache Gr\u00fcnde, warum Sie mit uns reden sollten.\" \/>\n<meta property=\"og:url\" content=\"https:\/\/www.targettraining.eu\/de\/incorporate-trainer-konzept\/ict-warum-sie-mit-uns-reden-sollten\/\" \/>\n<meta property=\"og:site_name\" content=\"Target Training GmbH\" \/>\n<meta property=\"article:publisher\" content=\"https:\/\/www.facebook.com\/TargetTrainingGmbh\" \/>\n<meta property=\"article:modified_time\" content=\"2015-09-18T12:05:39+00:00\" \/>\n<meta name=\"twitter:label1\" content=\"Gesch\u00e4tzte Lesezeit\" \/>\n\t<meta name=\"twitter:data1\" content=\"2 Minuten\" \/>\n<script type=\"application\/ld+json\" class=\"yoast-schema-graph\">{\"@context\":\"https:\/\/schema.org\",\"@graph\":[{\"@type\":\"WebPage\",\"@id\":\"https:\/\/www.targettraining.eu\/de\/incorporate-trainer-konzept\/ict-warum-sie-mit-uns-reden-sollten\/\",\"url\":\"https:\/\/www.targettraining.eu\/de\/incorporate-trainer-konzept\/ict-warum-sie-mit-uns-reden-sollten\/\",\"name\":\"InCorporate Trainer: Warum Sie mit uns reden sollten\",\"isPartOf\":{\"@id\":\"https:\/\/www.targettraining.eu\/#website\"},\"datePublished\":\"2015-07-22T16:17:14+00:00\",\"dateModified\":\"2015-09-18T12:05:39+00:00\",\"description\":\"Unser Inhouse Business Englisch Konzept birgt viele Vorteile f\u00fcr Sie. Wir nennen Ihnen drei einfache Gr\u00fcnde, warum Sie mit uns reden sollten.\",\"breadcrumb\":{\"@id\":\"https:\/\/www.targettraining.eu\/de\/incorporate-trainer-konzept\/ict-warum-sie-mit-uns-reden-sollten\/#breadcrumb\"},\"inLanguage\":\"de-DE\",\"potentialAction\":[{\"@type\":\"ReadAction\",\"target\":[\"https:\/\/www.targettraining.eu\/de\/incorporate-trainer-konzept\/ict-warum-sie-mit-uns-reden-sollten\/\"]}]},{\"@type\":\"BreadcrumbList\",\"@id\":\"https:\/\/www.targettraining.eu\/de\/incorporate-trainer-konzept\/ict-warum-sie-mit-uns-reden-sollten\/#breadcrumb\",\"itemListElement\":[{\"@type\":\"ListItem\",\"position\":1,\"name\":\"Home\",\"item\":\"https:\/\/www.targettraining.eu\/de\/\"},{\"@type\":\"ListItem\",\"position\":2,\"name\":\"Der InCorporate Trainer\",\"item\":\"https:\/\/www.targettraining.eu\/de\/incorporate-trainer-konzept\/\"},{\"@type\":\"ListItem\",\"position\":3,\"name\":\"InCorporate Trainer: Warum Sie mit uns reden sollten\"}]},{\"@type\":\"WebSite\",\"@id\":\"https:\/\/www.targettraining.eu\/#website\",\"url\":\"https:\/\/www.targettraining.eu\/\",\"name\":\"Target Training GmbH\",\"description\":\"Training you to succeed globally\",\"publisher\":{\"@id\":\"https:\/\/www.targettraining.eu\/#organization\"},\"potentialAction\":[{\"@type\":\"SearchAction\",\"target\":{\"@type\":\"EntryPoint\",\"urlTemplate\":\"https:\/\/www.targettraining.eu\/?s={search_term_string}\"},\"query-input\":{\"@type\":\"PropertyValueSpecification\",\"valueRequired\":true,\"valueName\":\"search_term_string\"}}],\"inLanguage\":\"de-DE\"},{\"@type\":\"Organization\",\"@id\":\"https:\/\/www.targettraining.eu\/#organization\",\"name\":\"Target Training GmbH\",\"url\":\"https:\/\/www.targettraining.eu\/\",\"logo\":{\"@type\":\"ImageObject\",\"inLanguage\":\"de-DE\",\"@id\":\"https:\/\/www.targettraining.eu\/#\/schema\/logo\/image\/\",\"url\":\"https:\/\/www.targettraining.eu\/wp-content\/uploads\/2013\/04\/WP-logo2.png\",\"contentUrl\":\"https:\/\/www.targettraining.eu\/wp-content\/uploads\/2013\/04\/WP-logo2.png\",\"width\":103,\"height\":32,\"caption\":\"Target Training GmbH\"},\"image\":{\"@id\":\"https:\/\/www.targettraining.eu\/#\/schema\/logo\/image\/\"},\"sameAs\":[\"https:\/\/www.facebook.com\/TargetTrainingGmbh\",\"https:\/\/x.com\/TargetTrains\",\"https:\/\/www.youtube.com\/c\/TargettrainingEugmbh\"]}]}<\/script>\n<!-- \/ Yoast SEO plugin. -->","yoast_head_json":{"title":"InCorporate Trainer: Warum Sie mit uns reden sollten","description":"Unser Inhouse Business Englisch Konzept birgt viele Vorteile f\u00fcr Sie. Wir nennen Ihnen drei einfache Gr\u00fcnde, warum Sie mit uns reden sollten.","robots":{"index":"index","follow":"follow","max-snippet":"max-snippet:-1","max-image-preview":"max-image-preview:large","max-video-preview":"max-video-preview:-1"},"canonical":"https:\/\/www.targettraining.eu\/de\/incorporate-trainer-konzept\/ict-warum-sie-mit-uns-reden-sollten\/","og_locale":"de_DE","og_type":"article","og_title":"InCorporate Trainer: Warum Sie mit uns reden sollten","og_description":"Unser Inhouse Business Englisch Konzept birgt viele Vorteile f\u00fcr Sie. Wir nennen Ihnen drei einfache Gr\u00fcnde, warum Sie mit uns reden sollten.","og_url":"https:\/\/www.targettraining.eu\/de\/incorporate-trainer-konzept\/ict-warum-sie-mit-uns-reden-sollten\/","og_site_name":"Target Training GmbH","article_publisher":"https:\/\/www.facebook.com\/TargetTrainingGmbh","article_modified_time":"2015-09-18T12:05:39+00:00","twitter_misc":{"Gesch\u00e4tzte Lesezeit":"2 Minuten"},"schema":{"@context":"https:\/\/schema.org","@graph":[{"@type":"WebPage","@id":"https:\/\/www.targettraining.eu\/de\/incorporate-trainer-konzept\/ict-warum-sie-mit-uns-reden-sollten\/","url":"https:\/\/www.targettraining.eu\/de\/incorporate-trainer-konzept\/ict-warum-sie-mit-uns-reden-sollten\/","name":"InCorporate Trainer: Warum Sie mit uns reden sollten","isPartOf":{"@id":"https:\/\/www.targettraining.eu\/#website"},"datePublished":"2015-07-22T16:17:14+00:00","dateModified":"2015-09-18T12:05:39+00:00","description":"Unser Inhouse Business Englisch Konzept birgt viele Vorteile f\u00fcr Sie. Wir nennen Ihnen drei einfache Gr\u00fcnde, warum Sie mit uns reden sollten.","breadcrumb":{"@id":"https:\/\/www.targettraining.eu\/de\/incorporate-trainer-konzept\/ict-warum-sie-mit-uns-reden-sollten\/#breadcrumb"},"inLanguage":"de-DE","potentialAction":[{"@type":"ReadAction","target":["https:\/\/www.targettraining.eu\/de\/incorporate-trainer-konzept\/ict-warum-sie-mit-uns-reden-sollten\/"]}]},{"@type":"BreadcrumbList","@id":"https:\/\/www.targettraining.eu\/de\/incorporate-trainer-konzept\/ict-warum-sie-mit-uns-reden-sollten\/#breadcrumb","itemListElement":[{"@type":"ListItem","position":1,"name":"Home","item":"https:\/\/www.targettraining.eu\/de\/"},{"@type":"ListItem","position":2,"name":"Der InCorporate Trainer","item":"https:\/\/www.targettraining.eu\/de\/incorporate-trainer-konzept\/"},{"@type":"ListItem","position":3,"name":"InCorporate Trainer: Warum Sie mit uns reden sollten"}]},{"@type":"WebSite","@id":"https:\/\/www.targettraining.eu\/#website","url":"https:\/\/www.targettraining.eu\/","name":"Target Training GmbH","description":"Training you to succeed globally","publisher":{"@id":"https:\/\/www.targettraining.eu\/#organization"},"potentialAction":[{"@type":"SearchAction","target":{"@type":"EntryPoint","urlTemplate":"https:\/\/www.targettraining.eu\/?s={search_term_string}"},"query-input":{"@type":"PropertyValueSpecification","valueRequired":true,"valueName":"search_term_string"}}],"inLanguage":"de-DE"},{"@type":"Organization","@id":"https:\/\/www.targettraining.eu\/#organization","name":"Target Training GmbH","url":"https:\/\/www.targettraining.eu\/","logo":{"@type":"ImageObject","inLanguage":"de-DE","@id":"https:\/\/www.targettraining.eu\/#\/schema\/logo\/image\/","url":"https:\/\/www.targettraining.eu\/wp-content\/uploads\/2013\/04\/WP-logo2.png","contentUrl":"https:\/\/www.targettraining.eu\/wp-content\/uploads\/2013\/04\/WP-logo2.png","width":103,"height":32,"caption":"Target Training GmbH"},"image":{"@id":"https:\/\/www.targettraining.eu\/#\/schema\/logo\/image\/"},"sameAs":["https:\/\/www.facebook.com\/TargetTrainingGmbh","https:\/\/x.com\/TargetTrains","https:\/\/www.youtube.com\/c\/TargettrainingEugmbh"]}]}},"_links":{"self":[{"href":"https:\/\/www.targettraining.eu\/de\/wp-json\/wp\/v2\/pages\/11264\/"}],"collection":[{"href":"https:\/\/www.targettraining.eu\/de\/wp-json\/wp\/v2\/pages\/"}],"about":[{"href":"https:\/\/www.targettraining.eu\/de\/wp-json\/wp\/v2\/types\/page\/"}],"author":[{"embeddable":true,"href":"https:\/\/www.targettraining.eu\/de\/wp-json\/wp\/v2\/users\/3\/"}],"replies":[{"embeddable":true,"href":"https:\/\/www.targettraining.eu\/de\/wp-json\/wp\/v2\/comments\/?post=11264"}],"version-history":[{"count":6,"href":"https:\/\/www.targettraining.eu\/de\/wp-json\/wp\/v2\/pages\/11264\/revisions\/"}],"predecessor-version":[{"id":12532,"href":"https:\/\/www.targettraining.eu\/de\/wp-json\/wp\/v2\/pages\/11264\/revisions\/12532\/"}],"up":[{"embeddable":true,"href":"https:\/\/www.targettraining.eu\/de\/wp-json\/wp\/v2\/pages\/11241\/"}],"wp:attachment":[{"href":"https:\/\/www.targettraining.eu\/de\/wp-json\/wp\/v2\/media\/?parent=11264"}],"curies":[{"name":"wp","href":"https:\/\/api.w.org\/{rel}","templated":true}]}}