{"id":11270,"date":"2015-07-23T10:34:18","date_gmt":"2015-07-23T08:34:18","guid":{"rendered":"http:\/\/www.targettraining.eu\/?page_id=11270"},"modified":"2015-10-02T11:20:41","modified_gmt":"2015-10-02T09:20:41","slug":"culture-compass-online-ccol","status":"publish","type":"page","link":"https:\/\/www.targettraining.eu\/de\/interkulturelle-kompetenz\/culture-compass-online-ccol\/","title":{"rendered":"Culture Compass Online (CCOL)"},"content":{"rendered":"<section  class='av_textblock_section av-av_textblock-0366cc7376be6c9e82a3e9cc8987b64f '   itemscope=\"itemscope\" itemtype=\"https:\/\/schema.org\/CreativeWork\" ><div class='avia_textblock'  itemprop=\"text\" ><h1>Culture Compass Online (<span style=\"color: #0070c0;\">CCOL<\/span>)<\/h1>\n<\/div><\/section>\n<div  class='avia-slideshow av-av_slideshow-45729b9c8a0fb94814f8c42169ac43f2 avia-slideshow-entry_with_sidebar av_slideshow avia-slide-slider  avia-builder-el-1  el_after_av_textblock  el_before_av_two_third  av-slideshow-ui av-control-default av-slideshow-manual av-loop-once av-loop-manual-endless av-default-height-applied avia-slideshow-1' data-slideshow-options=\"{&quot;animation&quot;:&quot;slide&quot;,&quot;autoplay&quot;:false,&quot;loop_autoplay&quot;:&quot;once&quot;,&quot;interval&quot;:5,&quot;loop_manual&quot;:&quot;manual-endless&quot;,&quot;autoplay_stopper&quot;:false,&quot;noNavigation&quot;:false,&quot;bg_slider&quot;:false,&quot;keep_padding&quot;:false,&quot;hoverpause&quot;:false,&quot;show_slide_delay&quot;:0}\"  itemprop=\"image\" itemscope=\"itemscope\" itemtype=\"https:\/\/schema.org\/ImageObject\" ><ul class='avia-slideshow-inner ' style='padding-bottom: 37.988165680473%;'><\/ul><\/div>\n<div  class='flex_column av-av_two_third-2a9015ff38129c418a3f2eafba3e9512 av_two_third  avia-builder-el-2  el_after_av_slideshow  el_before_av_one_third  first flex_column_div  '     ><section  class='av_textblock_section av-av_textblock-0366cc7376be6c9e82a3e9cc8987b64f '   itemscope=\"itemscope\" itemtype=\"https:\/\/schema.org\/CreativeWork\" ><div class='avia_textblock'  itemprop=\"text\" ><h3><span style=\"color: #0070c0;\"><strong>Worum handelt es sich?<\/strong><\/span><\/h3>\n<p>Der Culture Compass Online (CCOL) ist eine webbasierte Lernplattform,\u00a0entwickelt von <a href=\"http:\/\/www.thtconsulting.com\" target=\"_blank\" rel=\"noopener\">Trompenaars Hampden-Turner<\/a>, ber\u00fchmten Vordenkern \u00fcber die Rolle der Kultur im Gesch\u00e4ftsleben. Der CCOL wird von mehr als 12000 Gesch\u00e4ftsleuten benutzt, um ihr interkulturelles Verst\u00e4ndnis und ihre F\u00e4higkeiten durch viele interaktive \u00dcbungen zu erweitern.<\/p>\n<p>Durch den Culture Compass Online lassen uns Trompenaars Hampden-Turner teilhaben an der Quintessenz von \u00fcber 25 Jahren Erfahrung auf dem Gebiet der interkulturellen Forschung, sowie der Beratung und dem Training globaler Top-500-Unternehmen.\u00a0Der CCOL wurde f\u00fcr eine Anwendung in Kombination mit dem\u00a0Intercultural Awareness Profiler (IAP) entwickelt und bietet die ideale Blended Learning-L\u00f6sung f\u00fcr Inhouse Training und Coaching.<\/p>\n<h3><span style=\"color: #0070c0;\"><strong>Wie funktioniert es?<\/strong><\/span><\/h3>\n<p>Ihre Mitarbeiter k\u00f6nnen den Culture Compass Online mit individuellem Tempo w\u00e4hrend passender Zeiten benutzen.\u00a0Durch den CCOL k\u00f6nnen Ihre Mitarbeiter:<\/p>\n<ul>\n<li>eine Online-Einf\u00fchrung \u00fcber Kulturen und ihre verschiedenen Schichten erhalten.<\/li>\n<li>einen kurzen interkulturellen Fragebogen ausf\u00fcllen und so Einblick in die jeweils eigene kulturelle Orientierung erhalten.<\/li>\n<li>individuelles Feedback \u00fcber ihr interkulturelles Kompetenzprofil bekommen.<\/li>\n<li>ihr eigenes interkulturelles Kompetenzprofil mit dem von \u00fcber 50 L\u00e4ndern vergleichen. Die Profile stammen von der Trompenaars Hampden-Turners Datenbank, basierend auf 80000 Antworten.<\/li>\n<li>vergleichen und Feedback dazu erhalten, welche Auswirkungen die Unterschiede zwischen eigenem und interkulturellem\u00a0Kompetenzprofil eines Landes nach Wahl mit sich bringen, inklusive beispielhaften Gesch\u00e4ftsf\u00e4llen, Anekdoten, Vorschl\u00e4gen und\u00a0Empfehlungen.<\/li>\n<li>Zugriff erhalten auf umfassende Informationen dar\u00fcber, wie Gesch\u00e4fte in spezifischen L\u00e4ndern get\u00e4tigt werden.<\/li>\n<li>erlernen, welche Auswirkung die Kultur auf Meetings, Gesch\u00e4ftsf\u00fchrung, Marketing und Verhandlungen hat.<\/li>\n<li>Wissen \u00fcber ein spezifisches Land aufbauen zu Themen wie Landesgeschichte, soziale Normen und aktuelle Entwicklungen.<\/li>\n<li>eine Reihe von Selbsttests durchf\u00fchren um herauszufinden, wie gut Sie kulturelle Unterschiede \u00fcberbr\u00fccken k\u00f6nnen.<\/li>\n<\/ul>\n<\/div><\/section><br \/>\n<section  class='av_textblock_section av-av_textblock-0366cc7376be6c9e82a3e9cc8987b64f '   itemscope=\"itemscope\" itemtype=\"https:\/\/schema.org\/CreativeWork\" ><div class='avia_textblock'  itemprop=\"text\" ><h3><span style=\"color: #0070c0;\"><strong>Ihre Vorteile<\/strong><\/span><\/h3>\n<ul>\n<li>Einfache Anwendung<\/li>\n<li>Jederzeit und \u00fcberall erreichbar durch universellen Online-Zugang, was hilfreich und sinnvoll f\u00fcr F\u00fchrungskr\u00e4fte und Fachleute im\u00a0Au\u00dfeneinsatz ist<\/li>\n<li>Die Teilnehmer tragen selbst die Verantwortung f\u00fcr das Lernen und die eigene Entwicklung<\/li>\n<li>Das Blended Learning-Konzept optimiert Ihre Trainingsinvestitionen<\/li>\n<li>Vervielfacht die Wirkung entsprechend kulturbezogener Trainingseinheiten und f\u00fchrt zu einer Wissensvertiefung durch die Bildung von engagiertem Interesse bei den Teilnehmern<\/li>\n<li>Konzentriert sich ausschlie\u00dflich auf Gesch\u00e4ftsbed\u00fcrfnisse und den Einfluss der Kultur auf das Gesch\u00e4ftsleben<\/li>\n<li>Sie profitieren von Trompenaars Hampden-Turners \u00fcber 25-j\u00e4hriger Erfahrung auf dem Gebiet der interkulturellen Forschung, der Beratung und dem Training globaler Top-500-Unternehmen<\/li>\n<\/ul>\n<\/div><\/section><\/p><\/div>\n<style type=\"text\/css\" data-created_by=\"avia_inline_auto\" id=\"style-css-av-av_one_third-2a64de42b738552fe666ca889af77e28\">\n.flex_column.av-av_one_third-2a64de42b738552fe666ca889af77e28{\nborder-radius:0px 0px 0px 0px;\npadding:0px 0px 0px 0px;\n}\n<\/style>\n<div  class='flex_column av-av_one_third-2a64de42b738552fe666ca889af77e28 av_one_third  avia-builder-el-5  el_after_av_two_third  el_before_av_two_third  flex_column_div av-zero-column-padding  '     ><p><article  class='iconbox iconbox_left av-av_icon_box-d78dc40708722a3e999e992a88a08576  avia-builder-el-6  el_before_av_textblock  avia-builder-el-first '  itemscope=\"itemscope\" itemtype=\"https:\/\/schema.org\/CreativeWork\" ><div class=\"iconbox_content\"><header class=\"entry-content-header\"><div class=\"iconbox_icon heading-color\" aria-hidden='true' data-av_icon='' data-av_iconfont='entypo-fontello'><\/div><h3 class='iconbox_content_title '  itemprop=\"headline\" ><a href='https:\/\/www.targettraining.eu\/de\/die-sieben-kulturdimensionen\/' title='Die sieben Kulturdimensionen'  >Die sieben Kulturdimensionen<\/a><\/h3><\/header><div class='iconbox_content_container '  itemprop=\"text\" ><p><span style=\"color: #0070c0;\"><span style=\"color: #333333;\">Verbinden Sie Theorie mit realer Umsetzung.<\/span><br \/>\n<\/span><\/p>\n<\/div><\/div><footer class=\"entry-footer\"><\/footer><\/article><br \/>\n<section  class='av_textblock_section av-av_textblock-0366cc7376be6c9e82a3e9cc8987b64f '   itemscope=\"itemscope\" itemtype=\"https:\/\/schema.org\/CreativeWork\" ><div class='avia_textblock'  itemprop=\"text\" ><h3><span style=\"color: #0070c0;\"><strong>Schl\u00fcsselmerkmale<\/strong><\/span><\/h3>\n<ul>\n<li>In englischer Sprache<\/li>\n<li>Baut auf dem <a href=\"https:\/\/www.targettraining.eu\/de\/interkulturelle-kompetenz\/intercultural-awareness-profiler-iap\/?lang=de\">Intercultural Awareness Profiler<\/a> auf<\/li>\n<li>In hohem Ma\u00dfe interaktiv und fesselnd aufgebaut, mit Video-und Audioclips, Selbst-Tests, einem Fragebogen etc.<\/li>\n<li>Modularer Lernprozess &#8211; 8 umfangreiche Module stellen Inhalte f\u00fcr 2-25 Tage selbst\u00e4ndiges Lernen zur Verf\u00fcgung<\/li>\n<li>Zugang f\u00fcr 12 Monate, was das Lernen an Ihre Bed\u00fcrfnisse und M\u00f6glichkeiten anpasst<\/li>\n<li>Umfassende, praktische Informationen \u00fcber mehr als 50 L\u00e4nder<\/li>\n<li>Bezieht sich umfangreich auf das Modell der sieben Kulturdimensionen von Trompenaars Hampden-Turner, entwickelt von Fons Trompenaars und umfassend beschrieben im Bestseller \u201e<a href=\"http:\/\/www.amazon.de\/Riding-Waves-Culture-Understanding-Diversity\/dp\/1904838383\/ref=sr_1_1?s=books-intl-de&amp;ie=UTF8&amp;qid=1379061582&amp;sr=1-1&amp;keywords=riding+the+waves+of+culture\">Riding the Waves of Culture<\/a>\u201c<\/li>\n<\/ul>\n<\/div><\/section><\/p><\/div><\/p>\n<div  class='flex_column av-av_two_third-2a9015ff38129c418a3f2eafba3e9512 av_two_third  avia-builder-el-8  el_after_av_one_third  avia-builder-el-last  first flex_column_div  column-top-margin'     ><\/div>\n","protected":false},"excerpt":{"rendered":"","protected":false},"author":3,"featured_media":0,"parent":11357,"menu_order":0,"comment_status":"open","ping_status":"open","template":"","meta":{"_acf_changed":false,"content-type":"","footnotes":""},"class_list":["post-11270","page","type-page","status-publish","hentry"],"acf":[],"yoast_head":"<!-- This site is optimized with the Yoast SEO plugin v23.6 - https:\/\/yoast.com\/wordpress\/plugins\/seo\/ -->\n<title>Culture Compass Online (CCOL) - Target Training GmbH<\/title>\n<meta name=\"description\" content=\"Durch die Nutzung des Culture Compass Online k\u00f6nnen Ihre Mitarbeiter jederzeit und individuell mehr \u00fcber die Rolle der Kultur im Gesch\u00e4ftsleben lernen.\" \/>\n<meta name=\"robots\" content=\"index, follow, max-snippet:-1, max-image-preview:large, max-video-preview:-1\" \/>\n<link rel=\"canonical\" href=\"https:\/\/www.targettraining.eu\/de\/interkulturelle-kompetenz\/culture-compass-online-ccol\/\" \/>\n<meta property=\"og:locale\" content=\"de_DE\" \/>\n<meta property=\"og:type\" content=\"article\" \/>\n<meta property=\"og:title\" content=\"Culture Compass Online (CCOL) - Target Training GmbH\" \/>\n<meta property=\"og:description\" content=\"Durch die Nutzung des Culture Compass Online k\u00f6nnen Ihre Mitarbeiter jederzeit und individuell mehr \u00fcber die Rolle der Kultur im Gesch\u00e4ftsleben lernen.\" \/>\n<meta property=\"og:url\" content=\"https:\/\/www.targettraining.eu\/de\/interkulturelle-kompetenz\/culture-compass-online-ccol\/\" \/>\n<meta property=\"og:site_name\" content=\"Target Training GmbH\" \/>\n<meta property=\"article:publisher\" content=\"https:\/\/www.facebook.com\/TargetTrainingGmbh\" \/>\n<meta property=\"article:modified_time\" content=\"2015-10-02T09:20:41+00:00\" \/>\n<meta name=\"twitter:label1\" content=\"Gesch\u00e4tzte Lesezeit\" \/>\n\t<meta name=\"twitter:data1\" content=\"3 Minuten\" \/>\n<script type=\"application\/ld+json\" class=\"yoast-schema-graph\">{\"@context\":\"https:\/\/schema.org\",\"@graph\":[{\"@type\":\"WebPage\",\"@id\":\"https:\/\/www.targettraining.eu\/de\/interkulturelle-kompetenz\/culture-compass-online-ccol\/\",\"url\":\"https:\/\/www.targettraining.eu\/de\/interkulturelle-kompetenz\/culture-compass-online-ccol\/\",\"name\":\"Culture Compass Online (CCOL) - Target Training GmbH\",\"isPartOf\":{\"@id\":\"https:\/\/www.targettraining.eu\/#website\"},\"datePublished\":\"2015-07-23T08:34:18+00:00\",\"dateModified\":\"2015-10-02T09:20:41+00:00\",\"description\":\"Durch die Nutzung des Culture Compass Online k\u00f6nnen Ihre Mitarbeiter jederzeit und individuell mehr \u00fcber die Rolle der Kultur im Gesch\u00e4ftsleben lernen.\",\"breadcrumb\":{\"@id\":\"https:\/\/www.targettraining.eu\/de\/interkulturelle-kompetenz\/culture-compass-online-ccol\/#breadcrumb\"},\"inLanguage\":\"de-DE\",\"potentialAction\":[{\"@type\":\"ReadAction\",\"target\":[\"https:\/\/www.targettraining.eu\/de\/interkulturelle-kompetenz\/culture-compass-online-ccol\/\"]}]},{\"@type\":\"BreadcrumbList\",\"@id\":\"https:\/\/www.targettraining.eu\/de\/interkulturelle-kompetenz\/culture-compass-online-ccol\/#breadcrumb\",\"itemListElement\":[{\"@type\":\"ListItem\",\"position\":1,\"name\":\"Home\",\"item\":\"https:\/\/www.targettraining.eu\/de\/\"},{\"@type\":\"ListItem\",\"position\":2,\"name\":\"Interkulturelles Training\",\"item\":\"https:\/\/www.targettraining.eu\/de\/interkulturelle-kompetenz\/\"},{\"@type\":\"ListItem\",\"position\":3,\"name\":\"Culture Compass Online (CCOL)\"}]},{\"@type\":\"WebSite\",\"@id\":\"https:\/\/www.targettraining.eu\/#website\",\"url\":\"https:\/\/www.targettraining.eu\/\",\"name\":\"Target Training GmbH\",\"description\":\"Training you to succeed globally\",\"publisher\":{\"@id\":\"https:\/\/www.targettraining.eu\/#organization\"},\"potentialAction\":[{\"@type\":\"SearchAction\",\"target\":{\"@type\":\"EntryPoint\",\"urlTemplate\":\"https:\/\/www.targettraining.eu\/?s={search_term_string}\"},\"query-input\":{\"@type\":\"PropertyValueSpecification\",\"valueRequired\":true,\"valueName\":\"search_term_string\"}}],\"inLanguage\":\"de-DE\"},{\"@type\":\"Organization\",\"@id\":\"https:\/\/www.targettraining.eu\/#organization\",\"name\":\"Target Training GmbH\",\"url\":\"https:\/\/www.targettraining.eu\/\",\"logo\":{\"@type\":\"ImageObject\",\"inLanguage\":\"de-DE\",\"@id\":\"https:\/\/www.targettraining.eu\/#\/schema\/logo\/image\/\",\"url\":\"https:\/\/www.targettraining.eu\/wp-content\/uploads\/2013\/04\/WP-logo2.png\",\"contentUrl\":\"https:\/\/www.targettraining.eu\/wp-content\/uploads\/2013\/04\/WP-logo2.png\",\"width\":103,\"height\":32,\"caption\":\"Target Training GmbH\"},\"image\":{\"@id\":\"https:\/\/www.targettraining.eu\/#\/schema\/logo\/image\/\"},\"sameAs\":[\"https:\/\/www.facebook.com\/TargetTrainingGmbh\",\"https:\/\/x.com\/TargetTrains\",\"https:\/\/www.youtube.com\/c\/TargettrainingEugmbh\"]}]}<\/script>\n<!-- \/ Yoast SEO plugin. -->","yoast_head_json":{"title":"Culture Compass Online (CCOL) - Target Training GmbH","description":"Durch die Nutzung des Culture Compass Online k\u00f6nnen Ihre Mitarbeiter jederzeit und individuell mehr \u00fcber die Rolle der Kultur im Gesch\u00e4ftsleben lernen.","robots":{"index":"index","follow":"follow","max-snippet":"max-snippet:-1","max-image-preview":"max-image-preview:large","max-video-preview":"max-video-preview:-1"},"canonical":"https:\/\/www.targettraining.eu\/de\/interkulturelle-kompetenz\/culture-compass-online-ccol\/","og_locale":"de_DE","og_type":"article","og_title":"Culture Compass Online (CCOL) - Target Training GmbH","og_description":"Durch die Nutzung des Culture Compass Online k\u00f6nnen Ihre Mitarbeiter jederzeit und individuell mehr \u00fcber die Rolle der Kultur im Gesch\u00e4ftsleben lernen.","og_url":"https:\/\/www.targettraining.eu\/de\/interkulturelle-kompetenz\/culture-compass-online-ccol\/","og_site_name":"Target Training GmbH","article_publisher":"https:\/\/www.facebook.com\/TargetTrainingGmbh","article_modified_time":"2015-10-02T09:20:41+00:00","twitter_misc":{"Gesch\u00e4tzte Lesezeit":"3 Minuten"},"schema":{"@context":"https:\/\/schema.org","@graph":[{"@type":"WebPage","@id":"https:\/\/www.targettraining.eu\/de\/interkulturelle-kompetenz\/culture-compass-online-ccol\/","url":"https:\/\/www.targettraining.eu\/de\/interkulturelle-kompetenz\/culture-compass-online-ccol\/","name":"Culture Compass Online (CCOL) - Target Training GmbH","isPartOf":{"@id":"https:\/\/www.targettraining.eu\/#website"},"datePublished":"2015-07-23T08:34:18+00:00","dateModified":"2015-10-02T09:20:41+00:00","description":"Durch die Nutzung des Culture Compass Online k\u00f6nnen Ihre Mitarbeiter jederzeit und individuell mehr \u00fcber die Rolle der Kultur im Gesch\u00e4ftsleben lernen.","breadcrumb":{"@id":"https:\/\/www.targettraining.eu\/de\/interkulturelle-kompetenz\/culture-compass-online-ccol\/#breadcrumb"},"inLanguage":"de-DE","potentialAction":[{"@type":"ReadAction","target":["https:\/\/www.targettraining.eu\/de\/interkulturelle-kompetenz\/culture-compass-online-ccol\/"]}]},{"@type":"BreadcrumbList","@id":"https:\/\/www.targettraining.eu\/de\/interkulturelle-kompetenz\/culture-compass-online-ccol\/#breadcrumb","itemListElement":[{"@type":"ListItem","position":1,"name":"Home","item":"https:\/\/www.targettraining.eu\/de\/"},{"@type":"ListItem","position":2,"name":"Interkulturelles Training","item":"https:\/\/www.targettraining.eu\/de\/interkulturelle-kompetenz\/"},{"@type":"ListItem","position":3,"name":"Culture Compass Online (CCOL)"}]},{"@type":"WebSite","@id":"https:\/\/www.targettraining.eu\/#website","url":"https:\/\/www.targettraining.eu\/","name":"Target Training GmbH","description":"Training you to succeed globally","publisher":{"@id":"https:\/\/www.targettraining.eu\/#organization"},"potentialAction":[{"@type":"SearchAction","target":{"@type":"EntryPoint","urlTemplate":"https:\/\/www.targettraining.eu\/?s={search_term_string}"},"query-input":{"@type":"PropertyValueSpecification","valueRequired":true,"valueName":"search_term_string"}}],"inLanguage":"de-DE"},{"@type":"Organization","@id":"https:\/\/www.targettraining.eu\/#organization","name":"Target Training GmbH","url":"https:\/\/www.targettraining.eu\/","logo":{"@type":"ImageObject","inLanguage":"de-DE","@id":"https:\/\/www.targettraining.eu\/#\/schema\/logo\/image\/","url":"https:\/\/www.targettraining.eu\/wp-content\/uploads\/2013\/04\/WP-logo2.png","contentUrl":"https:\/\/www.targettraining.eu\/wp-content\/uploads\/2013\/04\/WP-logo2.png","width":103,"height":32,"caption":"Target Training GmbH"},"image":{"@id":"https:\/\/www.targettraining.eu\/#\/schema\/logo\/image\/"},"sameAs":["https:\/\/www.facebook.com\/TargetTrainingGmbh","https:\/\/x.com\/TargetTrains","https:\/\/www.youtube.com\/c\/TargettrainingEugmbh"]}]}},"_links":{"self":[{"href":"https:\/\/www.targettraining.eu\/de\/wp-json\/wp\/v2\/pages\/11270\/"}],"collection":[{"href":"https:\/\/www.targettraining.eu\/de\/wp-json\/wp\/v2\/pages\/"}],"about":[{"href":"https:\/\/www.targettraining.eu\/de\/wp-json\/wp\/v2\/types\/page\/"}],"author":[{"embeddable":true,"href":"https:\/\/www.targettraining.eu\/de\/wp-json\/wp\/v2\/users\/3\/"}],"replies":[{"embeddable":true,"href":"https:\/\/www.targettraining.eu\/de\/wp-json\/wp\/v2\/comments\/?post=11270"}],"version-history":[{"count":10,"href":"https:\/\/www.targettraining.eu\/de\/wp-json\/wp\/v2\/pages\/11270\/revisions\/"}],"predecessor-version":[{"id":12805,"href":"https:\/\/www.targettraining.eu\/de\/wp-json\/wp\/v2\/pages\/11270\/revisions\/12805\/"}],"up":[{"embeddable":true,"href":"https:\/\/www.targettraining.eu\/de\/wp-json\/wp\/v2\/pages\/11357\/"}],"wp:attachment":[{"href":"https:\/\/www.targettraining.eu\/de\/wp-json\/wp\/v2\/media\/?parent=11270"}],"curies":[{"name":"wp","href":"https:\/\/api.w.org\/{rel}","templated":true}]}}