{"id":11274,"date":"2015-07-23T10:52:40","date_gmt":"2015-07-23T08:52:40","guid":{"rendered":"http:\/\/www.targettraining.eu\/?page_id=11274"},"modified":"2015-10-02T11:22:56","modified_gmt":"2015-10-02T09:22:56","slug":"intercultural-awareness-profiler-iap","status":"publish","type":"page","link":"https:\/\/www.targettraining.eu\/de\/interkulturelle-kompetenz\/intercultural-awareness-profiler-iap\/","title":{"rendered":"Intercultural Awareness Profiler (IAP)"},"content":{"rendered":"<section  class='av_textblock_section av-av_textblock-0366cc7376be6c9e82a3e9cc8987b64f '   itemscope=\"itemscope\" itemtype=\"https:\/\/schema.org\/CreativeWork\" ><div class='avia_textblock'  itemprop=\"text\" ><h1>Intercultural Awareness Profiler <strong>(<span style=\"color: #0070c0;\">IAP<\/span>)<\/strong><\/h1>\n<\/div><\/section>\n<div  class='avia-slideshow av-av_slideshow-76032a4821da60e420ec6baa15201f5a avia-slideshow-entry_with_sidebar av_slideshow avia-fade-slider  avia-builder-el-1  el_after_av_textblock  el_before_av_two_third  av-slideshow-ui av-control-default av-slideshow-manual av-loop-once av-loop-manual-endless av-default-height-applied avia-slideshow-1' data-slideshow-options=\"{&quot;animation&quot;:&quot;fade&quot;,&quot;autoplay&quot;:false,&quot;loop_autoplay&quot;:&quot;once&quot;,&quot;interval&quot;:5,&quot;loop_manual&quot;:&quot;manual-endless&quot;,&quot;autoplay_stopper&quot;:false,&quot;noNavigation&quot;:false,&quot;bg_slider&quot;:false,&quot;keep_padding&quot;:false,&quot;hoverpause&quot;:false,&quot;show_slide_delay&quot;:0}\"  itemprop=\"image\" itemscope=\"itemscope\" itemtype=\"https:\/\/schema.org\/ImageObject\" ><ul class='avia-slideshow-inner ' style='padding-bottom: 38.028169014085%;'><li  class='avia-slideshow-slide av-av_slideshow-76032a4821da60e420ec6baa15201f5a__0  av-single-slide slide-1 slide-odd'><div data-rel='slideshow-1' class='avia-slide-wrap '  title='Global networking symbol of international communication featuring a world map concept with connecting technology communities using computers and other digital devices' ><img decoding=\"async\" fetchpriority=\"high\" class=\"wp-image-19522 avia-img-lazy-loading-not-19522\"  src=\"https:\/\/www.targettraining.eu\/wp-content\/uploads\/2013\/08\/Fotolia_43438248_L-710x270.jpg\" width=\"710\" height=\"270\" title='' alt=''  itemprop=\"thumbnailUrl\"   \/><\/div><\/li><\/ul><\/div>\n<div  class='flex_column av-av_two_third-2a9015ff38129c418a3f2eafba3e9512 av_two_third  avia-builder-el-2  el_after_av_slideshow  el_before_av_one_third  first flex_column_div  '     ><section  class='av_textblock_section av-av_textblock-0366cc7376be6c9e82a3e9cc8987b64f '   itemscope=\"itemscope\" itemtype=\"https:\/\/schema.org\/CreativeWork\" ><div class='avia_textblock'  itemprop=\"text\" ><h3><span style=\"color: #0070c0;\"><strong>Was ist der Intercultural Awareness Profiler?<\/strong><\/span><\/h3>\n<p>Der Intercultural Awareness Profiler (IAP) ist ein Selbsteinsch\u00e4tzungs- und Diagnose-Tool, entwickelt von <a href=\"http:\/\/www.thtconsulting.com\">Trompenaars Hampden-Turner<\/a>, ber\u00fchmten Vordenkern \u00fcber die Rolle der Kultur im Gesch\u00e4ftsleben.<\/p>\n<p>Seit 1982 haben mehr als 87.000 F\u00fchrungskr\u00e4fte aus \u00fcber 136 L\u00e4ndern den IAP-Fragebogen ausgef\u00fcllt. Heute existieren validierte Daten aus \u00fcber 55 L\u00e4ndern. Es ist mit gro\u00dfem Abstand die weltweit am meisten etablierte und gr\u00f6\u00dfte interkulturelle Referenzdatenbank, welche sich ausschlie\u00dflich auf Gesch\u00e4ftskulturen konzentriert. So repr\u00e4sentieren die Daten beispielsweise chinesische Gesch\u00e4ftskultur, nicht chinesische Kultur im Allgemeinen. Durch die Anwendung des IAP wird Ihr Team sehr rasch ein Verst\u00e4ndnis daf\u00fcr entwickeln, welchen Einfluss die Kultur auf das Gesch\u00e4ftsleben hat. In Verbindung mit Coaching und Training wird Ihr Team mit IAP wirkungsvoll auf den Umgang mit internationalen Gesch\u00e4ftspartnern vorbereitet.<\/p>\n<p>Dar\u00fcber hinaus kann der Intercultural Awareness Profiler eine Komponente enthalten, um das Profil einer Unternehmenskultur zu generieren. Dieses bietet Einblick in die Ausrichtung Ihres Teams im Vergleich zu anderen nationalen und \/ oder organisatorischen Kulturen.<\/p>\n<h3><span style=\"color: #0070c0;\"><strong>Wie funktioniert es? <\/strong><\/span><\/h3>\n<p>Der Intercultural Awareness Profiler wird vor dem Coaching oder Training von jedem Teilnehmer individuell online ausgef\u00fcllt, wobei pers\u00f6nliche Erfahrungen durch eine Reihe diagnostischer Fragestellungen strukturiert herausgearbeitet werden. Diese Bewertungsgrundlage erm\u00f6glicht die Einsch\u00e4tzung der pers\u00f6nlichen Orientierung, wenn es um die L\u00f6sung interkultureller Gesch\u00e4ftsfragen geht. Der IAP erzeugt einen Bericht des individuellen Profils mit pers\u00f6nlichem Feedback, welcher es dem Anwender erm\u00f6glicht, eine umfassende Analyse seiner eigenen interkulturellen Ausrichtung durchzuf\u00fchren und auch als ideales Sprungbrett f\u00fcr wirkungsvolle Trainingseinheiten dient. Der Bericht orientiert sich am Modell der sieben Kulturdimensionen, entwickelt von Fons Trompenaars und ausf\u00fchrlich beschrieben in dem Bestseller \u201eRiding the Waves of Culture\u201c (1997), welcher mittlerweile in der dritten Auflage vorliegt.<\/p>\n<h3><span style=\"color: #0070c0;\"><strong>Ihre Vorteile<\/strong><\/span><\/h3>\n<ol>\n<li>Einfache Anwendung<\/li>\n<li>Konzentriert sich ausschlie\u00dflich auf Gesch\u00e4ftsbed\u00fcrfnisse und den Einfluss der Kultur auf das Gesch\u00e4ftsleben<\/li>\n<li>Zuverl\u00e4ssige und validierte Ergebnisse werden durch regelm\u00e4\u00dfige Tests und Bewertungen sichergestellt.<\/li>\n<li>Vervielfacht die Wirkung entsprechend kulturbezogener Trainingseinheiten durch den Aufbau von Interesse und Engagement der Teilnehmer<\/li>\n<li>Sie profitieren von Trompenaars Hampden-Turners \u00fcber 25j\u00e4hriger Erfahrung auf dem Gebiet der interkulturellen Forschung, der Beratung und dem Training globaler Top-500-Unternehmen.<\/li>\n<\/ol>\n<\/div><\/section><\/div>\n<div  class='flex_column av-av_one_third-5c3bdd854542bbc70d067b1f6b1f9883 av_one_third  avia-builder-el-4  el_after_av_two_third  el_before_av_content_slider  flex_column_div  '     ><article  class='iconbox iconbox_left av-av_icon_box-a1c5749fcee6e0bceda564424e8d1a0f  avia-builder-el-5  el_before_av_textblock  avia-builder-el-first '  itemscope=\"itemscope\" itemtype=\"https:\/\/schema.org\/CreativeWork\" ><div class=\"iconbox_content\"><header class=\"entry-content-header\"><div class=\"iconbox_icon heading-color\" aria-hidden='true' data-av_icon='' data-av_iconfont='entypo-fontello'><\/div><h3 class='iconbox_content_title '  itemprop=\"headline\" ><a href='https:\/\/www.targettraining.eu\/de\/interkulturelle-kompetenz\/culture-compass-online-ccol\/' title='Culture Compass Online'  >Culture Compass Online<\/a><\/h3><\/header><div class='iconbox_content_container '  itemprop=\"text\" ><div id=\"stcpDiv\">Steigern Sie den Lernerfolg mit dieser webbasierten Lern-Plattform, entwickelt von Trompenaars Hampden-Turner.<\/div>\n<\/div><\/div><footer class=\"entry-footer\"><\/footer><\/article><br \/>\n<section  class='av_textblock_section av-av_textblock-0366cc7376be6c9e82a3e9cc8987b64f '   itemscope=\"itemscope\" itemtype=\"https:\/\/schema.org\/CreativeWork\" ><div class='avia_textblock'  itemprop=\"text\" ><h3><span style=\"color: #0070c0;\"><strong>Schl\u00fcsselmerkmale<\/strong><\/span><\/h3>\n<ul>\n<li>Nutzer k\u00f6nnen den IAP-Fragebogen auf Englisch, Deutsch, Franz\u00f6sisch, Holl\u00e4ndisch oder Spanisch ausf\u00fcllen. Die Berichte werden in englischer Sprache generiert.<\/li>\n<li>Individuelle Berichte werden als PDF-Datei erzeugt und als Bildschirmausgabe mit interaktivem Feedback generiert.<\/li>\n<li>Die Profile liefern keine an der Matrix gut\/schlecht orientierten Bewertungen, was die Bereitschaft erh\u00f6ht, sich innerhalb des Teams \u00fcber die Ergebnisse auszutauschen und die Unterst\u00fctzung der Arbeitnehmervertretung hat.<\/li>\n<li>Wesentliches Sprungbrett f\u00fcr weiteres, unabh\u00e4ngiges Blended Learning mit dem Culture Compass OnLine (CCOL).<\/li>\n<\/ul>\n<\/div><\/section><br \/>\n<section  class='av_textblock_section av-av_textblock-0366cc7376be6c9e82a3e9cc8987b64f '   itemscope=\"itemscope\" itemtype=\"https:\/\/schema.org\/CreativeWork\" ><div class='avia_textblock'  itemprop=\"text\" ><p><img loading=\"lazy\" decoding=\"async\" class=\"alignnone lazyload\" data-src=\"http:\/\/02086ee2.kundenrechner.net\/wp-content\/uploads\/2013\/08\/IAP-Licensee-logo-2012-for-print-BLUE-1030x141.png\" alt=\"Intercultural Awareness Profiler\" width=\"1030\" height=\"141\" src=\"data:image\/gif;base64,R0lGODlhAQABAAAAACH5BAEKAAEALAAAAAABAAEAAAICTAEAOw==\" style=\"--smush-placeholder-width: 1030px; --smush-placeholder-aspect-ratio: 1030\/141;\" \/><noscript><img loading=\"lazy\" decoding=\"async\" class=\"alignnone\" src=\"http:\/\/02086ee2.kundenrechner.net\/wp-content\/uploads\/2013\/08\/IAP-Licensee-logo-2012-for-print-BLUE-1030x141.png\" alt=\"Intercultural Awareness Profiler\" width=\"1030\" height=\"141\" \/><\/noscript><\/p>\n<\/div><\/section><\/p><\/div>\n<div  class='avia-content-slider-element-container av-av_content_slider-466f9a9d050f611caf72d507ff0c6560 avia-content-slider-element-slider avia-content-slider avia-smallarrow-slider avia-content-slider-active avia-content-slider-even  avia-builder-el-8  el_after_av_one_third  avia-builder-el-last  av-slideshow-ui av-control-default av-nav-arrows-visible av-nav-dots-visible av-no-slider-navigation av-slideshow-manual av-loop-once av-loop-manual-endless avia-content-slider1' data-slideshow-options=\"{&quot;animation&quot;:&quot;slide&quot;,&quot;autoplay&quot;:false,&quot;loop_autoplay&quot;:&quot;once&quot;,&quot;interval&quot;:5,&quot;loop_manual&quot;:&quot;manual-endless&quot;,&quot;autoplay_stopper&quot;:false,&quot;noNavigation&quot;:false,&quot;bg_slider&quot;:false,&quot;keep_padding&quot;:&quot;&quot;,&quot;hoverpause&quot;:false,&quot;show_slide_delay&quot;:30}\"><div class='avia-smallarrow-slider-heading '><div class='new-special-heading'><h3 class=''>Das k\u00f6nnte Sie auch interessieren<\/h3><\/div><\/div><div class=\"avia-content-slider-inner\"><div class=\"slide-entry-wrap\"><section class='slide-entry av-av_content_slide-f471285f2e09a1ec92179c7baa1d0d66 flex_column av_one_half post-entry slide-entry-overview slide-loop-1 slide-parity-odd  first'  itemscope=\"itemscope\" itemtype=\"https:\/\/schema.org\/CreativeWork\" ><h3 class='slide-entry-title entry-title '  itemprop=\"headline\" ><a href='https:\/\/www.targettraining.eu\/de\/interkulturelles-geschaftsleben\/'  title='Interkulturelles Gesch\u00e4ftsleben'>Interkulturelles Gesch\u00e4ftsleben<\/a><\/h3><div class='slide-entry-excerpt entry-content'  itemprop=\"text\" ><p><a href=\"https:\/\/www.targettraining.eu\/de\/interkulturelles-geschaftsleben\/?lang=de\"><img loading=\"lazy\" decoding=\"async\" class=\"alignnone wp-image-3262 size-medium lazyload\" data-src=\"https:\/\/www.targettraining.eu\/wp-content\/uploads\/2013\/08\/Busines-across-cultures-NEW-300x200.jpg\" alt=\"Interkulturelles Gesch\u00e4ftsleben\" width=\"300\" height=\"200\" data-srcset=\"https:\/\/www.targettraining.eu\/wp-content\/uploads\/2013\/08\/Busines-across-cultures-NEW-300x200.jpg 300w, https:\/\/www.targettraining.eu\/wp-content\/uploads\/2013\/08\/Busines-across-cultures-NEW-1030x686.jpg 1030w, https:\/\/www.targettraining.eu\/wp-content\/uploads\/2013\/08\/Busines-across-cultures-NEW-1500x1000.jpg 1500w, https:\/\/www.targettraining.eu\/wp-content\/uploads\/2013\/08\/Busines-across-cultures-NEW-450x300.jpg 450w\" data-sizes=\"(max-width: 300px) 100vw, 300px\" src=\"data:image\/gif;base64,R0lGODlhAQABAAAAACH5BAEKAAEALAAAAAABAAEAAAICTAEAOw==\" style=\"--smush-placeholder-width: 300px; --smush-placeholder-aspect-ratio: 300\/200;\" \/><noscript><img loading=\"lazy\" decoding=\"async\" class=\"alignnone wp-image-3262 size-medium\" src=\"https:\/\/www.targettraining.eu\/wp-content\/uploads\/2013\/08\/Busines-across-cultures-NEW-300x200.jpg\" alt=\"Interkulturelles Gesch\u00e4ftsleben\" width=\"300\" height=\"200\" srcset=\"https:\/\/www.targettraining.eu\/wp-content\/uploads\/2013\/08\/Busines-across-cultures-NEW-300x200.jpg 300w, https:\/\/www.targettraining.eu\/wp-content\/uploads\/2013\/08\/Busines-across-cultures-NEW-1030x686.jpg 1030w, https:\/\/www.targettraining.eu\/wp-content\/uploads\/2013\/08\/Busines-across-cultures-NEW-1500x1000.jpg 1500w, https:\/\/www.targettraining.eu\/wp-content\/uploads\/2013\/08\/Busines-across-cultures-NEW-450x300.jpg 450w\" sizes=\"(max-width: 300px) 100vw, 300px\" \/><\/noscript><\/a><\/p>\n<p>Arbeiten Sie derzeit \u00fcber Kulturgrenzen hinweg oder erwarten Sie, zuk\u00fcnftig mit Kunden, Partnern und Lieferanten aus anderen Kulturen zu arbeiten? Wird Ihr Team oder Betrieb zunehmend multikulturell? Um sich heute erfolgreich am Markt zu behaupten, m\u00fcssen Sie in der Lage sein, Ihren Einfluss bei der Zusammenarbeit mit Partnern aus verschiedenen L\u00e4ndern zu maximieren.<\/p>\n<\/div><\/section><section class='slide-entry av-av_content_slide-c7f6d65a6f9d9e9071b5b5ea1378c317 flex_column av_one_half post-entry slide-entry-overview slide-loop-2 slide-parity-even  post-entry-last  '  itemscope=\"itemscope\" itemtype=\"https:\/\/schema.org\/CreativeWork\" ><h3 class='slide-entry-title entry-title '  itemprop=\"headline\" ><a href='https:\/\/www.targettraining.eu\/de\/interkulturelle-kompetenz\/culture-compass-online-ccol\/'  title='Culture Compass Online'>Culture Compass Online<\/a><\/h3><div class='slide-entry-excerpt entry-content'  itemprop=\"text\" ><p><a href=\"Culture Compass Online\"><img loading=\"lazy\" decoding=\"async\" class=\"alignnone wp-image-4277 size-medium lazyload\" data-src=\"https:\/\/www.targettraining.eu\/wp-content\/uploads\/2013\/09\/Fotolia_16574201_XS-300x210.jpg\" alt=\"Cultural Compass Online\" width=\"300\" height=\"210\" data-srcset=\"https:\/\/www.targettraining.eu\/wp-content\/uploads\/2013\/09\/Fotolia_16574201_XS-300x210.jpg 300w, https:\/\/www.targettraining.eu\/wp-content\/uploads\/2013\/09\/Fotolia_16574201_XS.jpg 413w\" data-sizes=\"(max-width: 300px) 100vw, 300px\" src=\"data:image\/gif;base64,R0lGODlhAQABAAAAACH5BAEKAAEALAAAAAABAAEAAAICTAEAOw==\" style=\"--smush-placeholder-width: 300px; --smush-placeholder-aspect-ratio: 300\/210;\" \/><noscript><img loading=\"lazy\" decoding=\"async\" class=\"alignnone wp-image-4277 size-medium\" src=\"https:\/\/www.targettraining.eu\/wp-content\/uploads\/2013\/09\/Fotolia_16574201_XS-300x210.jpg\" alt=\"Cultural Compass Online\" width=\"300\" height=\"210\" srcset=\"https:\/\/www.targettraining.eu\/wp-content\/uploads\/2013\/09\/Fotolia_16574201_XS-300x210.jpg 300w, https:\/\/www.targettraining.eu\/wp-content\/uploads\/2013\/09\/Fotolia_16574201_XS.jpg 413w\" sizes=\"(max-width: 300px) 100vw, 300px\" \/><\/noscript><\/a><\/p>\n<p>Der Culture Compass OnLine (CCOL) ist eine webbasierte Lernplattform,\u00a0entwickelt von <a href=\"http:\/\/www.thtconsulting.com\/\" target=\"_blank\" rel=\"noopener\">Trompenaars Hampden-Turner<\/a>, ber\u00fchmten Vordenkern \u00fcber die Rolle der Kultur im Gesch\u00e4ftsleben.\u00a0Der CCOL wird von mehr als 12000 Gesch\u00e4ftsleuten benutzt, um ihr interkulturelles Verst\u00e4ndnis und ihre F\u00e4higkeiten durch viele interaktive \u00dcbungen zu erweitern.<\/p>\n<\/div><\/section><\/div><\/div><\/div>\n","protected":false},"excerpt":{"rendered":"","protected":false},"author":3,"featured_media":0,"parent":11357,"menu_order":0,"comment_status":"open","ping_status":"open","template":"","meta":{"_acf_changed":false,"content-type":"","footnotes":""},"class_list":["post-11274","page","type-page","status-publish","hentry"],"acf":[],"yoast_head":"<!-- This site is optimized with the Yoast SEO plugin v23.6 - https:\/\/yoast.com\/wordpress\/plugins\/seo\/ -->\n<title>Intercultural Awareness Profiler - Target Training GmbH<\/title>\n<meta name=\"description\" content=\"Der Intercultural Awareness Profiler ist ein Selbsteinsch\u00e4tzungs- und Diagnose-Tool zur Rolle der Kultur im Gesch\u00e4ftsleben, das online ausgef\u00fcllt wird.\" \/>\n<meta name=\"robots\" content=\"index, follow, max-snippet:-1, max-image-preview:large, max-video-preview:-1\" \/>\n<link rel=\"canonical\" href=\"https:\/\/www.targettraining.eu\/de\/interkulturelle-kompetenz\/intercultural-awareness-profiler-iap\/\" \/>\n<meta property=\"og:locale\" content=\"de_DE\" \/>\n<meta property=\"og:type\" content=\"article\" \/>\n<meta property=\"og:title\" content=\"Intercultural Awareness Profiler - Target Training GmbH\" \/>\n<meta property=\"og:description\" content=\"Der Intercultural Awareness Profiler ist ein Selbsteinsch\u00e4tzungs- und Diagnose-Tool zur Rolle der Kultur im Gesch\u00e4ftsleben, das online ausgef\u00fcllt wird.\" \/>\n<meta property=\"og:url\" content=\"https:\/\/www.targettraining.eu\/de\/interkulturelle-kompetenz\/intercultural-awareness-profiler-iap\/\" \/>\n<meta property=\"og:site_name\" content=\"Target Training GmbH\" \/>\n<meta property=\"article:publisher\" content=\"https:\/\/www.facebook.com\/TargetTrainingGmbh\" \/>\n<meta property=\"article:modified_time\" content=\"2015-10-02T09:22:56+00:00\" \/>\n<meta property=\"og:image\" content=\"http:\/\/02086ee2.kundenrechner.net\/wp-content\/uploads\/2013\/08\/IAP-Licensee-logo-2012-for-print-BLUE-1030x141.png\" \/>\n<meta name=\"twitter:label1\" content=\"Gesch\u00e4tzte Lesezeit\" \/>\n\t<meta name=\"twitter:data1\" content=\"4 Minuten\" \/>\n<script type=\"application\/ld+json\" class=\"yoast-schema-graph\">{\"@context\":\"https:\/\/schema.org\",\"@graph\":[{\"@type\":\"WebPage\",\"@id\":\"https:\/\/www.targettraining.eu\/de\/interkulturelle-kompetenz\/intercultural-awareness-profiler-iap\/\",\"url\":\"https:\/\/www.targettraining.eu\/de\/interkulturelle-kompetenz\/intercultural-awareness-profiler-iap\/\",\"name\":\"Intercultural Awareness Profiler - Target Training GmbH\",\"isPartOf\":{\"@id\":\"https:\/\/www.targettraining.eu\/#website\"},\"primaryImageOfPage\":{\"@id\":\"https:\/\/www.targettraining.eu\/de\/interkulturelle-kompetenz\/intercultural-awareness-profiler-iap\/#primaryimage\"},\"image\":{\"@id\":\"https:\/\/www.targettraining.eu\/de\/interkulturelle-kompetenz\/intercultural-awareness-profiler-iap\/#primaryimage\"},\"thumbnailUrl\":\"http:\/\/02086ee2.kundenrechner.net\/wp-content\/uploads\/2013\/08\/IAP-Licensee-logo-2012-for-print-BLUE-1030x141.png\",\"datePublished\":\"2015-07-23T08:52:40+00:00\",\"dateModified\":\"2015-10-02T09:22:56+00:00\",\"description\":\"Der Intercultural Awareness Profiler ist ein Selbsteinsch\u00e4tzungs- und Diagnose-Tool zur Rolle der Kultur im Gesch\u00e4ftsleben, das online ausgef\u00fcllt wird.\",\"breadcrumb\":{\"@id\":\"https:\/\/www.targettraining.eu\/de\/interkulturelle-kompetenz\/intercultural-awareness-profiler-iap\/#breadcrumb\"},\"inLanguage\":\"de-DE\",\"potentialAction\":[{\"@type\":\"ReadAction\",\"target\":[\"https:\/\/www.targettraining.eu\/de\/interkulturelle-kompetenz\/intercultural-awareness-profiler-iap\/\"]}]},{\"@type\":\"ImageObject\",\"inLanguage\":\"de-DE\",\"@id\":\"https:\/\/www.targettraining.eu\/de\/interkulturelle-kompetenz\/intercultural-awareness-profiler-iap\/#primaryimage\",\"url\":\"http:\/\/02086ee2.kundenrechner.net\/wp-content\/uploads\/2013\/08\/IAP-Licensee-logo-2012-for-print-BLUE-1030x141.png\",\"contentUrl\":\"http:\/\/02086ee2.kundenrechner.net\/wp-content\/uploads\/2013\/08\/IAP-Licensee-logo-2012-for-print-BLUE-1030x141.png\"},{\"@type\":\"BreadcrumbList\",\"@id\":\"https:\/\/www.targettraining.eu\/de\/interkulturelle-kompetenz\/intercultural-awareness-profiler-iap\/#breadcrumb\",\"itemListElement\":[{\"@type\":\"ListItem\",\"position\":1,\"name\":\"Home\",\"item\":\"https:\/\/www.targettraining.eu\/de\/\"},{\"@type\":\"ListItem\",\"position\":2,\"name\":\"Interkulturelles Training\",\"item\":\"https:\/\/www.targettraining.eu\/de\/interkulturelle-kompetenz\/\"},{\"@type\":\"ListItem\",\"position\":3,\"name\":\"Intercultural Awareness Profiler (IAP)\"}]},{\"@type\":\"WebSite\",\"@id\":\"https:\/\/www.targettraining.eu\/#website\",\"url\":\"https:\/\/www.targettraining.eu\/\",\"name\":\"Target Training GmbH\",\"description\":\"Training you to succeed globally\",\"publisher\":{\"@id\":\"https:\/\/www.targettraining.eu\/#organization\"},\"potentialAction\":[{\"@type\":\"SearchAction\",\"target\":{\"@type\":\"EntryPoint\",\"urlTemplate\":\"https:\/\/www.targettraining.eu\/?s={search_term_string}\"},\"query-input\":{\"@type\":\"PropertyValueSpecification\",\"valueRequired\":true,\"valueName\":\"search_term_string\"}}],\"inLanguage\":\"de-DE\"},{\"@type\":\"Organization\",\"@id\":\"https:\/\/www.targettraining.eu\/#organization\",\"name\":\"Target Training GmbH\",\"url\":\"https:\/\/www.targettraining.eu\/\",\"logo\":{\"@type\":\"ImageObject\",\"inLanguage\":\"de-DE\",\"@id\":\"https:\/\/www.targettraining.eu\/#\/schema\/logo\/image\/\",\"url\":\"https:\/\/www.targettraining.eu\/wp-content\/uploads\/2013\/04\/WP-logo2.png\",\"contentUrl\":\"https:\/\/www.targettraining.eu\/wp-content\/uploads\/2013\/04\/WP-logo2.png\",\"width\":103,\"height\":32,\"caption\":\"Target Training GmbH\"},\"image\":{\"@id\":\"https:\/\/www.targettraining.eu\/#\/schema\/logo\/image\/\"},\"sameAs\":[\"https:\/\/www.facebook.com\/TargetTrainingGmbh\",\"https:\/\/x.com\/TargetTrains\",\"https:\/\/www.youtube.com\/c\/TargettrainingEugmbh\"]}]}<\/script>\n<!-- \/ Yoast SEO plugin. -->","yoast_head_json":{"title":"Intercultural Awareness Profiler - Target Training GmbH","description":"Der Intercultural Awareness Profiler ist ein Selbsteinsch\u00e4tzungs- und Diagnose-Tool zur Rolle der Kultur im Gesch\u00e4ftsleben, das online ausgef\u00fcllt wird.","robots":{"index":"index","follow":"follow","max-snippet":"max-snippet:-1","max-image-preview":"max-image-preview:large","max-video-preview":"max-video-preview:-1"},"canonical":"https:\/\/www.targettraining.eu\/de\/interkulturelle-kompetenz\/intercultural-awareness-profiler-iap\/","og_locale":"de_DE","og_type":"article","og_title":"Intercultural Awareness Profiler - Target Training GmbH","og_description":"Der Intercultural Awareness Profiler ist ein Selbsteinsch\u00e4tzungs- und Diagnose-Tool zur Rolle der Kultur im Gesch\u00e4ftsleben, das online ausgef\u00fcllt wird.","og_url":"https:\/\/www.targettraining.eu\/de\/interkulturelle-kompetenz\/intercultural-awareness-profiler-iap\/","og_site_name":"Target Training GmbH","article_publisher":"https:\/\/www.facebook.com\/TargetTrainingGmbh","article_modified_time":"2015-10-02T09:22:56+00:00","og_image":[{"url":"http:\/\/02086ee2.kundenrechner.net\/wp-content\/uploads\/2013\/08\/IAP-Licensee-logo-2012-for-print-BLUE-1030x141.png"}],"twitter_misc":{"Gesch\u00e4tzte Lesezeit":"4 Minuten"},"schema":{"@context":"https:\/\/schema.org","@graph":[{"@type":"WebPage","@id":"https:\/\/www.targettraining.eu\/de\/interkulturelle-kompetenz\/intercultural-awareness-profiler-iap\/","url":"https:\/\/www.targettraining.eu\/de\/interkulturelle-kompetenz\/intercultural-awareness-profiler-iap\/","name":"Intercultural Awareness Profiler - Target Training GmbH","isPartOf":{"@id":"https:\/\/www.targettraining.eu\/#website"},"primaryImageOfPage":{"@id":"https:\/\/www.targettraining.eu\/de\/interkulturelle-kompetenz\/intercultural-awareness-profiler-iap\/#primaryimage"},"image":{"@id":"https:\/\/www.targettraining.eu\/de\/interkulturelle-kompetenz\/intercultural-awareness-profiler-iap\/#primaryimage"},"thumbnailUrl":"http:\/\/02086ee2.kundenrechner.net\/wp-content\/uploads\/2013\/08\/IAP-Licensee-logo-2012-for-print-BLUE-1030x141.png","datePublished":"2015-07-23T08:52:40+00:00","dateModified":"2015-10-02T09:22:56+00:00","description":"Der Intercultural Awareness Profiler ist ein Selbsteinsch\u00e4tzungs- und Diagnose-Tool zur Rolle der Kultur im Gesch\u00e4ftsleben, das online ausgef\u00fcllt wird.","breadcrumb":{"@id":"https:\/\/www.targettraining.eu\/de\/interkulturelle-kompetenz\/intercultural-awareness-profiler-iap\/#breadcrumb"},"inLanguage":"de-DE","potentialAction":[{"@type":"ReadAction","target":["https:\/\/www.targettraining.eu\/de\/interkulturelle-kompetenz\/intercultural-awareness-profiler-iap\/"]}]},{"@type":"ImageObject","inLanguage":"de-DE","@id":"https:\/\/www.targettraining.eu\/de\/interkulturelle-kompetenz\/intercultural-awareness-profiler-iap\/#primaryimage","url":"http:\/\/02086ee2.kundenrechner.net\/wp-content\/uploads\/2013\/08\/IAP-Licensee-logo-2012-for-print-BLUE-1030x141.png","contentUrl":"http:\/\/02086ee2.kundenrechner.net\/wp-content\/uploads\/2013\/08\/IAP-Licensee-logo-2012-for-print-BLUE-1030x141.png"},{"@type":"BreadcrumbList","@id":"https:\/\/www.targettraining.eu\/de\/interkulturelle-kompetenz\/intercultural-awareness-profiler-iap\/#breadcrumb","itemListElement":[{"@type":"ListItem","position":1,"name":"Home","item":"https:\/\/www.targettraining.eu\/de\/"},{"@type":"ListItem","position":2,"name":"Interkulturelles Training","item":"https:\/\/www.targettraining.eu\/de\/interkulturelle-kompetenz\/"},{"@type":"ListItem","position":3,"name":"Intercultural Awareness Profiler (IAP)"}]},{"@type":"WebSite","@id":"https:\/\/www.targettraining.eu\/#website","url":"https:\/\/www.targettraining.eu\/","name":"Target Training GmbH","description":"Training you to succeed globally","publisher":{"@id":"https:\/\/www.targettraining.eu\/#organization"},"potentialAction":[{"@type":"SearchAction","target":{"@type":"EntryPoint","urlTemplate":"https:\/\/www.targettraining.eu\/?s={search_term_string}"},"query-input":{"@type":"PropertyValueSpecification","valueRequired":true,"valueName":"search_term_string"}}],"inLanguage":"de-DE"},{"@type":"Organization","@id":"https:\/\/www.targettraining.eu\/#organization","name":"Target Training GmbH","url":"https:\/\/www.targettraining.eu\/","logo":{"@type":"ImageObject","inLanguage":"de-DE","@id":"https:\/\/www.targettraining.eu\/#\/schema\/logo\/image\/","url":"https:\/\/www.targettraining.eu\/wp-content\/uploads\/2013\/04\/WP-logo2.png","contentUrl":"https:\/\/www.targettraining.eu\/wp-content\/uploads\/2013\/04\/WP-logo2.png","width":103,"height":32,"caption":"Target Training GmbH"},"image":{"@id":"https:\/\/www.targettraining.eu\/#\/schema\/logo\/image\/"},"sameAs":["https:\/\/www.facebook.com\/TargetTrainingGmbh","https:\/\/x.com\/TargetTrains","https:\/\/www.youtube.com\/c\/TargettrainingEugmbh"]}]}},"_links":{"self":[{"href":"https:\/\/www.targettraining.eu\/de\/wp-json\/wp\/v2\/pages\/11274\/"}],"collection":[{"href":"https:\/\/www.targettraining.eu\/de\/wp-json\/wp\/v2\/pages\/"}],"about":[{"href":"https:\/\/www.targettraining.eu\/de\/wp-json\/wp\/v2\/types\/page\/"}],"author":[{"embeddable":true,"href":"https:\/\/www.targettraining.eu\/de\/wp-json\/wp\/v2\/users\/3\/"}],"replies":[{"embeddable":true,"href":"https:\/\/www.targettraining.eu\/de\/wp-json\/wp\/v2\/comments\/?post=11274"}],"version-history":[{"count":8,"href":"https:\/\/www.targettraining.eu\/de\/wp-json\/wp\/v2\/pages\/11274\/revisions\/"}],"predecessor-version":[{"id":12495,"href":"https:\/\/www.targettraining.eu\/de\/wp-json\/wp\/v2\/pages\/11274\/revisions\/12495\/"}],"up":[{"embeddable":true,"href":"https:\/\/www.targettraining.eu\/de\/wp-json\/wp\/v2\/pages\/11357\/"}],"wp:attachment":[{"href":"https:\/\/www.targettraining.eu\/de\/wp-json\/wp\/v2\/media\/?parent=11274"}],"curies":[{"name":"wp","href":"https:\/\/api.w.org\/{rel}","templated":true}]}}