{"id":11278,"date":"2015-07-23T11:11:07","date_gmt":"2015-07-23T09:11:07","guid":{"rendered":"http:\/\/www.targettraining.eu\/?page_id=11278"},"modified":"2015-08-27T15:11:29","modified_gmt":"2015-08-27T13:11:29","slug":"myers-briggs-typenindikator-mbti","status":"publish","type":"page","link":"https:\/\/www.targettraining.eu\/de\/myers-briggs-typenindikator-mbti\/","title":{"rendered":"Myers-Briggs Typenindikator (MBTI)"},"content":{"rendered":"<section  class='av_textblock_section av-av_textblock-0366cc7376be6c9e82a3e9cc8987b64f '   itemscope=\"itemscope\" itemtype=\"https:\/\/schema.org\/CreativeWork\" ><div class='avia_textblock'  itemprop=\"text\" ><h1>Myers-Briggs Typenindikator (<span style=\"color: #0070c0;\">MBTI<\/span>)<\/h1>\n<\/div><\/section>\n<div  class='avia-slideshow av-av_slideshow-87091457e75f06140d0f3b6ca0ab326f avia-slideshow-entry_without_sidebar av_slideshow avia-slide-slider  avia-builder-el-1  el_after_av_textblock  el_before_av_two_third  av-slideshow-ui av-control-default av-slideshow-manual av-loop-once av-loop-manual-endless av-default-height-applied avia-slideshow-1' data-slideshow-options=\"{&quot;animation&quot;:&quot;slide&quot;,&quot;autoplay&quot;:false,&quot;loop_autoplay&quot;:&quot;once&quot;,&quot;interval&quot;:5,&quot;loop_manual&quot;:&quot;manual-endless&quot;,&quot;autoplay_stopper&quot;:false,&quot;noNavigation&quot;:false,&quot;bg_slider&quot;:false,&quot;keep_padding&quot;:false,&quot;hoverpause&quot;:false,&quot;show_slide_delay&quot;:0}\"  itemprop=\"image\" itemscope=\"itemscope\" itemtype=\"https:\/\/schema.org\/ImageObject\" ><ul class='avia-slideshow-inner ' style='padding-bottom: 34.95867768595%;'><\/ul><\/div>\n<div  class='flex_column av-av_two_third-2a9015ff38129c418a3f2eafba3e9512 av_two_third  avia-builder-el-2  el_after_av_slideshow  el_before_av_one_third  first flex_column_div  '     ><section  class='av_textblock_section av-av_textblock-0366cc7376be6c9e82a3e9cc8987b64f '   itemscope=\"itemscope\" itemtype=\"https:\/\/schema.org\/CreativeWork\" ><div class='avia_textblock'  itemprop=\"text\" ><h3><span style=\"color: #0070c0;\"><strong>Was ist das?<\/strong><\/span><\/h3>\n<p>Eines der weltweit beliebtesten psychometrischen Einsch\u00e4tzungsinstrumente, der Myers-Briggs Typenindikator (MBTI\u00ae), basiert auf der Arbeit des Psychoanalytikers C.G. Jung. Der MBTI\u00ae wurde entwickelt, um das Verst\u00e4ndnis dar\u00fcber zu f\u00f6rdern, wie wir gesteuert durch psychologische Pr\u00e4ferenzen die Welt wahrnehmen und Entscheidungen treffen. Durch die Einsch\u00e4tzung unserer psychologischen Einstellungen erhalten wir ein Verst\u00e4ndnis \u00fcber unsere eigenen Vorlieben, dar\u00fcber was uns bei der Arbeit mit anderen Kraft gibt oder was uns unserer Energie beraubt.<\/p>\n<h3><\/h3>\n<\/div><\/section><\/div>\n<div  class='flex_column av-av_one_third-5c3bdd854542bbc70d067b1f6b1f9883 av_one_third  avia-builder-el-4  el_after_av_two_third  el_before_av_two_third  flex_column_div  '     ><p><section  class='av_textblock_section av-av_textblock-0366cc7376be6c9e82a3e9cc8987b64f '   itemscope=\"itemscope\" itemtype=\"https:\/\/schema.org\/CreativeWork\" ><div class='avia_textblock'  itemprop=\"text\" ><p><strong>Unsere Schl\u00fcsselkr\u00e4fte sind qualifizierte MBTI-Anwender.<\/strong><\/p>\n<\/div><\/section><br \/>\n<section  class='av_textblock_section av-av_textblock-0366cc7376be6c9e82a3e9cc8987b64f '   itemscope=\"itemscope\" itemtype=\"https:\/\/schema.org\/CreativeWork\" ><div class='avia_textblock'  itemprop=\"text\" ><p><img loading=\"lazy\" decoding=\"async\" class=\"aligncenter lazyload\" data-src=\"http:\/\/02086ee2.kundenrechner.net\/wp-content\/uploads\/2013\/09\/MBTI-Certified-Logo-PMS_hires-e1378987920897.jpg\" alt=\"Myers-Briggs Typenindikator\" width=\"100\" height=\"154\" src=\"data:image\/gif;base64,R0lGODlhAQABAAAAACH5BAEKAAEALAAAAAABAAEAAAICTAEAOw==\" style=\"--smush-placeholder-width: 100px; --smush-placeholder-aspect-ratio: 100\/154;\" \/><noscript><img loading=\"lazy\" decoding=\"async\" class=\"aligncenter\" src=\"http:\/\/02086ee2.kundenrechner.net\/wp-content\/uploads\/2013\/09\/MBTI-Certified-Logo-PMS_hires-e1378987920897.jpg\" alt=\"Myers-Briggs Typenindikator\" width=\"100\" height=\"154\" \/><\/noscript><\/p>\n<\/div><\/section><\/p><\/div>\n<div  class='flex_column av-av_two_third-2a9015ff38129c418a3f2eafba3e9512 av_two_third  avia-builder-el-7  el_after_av_one_third  el_before_av_one_third  first flex_column_div  column-top-margin'     ><section  class='av_textblock_section av-av_textblock-0366cc7376be6c9e82a3e9cc8987b64f '   itemscope=\"itemscope\" itemtype=\"https:\/\/schema.org\/CreativeWork\" ><div class='avia_textblock'  itemprop=\"text\" ><h3><span style=\"color: #0070c0;\"><strong>Wie funktioniert es?<\/strong><\/span><\/h3>\n<\/div><\/section><br \/>\n\n<style type=\"text\/css\" data-created_by=\"avia_inline_auto\" id=\"style-css-av-av_hr-7148c96ad18338470e2200b4c17e1ba3\">\n#top .hr.hr-invisible.av-av_hr-7148c96ad18338470e2200b4c17e1ba3{\nheight:30px;\n}\n<\/style>\n<div  class='hr av-av_hr-7148c96ad18338470e2200b4c17e1ba3 hr-invisible  avia-builder-el-9  el_after_av_textblock  el_before_av_textblock '><span class='hr-inner '><span class=\"hr-inner-style\"><\/span><\/span><\/div><br \/>\n<section  class='av_textblock_section av-av_textblock-0366cc7376be6c9e82a3e9cc8987b64f '   itemscope=\"itemscope\" itemtype=\"https:\/\/schema.org\/CreativeWork\" ><div class='avia_textblock'  itemprop=\"text\" ><h3>Schritt 1<\/h3>\n<p>Ein zertifizierter MBTI\u00ae-Anwender wird gemeinsam mit Ihnen den Rahmen f\u00fcr die Herangehensweise an den Myers-Briggs Typenindikator\u00ae setzen.<\/p>\n<h3>Schritt 2<\/h3>\n<p>Anschlie\u00dfend wird Ihnen die MBTI\u00ae-Einsch\u00e4tzung nach der Beantwortung einer Reihe von Fragen dabei helfen, die pers\u00f6nlichen Pr\u00e4ferenzen herauszufinden. Das kann online in 13 verschiedenen Sprachen durchgef\u00fchrt werden. Es gibt keine \u201erichtigen\u201c oder \u201efalschen\u201c Antworten.<\/p>\n<h3>Schritt 3<\/h3>\n<p>Ihr individuelles Profil wird auf der Basis von 4 gegens\u00e4tzlichen Pr\u00e4ferenzpaaren aus 16 m\u00f6glichen Ergebnissen generiert:<\/p>\n<ul>\n<li><strong><span style=\"color: #0070c0;\">Extraversion (E) oder Introversion (I)<\/span><\/strong><\/li>\n<li><strong><span style=\"color: #0070c0;\">Sensorik (S) oder Intuition (N)<\/span><\/strong><\/li>\n<li><strong><span style=\"color: #0070c0;\">Denken (T) oder F\u00fchlen (F)<\/span><\/strong><\/li>\n<li><strong><span style=\"color: #0070c0;\">Beurteilung (J) oder Wahrnehmung (P)<\/span><\/strong><\/li>\n<\/ul>\n<p>Schritt 4<br \/>\nSchlie\u00dflich werden Sie sich gemeinsam mit einem zertifizierten MBTI\u00ae-Anwender ein Verst\u00e4ndnis der Ergebnisse erarbeiten, diese \u00fcberpr\u00fcfen und weitere Schritte \u00fcberlegen. Der MBTI\u00ae ist besonders n\u00fctzlich bei individuellem oder teamorientiertem Training und Coaching.<\/p>\n<h3><\/h3>\n<\/div><\/section><\/p><\/div><div  class='flex_column av-av_one_third-5c3bdd854542bbc70d067b1f6b1f9883 av_one_third  avia-builder-el-11  el_after_av_two_third  el_before_av_hr  flex_column_div  column-top-margin'     ><p>\n<style type=\"text\/css\" data-created_by=\"avia_inline_auto\" id=\"style-css-av-av_hr-7148c96ad18338470e2200b4c17e1ba3\">\n#top .hr.hr-invisible.av-av_hr-7148c96ad18338470e2200b4c17e1ba3{\nheight:30px;\n}\n<\/style>\n<div  class='hr av-av_hr-7148c96ad18338470e2200b4c17e1ba3 hr-invisible  avia-builder-el-12  el_before_av_textblock  avia-builder-el-first '><span class='hr-inner '><span class=\"hr-inner-style\"><\/span><\/span><\/div><br \/>\n<section  class='av_textblock_section av-av_textblock-0366cc7376be6c9e82a3e9cc8987b64f '   itemscope=\"itemscope\" itemtype=\"https:\/\/schema.org\/CreativeWork\" ><div class='avia_textblock'  itemprop=\"text\" ><p><img loading=\"lazy\" decoding=\"async\" class=\"aligncenter lazyload\" data-src=\"http:\/\/02086ee2.kundenrechner.net\/wp-content\/uploads\/2013\/09\/MBTI-circle.png\" alt=\"Myers-Briggs Typenindikator\" width=\"465\" height=\"457\" src=\"data:image\/gif;base64,R0lGODlhAQABAAAAACH5BAEKAAEALAAAAAABAAEAAAICTAEAOw==\" style=\"--smush-placeholder-width: 465px; --smush-placeholder-aspect-ratio: 465\/457;\" \/><noscript><img loading=\"lazy\" decoding=\"async\" class=\"aligncenter\" src=\"http:\/\/02086ee2.kundenrechner.net\/wp-content\/uploads\/2013\/09\/MBTI-circle.png\" alt=\"Myers-Briggs Typenindikator\" width=\"465\" height=\"457\" \/><\/noscript><\/p>\n<\/div><\/section><br \/>\n\n<style type=\"text\/css\" data-created_by=\"avia_inline_auto\" id=\"style-css-av-av_hr-7148c96ad18338470e2200b4c17e1ba3\">\n#top .hr.hr-invisible.av-av_hr-7148c96ad18338470e2200b4c17e1ba3{\nheight:30px;\n}\n<\/style>\n<div  class='hr av-av_hr-7148c96ad18338470e2200b4c17e1ba3 hr-invisible  avia-builder-el-14  el_after_av_textblock  el_before_av_textblock '><span class='hr-inner '><span class=\"hr-inner-style\"><\/span><\/span><\/div><br \/>\n<section  class='av_textblock_section av-av_textblock-0366cc7376be6c9e82a3e9cc8987b64f '   itemscope=\"itemscope\" itemtype=\"https:\/\/schema.org\/CreativeWork\" ><div class='avia_textblock'  itemprop=\"text\" ><h3><span style=\"color: #0070c0;\"><strong>Ihre Vorteile<\/strong><\/span><\/h3>\n<ul>\n<li>Einfache Anwendung<\/li>\n<li>Kosteng\u00fcnstig<\/li>\n<li>Zuverl\u00e4ssige und validierte Ergebnisse sind gew\u00e4hrleistet<\/li>\n<li>Erh\u00f6hung der individuellen Leistungsf\u00e4higkeit<\/li>\n<li>Verbesserte Einzelleistungen<\/li>\n<li>Verbesserte Teamleistungen<\/li>\n<\/ul>\n<\/div><\/section><\/p><\/div><\/p>\n\n<style type=\"text\/css\" data-created_by=\"avia_inline_auto\" id=\"style-css-av-av_hr-37db7774972b8d591729063a7f1a425c\">\n#top .hr.hr-invisible.av-av_hr-37db7774972b8d591729063a7f1a425c{\nheight:50px;\n}\n<\/style>\n<div  class='hr av-av_hr-37db7774972b8d591729063a7f1a425c hr-invisible  avia-builder-el-16  el_after_av_one_third  el_before_av_one_full '><span class='hr-inner '><span class=\"hr-inner-style\"><\/span><\/span><\/div>\n<div  class='flex_column av-av_one_full-2a9015ff38129c418a3f2eafba3e9512 av_one_full  avia-builder-el-17  el_after_av_hr  el_before_av_one_half  first flex_column_div  '     ><section  class='av_textblock_section av-av_textblock-0366cc7376be6c9e82a3e9cc8987b64f '   itemscope=\"itemscope\" itemtype=\"https:\/\/schema.org\/CreativeWork\" ><div class='avia_textblock'  itemprop=\"text\" ><h3><span style=\"color: #0070c0;\"><strong>Bei welchen Entscheidungen leistet der MBTI\u00ae wertvolle Beitr\u00e4ge?<\/strong><\/span><\/h3>\n<p>Unsere Unterschiede und Gemeinsamkeiten zu erkennen, verstehen und erfolgreich zu bew\u00e4ltigen sind der Schl\u00fcssel zum Erfolg im beruflichen und privaten Leben. Der MBTI\u00ae leistet wertvolle Beitr\u00e4ge bei \u00dcberlegungen zu Ma\u00dfnahmen der Mitarbeiterentwicklung und Traininingsma\u00dfnahmen f\u00fcr:<\/p>\n<ul>\n<li>Verbesserung der Kommunikation<\/li>\n<li>Verbesserung der Arbeitsbeziehungen<\/li>\n<li>Einflussnahme und Verhandlungsf\u00fchrung<\/li>\n<li>Probleml\u00f6sungen<\/li>\n<li>Entscheidungsfindung<\/li>\n<li>Belastbarkeit und Umgang mit Stress<\/li>\n<li>Umsetzung und Bew\u00e4ltigung von Wandel<\/li>\n<li>Aufbau und St\u00e4rkung von Teams<\/li>\n<li>Konflikte verstehen, reduzieren und l\u00f6sen<\/li>\n<li>Selbstmanagement<\/li>\n<li>Management und Mitarbeiterf\u00fchrung<\/li>\n<\/ul>\n<\/div><\/section><\/div>\n<div  class='flex_column av-av_one_half-2a9015ff38129c418a3f2eafba3e9512 av_one_half  avia-builder-el-19  el_after_av_one_full  el_before_av_content_slider  first flex_column_div  column-top-margin'     ><\/div>\n<div  class='avia-content-slider-element-container av-av_content_slider-8d059cd3274eaabb15bb949c3bc6b16b avia-content-slider-element-slider avia-content-slider avia-smallarrow-slider avia-content-slider-active avia-content-slider-odd  avia-builder-el-20  el_after_av_one_half  avia-builder-el-last  av-slideshow-ui av-control-default av-nav-arrows-visible av-nav-dots-visible av-no-slider-navigation av-slideshow-manual av-loop-once av-loop-manual-endless avia-content-slider1' data-slideshow-options=\"{&quot;animation&quot;:&quot;slide&quot;,&quot;autoplay&quot;:false,&quot;loop_autoplay&quot;:&quot;once&quot;,&quot;interval&quot;:5,&quot;loop_manual&quot;:&quot;manual-endless&quot;,&quot;autoplay_stopper&quot;:false,&quot;noNavigation&quot;:false,&quot;bg_slider&quot;:false,&quot;keep_padding&quot;:&quot;&quot;,&quot;hoverpause&quot;:false,&quot;show_slide_delay&quot;:30}\"><div class='avia-smallarrow-slider-heading '><div class='new-special-heading'><h3 class=''>Das k\u00f6nnte Sie auch interessieren<\/h3><\/div><\/div><div class=\"avia-content-slider-inner\"><div class=\"slide-entry-wrap\"><section class='slide-entry av-av_content_slide-b2e8eafa316558b6bbdb757eedc9224f flex_column av_fullwidth post-entry slide-entry-overview slide-loop-1 slide-parity-odd  post-entry-last  first'  itemscope=\"itemscope\" itemtype=\"https:\/\/schema.org\/CreativeWork\" ><h3 class='slide-entry-title entry-title '  itemprop=\"headline\" ><a href='https:\/\/www.targettraining.eu\/de\/teamrollen-nach-belbin\/'  title='Teamrollen nach Belbin'>Teamrollen nach Belbin<\/a><\/h3><div class='slide-entry-excerpt entry-content'  itemprop=\"text\" ><p><a href=\"https:\/\/www.targettraining.eu\/de\/teamrollen-nach-belbin\/?lang=de\"><img loading=\"lazy\" decoding=\"async\" class=\"alignnone wp-image-4989 size-medium lazyload\" data-src=\"https:\/\/www.targettraining.eu\/wp-content\/uploads\/2013\/09\/belbin-300x121.jpg\" alt=\"Teamrollen nach Belbin\" width=\"300\" height=\"121\" data-srcset=\"https:\/\/www.targettraining.eu\/wp-content\/uploads\/2013\/09\/belbin-300x121.jpg 300w, https:\/\/www.targettraining.eu\/wp-content\/uploads\/2013\/09\/belbin-1030x416.jpg 1030w, https:\/\/www.targettraining.eu\/wp-content\/uploads\/2013\/09\/belbin-450x182.jpg 450w, https:\/\/www.targettraining.eu\/wp-content\/uploads\/2013\/09\/belbin.jpg 1129w\" data-sizes=\"(max-width: 300px) 100vw, 300px\" src=\"data:image\/gif;base64,R0lGODlhAQABAAAAACH5BAEKAAEALAAAAAABAAEAAAICTAEAOw==\" style=\"--smush-placeholder-width: 300px; --smush-placeholder-aspect-ratio: 300\/121;\" \/><noscript><img loading=\"lazy\" decoding=\"async\" class=\"alignnone wp-image-4989 size-medium\" src=\"https:\/\/www.targettraining.eu\/wp-content\/uploads\/2013\/09\/belbin-300x121.jpg\" alt=\"Teamrollen nach Belbin\" width=\"300\" height=\"121\" srcset=\"https:\/\/www.targettraining.eu\/wp-content\/uploads\/2013\/09\/belbin-300x121.jpg 300w, https:\/\/www.targettraining.eu\/wp-content\/uploads\/2013\/09\/belbin-1030x416.jpg 1030w, https:\/\/www.targettraining.eu\/wp-content\/uploads\/2013\/09\/belbin-450x182.jpg 450w, https:\/\/www.targettraining.eu\/wp-content\/uploads\/2013\/09\/belbin.jpg 1129w\" sizes=\"(max-width: 300px) 100vw, 300px\" \/><\/noscript><\/a><\/p>\n<p>Die Teamrollen nach Belbin sind\u00a0ein Pers\u00f6nlichkeitstest, der seit 1981 von vielen Organisationen zur Steigerung von Teamleistungen eingesetzt wird. Dr. Meredith Belbin untersuchte w\u00e4hrend vieler Forschungsjahre Teamarbeit und beobachtete, dass die erfolgreichsten Teams aus einer Mischung verschiedener Pers\u00f6nlichkeitstypen mit einer Palette unterschiedlicher Verhaltensweisen zusammengesetzt sind. Diese unterschiedlichen Verhaltensweisen sind als \u201eTeamrollen\u201c bekannt und k\u00f6nnen in neun unterschiedliche Auspr\u00e4gungen gruppiert werden.<\/p>\n<\/div><\/section><\/div><\/div><\/div>\n","protected":false},"excerpt":{"rendered":"","protected":false},"author":3,"featured_media":0,"parent":0,"menu_order":0,"comment_status":"open","ping_status":"open","template":"","meta":{"_acf_changed":false,"content-type":"","footnotes":""},"class_list":["post-11278","page","type-page","status-publish","hentry"],"acf":[],"yoast_head":"<!-- This site is optimized with the Yoast SEO plugin v23.6 - https:\/\/yoast.com\/wordpress\/plugins\/seo\/ -->\n<title>Myers-Briggs Typenindikator (MBTI\u00ae) - Target Training GmbH<\/title>\n<meta name=\"description\" content=\"Der Myers-Briggs Typenindikator (MBTI\u00ae) f\u00f6rdert das Verst\u00e4ndnis dar\u00fcber, wie wir gesteuert durch psychologische Pr\u00e4ferenzen Entscheidungen treffen.\" \/>\n<meta name=\"robots\" content=\"index, follow, max-snippet:-1, max-image-preview:large, max-video-preview:-1\" \/>\n<link rel=\"canonical\" href=\"https:\/\/www.targettraining.eu\/de\/myers-briggs-typenindikator-mbti\/\" \/>\n<meta property=\"og:locale\" content=\"de_DE\" \/>\n<meta property=\"og:type\" content=\"article\" \/>\n<meta property=\"og:title\" content=\"Myers-Briggs Typenindikator (MBTI\u00ae) - Target Training GmbH\" \/>\n<meta property=\"og:description\" content=\"Der Myers-Briggs Typenindikator (MBTI\u00ae) f\u00f6rdert das Verst\u00e4ndnis dar\u00fcber, wie wir gesteuert durch psychologische Pr\u00e4ferenzen Entscheidungen treffen.\" \/>\n<meta property=\"og:url\" content=\"https:\/\/www.targettraining.eu\/de\/myers-briggs-typenindikator-mbti\/\" \/>\n<meta property=\"og:site_name\" content=\"Target Training GmbH\" \/>\n<meta property=\"article:publisher\" content=\"https:\/\/www.facebook.com\/TargetTrainingGmbh\" \/>\n<meta property=\"article:modified_time\" content=\"2015-08-27T13:11:29+00:00\" \/>\n<meta property=\"og:image\" content=\"http:\/\/02086ee2.kundenrechner.net\/wp-content\/uploads\/2013\/09\/MBTI-Certified-Logo-PMS_hires-e1378987920897.jpg\" \/>\n<meta name=\"twitter:label1\" content=\"Gesch\u00e4tzte Lesezeit\" \/>\n\t<meta name=\"twitter:data1\" content=\"3 Minuten\" \/>\n<script type=\"application\/ld+json\" class=\"yoast-schema-graph\">{\"@context\":\"https:\/\/schema.org\",\"@graph\":[{\"@type\":\"WebPage\",\"@id\":\"https:\/\/www.targettraining.eu\/de\/myers-briggs-typenindikator-mbti\/\",\"url\":\"https:\/\/www.targettraining.eu\/de\/myers-briggs-typenindikator-mbti\/\",\"name\":\"Myers-Briggs Typenindikator (MBTI\u00ae) - Target Training GmbH\",\"isPartOf\":{\"@id\":\"https:\/\/www.targettraining.eu\/#website\"},\"primaryImageOfPage\":{\"@id\":\"https:\/\/www.targettraining.eu\/de\/myers-briggs-typenindikator-mbti\/#primaryimage\"},\"image\":{\"@id\":\"https:\/\/www.targettraining.eu\/de\/myers-briggs-typenindikator-mbti\/#primaryimage\"},\"thumbnailUrl\":\"http:\/\/02086ee2.kundenrechner.net\/wp-content\/uploads\/2013\/09\/MBTI-Certified-Logo-PMS_hires-e1378987920897.jpg\",\"datePublished\":\"2015-07-23T09:11:07+00:00\",\"dateModified\":\"2015-08-27T13:11:29+00:00\",\"description\":\"Der Myers-Briggs Typenindikator (MBTI\u00ae) f\u00f6rdert das Verst\u00e4ndnis dar\u00fcber, wie wir gesteuert durch psychologische Pr\u00e4ferenzen Entscheidungen treffen.\",\"breadcrumb\":{\"@id\":\"https:\/\/www.targettraining.eu\/de\/myers-briggs-typenindikator-mbti\/#breadcrumb\"},\"inLanguage\":\"de-DE\",\"potentialAction\":[{\"@type\":\"ReadAction\",\"target\":[\"https:\/\/www.targettraining.eu\/de\/myers-briggs-typenindikator-mbti\/\"]}]},{\"@type\":\"ImageObject\",\"inLanguage\":\"de-DE\",\"@id\":\"https:\/\/www.targettraining.eu\/de\/myers-briggs-typenindikator-mbti\/#primaryimage\",\"url\":\"http:\/\/02086ee2.kundenrechner.net\/wp-content\/uploads\/2013\/09\/MBTI-Certified-Logo-PMS_hires-e1378987920897.jpg\",\"contentUrl\":\"http:\/\/02086ee2.kundenrechner.net\/wp-content\/uploads\/2013\/09\/MBTI-Certified-Logo-PMS_hires-e1378987920897.jpg\"},{\"@type\":\"BreadcrumbList\",\"@id\":\"https:\/\/www.targettraining.eu\/de\/myers-briggs-typenindikator-mbti\/#breadcrumb\",\"itemListElement\":[{\"@type\":\"ListItem\",\"position\":1,\"name\":\"Home\",\"item\":\"https:\/\/www.targettraining.eu\/de\/\"},{\"@type\":\"ListItem\",\"position\":2,\"name\":\"Myers-Briggs Typenindikator (MBTI)\"}]},{\"@type\":\"WebSite\",\"@id\":\"https:\/\/www.targettraining.eu\/#website\",\"url\":\"https:\/\/www.targettraining.eu\/\",\"name\":\"Target Training GmbH\",\"description\":\"Training you to succeed globally\",\"publisher\":{\"@id\":\"https:\/\/www.targettraining.eu\/#organization\"},\"potentialAction\":[{\"@type\":\"SearchAction\",\"target\":{\"@type\":\"EntryPoint\",\"urlTemplate\":\"https:\/\/www.targettraining.eu\/?s={search_term_string}\"},\"query-input\":{\"@type\":\"PropertyValueSpecification\",\"valueRequired\":true,\"valueName\":\"search_term_string\"}}],\"inLanguage\":\"de-DE\"},{\"@type\":\"Organization\",\"@id\":\"https:\/\/www.targettraining.eu\/#organization\",\"name\":\"Target Training GmbH\",\"url\":\"https:\/\/www.targettraining.eu\/\",\"logo\":{\"@type\":\"ImageObject\",\"inLanguage\":\"de-DE\",\"@id\":\"https:\/\/www.targettraining.eu\/#\/schema\/logo\/image\/\",\"url\":\"https:\/\/www.targettraining.eu\/wp-content\/uploads\/2013\/04\/WP-logo2.png\",\"contentUrl\":\"https:\/\/www.targettraining.eu\/wp-content\/uploads\/2013\/04\/WP-logo2.png\",\"width\":103,\"height\":32,\"caption\":\"Target Training GmbH\"},\"image\":{\"@id\":\"https:\/\/www.targettraining.eu\/#\/schema\/logo\/image\/\"},\"sameAs\":[\"https:\/\/www.facebook.com\/TargetTrainingGmbh\",\"https:\/\/x.com\/TargetTrains\",\"https:\/\/www.youtube.com\/c\/TargettrainingEugmbh\"]}]}<\/script>\n<!-- \/ Yoast SEO plugin. -->","yoast_head_json":{"title":"Myers-Briggs Typenindikator (MBTI\u00ae) - Target Training GmbH","description":"Der Myers-Briggs Typenindikator (MBTI\u00ae) f\u00f6rdert das Verst\u00e4ndnis dar\u00fcber, wie wir gesteuert durch psychologische Pr\u00e4ferenzen Entscheidungen treffen.","robots":{"index":"index","follow":"follow","max-snippet":"max-snippet:-1","max-image-preview":"max-image-preview:large","max-video-preview":"max-video-preview:-1"},"canonical":"https:\/\/www.targettraining.eu\/de\/myers-briggs-typenindikator-mbti\/","og_locale":"de_DE","og_type":"article","og_title":"Myers-Briggs Typenindikator (MBTI\u00ae) - Target Training GmbH","og_description":"Der Myers-Briggs Typenindikator (MBTI\u00ae) f\u00f6rdert das Verst\u00e4ndnis dar\u00fcber, wie wir gesteuert durch psychologische Pr\u00e4ferenzen Entscheidungen treffen.","og_url":"https:\/\/www.targettraining.eu\/de\/myers-briggs-typenindikator-mbti\/","og_site_name":"Target Training GmbH","article_publisher":"https:\/\/www.facebook.com\/TargetTrainingGmbh","article_modified_time":"2015-08-27T13:11:29+00:00","og_image":[{"url":"http:\/\/02086ee2.kundenrechner.net\/wp-content\/uploads\/2013\/09\/MBTI-Certified-Logo-PMS_hires-e1378987920897.jpg"}],"twitter_misc":{"Gesch\u00e4tzte Lesezeit":"3 Minuten"},"schema":{"@context":"https:\/\/schema.org","@graph":[{"@type":"WebPage","@id":"https:\/\/www.targettraining.eu\/de\/myers-briggs-typenindikator-mbti\/","url":"https:\/\/www.targettraining.eu\/de\/myers-briggs-typenindikator-mbti\/","name":"Myers-Briggs Typenindikator (MBTI\u00ae) - Target Training GmbH","isPartOf":{"@id":"https:\/\/www.targettraining.eu\/#website"},"primaryImageOfPage":{"@id":"https:\/\/www.targettraining.eu\/de\/myers-briggs-typenindikator-mbti\/#primaryimage"},"image":{"@id":"https:\/\/www.targettraining.eu\/de\/myers-briggs-typenindikator-mbti\/#primaryimage"},"thumbnailUrl":"http:\/\/02086ee2.kundenrechner.net\/wp-content\/uploads\/2013\/09\/MBTI-Certified-Logo-PMS_hires-e1378987920897.jpg","datePublished":"2015-07-23T09:11:07+00:00","dateModified":"2015-08-27T13:11:29+00:00","description":"Der Myers-Briggs Typenindikator (MBTI\u00ae) f\u00f6rdert das Verst\u00e4ndnis dar\u00fcber, wie wir gesteuert durch psychologische Pr\u00e4ferenzen Entscheidungen treffen.","breadcrumb":{"@id":"https:\/\/www.targettraining.eu\/de\/myers-briggs-typenindikator-mbti\/#breadcrumb"},"inLanguage":"de-DE","potentialAction":[{"@type":"ReadAction","target":["https:\/\/www.targettraining.eu\/de\/myers-briggs-typenindikator-mbti\/"]}]},{"@type":"ImageObject","inLanguage":"de-DE","@id":"https:\/\/www.targettraining.eu\/de\/myers-briggs-typenindikator-mbti\/#primaryimage","url":"http:\/\/02086ee2.kundenrechner.net\/wp-content\/uploads\/2013\/09\/MBTI-Certified-Logo-PMS_hires-e1378987920897.jpg","contentUrl":"http:\/\/02086ee2.kundenrechner.net\/wp-content\/uploads\/2013\/09\/MBTI-Certified-Logo-PMS_hires-e1378987920897.jpg"},{"@type":"BreadcrumbList","@id":"https:\/\/www.targettraining.eu\/de\/myers-briggs-typenindikator-mbti\/#breadcrumb","itemListElement":[{"@type":"ListItem","position":1,"name":"Home","item":"https:\/\/www.targettraining.eu\/de\/"},{"@type":"ListItem","position":2,"name":"Myers-Briggs Typenindikator (MBTI)"}]},{"@type":"WebSite","@id":"https:\/\/www.targettraining.eu\/#website","url":"https:\/\/www.targettraining.eu\/","name":"Target Training GmbH","description":"Training you to succeed globally","publisher":{"@id":"https:\/\/www.targettraining.eu\/#organization"},"potentialAction":[{"@type":"SearchAction","target":{"@type":"EntryPoint","urlTemplate":"https:\/\/www.targettraining.eu\/?s={search_term_string}"},"query-input":{"@type":"PropertyValueSpecification","valueRequired":true,"valueName":"search_term_string"}}],"inLanguage":"de-DE"},{"@type":"Organization","@id":"https:\/\/www.targettraining.eu\/#organization","name":"Target Training GmbH","url":"https:\/\/www.targettraining.eu\/","logo":{"@type":"ImageObject","inLanguage":"de-DE","@id":"https:\/\/www.targettraining.eu\/#\/schema\/logo\/image\/","url":"https:\/\/www.targettraining.eu\/wp-content\/uploads\/2013\/04\/WP-logo2.png","contentUrl":"https:\/\/www.targettraining.eu\/wp-content\/uploads\/2013\/04\/WP-logo2.png","width":103,"height":32,"caption":"Target Training GmbH"},"image":{"@id":"https:\/\/www.targettraining.eu\/#\/schema\/logo\/image\/"},"sameAs":["https:\/\/www.facebook.com\/TargetTrainingGmbh","https:\/\/x.com\/TargetTrains","https:\/\/www.youtube.com\/c\/TargettrainingEugmbh"]}]}},"_links":{"self":[{"href":"https:\/\/www.targettraining.eu\/de\/wp-json\/wp\/v2\/pages\/11278\/"}],"collection":[{"href":"https:\/\/www.targettraining.eu\/de\/wp-json\/wp\/v2\/pages\/"}],"about":[{"href":"https:\/\/www.targettraining.eu\/de\/wp-json\/wp\/v2\/types\/page\/"}],"author":[{"embeddable":true,"href":"https:\/\/www.targettraining.eu\/de\/wp-json\/wp\/v2\/users\/3\/"}],"replies":[{"embeddable":true,"href":"https:\/\/www.targettraining.eu\/de\/wp-json\/wp\/v2\/comments\/?post=11278"}],"version-history":[{"count":7,"href":"https:\/\/www.targettraining.eu\/de\/wp-json\/wp\/v2\/pages\/11278\/revisions\/"}],"predecessor-version":[{"id":12190,"href":"https:\/\/www.targettraining.eu\/de\/wp-json\/wp\/v2\/pages\/11278\/revisions\/12190\/"}],"wp:attachment":[{"href":"https:\/\/www.targettraining.eu\/de\/wp-json\/wp\/v2\/media\/?parent=11278"}],"curies":[{"name":"wp","href":"https:\/\/api.w.org\/{rel}","templated":true}]}}