{"id":11315,"date":"2015-07-23T16:46:19","date_gmt":"2015-07-23T14:46:19","guid":{"rendered":"http:\/\/www.targettraining.eu\/?page_id=11315"},"modified":"2017-02-07T15:26:43","modified_gmt":"2017-02-07T14:26:43","slug":"blended-learning","status":"publish","type":"page","link":"https:\/\/www.targettraining.eu\/de\/blended-learning\/","title":{"rendered":"Blended Learning"},"content":{"rendered":"<section  class='av_textblock_section av-av_textblock-0366cc7376be6c9e82a3e9cc8987b64f '   itemscope=\"itemscope\" itemtype=\"https:\/\/schema.org\/CreativeWork\" ><div class='avia_textblock'  itemprop=\"text\" ><h1>Blended Learning<\/h1>\n<\/div><\/section>\n<div  class='avia-slideshow av-av_slideshow-87091457e75f06140d0f3b6ca0ab326f avia-slideshow-entry_without_sidebar av_slideshow avia-slide-slider  avia-builder-el-1  el_after_av_textblock  el_before_av_textblock  av-slideshow-ui av-control-default av-slideshow-manual av-loop-once av-loop-manual-endless av-default-height-applied avia-slideshow-1' data-slideshow-options=\"{&quot;animation&quot;:&quot;slide&quot;,&quot;autoplay&quot;:false,&quot;loop_autoplay&quot;:&quot;once&quot;,&quot;interval&quot;:5,&quot;loop_manual&quot;:&quot;manual-endless&quot;,&quot;autoplay_stopper&quot;:false,&quot;noNavigation&quot;:false,&quot;bg_slider&quot;:false,&quot;keep_padding&quot;:false,&quot;hoverpause&quot;:false,&quot;show_slide_delay&quot;:0}\"  itemprop=\"image\" itemscope=\"itemscope\" itemtype=\"https:\/\/schema.org\/ImageObject\" ><ul class='avia-slideshow-inner ' style='padding-bottom: 34.95867768595%;'><\/ul><\/div>\n<section  class='av_textblock_section av-av_textblock-0366cc7376be6c9e82a3e9cc8987b64f '   itemscope=\"itemscope\" itemtype=\"https:\/\/schema.org\/CreativeWork\" ><div class='avia_textblock'  itemprop=\"text\" ><h2><span style=\"color: #0070c0;\"><strong>Was ist Blended Learning?<\/strong><\/span><\/h2>\n<h3>Face-to-face Training und E-Learning kombiniert<\/h3>\n<p>Blended Learning kombiniert das Beste aus Methoden des Pr\u00e4senztrainings vor Ort mit Elementen des Fernunterrichts, wie zum Beispiel E-Learning. Aktivit\u00e4ten, die meist w\u00e4hrend Zeiten des Pr\u00e4senztrainings stattfinden, k\u00f6nnen \u00fcber das Internet durchgef\u00fchrt werden. Das spart wertvolle Zeit, welche f\u00fcr praktische \u00dcbungen genutzt werden kann.<\/p>\n<\/div><\/section>\n\n<style type=\"text\/css\" data-created_by=\"avia_inline_auto\" id=\"style-css-av-av_heading-8d6969fb535af330b4a0169eed5d25bf\">\n#top .av-special-heading.av-av_heading-8d6969fb535af330b4a0169eed5d25bf{\npadding-bottom:10px;\ncolor:#dd9933;\n}\nbody .av-special-heading.av-av_heading-8d6969fb535af330b4a0169eed5d25bf .av-special-heading-tag .heading-char{\nfont-size:25px;\n}\n.av-special-heading.av-av_heading-8d6969fb535af330b4a0169eed5d25bf .special-heading-inner-border{\nborder-color:#dd9933;\n}\n.av-special-heading.av-av_heading-8d6969fb535af330b4a0169eed5d25bf .av-subheading{\nfont-size:15px;\n}\n<\/style>\n<div  class='av-special-heading av-av_heading-8d6969fb535af330b4a0169eed5d25bf av-special-heading-h3 custom-color-heading blockquote classic-quote  avia-builder-el-3  el_after_av_textblock  el_before_av_hr '><h3 class='av-special-heading-tag'  itemprop=\"headline\"  >Beispiel: So k\u00f6nnte Blended Learning im Business Englisch Training an einem IT-Support-Desk aussehen:<\/h3><div class=\"special-heading-border\"><div class=\"special-heading-inner-border\"><\/div><\/div><\/div>\n\n<style type=\"text\/css\" data-created_by=\"avia_inline_auto\" id=\"style-css-av-av_hr-ee2847e2e025ce3d30801259a03f9fd4\">\n#top .hr.hr-invisible.av-av_hr-ee2847e2e025ce3d30801259a03f9fd4{\nheight:10px;\n}\n<\/style>\n<div  class='hr av-av_hr-ee2847e2e025ce3d30801259a03f9fd4 hr-invisible  avia-builder-el-4  el_after_av_heading  el_before_av_one_full '><span class='hr-inner '><span class=\"hr-inner-style\"><\/span><\/span><\/div>\n<div  class='flex_column av-av_one_full-2a9015ff38129c418a3f2eafba3e9512 av_one_full  avia-builder-el-5  el_after_av_hr  el_before_av_one_full  first flex_column_div  '     ><section  class='av_textblock_section av-av_textblock-0366cc7376be6c9e82a3e9cc8987b64f '   itemscope=\"itemscope\" itemtype=\"https:\/\/schema.org\/CreativeWork\" ><div class='avia_textblock'  itemprop=\"text\" ><p><img loading=\"lazy\" decoding=\"async\" class=\"alignnone lazyload\" data-src=\"http:\/\/02086ee2.kundenrechner.net\/wp-content\/uploads\/2013\/09\/BlendedLearningBitmap-1030x223.gif\" alt=\"blended learning\" width=\"1030\" height=\"223\" src=\"data:image\/gif;base64,R0lGODlhAQABAAAAACH5BAEKAAEALAAAAAABAAEAAAICTAEAOw==\" style=\"--smush-placeholder-width: 1030px; --smush-placeholder-aspect-ratio: 1030\/223;\" \/><noscript><img loading=\"lazy\" decoding=\"async\" class=\"alignnone\" src=\"http:\/\/02086ee2.kundenrechner.net\/wp-content\/uploads\/2013\/09\/BlendedLearningBitmap-1030x223.gif\" alt=\"blended learning\" width=\"1030\" height=\"223\" \/><\/noscript><\/p>\n<\/div><\/section><\/div>\n<div  class='flex_column av-av_one_full-2a9015ff38129c418a3f2eafba3e9512 av_one_full first flex_column_div  '     ><section  class='av_textblock_section av-av_textblock-0366cc7376be6c9e82a3e9cc8987b64f '   itemscope=\"itemscope\" itemtype=\"https:\/\/schema.org\/CreativeWork\" ><div class='avia_textblock'  itemprop=\"text\" ><h2><span style=\"color: #0070c0;\"><strong>Warum den Ansatz des Blended Learning nutzen?<\/strong><\/span><\/h2>\n<p>Lernen im Pr\u00e4senzunterricht hat Vor- und Nachteile. Obwohl viele Teilnehmer den pers\u00f6nlichen Kontakt zu anderen Teilnehmern und dem Trainer sch\u00e4tzen, ist die Anwesenheit dagegen h\u00e4ufig nur sporadisch, weil die festgelegten Termine mit Gesch\u00e4ftspriorit\u00e4ten konkurrieren. Eine weitere Rolle spielen entstehende Reise- und Unterkunftskosten. Auch das E-Learning hat \u00e4hnliche Vor- und Nachteile. Die gr\u00f6\u00dfte Herausforderung bei einem rein technologisch angetriebenen Konzept liegt darin, die Teilnehmer motiviert zu halten.<\/p>\n<h3>Blended Learning bietet Ihnen das Beste aus beiden Welten:<\/h3>\n<ul>\n<ul>\n<li>\n<h6>Sie profitieren von der hohen Wirksamkeit eines Pr\u00e4senztrainings.<\/h6>\n<\/li>\n<li>\n<h6>Sie bauen Netzwerke mit anderen Teilnehmern auf, tauschen Ideen und Erfahrungen aus.<\/h6>\n<\/li>\n<li>\n<h6>Ihr Trainer motiviert Sie, online und offline.<\/h6>\n<\/li>\n<li>\n<h6>Sie k\u00f6nnen das Online-Training beliebig in Ihren Terminkalender einbauen.<\/h6>\n<\/li>\n<li>\n<h6>Sie bestimmen selbst dar\u00fcber, welchen Weg Sie mit welchem Tempo bei den Online-Komponenten w\u00e4hlen.<\/h6>\n<\/li>\n<li>\n<h6>Sie profitieren von bedeutender Kostenersparnis.<\/h6>\n<\/li>\n<\/ul>\n<\/ul>\n<\/div><\/section><\/div>\n<div  class='hr av-av_hr-bad5bc90bcef2f12297bff634a297b07 hr-short hr-center'><span class='hr-inner '><span class=\"hr-inner-style\"><\/span><\/span><\/div>\n<div  class='flex_column av-av_one_third-2a9015ff38129c418a3f2eafba3e9512 av_one_third first flex_column_div  '     ><section  class='av_textblock_section av-av_textblock-0366cc7376be6c9e82a3e9cc8987b64f '   itemscope=\"itemscope\" itemtype=\"https:\/\/schema.org\/CreativeWork\" ><div class='avia_textblock'  itemprop=\"text\" ><h2 style=\"text-align: right;\">Wie funktioniert es?<\/h2>\n<p style=\"text-align: right;\">Typischerweise nutzen wir drei der sechs Modelle f\u00fcr Blended Learning:<\/p>\n<\/div><\/section><\/div>\n\n<style type=\"text\/css\" data-created_by=\"avia_inline_auto\" id=\"style-css-av-av_two_third-2a64de42b738552fe666ca889af77e28\">\n.flex_column.av-av_two_third-2a64de42b738552fe666ca889af77e28{\nborder-radius:0px 0px 0px 0px;\npadding:0px 0px 0px 0px;\n}\n<\/style>\n<div  class='flex_column av-av_two_third-2a64de42b738552fe666ca889af77e28 av_two_third flex_column_div av-zero-column-padding  '     ><style type=\"text\/css\" data-created_by=\"avia_inline_auto\" id=\"style-css-av-av_content_slider-e25a88a15ebb176286d1bc7d231f910d\">\n.avia-content-slider-element-container.av-av_content_slider-e25a88a15ebb176286d1bc7d231f910d{\ncolor:#0070c0;\n}\n<\/style>\n<div  class='avia-content-slider-element-container av-av_content_slider-e25a88a15ebb176286d1bc7d231f910d avia-content-slider-element-slider avia-content-slider avia-smallarrow-slider avia-content-slider-active avia-content-slider-odd av-slideshow-ui av-control-default av-nav-arrows-visible av-nav-dots-visible av-no-slider-navigation av-slideshow-manual av-loop-once av-loop-manual-endless av_inherit_color avia-content-slider1' data-slideshow-options=\"{&quot;animation&quot;:&quot;slide&quot;,&quot;autoplay&quot;:false,&quot;loop_autoplay&quot;:&quot;once&quot;,&quot;interval&quot;:5,&quot;loop_manual&quot;:&quot;manual-endless&quot;,&quot;autoplay_stopper&quot;:false,&quot;noNavigation&quot;:false,&quot;bg_slider&quot;:false,&quot;keep_padding&quot;:&quot;&quot;,&quot;hoverpause&quot;:false,&quot;show_slide_delay&quot;:30}\"><div class='avia-smallarrow-slider-heading  no-content-slider-heading '><div class='new-special-heading'>&nbsp;<\/div><div class='avia-slideshow-arrows avia-slideshow-controls' ><a href='#prev' class='prev-slide ' aria-hidden='true' data-av_icon='\ue87c' data-av_iconfont='entypo-fontello'  tabindex='-1'>Zur\u00fcck<\/a><a href='#next' class='next-slide ' aria-hidden='true' data-av_icon='\ue87d' data-av_iconfont='entypo-fontello'  tabindex='-1'>Weiter<\/a><\/div><\/div><div class=\"avia-content-slider-inner\"><div class=\"slide-entry-wrap\"><section class='slide-entry av-av_content_slide-f4f223a0bd33a01c62e88c2075bc293f flex_column av_fullwidth post-entry slide-entry-overview slide-loop-1 slide-parity-odd  first'  itemscope=\"itemscope\" itemtype=\"https:\/\/schema.org\/CreativeWork\" ><h3 class='slide-entry-title entry-title '  itemprop=\"headline\" ><\/p>\n<h3>Pr\u00e4senzgetriebenes Training<\/h3>\n<p><\/h3><div class='slide-entry-excerpt entry-content'  itemprop=\"text\" ><p><strong>Der gr\u00f6\u00dfere Anteil unseres Trainings findet\u00a0face-to-face statt.<\/strong><\/p>\n<p>Der Gro\u00dfteil unseres Trainings findet in Pr\u00e4senzveranstaltungen statt. Allerdings nutzen wir auch erg\u00e4nzende Online-Ressourcen, auf welche Sie zugreifen k\u00f6nnen, wenn es Ihnen Ihr\u00a0Terminkalender erlaubt.<\/p>\n<\/div><\/section><\/div><div class=\"slide-entry-wrap\"><section class='slide-entry av-av_content_slide-3c5eed0c6798d3894e04393257ab789f flex_column av_fullwidth post-entry slide-entry-overview slide-loop-2 slide-parity-odd  first'  itemscope=\"itemscope\" itemtype=\"https:\/\/schema.org\/CreativeWork\" ><h3 class='slide-entry-title entry-title '  itemprop=\"headline\" ><\/p>\n<h3>Abwechselndes und \u201eFlipped\u201c Training<\/h3>\n<p><\/h3><div class='slide-entry-excerpt entry-content'  itemprop=\"text\" ><p>Pr\u00e4senztraining und Online-Aktivit\u00e4ten wechseln sich ab.<\/p>\n<\/div><\/section><\/div><div class=\"slide-entry-wrap\"><section class='slide-entry av-av_content_slide-cc5fcf737ea33c330887ba248292d88c flex_column av_fullwidth post-entry slide-entry-overview slide-loop-3 slide-parity-odd  post-entry-last  first'  itemscope=\"itemscope\" itemtype=\"https:\/\/schema.org\/CreativeWork\" ><h3 class='slide-entry-title entry-title '  itemprop=\"headline\" ><\/p>\n<h3>Flexibles Training<\/h3>\n<p><\/h3><div class='slide-entry-excerpt entry-content'  itemprop=\"text\" ><p><strong>In diesem Modell findet das Lernen gr\u00f6\u00dftenteils online statt.<\/strong><br \/>\nPr\u00e4senztraining ist auch hier noch verf\u00fcgbar, allerdings nur nach Bedarf und nur f\u00fcr Kleingruppen oder einzelne Teilnehmer.<\/p>\n<\/div><\/section><\/div><\/div><\/div><\/div>\n\n<style type=\"text\/css\" data-created_by=\"avia_inline_auto\" id=\"style-css-av-av_hr-a6de236e6c183bbbd700292deacd2b52\">\n#top .hr.hr-invisible.av-av_hr-a6de236e6c183bbbd700292deacd2b52{\nheight:20px;\n}\n<\/style>\n<div  class='hr av-av_hr-a6de236e6c183bbbd700292deacd2b52 hr-invisible'><span class='hr-inner '><span class=\"hr-inner-style\"><\/span><\/span><\/div>\n<div  class='hr av-av_hr-bad5bc90bcef2f12297bff634a297b07 hr-short hr-center'><span class='hr-inner '><span class=\"hr-inner-style\"><\/span><\/span><\/div>\n<section  class='av_textblock_section av-av_textblock-0366cc7376be6c9e82a3e9cc8987b64f '   itemscope=\"itemscope\" itemtype=\"https:\/\/schema.org\/CreativeWork\" ><div class='avia_textblock'  itemprop=\"text\" ><h2><span style=\"color: #0070c0;\"><strong>Blended Learning bei Target Training<\/strong><\/span><\/h2>\n<h3>Target Training bietet Ihnen drei umfassende L\u00f6sungen an.<\/h3>\n<p><strong>Die Integration unserer Trainingsl\u00f6sungen in Ihre existierende E-Learning-Plattform<\/strong><\/p>\n<p>Ihr Unternehmen nutzt vielleicht bereits eine vorhandene E-Learning-Plattform, wie beispielsweise Pearsons English, CrossKnowledge, Skillsoft oder Cornerstone. Gemeinsam mit Ihnen kombinieren wir Ihre E-Learning-Plattform mit unserem Pr\u00e4senztraining. Schl\u00fcsselbotschaften werden identifiziert und verst\u00e4rkt. Sie erhalten Unterst\u00fctzung und Anleitung bez\u00fcglich der im E-Learning zu verwendenden Materialien und wenn\u00a0es erforderlich ist, k\u00f6nnen zus\u00e4tzliche Inhalte entwickelt werden. Sie maximieren so die Vorteile Ihres E-Learning-Systems und steigern die Wirkung durch Pr\u00e4senztraining.<\/p>\n<p><strong>E-Learning, das den Anforderungen Ihres Trainingsprogramms entspricht<\/strong><\/p>\n<p>Wir k\u00f6nnen Ihnen Empfehlungen geben oder dabei behilflich sein, ein handels\u00fcbliches E-Learning-System zu erwerben, das Ihren Anforderungen und Ihrem Budget entspricht. Warum das Rad neu erfinden, wenn bereits viele passende Produkte am Markt verf\u00fcgbar sind? Anschlie\u00dfend integrieren wir das E-Learning in Ihr Trainingsprogramm und k\u00f6nnen Ihnen alle Vorteile einer Trainingsl\u00f6sung mit Blended Learning bieten.<\/p>\n<p><strong>Entwicklung eines Konzepts f\u00fcr Blended Learning mit Moodle<\/strong><\/p>\n<p>Moodle ist ein gro\u00dfartiges Tool zur Erstellung dynamischer Webseiten, die Ihr Trainingsprogramm erg\u00e4nzen. Unsere Experten stellen Ihnen eine breite Palette an Aktivit\u00e4ten, Ressourcen und Gemeinschaftsveranstaltungen zur Verf\u00fcgung, um\u00a0das Training wirkungsvoll und flexibel zu machen. Sie haben dann das Beste aus beiden Welten, w\u00e4hrend Sie die Kosten niedrig halten k\u00f6nnen.<\/p>\n<\/div><\/section>\n","protected":false},"excerpt":{"rendered":"","protected":false},"author":3,"featured_media":0,"parent":0,"menu_order":0,"comment_status":"open","ping_status":"open","template":"","meta":{"_acf_changed":false,"content-type":"","footnotes":""},"class_list":["post-11315","page","type-page","status-publish","hentry"],"acf":[],"yoast_head":"<!-- This site is optimized with the Yoast SEO plugin v23.6 - https:\/\/yoast.com\/wordpress\/plugins\/seo\/ -->\n<title>Blended Learning - Online und Face-to-Face - Target Training<\/title>\n<meta name=\"description\" content=\"Unser Blended Learning Konzept kombiniert E-Learning mit Pr\u00e4senzunterricht, um unsere Angebote an den Terminkalender Ihrer Mitarbeiter anpassen zu k\u00f6nnen.\" \/>\n<meta name=\"robots\" content=\"index, follow, max-snippet:-1, max-image-preview:large, max-video-preview:-1\" \/>\n<link rel=\"canonical\" href=\"https:\/\/www.targettraining.eu\/de\/blended-learning\/\" \/>\n<meta property=\"og:locale\" content=\"de_DE\" \/>\n<meta property=\"og:type\" content=\"article\" \/>\n<meta property=\"og:title\" content=\"Blended Learning - Online und Face-to-Face - Target Training\" \/>\n<meta property=\"og:description\" content=\"Unser Blended Learning Konzept kombiniert E-Learning mit Pr\u00e4senzunterricht, um unsere Angebote an den Terminkalender Ihrer Mitarbeiter anpassen zu k\u00f6nnen.\" \/>\n<meta property=\"og:url\" content=\"https:\/\/www.targettraining.eu\/de\/blended-learning\/\" \/>\n<meta property=\"og:site_name\" content=\"Target Training GmbH\" \/>\n<meta property=\"article:publisher\" content=\"https:\/\/www.facebook.com\/TargetTrainingGmbh\" \/>\n<meta property=\"article:modified_time\" content=\"2017-02-07T14:26:43+00:00\" \/>\n<meta property=\"og:image\" content=\"http:\/\/02086ee2.kundenrechner.net\/wp-content\/uploads\/2013\/09\/BlendedLearningBitmap-1030x223.gif\" \/>\n<meta name=\"twitter:label1\" content=\"Gesch\u00e4tzte Lesezeit\" \/>\n\t<meta name=\"twitter:data1\" content=\"5 Minuten\" \/>\n<script type=\"application\/ld+json\" class=\"yoast-schema-graph\">{\"@context\":\"https:\/\/schema.org\",\"@graph\":[{\"@type\":\"WebPage\",\"@id\":\"https:\/\/www.targettraining.eu\/de\/blended-learning\/\",\"url\":\"https:\/\/www.targettraining.eu\/de\/blended-learning\/\",\"name\":\"Blended Learning - Online und Face-to-Face - Target Training\",\"isPartOf\":{\"@id\":\"https:\/\/www.targettraining.eu\/#website\"},\"primaryImageOfPage\":{\"@id\":\"https:\/\/www.targettraining.eu\/de\/blended-learning\/#primaryimage\"},\"image\":{\"@id\":\"https:\/\/www.targettraining.eu\/de\/blended-learning\/#primaryimage\"},\"thumbnailUrl\":\"http:\/\/02086ee2.kundenrechner.net\/wp-content\/uploads\/2013\/09\/BlendedLearningBitmap-1030x223.gif\",\"datePublished\":\"2015-07-23T14:46:19+00:00\",\"dateModified\":\"2017-02-07T14:26:43+00:00\",\"description\":\"Unser Blended Learning Konzept kombiniert E-Learning mit Pr\u00e4senzunterricht, um unsere Angebote an den Terminkalender Ihrer Mitarbeiter anpassen zu k\u00f6nnen.\",\"breadcrumb\":{\"@id\":\"https:\/\/www.targettraining.eu\/de\/blended-learning\/#breadcrumb\"},\"inLanguage\":\"de-DE\",\"potentialAction\":[{\"@type\":\"ReadAction\",\"target\":[\"https:\/\/www.targettraining.eu\/de\/blended-learning\/\"]}]},{\"@type\":\"ImageObject\",\"inLanguage\":\"de-DE\",\"@id\":\"https:\/\/www.targettraining.eu\/de\/blended-learning\/#primaryimage\",\"url\":\"http:\/\/02086ee2.kundenrechner.net\/wp-content\/uploads\/2013\/09\/BlendedLearningBitmap-1030x223.gif\",\"contentUrl\":\"http:\/\/02086ee2.kundenrechner.net\/wp-content\/uploads\/2013\/09\/BlendedLearningBitmap-1030x223.gif\"},{\"@type\":\"BreadcrumbList\",\"@id\":\"https:\/\/www.targettraining.eu\/de\/blended-learning\/#breadcrumb\",\"itemListElement\":[{\"@type\":\"ListItem\",\"position\":1,\"name\":\"Home\",\"item\":\"https:\/\/www.targettraining.eu\/de\/\"},{\"@type\":\"ListItem\",\"position\":2,\"name\":\"Blended Learning\"}]},{\"@type\":\"WebSite\",\"@id\":\"https:\/\/www.targettraining.eu\/#website\",\"url\":\"https:\/\/www.targettraining.eu\/\",\"name\":\"Target Training GmbH\",\"description\":\"Training you to succeed globally\",\"publisher\":{\"@id\":\"https:\/\/www.targettraining.eu\/#organization\"},\"potentialAction\":[{\"@type\":\"SearchAction\",\"target\":{\"@type\":\"EntryPoint\",\"urlTemplate\":\"https:\/\/www.targettraining.eu\/?s={search_term_string}\"},\"query-input\":{\"@type\":\"PropertyValueSpecification\",\"valueRequired\":true,\"valueName\":\"search_term_string\"}}],\"inLanguage\":\"de-DE\"},{\"@type\":\"Organization\",\"@id\":\"https:\/\/www.targettraining.eu\/#organization\",\"name\":\"Target Training GmbH\",\"url\":\"https:\/\/www.targettraining.eu\/\",\"logo\":{\"@type\":\"ImageObject\",\"inLanguage\":\"de-DE\",\"@id\":\"https:\/\/www.targettraining.eu\/#\/schema\/logo\/image\/\",\"url\":\"https:\/\/www.targettraining.eu\/wp-content\/uploads\/2013\/04\/WP-logo2.png\",\"contentUrl\":\"https:\/\/www.targettraining.eu\/wp-content\/uploads\/2013\/04\/WP-logo2.png\",\"width\":103,\"height\":32,\"caption\":\"Target Training GmbH\"},\"image\":{\"@id\":\"https:\/\/www.targettraining.eu\/#\/schema\/logo\/image\/\"},\"sameAs\":[\"https:\/\/www.facebook.com\/TargetTrainingGmbh\",\"https:\/\/x.com\/TargetTrains\",\"https:\/\/www.youtube.com\/c\/TargettrainingEugmbh\"]}]}<\/script>\n<!-- \/ Yoast SEO plugin. -->","yoast_head_json":{"title":"Blended Learning - Online und Face-to-Face - Target Training","description":"Unser Blended Learning Konzept kombiniert E-Learning mit Pr\u00e4senzunterricht, um unsere Angebote an den Terminkalender Ihrer Mitarbeiter anpassen zu k\u00f6nnen.","robots":{"index":"index","follow":"follow","max-snippet":"max-snippet:-1","max-image-preview":"max-image-preview:large","max-video-preview":"max-video-preview:-1"},"canonical":"https:\/\/www.targettraining.eu\/de\/blended-learning\/","og_locale":"de_DE","og_type":"article","og_title":"Blended Learning - Online und Face-to-Face - Target Training","og_description":"Unser Blended Learning Konzept kombiniert E-Learning mit Pr\u00e4senzunterricht, um unsere Angebote an den Terminkalender Ihrer Mitarbeiter anpassen zu k\u00f6nnen.","og_url":"https:\/\/www.targettraining.eu\/de\/blended-learning\/","og_site_name":"Target Training GmbH","article_publisher":"https:\/\/www.facebook.com\/TargetTrainingGmbh","article_modified_time":"2017-02-07T14:26:43+00:00","og_image":[{"url":"http:\/\/02086ee2.kundenrechner.net\/wp-content\/uploads\/2013\/09\/BlendedLearningBitmap-1030x223.gif"}],"twitter_misc":{"Gesch\u00e4tzte Lesezeit":"5 Minuten"},"schema":{"@context":"https:\/\/schema.org","@graph":[{"@type":"WebPage","@id":"https:\/\/www.targettraining.eu\/de\/blended-learning\/","url":"https:\/\/www.targettraining.eu\/de\/blended-learning\/","name":"Blended Learning - Online und Face-to-Face - Target Training","isPartOf":{"@id":"https:\/\/www.targettraining.eu\/#website"},"primaryImageOfPage":{"@id":"https:\/\/www.targettraining.eu\/de\/blended-learning\/#primaryimage"},"image":{"@id":"https:\/\/www.targettraining.eu\/de\/blended-learning\/#primaryimage"},"thumbnailUrl":"http:\/\/02086ee2.kundenrechner.net\/wp-content\/uploads\/2013\/09\/BlendedLearningBitmap-1030x223.gif","datePublished":"2015-07-23T14:46:19+00:00","dateModified":"2017-02-07T14:26:43+00:00","description":"Unser Blended Learning Konzept kombiniert E-Learning mit Pr\u00e4senzunterricht, um unsere Angebote an den Terminkalender Ihrer Mitarbeiter anpassen zu k\u00f6nnen.","breadcrumb":{"@id":"https:\/\/www.targettraining.eu\/de\/blended-learning\/#breadcrumb"},"inLanguage":"de-DE","potentialAction":[{"@type":"ReadAction","target":["https:\/\/www.targettraining.eu\/de\/blended-learning\/"]}]},{"@type":"ImageObject","inLanguage":"de-DE","@id":"https:\/\/www.targettraining.eu\/de\/blended-learning\/#primaryimage","url":"http:\/\/02086ee2.kundenrechner.net\/wp-content\/uploads\/2013\/09\/BlendedLearningBitmap-1030x223.gif","contentUrl":"http:\/\/02086ee2.kundenrechner.net\/wp-content\/uploads\/2013\/09\/BlendedLearningBitmap-1030x223.gif"},{"@type":"BreadcrumbList","@id":"https:\/\/www.targettraining.eu\/de\/blended-learning\/#breadcrumb","itemListElement":[{"@type":"ListItem","position":1,"name":"Home","item":"https:\/\/www.targettraining.eu\/de\/"},{"@type":"ListItem","position":2,"name":"Blended Learning"}]},{"@type":"WebSite","@id":"https:\/\/www.targettraining.eu\/#website","url":"https:\/\/www.targettraining.eu\/","name":"Target Training GmbH","description":"Training you to succeed globally","publisher":{"@id":"https:\/\/www.targettraining.eu\/#organization"},"potentialAction":[{"@type":"SearchAction","target":{"@type":"EntryPoint","urlTemplate":"https:\/\/www.targettraining.eu\/?s={search_term_string}"},"query-input":{"@type":"PropertyValueSpecification","valueRequired":true,"valueName":"search_term_string"}}],"inLanguage":"de-DE"},{"@type":"Organization","@id":"https:\/\/www.targettraining.eu\/#organization","name":"Target Training GmbH","url":"https:\/\/www.targettraining.eu\/","logo":{"@type":"ImageObject","inLanguage":"de-DE","@id":"https:\/\/www.targettraining.eu\/#\/schema\/logo\/image\/","url":"https:\/\/www.targettraining.eu\/wp-content\/uploads\/2013\/04\/WP-logo2.png","contentUrl":"https:\/\/www.targettraining.eu\/wp-content\/uploads\/2013\/04\/WP-logo2.png","width":103,"height":32,"caption":"Target Training GmbH"},"image":{"@id":"https:\/\/www.targettraining.eu\/#\/schema\/logo\/image\/"},"sameAs":["https:\/\/www.facebook.com\/TargetTrainingGmbh","https:\/\/x.com\/TargetTrains","https:\/\/www.youtube.com\/c\/TargettrainingEugmbh"]}]}},"_links":{"self":[{"href":"https:\/\/www.targettraining.eu\/de\/wp-json\/wp\/v2\/pages\/11315\/"}],"collection":[{"href":"https:\/\/www.targettraining.eu\/de\/wp-json\/wp\/v2\/pages\/"}],"about":[{"href":"https:\/\/www.targettraining.eu\/de\/wp-json\/wp\/v2\/types\/page\/"}],"author":[{"embeddable":true,"href":"https:\/\/www.targettraining.eu\/de\/wp-json\/wp\/v2\/users\/3\/"}],"replies":[{"embeddable":true,"href":"https:\/\/www.targettraining.eu\/de\/wp-json\/wp\/v2\/comments\/?post=11315"}],"version-history":[{"count":10,"href":"https:\/\/www.targettraining.eu\/de\/wp-json\/wp\/v2\/pages\/11315\/revisions\/"}],"predecessor-version":[{"id":19086,"href":"https:\/\/www.targettraining.eu\/de\/wp-json\/wp\/v2\/pages\/11315\/revisions\/19086\/"}],"wp:attachment":[{"href":"https:\/\/www.targettraining.eu\/de\/wp-json\/wp\/v2\/media\/?parent=11315"}],"curies":[{"name":"wp","href":"https:\/\/api.w.org\/{rel}","templated":true}]}}