{"id":11349,"date":"2015-07-31T14:20:56","date_gmt":"2015-07-31T12:20:56","guid":{"rendered":"http:\/\/www.targettraining.eu\/?page_id=11349"},"modified":"2015-10-02T10:23:33","modified_gmt":"2015-10-02T08:23:33","slug":"englisch-fur-qualitatsmanager","status":"publish","type":"page","link":"https:\/\/www.targettraining.eu\/de\/englisch-fur-qualitatsmanager\/","title":{"rendered":"Englisch f\u00fcr Qualit\u00e4tsmanager"},"content":{"rendered":"<section  class='av_textblock_section av-av_textblock-0366cc7376be6c9e82a3e9cc8987b64f '   itemscope=\"itemscope\" itemtype=\"https:\/\/schema.org\/CreativeWork\" ><div class='avia_textblock'  itemprop=\"text\" ><h3 style=\"text-align: right;\"><span style=\"color: #888888;\">Business Englisch<\/span><\/h3>\n<\/div><\/section>\n\n<style type=\"text\/css\" data-created_by=\"avia_inline_auto\" id=\"style-css-av-av_hr-7148c96ad18338470e2200b4c17e1ba3\">\n#top .hr.hr-invisible.av-av_hr-7148c96ad18338470e2200b4c17e1ba3{\nheight:30px;\n}\n<\/style>\n<div  class='hr av-av_hr-7148c96ad18338470e2200b4c17e1ba3 hr-invisible  avia-builder-el-1  el_after_av_textblock  el_before_av_textblock '><span class='hr-inner '><span class=\"hr-inner-style\"><\/span><\/span><\/div>\n<section  class='av_textblock_section av-av_textblock-0366cc7376be6c9e82a3e9cc8987b64f '   itemscope=\"itemscope\" itemtype=\"https:\/\/schema.org\/CreativeWork\" ><div class='avia_textblock'  itemprop=\"text\" ><h1>Englisch f\u00fcr Qualit\u00e4tsmanager<\/h1>\n<h2>Branchen- und fachspezifisches Business Englisch | Seminar<\/h2>\n<p><strong>Qualit\u00e4tsmanagement ist zu einem wichtigen Teil vieler Unternehmen geworden. Unser Training im Englisch f\u00fcr Qualit\u00e4tsmanager ist so konzipiert, dass es die Entwicklung, die Praxis und den Transfer der Sprache in das Arbeitsfeld erm\u00f6glicht. Teilbereiche sind die Planung, Kontrolle, und Qualit\u00e4tssicherung zum Vorteil Ihres Unternehmens.<\/strong><\/p>\n<\/div><\/section>\n<div  class='flex_column av-av_one_half-2a9015ff38129c418a3f2eafba3e9512 av_one_half  avia-builder-el-3  el_after_av_textblock  el_before_av_one_half  first flex_column_div  column-top-margin'     ><section  class='av_textblock_section av-av_textblock-0366cc7376be6c9e82a3e9cc8987b64f '   itemscope=\"itemscope\" itemtype=\"https:\/\/schema.org\/CreativeWork\" ><div class='avia_textblock'  itemprop=\"text\" ><h3><strong>Englisch f\u00fcr Qualit\u00e4tsmanager \u00a0&#8211; Top Themen:<\/strong><\/h3>\n<ul>\n<li>Die Rolle und Vorteile von Qualit\u00e4tsmanagement<\/li>\n<li>Fachfremden die Bedeutung von Qualit\u00e4tsmanagement erkl\u00e4ren k\u00f6nnen<\/li>\n<li>Pl\u00e4ne und Initiativen kommunizieren<\/li>\n<li>Meetings einberufen und f\u00fchren<\/li>\n<li>Workshops\u00a0f\u00f6rdern und Trainings durchf\u00fchren<\/li>\n<li>Unterst\u00fctzung von Nutzern von Qualit\u00e4tsmanagement-Software<\/li>\n<li>Kommunikation zwischen Abteilungen vereinfachen<\/li>\n<li>Betreuung von wichtigen Stakeholdern<\/li>\n<li>Manager und F\u00fchrungskr\u00e4fte einbeziehen<\/li>\n<li>Enge Bindungen aufbauen<\/li>\n<li>Interviews f\u00fchren<\/li>\n<li>Wirtschaftspr\u00fcfung<\/li>\n<li>Berichte schreiben<\/li>\n<li>Empfehlungen geben<\/li>\n<li>Erkl\u00e4rung und Diskussion von Ursache und Effekt<\/li>\n<li>\u00c4nderungen einf\u00fchren<\/li>\n<li>Communicating the role and benefits of quality management<\/li>\n<li>Explaining and clarifying quality management to non-specialists<\/li>\n<li>Skizzierung von Zusammenfassungen<\/li>\n<li>Nach oben gerichtet pr\u00e4sentieren<\/li>\n<\/ul>\n<\/div><\/section><\/div>\n\n<style type=\"text\/css\" data-created_by=\"avia_inline_auto\" id=\"style-css-av-av_one_half-2a64de42b738552fe666ca889af77e28\">\n.flex_column.av-av_one_half-2a64de42b738552fe666ca889af77e28{\nborder-radius:0px 0px 0px 0px;\npadding:0px 0px 0px 0px;\n}\n<\/style>\n<div  class='flex_column av-av_one_half-2a64de42b738552fe666ca889af77e28 av_one_half  avia-builder-el-5  el_after_av_one_half  el_before_av_hr  flex_column_div av-zero-column-padding  column-top-margin'     ><p><section  class='av_textblock_section av-av_textblock-0366cc7376be6c9e82a3e9cc8987b64f '   itemscope=\"itemscope\" itemtype=\"https:\/\/schema.org\/CreativeWork\" ><div class='avia_textblock'  itemprop=\"text\" ><p><em>&#8222;Qualit\u00e4tsmanagement ist entscheidend f\u00fcr den Erfolg eines Unternehmens, steht aber h\u00e4ufig nicht im Zentrum der Aufmerksamkeit. Qualit\u00e4tsmanager k\u00f6nnen es als schwierig empfinden, sich in einer gro\u00dfen Organisation Geh\u00f6r zu verschaffen. Beim Englisch lernen ben\u00f6tigen Qualit\u00e4tsmanager daher mehr als nur praktische Grundlagen der Sprache. Sie m\u00fcssen nicht nur wissen, was sie sagen, sondern auch wie sie es sagen sollen.&#8220;<\/em><\/p>\n<p><strong>Eve Turner<\/strong><\/p>\n<\/div><\/section><br \/>\n<div  class='hr av-av_hr-d3021aff4e2c88ff75459fd6b3a45a12 hr-default  avia-builder-el-7  el_after_av_textblock  el_before_av_textblock '><span class='hr-inner '><span class=\"hr-inner-style\"><\/span><\/span><\/div><br \/>\n<section  class='av_textblock_section av-av_textblock-0366cc7376be6c9e82a3e9cc8987b64f '   itemscope=\"itemscope\" itemtype=\"https:\/\/schema.org\/CreativeWork\" ><div class='avia_textblock'  itemprop=\"text\" ><h3>Was ist das richtige Konzept f\u00fcr Sie?<\/h3>\n<ul>\n<li><strong>Training und Support on-the-job<\/strong><\/li>\n<li><strong>Betriebsinternes Training<\/strong><\/li>\n<li><strong>Seminare &amp; Workshops<\/strong><\/li>\n<li><strong>Coaching<\/strong><\/li>\n<li><strong>Blended Learning<\/strong><\/li>\n<\/ul>\n<\/div><\/section><\/p><\/div>\n<div  class='hr av-av_hr-d3021aff4e2c88ff75459fd6b3a45a12 hr-default  avia-builder-el-9  el_after_av_one_half  avia-builder-el-last '><span class='hr-inner '><span class=\"hr-inner-style\"><\/span><\/span><\/div>\n","protected":false},"excerpt":{"rendered":"","protected":false},"author":3,"featured_media":0,"parent":0,"menu_order":0,"comment_status":"open","ping_status":"open","template":"","meta":{"_acf_changed":false,"content-type":"","footnotes":""},"class_list":["post-11349","page","type-page","status-publish","hentry"],"acf":[],"yoast_head":"<!-- This site is optimized with the Yoast SEO plugin v23.6 - https:\/\/yoast.com\/wordpress\/plugins\/seo\/ -->\n<title>Englisch f\u00fcr Qualit\u00e4tsmanager | Seminar - Target Training<\/title>\n<meta name=\"description\" content=\"In unserem Seminar &quot;Englisch f\u00fcr Qualit\u00e4tsmanager&quot; lernen Sie wie Sie Ihre Arbeitsweisen und Ziele als Qualit\u00e4tsmanager auf Englisch kommunizieren.\" \/>\n<meta name=\"robots\" content=\"index, follow, max-snippet:-1, max-image-preview:large, max-video-preview:-1\" \/>\n<link rel=\"canonical\" href=\"https:\/\/www.targettraining.eu\/de\/englisch-fur-qualitatsmanager\/\" \/>\n<meta property=\"og:locale\" content=\"de_DE\" \/>\n<meta property=\"og:type\" content=\"article\" \/>\n<meta property=\"og:title\" content=\"Englisch f\u00fcr Qualit\u00e4tsmanager | Seminar - Target Training\" \/>\n<meta property=\"og:description\" content=\"In unserem Seminar &quot;Englisch f\u00fcr Qualit\u00e4tsmanager&quot; lernen Sie wie Sie Ihre Arbeitsweisen und Ziele als Qualit\u00e4tsmanager auf Englisch kommunizieren.\" \/>\n<meta property=\"og:url\" content=\"https:\/\/www.targettraining.eu\/de\/englisch-fur-qualitatsmanager\/\" \/>\n<meta property=\"og:site_name\" content=\"Target Training GmbH\" \/>\n<meta property=\"article:publisher\" content=\"https:\/\/www.facebook.com\/TargetTrainingGmbh\" \/>\n<meta property=\"article:modified_time\" content=\"2015-10-02T08:23:33+00:00\" \/>\n<meta name=\"twitter:label1\" content=\"Gesch\u00e4tzte Lesezeit\" \/>\n\t<meta name=\"twitter:data1\" content=\"2 Minuten\" \/>\n<script type=\"application\/ld+json\" class=\"yoast-schema-graph\">{\"@context\":\"https:\/\/schema.org\",\"@graph\":[{\"@type\":\"WebPage\",\"@id\":\"https:\/\/www.targettraining.eu\/de\/englisch-fur-qualitatsmanager\/\",\"url\":\"https:\/\/www.targettraining.eu\/de\/englisch-fur-qualitatsmanager\/\",\"name\":\"Englisch f\u00fcr Qualit\u00e4tsmanager | Seminar - Target Training\",\"isPartOf\":{\"@id\":\"https:\/\/www.targettraining.eu\/#website\"},\"datePublished\":\"2015-07-31T12:20:56+00:00\",\"dateModified\":\"2015-10-02T08:23:33+00:00\",\"description\":\"In unserem Seminar \\\"Englisch f\u00fcr Qualit\u00e4tsmanager\\\" lernen Sie wie Sie Ihre Arbeitsweisen und Ziele als Qualit\u00e4tsmanager auf Englisch kommunizieren.\",\"breadcrumb\":{\"@id\":\"https:\/\/www.targettraining.eu\/de\/englisch-fur-qualitatsmanager\/#breadcrumb\"},\"inLanguage\":\"de-DE\",\"potentialAction\":[{\"@type\":\"ReadAction\",\"target\":[\"https:\/\/www.targettraining.eu\/de\/englisch-fur-qualitatsmanager\/\"]}]},{\"@type\":\"BreadcrumbList\",\"@id\":\"https:\/\/www.targettraining.eu\/de\/englisch-fur-qualitatsmanager\/#breadcrumb\",\"itemListElement\":[{\"@type\":\"ListItem\",\"position\":1,\"name\":\"Home\",\"item\":\"https:\/\/www.targettraining.eu\/de\/\"},{\"@type\":\"ListItem\",\"position\":2,\"name\":\"Englisch f\u00fcr Qualit\u00e4tsmanager\"}]},{\"@type\":\"WebSite\",\"@id\":\"https:\/\/www.targettraining.eu\/#website\",\"url\":\"https:\/\/www.targettraining.eu\/\",\"name\":\"Target Training GmbH\",\"description\":\"Training you to succeed globally\",\"publisher\":{\"@id\":\"https:\/\/www.targettraining.eu\/#organization\"},\"potentialAction\":[{\"@type\":\"SearchAction\",\"target\":{\"@type\":\"EntryPoint\",\"urlTemplate\":\"https:\/\/www.targettraining.eu\/?s={search_term_string}\"},\"query-input\":{\"@type\":\"PropertyValueSpecification\",\"valueRequired\":true,\"valueName\":\"search_term_string\"}}],\"inLanguage\":\"de-DE\"},{\"@type\":\"Organization\",\"@id\":\"https:\/\/www.targettraining.eu\/#organization\",\"name\":\"Target Training GmbH\",\"url\":\"https:\/\/www.targettraining.eu\/\",\"logo\":{\"@type\":\"ImageObject\",\"inLanguage\":\"de-DE\",\"@id\":\"https:\/\/www.targettraining.eu\/#\/schema\/logo\/image\/\",\"url\":\"https:\/\/www.targettraining.eu\/wp-content\/uploads\/2013\/04\/WP-logo2.png\",\"contentUrl\":\"https:\/\/www.targettraining.eu\/wp-content\/uploads\/2013\/04\/WP-logo2.png\",\"width\":103,\"height\":32,\"caption\":\"Target Training GmbH\"},\"image\":{\"@id\":\"https:\/\/www.targettraining.eu\/#\/schema\/logo\/image\/\"},\"sameAs\":[\"https:\/\/www.facebook.com\/TargetTrainingGmbh\",\"https:\/\/x.com\/TargetTrains\",\"https:\/\/www.youtube.com\/c\/TargettrainingEugmbh\"]}]}<\/script>\n<!-- \/ Yoast SEO plugin. -->","yoast_head_json":{"title":"Englisch f\u00fcr Qualit\u00e4tsmanager | Seminar - Target Training","description":"In unserem Seminar \"Englisch f\u00fcr Qualit\u00e4tsmanager\" lernen Sie wie Sie Ihre Arbeitsweisen und Ziele als Qualit\u00e4tsmanager auf Englisch kommunizieren.","robots":{"index":"index","follow":"follow","max-snippet":"max-snippet:-1","max-image-preview":"max-image-preview:large","max-video-preview":"max-video-preview:-1"},"canonical":"https:\/\/www.targettraining.eu\/de\/englisch-fur-qualitatsmanager\/","og_locale":"de_DE","og_type":"article","og_title":"Englisch f\u00fcr Qualit\u00e4tsmanager | Seminar - Target Training","og_description":"In unserem Seminar \"Englisch f\u00fcr Qualit\u00e4tsmanager\" lernen Sie wie Sie Ihre Arbeitsweisen und Ziele als Qualit\u00e4tsmanager auf Englisch kommunizieren.","og_url":"https:\/\/www.targettraining.eu\/de\/englisch-fur-qualitatsmanager\/","og_site_name":"Target Training GmbH","article_publisher":"https:\/\/www.facebook.com\/TargetTrainingGmbh","article_modified_time":"2015-10-02T08:23:33+00:00","twitter_misc":{"Gesch\u00e4tzte Lesezeit":"2 Minuten"},"schema":{"@context":"https:\/\/schema.org","@graph":[{"@type":"WebPage","@id":"https:\/\/www.targettraining.eu\/de\/englisch-fur-qualitatsmanager\/","url":"https:\/\/www.targettraining.eu\/de\/englisch-fur-qualitatsmanager\/","name":"Englisch f\u00fcr Qualit\u00e4tsmanager | Seminar - Target Training","isPartOf":{"@id":"https:\/\/www.targettraining.eu\/#website"},"datePublished":"2015-07-31T12:20:56+00:00","dateModified":"2015-10-02T08:23:33+00:00","description":"In unserem Seminar \"Englisch f\u00fcr Qualit\u00e4tsmanager\" lernen Sie wie Sie Ihre Arbeitsweisen und Ziele als Qualit\u00e4tsmanager auf Englisch kommunizieren.","breadcrumb":{"@id":"https:\/\/www.targettraining.eu\/de\/englisch-fur-qualitatsmanager\/#breadcrumb"},"inLanguage":"de-DE","potentialAction":[{"@type":"ReadAction","target":["https:\/\/www.targettraining.eu\/de\/englisch-fur-qualitatsmanager\/"]}]},{"@type":"BreadcrumbList","@id":"https:\/\/www.targettraining.eu\/de\/englisch-fur-qualitatsmanager\/#breadcrumb","itemListElement":[{"@type":"ListItem","position":1,"name":"Home","item":"https:\/\/www.targettraining.eu\/de\/"},{"@type":"ListItem","position":2,"name":"Englisch f\u00fcr Qualit\u00e4tsmanager"}]},{"@type":"WebSite","@id":"https:\/\/www.targettraining.eu\/#website","url":"https:\/\/www.targettraining.eu\/","name":"Target Training GmbH","description":"Training you to succeed globally","publisher":{"@id":"https:\/\/www.targettraining.eu\/#organization"},"potentialAction":[{"@type":"SearchAction","target":{"@type":"EntryPoint","urlTemplate":"https:\/\/www.targettraining.eu\/?s={search_term_string}"},"query-input":{"@type":"PropertyValueSpecification","valueRequired":true,"valueName":"search_term_string"}}],"inLanguage":"de-DE"},{"@type":"Organization","@id":"https:\/\/www.targettraining.eu\/#organization","name":"Target Training GmbH","url":"https:\/\/www.targettraining.eu\/","logo":{"@type":"ImageObject","inLanguage":"de-DE","@id":"https:\/\/www.targettraining.eu\/#\/schema\/logo\/image\/","url":"https:\/\/www.targettraining.eu\/wp-content\/uploads\/2013\/04\/WP-logo2.png","contentUrl":"https:\/\/www.targettraining.eu\/wp-content\/uploads\/2013\/04\/WP-logo2.png","width":103,"height":32,"caption":"Target Training GmbH"},"image":{"@id":"https:\/\/www.targettraining.eu\/#\/schema\/logo\/image\/"},"sameAs":["https:\/\/www.facebook.com\/TargetTrainingGmbh","https:\/\/x.com\/TargetTrains","https:\/\/www.youtube.com\/c\/TargettrainingEugmbh"]}]}},"_links":{"self":[{"href":"https:\/\/www.targettraining.eu\/de\/wp-json\/wp\/v2\/pages\/11349\/"}],"collection":[{"href":"https:\/\/www.targettraining.eu\/de\/wp-json\/wp\/v2\/pages\/"}],"about":[{"href":"https:\/\/www.targettraining.eu\/de\/wp-json\/wp\/v2\/types\/page\/"}],"author":[{"embeddable":true,"href":"https:\/\/www.targettraining.eu\/de\/wp-json\/wp\/v2\/users\/3\/"}],"replies":[{"embeddable":true,"href":"https:\/\/www.targettraining.eu\/de\/wp-json\/wp\/v2\/comments\/?post=11349"}],"version-history":[{"count":8,"href":"https:\/\/www.targettraining.eu\/de\/wp-json\/wp\/v2\/pages\/11349\/revisions\/"}],"predecessor-version":[{"id":19037,"href":"https:\/\/www.targettraining.eu\/de\/wp-json\/wp\/v2\/pages\/11349\/revisions\/19037\/"}],"wp:attachment":[{"href":"https:\/\/www.targettraining.eu\/de\/wp-json\/wp\/v2\/media\/?parent=11349"}],"curies":[{"name":"wp","href":"https:\/\/api.w.org\/{rel}","templated":true}]}}