{"id":11351,"date":"2015-07-25T21:18:18","date_gmt":"2015-07-25T19:18:18","guid":{"rendered":"http:\/\/www.targettraining.eu\/?page_id=11351"},"modified":"2015-09-30T12:14:49","modified_gmt":"2015-09-30T10:14:49","slug":"englisch-fur-softwareentwickler","status":"publish","type":"page","link":"https:\/\/www.targettraining.eu\/de\/englisch-fur-softwareentwickler\/","title":{"rendered":"Englisch f\u00fcr Softwareentwickler"},"content":{"rendered":"<section  class='av_textblock_section av-av_textblock-0366cc7376be6c9e82a3e9cc8987b64f '   itemscope=\"itemscope\" itemtype=\"https:\/\/schema.org\/CreativeWork\" ><div class='avia_textblock'  itemprop=\"text\" ><h3 style=\"text-align: right;\"><span style=\"color: #888888;\">Business Englisch<\/span><\/h3>\n<\/div><\/section>\n\n<style type=\"text\/css\" data-created_by=\"avia_inline_auto\" id=\"style-css-av-av_hr-7148c96ad18338470e2200b4c17e1ba3\">\n#top .hr.hr-invisible.av-av_hr-7148c96ad18338470e2200b4c17e1ba3{\nheight:30px;\n}\n<\/style>\n<div  class='hr av-av_hr-7148c96ad18338470e2200b4c17e1ba3 hr-invisible  avia-builder-el-1  el_after_av_textblock  el_before_av_textblock '><span class='hr-inner '><span class=\"hr-inner-style\"><\/span><\/span><\/div>\n<section  class='av_textblock_section av-av_textblock-0366cc7376be6c9e82a3e9cc8987b64f '   itemscope=\"itemscope\" itemtype=\"https:\/\/schema.org\/CreativeWork\" ><div class='avia_textblock'  itemprop=\"text\" ><h1>Englisch f\u00fcr Softwareentwickler<\/h1>\n<h2>Branchen- und fachspezifisches Business Englisch | Seminar<\/h2>\n<p><strong>Lernen und Ver\u00e4nderung sind grundlegende Merkmale in der sich schnell drehenden Welt des Designs, der Entwicklung und Pr\u00fcfung von Software. Die F\u00e4higkeit, einfach, wirkungsvoll und effizient zu kommunizieren, ist in dieser Branche unerl\u00e4sslich. Unsere Trainingsl\u00f6sung &#8222;Englisch f\u00fcr Softwareentwickler&#8220; greift diesen Fokus auf und konzentriert sich auf praxisorientierte und t\u00e4tigkeitsrelevante Inhalte.<\/strong><\/p>\n<\/div><\/section>\n<div  class='flex_column av-av_one_half-2a9015ff38129c418a3f2eafba3e9512 av_one_half  avia-builder-el-3  el_after_av_textblock  el_before_av_one_half  first flex_column_div  column-top-margin'     ><section  class='av_textblock_section av-av_textblock-0366cc7376be6c9e82a3e9cc8987b64f '   itemscope=\"itemscope\" itemtype=\"https:\/\/schema.org\/CreativeWork\" ><div class='avia_textblock'  itemprop=\"text\" ><h3>Englisch f\u00fcr Softwareentwickler: Top-Themen<\/h3>\n<ul>\n<li>Kommunikation an der globalen Werkbank<\/li>\n<li>Coaching und Mentoring neuer Kollegen<\/li>\n<li>Interkulturelle Kommunikation<\/li>\n<li>Funktionsbeschreibungen verfassen<\/li>\n<li>Funktionalit\u00e4t diskutieren<\/li>\n<li>Verhaltensweisen beschreiben<\/li>\n<li>Entwicklung, Diskussion und Dokumentation von Funktionsbeschreibungen<\/li>\n<li>Technische Verfahren schriftlich beschreiben und bewerten<\/li>\n<li>Das Verfassen von Testpl\u00e4nen und klaren Fehlerberichten<\/li>\n<li>Planung und \u00dcberwachung von Projekten<\/li>\n<li>Teilnahme an Meetings, Lenkungsaussch\u00fcssen und Beratungsgremien<\/li>\n<li>Einbringen technischer Fachkenntnisse und Empfehlungen bei der Pr\u00fcfung von Optionen<\/li>\n<li>Der Gesch\u00e4ftsf\u00fchrung Statusberichte pr\u00e4sentieren<\/li>\n<li>Diplomatischer Umgang mit Softwareentwicklern<\/li>\n<li>Kommunikation gegen\u00fcber fachfremden Adressaten<\/li>\n<li>Third-Level-Support und Fehlerbehebung<\/li>\n<li>Unterst\u00fctzung und Beratung f\u00fcr Gesch\u00e4ftsanwender<\/li>\n<li>Kontakte zu Drittanbietern und Anwendungsberatern steuern und \u00fcberpr\u00fcfen<\/li>\n<li>\u00dcber neue Techniken lesen und forschen, um mit technologischen Entwicklungen Schritt zu halten<\/li>\n<\/ul>\n<\/div><\/section><\/div>\n\n<style type=\"text\/css\" data-created_by=\"avia_inline_auto\" id=\"style-css-av-av_one_half-2a64de42b738552fe666ca889af77e28\">\n.flex_column.av-av_one_half-2a64de42b738552fe666ca889af77e28{\nborder-radius:0px 0px 0px 0px;\npadding:0px 0px 0px 0px;\n}\n<\/style>\n<div  class='flex_column av-av_one_half-2a64de42b738552fe666ca889af77e28 av_one_half  avia-builder-el-5  el_after_av_one_half  el_before_av_hr  flex_column_div av-zero-column-padding  column-top-margin'     ><p><section  class='av_textblock_section av-av_textblock-0366cc7376be6c9e82a3e9cc8987b64f '   itemscope=\"itemscope\" itemtype=\"https:\/\/schema.org\/CreativeWork\" ><div class='avia_textblock'  itemprop=\"text\" ><p><img loading=\"lazy\" decoding=\"async\" class=\"alignnone lazyload\" data-src=\"http:\/\/02086ee2.kundenrechner.net\/wp-content\/uploads\/2013\/08\/JW-300x208.png\" alt=\"Jennie Wright Englisch f\u00fcr Softwareentwickler\" width=\"300\" height=\"208\" src=\"data:image\/gif;base64,R0lGODlhAQABAAAAACH5BAEKAAEALAAAAAABAAEAAAICTAEAOw==\" style=\"--smush-placeholder-width: 300px; --smush-placeholder-aspect-ratio: 300\/208;\" \/><noscript><img loading=\"lazy\" decoding=\"async\" class=\"alignnone\" src=\"http:\/\/02086ee2.kundenrechner.net\/wp-content\/uploads\/2013\/08\/JW-300x208.png\" alt=\"Jennie Wright Englisch f\u00fcr Softwareentwickler\" width=\"300\" height=\"208\" \/><\/noscript><\/p>\n<\/div><\/section><br \/>\n<section  class='av_textblock_section av-av_textblock-0366cc7376be6c9e82a3e9cc8987b64f '   itemscope=\"itemscope\" itemtype=\"https:\/\/schema.org\/CreativeWork\" ><div class='avia_textblock'  itemprop=\"text\" ><p><em>&#8222;Das Schwerpunktinteresse meiner Teilnehmer ist es sicherzustellen, dass sie ihre Ideen mit Klarheit, Genauigkeit, Einfachheit und Pr\u00e4zision kommunizieren k\u00f6nnen. Indem wir das Training zum Schreibtisch bringen und in die \u00dcberpr\u00fcfungsprozesse der Software-Dokumentation integrieren, k\u00f6nnen wir Bereiche mit Verbesserungsbedarf identifizieren. So wird das Training gleichzeitig t\u00e4tigkeitsrelevant und individuell.&#8220;<\/em><\/p>\n<p><strong>Jennie Wright<br \/>\n<\/strong><\/p>\n<\/div><\/section><br \/>\n<div  class='hr av-av_hr-d3021aff4e2c88ff75459fd6b3a45a12 hr-default'><span class='hr-inner '><span class=\"hr-inner-style\"><\/span><\/span><\/div><br \/>\n<section  class='av_textblock_section av-av_textblock-0366cc7376be6c9e82a3e9cc8987b64f '   itemscope=\"itemscope\" itemtype=\"https:\/\/schema.org\/CreativeWork\" ><div class='avia_textblock'  itemprop=\"text\" ><h3>Was ist das richtige Konzept f\u00fcr Sie?<\/h3>\n<ul>\n<li><strong>Training und Support on-the-job<\/strong><\/li>\n<li><strong>Betriebsinternes Training<\/strong><\/li>\n<li><strong>Seminare &amp; Workshops<\/strong><\/li>\n<li><strong>Coaching<\/strong><\/li>\n<li><strong>Blended Learning<\/strong><\/li>\n<\/ul>\n<\/div><\/section><\/p><\/div>\n<div  class='hr av-av_hr-d3021aff4e2c88ff75459fd6b3a45a12 hr-default'><span class='hr-inner '><span class=\"hr-inner-style\"><\/span><\/span><\/div>\n","protected":false},"excerpt":{"rendered":"","protected":false},"author":3,"featured_media":0,"parent":0,"menu_order":0,"comment_status":"open","ping_status":"open","template":"","meta":{"_acf_changed":false,"content-type":"","footnotes":""},"class_list":["post-11351","page","type-page","status-publish","hentry"],"acf":[],"yoast_head":"<!-- This site is optimized with the Yoast SEO plugin v23.6 - https:\/\/yoast.com\/wordpress\/plugins\/seo\/ -->\n<title>Englisch f\u00fcr Softwareentwickler | Seminar - Target Training<\/title>\n<meta name=\"description\" content=\"Unser Seminar &quot;Englisch f\u00fcr Softwareentwickler&quot; vermittelt Schl\u00fcsselkompetenzen und Fachvokabular f\u00fcr die englische Kommunikation in der Software-Branche.\" \/>\n<meta name=\"robots\" content=\"index, follow, max-snippet:-1, max-image-preview:large, max-video-preview:-1\" \/>\n<link rel=\"canonical\" href=\"https:\/\/www.targettraining.eu\/de\/englisch-fur-softwareentwickler\/\" \/>\n<meta property=\"og:locale\" content=\"de_DE\" \/>\n<meta property=\"og:type\" content=\"article\" \/>\n<meta property=\"og:title\" content=\"Englisch f\u00fcr Softwareentwickler | Seminar - Target Training\" \/>\n<meta property=\"og:description\" content=\"Unser Seminar &quot;Englisch f\u00fcr Softwareentwickler&quot; vermittelt Schl\u00fcsselkompetenzen und Fachvokabular f\u00fcr die englische Kommunikation in der Software-Branche.\" \/>\n<meta property=\"og:url\" content=\"https:\/\/www.targettraining.eu\/de\/englisch-fur-softwareentwickler\/\" \/>\n<meta property=\"og:site_name\" content=\"Target Training GmbH\" \/>\n<meta property=\"article:publisher\" content=\"https:\/\/www.facebook.com\/TargetTrainingGmbh\" \/>\n<meta property=\"article:modified_time\" content=\"2015-09-30T10:14:49+00:00\" \/>\n<meta property=\"og:image\" content=\"http:\/\/02086ee2.kundenrechner.net\/wp-content\/uploads\/2013\/08\/JW-300x208.png\" \/>\n<meta name=\"twitter:label1\" content=\"Gesch\u00e4tzte Lesezeit\" \/>\n\t<meta name=\"twitter:data1\" content=\"2 Minuten\" \/>\n<script type=\"application\/ld+json\" class=\"yoast-schema-graph\">{\"@context\":\"https:\/\/schema.org\",\"@graph\":[{\"@type\":\"WebPage\",\"@id\":\"https:\/\/www.targettraining.eu\/de\/englisch-fur-softwareentwickler\/\",\"url\":\"https:\/\/www.targettraining.eu\/de\/englisch-fur-softwareentwickler\/\",\"name\":\"Englisch f\u00fcr Softwareentwickler | Seminar - Target Training\",\"isPartOf\":{\"@id\":\"https:\/\/www.targettraining.eu\/#website\"},\"primaryImageOfPage\":{\"@id\":\"https:\/\/www.targettraining.eu\/de\/englisch-fur-softwareentwickler\/#primaryimage\"},\"image\":{\"@id\":\"https:\/\/www.targettraining.eu\/de\/englisch-fur-softwareentwickler\/#primaryimage\"},\"thumbnailUrl\":\"http:\/\/02086ee2.kundenrechner.net\/wp-content\/uploads\/2013\/08\/JW-300x208.png\",\"datePublished\":\"2015-07-25T19:18:18+00:00\",\"dateModified\":\"2015-09-30T10:14:49+00:00\",\"description\":\"Unser Seminar \\\"Englisch f\u00fcr Softwareentwickler\\\" vermittelt Schl\u00fcsselkompetenzen und Fachvokabular f\u00fcr die englische Kommunikation in der Software-Branche.\",\"breadcrumb\":{\"@id\":\"https:\/\/www.targettraining.eu\/de\/englisch-fur-softwareentwickler\/#breadcrumb\"},\"inLanguage\":\"de-DE\",\"potentialAction\":[{\"@type\":\"ReadAction\",\"target\":[\"https:\/\/www.targettraining.eu\/de\/englisch-fur-softwareentwickler\/\"]}]},{\"@type\":\"ImageObject\",\"inLanguage\":\"de-DE\",\"@id\":\"https:\/\/www.targettraining.eu\/de\/englisch-fur-softwareentwickler\/#primaryimage\",\"url\":\"http:\/\/02086ee2.kundenrechner.net\/wp-content\/uploads\/2013\/08\/JW-300x208.png\",\"contentUrl\":\"http:\/\/02086ee2.kundenrechner.net\/wp-content\/uploads\/2013\/08\/JW-300x208.png\"},{\"@type\":\"BreadcrumbList\",\"@id\":\"https:\/\/www.targettraining.eu\/de\/englisch-fur-softwareentwickler\/#breadcrumb\",\"itemListElement\":[{\"@type\":\"ListItem\",\"position\":1,\"name\":\"Home\",\"item\":\"https:\/\/www.targettraining.eu\/de\/\"},{\"@type\":\"ListItem\",\"position\":2,\"name\":\"Englisch f\u00fcr Softwareentwickler\"}]},{\"@type\":\"WebSite\",\"@id\":\"https:\/\/www.targettraining.eu\/#website\",\"url\":\"https:\/\/www.targettraining.eu\/\",\"name\":\"Target Training GmbH\",\"description\":\"Training you to succeed globally\",\"publisher\":{\"@id\":\"https:\/\/www.targettraining.eu\/#organization\"},\"potentialAction\":[{\"@type\":\"SearchAction\",\"target\":{\"@type\":\"EntryPoint\",\"urlTemplate\":\"https:\/\/www.targettraining.eu\/?s={search_term_string}\"},\"query-input\":{\"@type\":\"PropertyValueSpecification\",\"valueRequired\":true,\"valueName\":\"search_term_string\"}}],\"inLanguage\":\"de-DE\"},{\"@type\":\"Organization\",\"@id\":\"https:\/\/www.targettraining.eu\/#organization\",\"name\":\"Target Training GmbH\",\"url\":\"https:\/\/www.targettraining.eu\/\",\"logo\":{\"@type\":\"ImageObject\",\"inLanguage\":\"de-DE\",\"@id\":\"https:\/\/www.targettraining.eu\/#\/schema\/logo\/image\/\",\"url\":\"https:\/\/www.targettraining.eu\/wp-content\/uploads\/2013\/04\/WP-logo2.png\",\"contentUrl\":\"https:\/\/www.targettraining.eu\/wp-content\/uploads\/2013\/04\/WP-logo2.png\",\"width\":103,\"height\":32,\"caption\":\"Target Training GmbH\"},\"image\":{\"@id\":\"https:\/\/www.targettraining.eu\/#\/schema\/logo\/image\/\"},\"sameAs\":[\"https:\/\/www.facebook.com\/TargetTrainingGmbh\",\"https:\/\/x.com\/TargetTrains\",\"https:\/\/www.youtube.com\/c\/TargettrainingEugmbh\"]}]}<\/script>\n<!-- \/ Yoast SEO plugin. -->","yoast_head_json":{"title":"Englisch f\u00fcr Softwareentwickler | Seminar - Target Training","description":"Unser Seminar \"Englisch f\u00fcr Softwareentwickler\" vermittelt Schl\u00fcsselkompetenzen und Fachvokabular f\u00fcr die englische Kommunikation in der Software-Branche.","robots":{"index":"index","follow":"follow","max-snippet":"max-snippet:-1","max-image-preview":"max-image-preview:large","max-video-preview":"max-video-preview:-1"},"canonical":"https:\/\/www.targettraining.eu\/de\/englisch-fur-softwareentwickler\/","og_locale":"de_DE","og_type":"article","og_title":"Englisch f\u00fcr Softwareentwickler | Seminar - Target Training","og_description":"Unser Seminar \"Englisch f\u00fcr Softwareentwickler\" vermittelt Schl\u00fcsselkompetenzen und Fachvokabular f\u00fcr die englische Kommunikation in der Software-Branche.","og_url":"https:\/\/www.targettraining.eu\/de\/englisch-fur-softwareentwickler\/","og_site_name":"Target Training GmbH","article_publisher":"https:\/\/www.facebook.com\/TargetTrainingGmbh","article_modified_time":"2015-09-30T10:14:49+00:00","og_image":[{"url":"http:\/\/02086ee2.kundenrechner.net\/wp-content\/uploads\/2013\/08\/JW-300x208.png"}],"twitter_misc":{"Gesch\u00e4tzte Lesezeit":"2 Minuten"},"schema":{"@context":"https:\/\/schema.org","@graph":[{"@type":"WebPage","@id":"https:\/\/www.targettraining.eu\/de\/englisch-fur-softwareentwickler\/","url":"https:\/\/www.targettraining.eu\/de\/englisch-fur-softwareentwickler\/","name":"Englisch f\u00fcr Softwareentwickler | Seminar - Target Training","isPartOf":{"@id":"https:\/\/www.targettraining.eu\/#website"},"primaryImageOfPage":{"@id":"https:\/\/www.targettraining.eu\/de\/englisch-fur-softwareentwickler\/#primaryimage"},"image":{"@id":"https:\/\/www.targettraining.eu\/de\/englisch-fur-softwareentwickler\/#primaryimage"},"thumbnailUrl":"http:\/\/02086ee2.kundenrechner.net\/wp-content\/uploads\/2013\/08\/JW-300x208.png","datePublished":"2015-07-25T19:18:18+00:00","dateModified":"2015-09-30T10:14:49+00:00","description":"Unser Seminar \"Englisch f\u00fcr Softwareentwickler\" vermittelt Schl\u00fcsselkompetenzen und Fachvokabular f\u00fcr die englische Kommunikation in der Software-Branche.","breadcrumb":{"@id":"https:\/\/www.targettraining.eu\/de\/englisch-fur-softwareentwickler\/#breadcrumb"},"inLanguage":"de-DE","potentialAction":[{"@type":"ReadAction","target":["https:\/\/www.targettraining.eu\/de\/englisch-fur-softwareentwickler\/"]}]},{"@type":"ImageObject","inLanguage":"de-DE","@id":"https:\/\/www.targettraining.eu\/de\/englisch-fur-softwareentwickler\/#primaryimage","url":"http:\/\/02086ee2.kundenrechner.net\/wp-content\/uploads\/2013\/08\/JW-300x208.png","contentUrl":"http:\/\/02086ee2.kundenrechner.net\/wp-content\/uploads\/2013\/08\/JW-300x208.png"},{"@type":"BreadcrumbList","@id":"https:\/\/www.targettraining.eu\/de\/englisch-fur-softwareentwickler\/#breadcrumb","itemListElement":[{"@type":"ListItem","position":1,"name":"Home","item":"https:\/\/www.targettraining.eu\/de\/"},{"@type":"ListItem","position":2,"name":"Englisch f\u00fcr Softwareentwickler"}]},{"@type":"WebSite","@id":"https:\/\/www.targettraining.eu\/#website","url":"https:\/\/www.targettraining.eu\/","name":"Target Training GmbH","description":"Training you to succeed globally","publisher":{"@id":"https:\/\/www.targettraining.eu\/#organization"},"potentialAction":[{"@type":"SearchAction","target":{"@type":"EntryPoint","urlTemplate":"https:\/\/www.targettraining.eu\/?s={search_term_string}"},"query-input":{"@type":"PropertyValueSpecification","valueRequired":true,"valueName":"search_term_string"}}],"inLanguage":"de-DE"},{"@type":"Organization","@id":"https:\/\/www.targettraining.eu\/#organization","name":"Target Training GmbH","url":"https:\/\/www.targettraining.eu\/","logo":{"@type":"ImageObject","inLanguage":"de-DE","@id":"https:\/\/www.targettraining.eu\/#\/schema\/logo\/image\/","url":"https:\/\/www.targettraining.eu\/wp-content\/uploads\/2013\/04\/WP-logo2.png","contentUrl":"https:\/\/www.targettraining.eu\/wp-content\/uploads\/2013\/04\/WP-logo2.png","width":103,"height":32,"caption":"Target Training GmbH"},"image":{"@id":"https:\/\/www.targettraining.eu\/#\/schema\/logo\/image\/"},"sameAs":["https:\/\/www.facebook.com\/TargetTrainingGmbh","https:\/\/x.com\/TargetTrains","https:\/\/www.youtube.com\/c\/TargettrainingEugmbh"]}]}},"_links":{"self":[{"href":"https:\/\/www.targettraining.eu\/de\/wp-json\/wp\/v2\/pages\/11351\/"}],"collection":[{"href":"https:\/\/www.targettraining.eu\/de\/wp-json\/wp\/v2\/pages\/"}],"about":[{"href":"https:\/\/www.targettraining.eu\/de\/wp-json\/wp\/v2\/types\/page\/"}],"author":[{"embeddable":true,"href":"https:\/\/www.targettraining.eu\/de\/wp-json\/wp\/v2\/users\/3\/"}],"replies":[{"embeddable":true,"href":"https:\/\/www.targettraining.eu\/de\/wp-json\/wp\/v2\/comments\/?post=11351"}],"version-history":[{"count":4,"href":"https:\/\/www.targettraining.eu\/de\/wp-json\/wp\/v2\/pages\/11351\/revisions\/"}],"predecessor-version":[{"id":12731,"href":"https:\/\/www.targettraining.eu\/de\/wp-json\/wp\/v2\/pages\/11351\/revisions\/12731\/"}],"wp:attachment":[{"href":"https:\/\/www.targettraining.eu\/de\/wp-json\/wp\/v2\/media\/?parent=11351"}],"curies":[{"name":"wp","href":"https:\/\/api.w.org\/{rel}","templated":true}]}}