{"id":11355,"date":"2015-07-25T21:54:53","date_gmt":"2015-07-25T19:54:53","guid":{"rendered":"http:\/\/www.targettraining.eu\/?page_id=11355"},"modified":"2015-10-09T14:46:04","modified_gmt":"2015-10-09T12:46:04","slug":"intensivseminar-business-englisch","status":"publish","type":"page","link":"https:\/\/www.targettraining.eu\/de\/intensivseminar-business-englisch\/","title":{"rendered":"Intensivseminar Business Englisch"},"content":{"rendered":"<div  class='flex_column av-av_one_full-2a9015ff38129c418a3f2eafba3e9512 av_one_full  avia-builder-el-0  el_before_av_two_third  avia-builder-el-first  first flex_column_div  '     ><section  class='av_textblock_section av-av_textblock-0366cc7376be6c9e82a3e9cc8987b64f '   itemscope=\"itemscope\" itemtype=\"https:\/\/schema.org\/CreativeWork\" ><div class='avia_textblock'  itemprop=\"text\" ><h3 style=\"text-align: right;\"><span style=\"color: #888888;\">Business Englisch<\/span><\/h3>\n<\/div><\/section><br \/>\n\n<style type=\"text\/css\" data-created_by=\"avia_inline_auto\" id=\"style-css-av-av_hr-7148c96ad18338470e2200b4c17e1ba3\">\n#top .hr.hr-invisible.av-av_hr-7148c96ad18338470e2200b4c17e1ba3{\nheight:30px;\n}\n<\/style>\n<div  class='hr av-av_hr-7148c96ad18338470e2200b4c17e1ba3 hr-invisible  avia-builder-el-2  el_after_av_textblock  el_before_av_textblock '><span class='hr-inner '><span class=\"hr-inner-style\"><\/span><\/span><\/div><br \/>\n<section  class='av_textblock_section av-av_textblock-0366cc7376be6c9e82a3e9cc8987b64f '   itemscope=\"itemscope\" itemtype=\"https:\/\/schema.org\/CreativeWork\" ><div class='avia_textblock'  itemprop=\"text\" ><h1 style=\"text-align: left;\">Intensivseminar Business Englisch<\/h1>\n<h2>Kommunikative F\u00e4higkeiten | Business Englisch | Seminar<\/h2>\n<\/div><\/section><br \/>\n<section  class='av_textblock_section av-av_textblock-0366cc7376be6c9e82a3e9cc8987b64f '   itemscope=\"itemscope\" itemtype=\"https:\/\/schema.org\/CreativeWork\" ><div class='avia_textblock'  itemprop=\"text\" ><p><img loading=\"lazy\" decoding=\"async\" class=\"alignnone lazyload\" data-src=\"http:\/\/02086ee2.kundenrechner.net\/wp-content\/uploads\/2013\/08\/Intensive-BE-builder-710x270.jpg\" alt=\"Intensivseminar Business Englisch\" width=\"710\" height=\"270\" src=\"data:image\/gif;base64,R0lGODlhAQABAAAAACH5BAEKAAEALAAAAAABAAEAAAICTAEAOw==\" style=\"--smush-placeholder-width: 710px; --smush-placeholder-aspect-ratio: 710\/270;\" \/><noscript><img loading=\"lazy\" decoding=\"async\" class=\"alignnone\" src=\"http:\/\/02086ee2.kundenrechner.net\/wp-content\/uploads\/2013\/08\/Intensive-BE-builder-710x270.jpg\" alt=\"Intensivseminar Business Englisch\" width=\"710\" height=\"270\" \/><\/noscript><\/p>\n<\/div><\/section><\/p><\/div><div  class='flex_column av-av_two_third-2a9015ff38129c418a3f2eafba3e9512 av_two_third first flex_column_div  '     ><p><section  class='av_textblock_section av-av_textblock-0366cc7376be6c9e82a3e9cc8987b64f '   itemscope=\"itemscope\" itemtype=\"https:\/\/schema.org\/CreativeWork\" ><div class='avia_textblock'  itemprop=\"text\" ><p><strong>Dieses Seminar ist eine klassische L\u00f6sung f\u00fcr Intensivtraining von Business Englisch, das von\u00a0Blended-Learning-Modulen flankiert wird und rasche Lernfortschritte garantiert.<\/strong><\/p>\n<h3>F\u00fcr wen ist es geeignet?<\/h3>\n<p>Diese L\u00f6sung ist ideal f\u00fcr gro\u00dfe Unternehmen mit einer weit verstreuten Belegschaft, die ihren Mitarbeitern eine breit angelegte Trainingsl\u00f6sung f\u00fcr Business Englisch anbieten und schnelle Fortschritte sehen wollen.<\/p>\n<h3>Was k\u00f6nnen Sie erwarten?<\/h3>\n<p>Unsere Trainingsl\u00f6sung \u201eIntensivseminar Business Englisch\u201c wurde entwickelt um:<\/p>\n<ul>\n<li>Sicherheit und Sprachkompetenz bei der Arbeit in englischer Sprache aufzubauen.<\/li>\n<li>fl\u00fcssige Aussprache und Genauigkeit beim Gebrauch der englischen Sprache zu erreichen.<\/li>\n<li>das notwendige Vokabular, Schl\u00fcsselbegriffe, sprachliche Strukturen und Funktionen bei der Arbeit auf Englisch zu erlernen.<\/li>\n<li>kommunikative und gesch\u00e4ftliche Kernkompetenzen auf Englisch anwenden zu k\u00f6nnen.<\/li>\n<\/ul>\n<h3>Typische Inhalte<\/h3>\n<p>Abh\u00e4ngig von Ihren Bed\u00fcrfnissen und Priorit\u00e4ten wird normalerweise eine von drei inhaltlichen L\u00f6sungen ausgew\u00e4hlt:<\/p>\n<ul>\n<li>Sie w\u00e4hlen bereits publiziertes Lehrmaterial aus (z.B. ein passendes Werk aus der Reihe Business English\u00a0Course Book).<\/li>\n<li>Wir verwenden bereits ver\u00f6ffentlichte Trainingsmaterialien und leisten Support mit kundenspezifischen Modulen.<\/li>\n<li>Wir entwickeln kundenspezifisches Trainingsmaterial, welches die f\u00fcr eine wirkungsvolle Kommunikation auf Englisch\u00a0zu ber\u00fccksichtigenden T\u00e4tigkeiten und Funktionen der Mitarbeiter bereits integriert.<\/li>\n<\/ul>\n<p><strong>Typische Inhalte sind:<\/strong><\/p>\n<ul>\n<li>Sich selbst und sein Unternehmen vorstellen<\/li>\n<li>Schriftliche Gesch\u00e4ftskorrespondenz &#8211; Telefonieren<\/li>\n<li>Meetings<\/li>\n<li>Pr\u00e4sentieren<\/li>\n<li>Verhandeln<\/li>\n<li>Kontakte kn\u00fcpfen<\/li>\n<li>Arbeiten in internationalen Teams<\/li>\n<\/ul>\n<\/div><\/section><br \/>\n<section  class='av_textblock_section av-av_textblock-0366cc7376be6c9e82a3e9cc8987b64f '   itemscope=\"itemscope\" itemtype=\"https:\/\/schema.org\/CreativeWork\" ><div class='avia_textblock'  itemprop=\"text\" ><p><img loading=\"lazy\" decoding=\"async\" class=\"alignnone lazyload\" data-src=\"http:\/\/02086ee2.kundenrechner.net\/wp-content\/uploads\/2013\/08\/Business-EN-builder-710x270.png\" alt=\"Intensivkurs Business Englisch\" width=\"710\" height=\"270\" src=\"data:image\/gif;base64,R0lGODlhAQABAAAAACH5BAEKAAEALAAAAAABAAEAAAICTAEAOw==\" style=\"--smush-placeholder-width: 710px; --smush-placeholder-aspect-ratio: 710\/270;\" \/><noscript><img loading=\"lazy\" decoding=\"async\" class=\"alignnone\" src=\"http:\/\/02086ee2.kundenrechner.net\/wp-content\/uploads\/2013\/08\/Business-EN-builder-710x270.png\" alt=\"Intensivkurs Business Englisch\" width=\"710\" height=\"270\" \/><\/noscript><\/p>\n<\/div><\/section><\/p><\/div><\/p>\n\n<style type=\"text\/css\" data-created_by=\"avia_inline_auto\" id=\"style-css-av-av_one_third-2a64de42b738552fe666ca889af77e28\">\n.flex_column.av-av_one_third-2a64de42b738552fe666ca889af77e28{\nborder-radius:0px 0px 0px 0px;\npadding:0px 0px 0px 0px;\n}\n<\/style>\n<div  class='flex_column av-av_one_third-2a64de42b738552fe666ca889af77e28 av_one_third flex_column_div av-zero-column-padding  '     ><p>\n<style type=\"text\/css\" data-created_by=\"avia_inline_auto\" id=\"style-css-av-av_heading-4573c611ca77dce0a38eb778199b0c85\">\n#top .av-special-heading.av-av_heading-4573c611ca77dce0a38eb778199b0c85{\npadding-bottom:1px;\n}\nbody .av-special-heading.av-av_heading-4573c611ca77dce0a38eb778199b0c85 .av-special-heading-tag .heading-char{\nfont-size:25px;\n}\n.av-special-heading.av-av_heading-4573c611ca77dce0a38eb778199b0c85 .av-subheading{\nfont-size:10px;\n}\n<\/style>\n<div  class='av-special-heading av-av_heading-4573c611ca77dce0a38eb778199b0c85 av-special-heading-h6 meta-heading blockquote modern-quote'><h6 class='av-special-heading-tag'  itemprop=\"headline\"  >Teilnehmerbewertung<\/h6><div class=\"special-heading-border\"><div class=\"special-heading-inner-border\"><\/div><\/div><\/div><br \/>\n\n<style type=\"text\/css\" data-created_by=\"avia_inline_auto\" id=\"style-css-av-av_image-7a5bdc8db7b2079327b71aa4aa090dba\">\n.avia-image-container.av-av_image-7a5bdc8db7b2079327b71aa4aa090dba img.avia_image{\nbox-shadow:none;\n}\n.avia-image-container.av-av_image-7a5bdc8db7b2079327b71aa4aa090dba .av-image-caption-overlay-center{\ncolor:#ffffff;\n}\n<\/style>\n<div  class='avia-image-container av-av_image-7a5bdc8db7b2079327b71aa4aa090dba av-styling- avia-align-left  avia-builder-el-4  el_after_av_textblock  avia-builder-el-last '   itemprop=\"image\" itemscope=\"itemscope\" itemtype=\"https:\/\/schema.org\/ImageObject\" ><div class=\"avia-image-container-inner\"><div class=\"avia-image-overlay-wrap\"><img decoding=\"async\" fetchpriority=\"high\" class='avia-img-lazy-loading-not- avia_image ' src=\"http:\/\/02086ee2.kundenrechner.net\/wp-content\/uploads\/2013\/08\/stars-4-one-quarter1.bmp\" alt='' title=''   itemprop=\"thumbnailUrl\"  \/><\/div><\/div><\/div><br \/>\n<div  class='hr av-av_hr-d3021aff4e2c88ff75459fd6b3a45a12 hr-default'><span class='hr-inner '><span class=\"hr-inner-style\"><\/span><\/span><\/div><br \/>\n<section  class='av_textblock_section av-av_textblock-0366cc7376be6c9e82a3e9cc8987b64f '   itemscope=\"itemscope\" itemtype=\"https:\/\/schema.org\/CreativeWork\" ><div class='avia_textblock'  itemprop=\"text\" ><ul>\n<li><strong>Dauer:<\/strong> 4\u00a0Tage<\/li>\n<li><strong>Kosten:<\/strong>\u00a0 2520 \u20ac<\/li>\n<\/ul>\n<\/div><\/section><br \/>\n<div  class='hr av-av_hr-d3021aff4e2c88ff75459fd6b3a45a12 hr-default'><span class='hr-inner '><span class=\"hr-inner-style\"><\/span><\/span><\/div><br \/>\n<section  class='av_textblock_section av-av_textblock-0366cc7376be6c9e82a3e9cc8987b64f '   itemscope=\"itemscope\" itemtype=\"https:\/\/schema.org\/CreativeWork\" ><div class='avia_textblock'  itemprop=\"text\" ><p><strong>Aktuelle Bemerkungen von Teilnehmern:<\/strong><\/p>\n<p>\u201eIch habe neue Vokabeln gelernt und hatte die Gelegenheit zu \u00fcben, ohne die Gefahr, einen Schaden zu verursachen.\u201c<\/p>\n<p><em>&#8222;Ich werde besser sein in Meetings.&#8220;<\/em><\/p>\n<p>&#8222;Das \u00dcben von Pr\u00e4sentationen war erfolgreich f\u00fcr meine zuk\u00fcnftige T\u00e4tigkeit.&#8220;<\/p>\n<p><em>&#8222;Ich habe meinen Wortschatz erweitert und wir haben eine Menge Zeitformen ge\u00fcbt.&#8220;<\/em><\/p>\n<p>&#8222;Der Trainer hat uns die ganze Zeit motiviert. Das Seminar hat mir sehr viel Spa\u00df gemacht und das Erlernte wird eine gro\u00dfe Hilfe sein.&#8220;<\/p>\n<p><em>&#8222;Durch die Art und Weise, wie der Trainer uns motiviert hat, uns korrigiert hat und uns einbezogen hat, hat das Seminar viel Spa\u00df gemacht.&#8220;<\/em><\/p>\n<\/div><\/section><br \/>\n<div  class='hr av-av_hr-d3021aff4e2c88ff75459fd6b3a45a12 hr-default'><span class='hr-inner '><span class=\"hr-inner-style\"><\/span><\/span><\/div><br \/>\n\n<style type=\"text\/css\" data-created_by=\"avia_inline_auto\" id=\"style-css-av-av_heading-aa95e63650340763288351ef8b29a879\">\n#top .av-special-heading.av-av_heading-aa95e63650340763288351ef8b29a879{\npadding-bottom:1px;\n}\nbody .av-special-heading.av-av_heading-aa95e63650340763288351ef8b29a879 .av-special-heading-tag .heading-char{\nfont-size:25px;\n}\n.av-special-heading.av-av_heading-aa95e63650340763288351ef8b29a879 .av-subheading{\nfont-size:10px;\n}\n<\/style>\n<div  class='av-special-heading av-av_heading-aa95e63650340763288351ef8b29a879 av-special-heading-h6 meta-heading blockquote modern-quote'><h6 class='av-special-heading-tag'  itemprop=\"headline\"  >Angepasst an folgendes CEF Level:<\/h6><div class=\"special-heading-border\"><div class=\"special-heading-inner-border\"><\/div><\/div><\/div><br \/>\n<section  class='av_textblock_section av-av_textblock-0366cc7376be6c9e82a3e9cc8987b64f '   itemscope=\"itemscope\" itemtype=\"https:\/\/schema.org\/CreativeWork\" ><div class='avia_textblock'  itemprop=\"text\" ><p><strong><span style=\"font-size: medium; color: #0070c0;\">A1, A2, B1, B2, C1<\/span><\/strong><\/p>\n<\/div><\/section><br \/>\n\n<style type=\"text\/css\" data-created_by=\"avia_inline_auto\" id=\"style-css-av-av_image-67b53c1719e74ce6ae2f2de27e34f1e8\">\n.avia-image-container.av-av_image-67b53c1719e74ce6ae2f2de27e34f1e8 img.avia_image{\nbox-shadow:none;\n}\n.avia-image-container.av-av_image-67b53c1719e74ce6ae2f2de27e34f1e8 .av-image-caption-overlay-center{\ncolor:#ffffff;\n}\n<\/style>\n<div  class='avia-image-container av-av_image-67b53c1719e74ce6ae2f2de27e34f1e8 av-styling- avia-align-center'   itemprop=\"image\" itemscope=\"itemscope\" itemtype=\"https:\/\/schema.org\/ImageObject\" ><div class=\"avia-image-container-inner\"><div class=\"avia-image-overlay-wrap\"><img decoding=\"async\" fetchpriority=\"high\" class='avia-img-lazy-loading-not- avia_image ' src=\"http:\/\/02086ee2.kundenrechner.net\/wp-content\/uploads\/2013\/08\/cef-A1-C11.bmp\" alt='' title=''   itemprop=\"thumbnailUrl\"  \/><\/div><\/div><\/div><\/p><\/div>\n<div  class='hr av-av_hr-d3021aff4e2c88ff75459fd6b3a45a12 hr-default'><span class='hr-inner '><span class=\"hr-inner-style\"><\/span><\/span><\/div>\n","protected":false},"excerpt":{"rendered":"","protected":false},"author":3,"featured_media":0,"parent":0,"menu_order":0,"comment_status":"open","ping_status":"open","template":"","meta":{"_acf_changed":false,"content-type":"","footnotes":""},"class_list":["post-11355","page","type-page","status-publish","hentry"],"acf":[],"yoast_head":"<!-- This site is optimized with the Yoast SEO plugin v23.6 - https:\/\/yoast.com\/wordpress\/plugins\/seo\/ -->\n<title>Intensivseminar Business Englisch | Seminar<\/title>\n<meta name=\"description\" content=\"Pr\u00e4sentieren, Telefonieren, Meetings oder Verhandeln auf Englisch: In unserem Intensivseminar Business Englisch sind rasche Lernfortschritte garantiert.\" \/>\n<meta name=\"robots\" content=\"index, follow, max-snippet:-1, max-image-preview:large, max-video-preview:-1\" \/>\n<link rel=\"canonical\" href=\"https:\/\/www.targettraining.eu\/de\/intensivseminar-business-englisch\/\" \/>\n<meta property=\"og:locale\" content=\"de_DE\" \/>\n<meta property=\"og:type\" content=\"article\" \/>\n<meta property=\"og:title\" content=\"Intensivseminar Business Englisch | Seminar\" \/>\n<meta property=\"og:description\" content=\"Pr\u00e4sentieren, Telefonieren, Meetings oder Verhandeln auf Englisch: In unserem Intensivseminar Business Englisch sind rasche Lernfortschritte garantiert.\" \/>\n<meta property=\"og:url\" content=\"https:\/\/www.targettraining.eu\/de\/intensivseminar-business-englisch\/\" \/>\n<meta property=\"og:site_name\" content=\"Target Training GmbH\" \/>\n<meta property=\"article:publisher\" content=\"https:\/\/www.facebook.com\/TargetTrainingGmbh\" \/>\n<meta property=\"article:modified_time\" content=\"2015-10-09T12:46:04+00:00\" \/>\n<meta property=\"og:image\" content=\"http:\/\/02086ee2.kundenrechner.net\/wp-content\/uploads\/2013\/08\/Intensive-BE-builder-710x270.jpg\" \/>\n<meta name=\"twitter:label1\" content=\"Gesch\u00e4tzte Lesezeit\" \/>\n\t<meta name=\"twitter:data1\" content=\"3 Minuten\" \/>\n<script type=\"application\/ld+json\" class=\"yoast-schema-graph\">{\"@context\":\"https:\/\/schema.org\",\"@graph\":[{\"@type\":\"WebPage\",\"@id\":\"https:\/\/www.targettraining.eu\/de\/intensivseminar-business-englisch\/\",\"url\":\"https:\/\/www.targettraining.eu\/de\/intensivseminar-business-englisch\/\",\"name\":\"Intensivseminar Business Englisch | Seminar\",\"isPartOf\":{\"@id\":\"https:\/\/www.targettraining.eu\/#website\"},\"primaryImageOfPage\":{\"@id\":\"https:\/\/www.targettraining.eu\/de\/intensivseminar-business-englisch\/#primaryimage\"},\"image\":{\"@id\":\"https:\/\/www.targettraining.eu\/de\/intensivseminar-business-englisch\/#primaryimage\"},\"thumbnailUrl\":\"http:\/\/02086ee2.kundenrechner.net\/wp-content\/uploads\/2013\/08\/Intensive-BE-builder-710x270.jpg\",\"datePublished\":\"2015-07-25T19:54:53+00:00\",\"dateModified\":\"2015-10-09T12:46:04+00:00\",\"description\":\"Pr\u00e4sentieren, Telefonieren, Meetings oder Verhandeln auf Englisch: In unserem Intensivseminar Business Englisch sind rasche Lernfortschritte garantiert.\",\"breadcrumb\":{\"@id\":\"https:\/\/www.targettraining.eu\/de\/intensivseminar-business-englisch\/#breadcrumb\"},\"inLanguage\":\"de-DE\",\"potentialAction\":[{\"@type\":\"ReadAction\",\"target\":[\"https:\/\/www.targettraining.eu\/de\/intensivseminar-business-englisch\/\"]}]},{\"@type\":\"ImageObject\",\"inLanguage\":\"de-DE\",\"@id\":\"https:\/\/www.targettraining.eu\/de\/intensivseminar-business-englisch\/#primaryimage\",\"url\":\"http:\/\/02086ee2.kundenrechner.net\/wp-content\/uploads\/2013\/08\/Intensive-BE-builder-710x270.jpg\",\"contentUrl\":\"http:\/\/02086ee2.kundenrechner.net\/wp-content\/uploads\/2013\/08\/Intensive-BE-builder-710x270.jpg\"},{\"@type\":\"BreadcrumbList\",\"@id\":\"https:\/\/www.targettraining.eu\/de\/intensivseminar-business-englisch\/#breadcrumb\",\"itemListElement\":[{\"@type\":\"ListItem\",\"position\":1,\"name\":\"Home\",\"item\":\"https:\/\/www.targettraining.eu\/de\/\"},{\"@type\":\"ListItem\",\"position\":2,\"name\":\"Intensivseminar Business Englisch\"}]},{\"@type\":\"WebSite\",\"@id\":\"https:\/\/www.targettraining.eu\/#website\",\"url\":\"https:\/\/www.targettraining.eu\/\",\"name\":\"Target Training GmbH\",\"description\":\"Training you to succeed globally\",\"publisher\":{\"@id\":\"https:\/\/www.targettraining.eu\/#organization\"},\"potentialAction\":[{\"@type\":\"SearchAction\",\"target\":{\"@type\":\"EntryPoint\",\"urlTemplate\":\"https:\/\/www.targettraining.eu\/?s={search_term_string}\"},\"query-input\":{\"@type\":\"PropertyValueSpecification\",\"valueRequired\":true,\"valueName\":\"search_term_string\"}}],\"inLanguage\":\"de-DE\"},{\"@type\":\"Organization\",\"@id\":\"https:\/\/www.targettraining.eu\/#organization\",\"name\":\"Target Training GmbH\",\"url\":\"https:\/\/www.targettraining.eu\/\",\"logo\":{\"@type\":\"ImageObject\",\"inLanguage\":\"de-DE\",\"@id\":\"https:\/\/www.targettraining.eu\/#\/schema\/logo\/image\/\",\"url\":\"https:\/\/www.targettraining.eu\/wp-content\/uploads\/2013\/04\/WP-logo2.png\",\"contentUrl\":\"https:\/\/www.targettraining.eu\/wp-content\/uploads\/2013\/04\/WP-logo2.png\",\"width\":103,\"height\":32,\"caption\":\"Target Training GmbH\"},\"image\":{\"@id\":\"https:\/\/www.targettraining.eu\/#\/schema\/logo\/image\/\"},\"sameAs\":[\"https:\/\/www.facebook.com\/TargetTrainingGmbh\",\"https:\/\/x.com\/TargetTrains\",\"https:\/\/www.youtube.com\/c\/TargettrainingEugmbh\"]}]}<\/script>\n<!-- \/ Yoast SEO plugin. -->","yoast_head_json":{"title":"Intensivseminar Business Englisch | Seminar","description":"Pr\u00e4sentieren, Telefonieren, Meetings oder Verhandeln auf Englisch: In unserem Intensivseminar Business Englisch sind rasche Lernfortschritte garantiert.","robots":{"index":"index","follow":"follow","max-snippet":"max-snippet:-1","max-image-preview":"max-image-preview:large","max-video-preview":"max-video-preview:-1"},"canonical":"https:\/\/www.targettraining.eu\/de\/intensivseminar-business-englisch\/","og_locale":"de_DE","og_type":"article","og_title":"Intensivseminar Business Englisch | Seminar","og_description":"Pr\u00e4sentieren, Telefonieren, Meetings oder Verhandeln auf Englisch: In unserem Intensivseminar Business Englisch sind rasche Lernfortschritte garantiert.","og_url":"https:\/\/www.targettraining.eu\/de\/intensivseminar-business-englisch\/","og_site_name":"Target Training GmbH","article_publisher":"https:\/\/www.facebook.com\/TargetTrainingGmbh","article_modified_time":"2015-10-09T12:46:04+00:00","og_image":[{"url":"http:\/\/02086ee2.kundenrechner.net\/wp-content\/uploads\/2013\/08\/Intensive-BE-builder-710x270.jpg"}],"twitter_misc":{"Gesch\u00e4tzte Lesezeit":"3 Minuten"},"schema":{"@context":"https:\/\/schema.org","@graph":[{"@type":"WebPage","@id":"https:\/\/www.targettraining.eu\/de\/intensivseminar-business-englisch\/","url":"https:\/\/www.targettraining.eu\/de\/intensivseminar-business-englisch\/","name":"Intensivseminar Business Englisch | Seminar","isPartOf":{"@id":"https:\/\/www.targettraining.eu\/#website"},"primaryImageOfPage":{"@id":"https:\/\/www.targettraining.eu\/de\/intensivseminar-business-englisch\/#primaryimage"},"image":{"@id":"https:\/\/www.targettraining.eu\/de\/intensivseminar-business-englisch\/#primaryimage"},"thumbnailUrl":"http:\/\/02086ee2.kundenrechner.net\/wp-content\/uploads\/2013\/08\/Intensive-BE-builder-710x270.jpg","datePublished":"2015-07-25T19:54:53+00:00","dateModified":"2015-10-09T12:46:04+00:00","description":"Pr\u00e4sentieren, Telefonieren, Meetings oder Verhandeln auf Englisch: In unserem Intensivseminar Business Englisch sind rasche Lernfortschritte garantiert.","breadcrumb":{"@id":"https:\/\/www.targettraining.eu\/de\/intensivseminar-business-englisch\/#breadcrumb"},"inLanguage":"de-DE","potentialAction":[{"@type":"ReadAction","target":["https:\/\/www.targettraining.eu\/de\/intensivseminar-business-englisch\/"]}]},{"@type":"ImageObject","inLanguage":"de-DE","@id":"https:\/\/www.targettraining.eu\/de\/intensivseminar-business-englisch\/#primaryimage","url":"http:\/\/02086ee2.kundenrechner.net\/wp-content\/uploads\/2013\/08\/Intensive-BE-builder-710x270.jpg","contentUrl":"http:\/\/02086ee2.kundenrechner.net\/wp-content\/uploads\/2013\/08\/Intensive-BE-builder-710x270.jpg"},{"@type":"BreadcrumbList","@id":"https:\/\/www.targettraining.eu\/de\/intensivseminar-business-englisch\/#breadcrumb","itemListElement":[{"@type":"ListItem","position":1,"name":"Home","item":"https:\/\/www.targettraining.eu\/de\/"},{"@type":"ListItem","position":2,"name":"Intensivseminar Business Englisch"}]},{"@type":"WebSite","@id":"https:\/\/www.targettraining.eu\/#website","url":"https:\/\/www.targettraining.eu\/","name":"Target Training GmbH","description":"Training you to succeed globally","publisher":{"@id":"https:\/\/www.targettraining.eu\/#organization"},"potentialAction":[{"@type":"SearchAction","target":{"@type":"EntryPoint","urlTemplate":"https:\/\/www.targettraining.eu\/?s={search_term_string}"},"query-input":{"@type":"PropertyValueSpecification","valueRequired":true,"valueName":"search_term_string"}}],"inLanguage":"de-DE"},{"@type":"Organization","@id":"https:\/\/www.targettraining.eu\/#organization","name":"Target Training GmbH","url":"https:\/\/www.targettraining.eu\/","logo":{"@type":"ImageObject","inLanguage":"de-DE","@id":"https:\/\/www.targettraining.eu\/#\/schema\/logo\/image\/","url":"https:\/\/www.targettraining.eu\/wp-content\/uploads\/2013\/04\/WP-logo2.png","contentUrl":"https:\/\/www.targettraining.eu\/wp-content\/uploads\/2013\/04\/WP-logo2.png","width":103,"height":32,"caption":"Target Training GmbH"},"image":{"@id":"https:\/\/www.targettraining.eu\/#\/schema\/logo\/image\/"},"sameAs":["https:\/\/www.facebook.com\/TargetTrainingGmbh","https:\/\/x.com\/TargetTrains","https:\/\/www.youtube.com\/c\/TargettrainingEugmbh"]}]}},"_links":{"self":[{"href":"https:\/\/www.targettraining.eu\/de\/wp-json\/wp\/v2\/pages\/11355\/"}],"collection":[{"href":"https:\/\/www.targettraining.eu\/de\/wp-json\/wp\/v2\/pages\/"}],"about":[{"href":"https:\/\/www.targettraining.eu\/de\/wp-json\/wp\/v2\/types\/page\/"}],"author":[{"embeddable":true,"href":"https:\/\/www.targettraining.eu\/de\/wp-json\/wp\/v2\/users\/3\/"}],"replies":[{"embeddable":true,"href":"https:\/\/www.targettraining.eu\/de\/wp-json\/wp\/v2\/comments\/?post=11355"}],"version-history":[{"count":4,"href":"https:\/\/www.targettraining.eu\/de\/wp-json\/wp\/v2\/pages\/11355\/revisions\/"}],"predecessor-version":[{"id":18962,"href":"https:\/\/www.targettraining.eu\/de\/wp-json\/wp\/v2\/pages\/11355\/revisions\/18962\/"}],"wp:attachment":[{"href":"https:\/\/www.targettraining.eu\/de\/wp-json\/wp\/v2\/media\/?parent=11355"}],"curies":[{"name":"wp","href":"https:\/\/api.w.org\/{rel}","templated":true}]}}