{"id":11362,"date":"2015-07-26T13:59:58","date_gmt":"2015-07-26T11:59:58","guid":{"rendered":"http:\/\/www.targettraining.eu\/?page_id=11362"},"modified":"2015-10-02T10:25:32","modified_gmt":"2015-10-02T08:25:32","slug":"englisch-in-der-personalentwicklung","status":"publish","type":"page","link":"https:\/\/www.targettraining.eu\/de\/englisch-in-der-personalentwicklung\/","title":{"rendered":"Englisch in der Personalentwicklung"},"content":{"rendered":"<section  class='av_textblock_section av-av_textblock-0366cc7376be6c9e82a3e9cc8987b64f '   itemscope=\"itemscope\" itemtype=\"https:\/\/schema.org\/CreativeWork\" ><div class='avia_textblock'  itemprop=\"text\" ><h3 style=\"text-align: right;\"><span style=\"color: #888888;\">Business Englisch<\/span><\/h3>\n<\/div><\/section>\n\n<style type=\"text\/css\" data-created_by=\"avia_inline_auto\" id=\"style-css-av-av_hr-7148c96ad18338470e2200b4c17e1ba3\">\n#top .hr.hr-invisible.av-av_hr-7148c96ad18338470e2200b4c17e1ba3{\nheight:30px;\n}\n<\/style>\n<div  class='hr av-av_hr-7148c96ad18338470e2200b4c17e1ba3 hr-invisible  avia-builder-el-1  el_after_av_textblock  el_before_av_textblock '><span class='hr-inner '><span class=\"hr-inner-style\"><\/span><\/span><\/div>\n<section  class='av_textblock_section av-av_textblock-0366cc7376be6c9e82a3e9cc8987b64f '   itemscope=\"itemscope\" itemtype=\"https:\/\/schema.org\/CreativeWork\" ><div class='avia_textblock'  itemprop=\"text\" ><h1>Englisch in der Personalentwicklung<\/h1>\n<h2>Branchen- und fachspezifisches Business Englisch | Seminar<\/h2>\n<p><strong>Mitarbeiter der Personalentwicklung finden sich zunehmend in englischsprachiger Kommunikation mit internen oder externen Partnern. Unsere Trainingsl\u00f6sungen rund um &#8222;Business Englisch f\u00fcr Personaler&#8220; wurden entworfen, um die erforderlichen sprachlichen und kommunikativen F\u00e4higkeiten zu entwickeln, einzu\u00fcben und auf die eigene T\u00e4tigkeit zu \u00fcbertragen, die f\u00fcr Ihren beruflichen Erfolg notwendig sind und die Erwartungen Ihrer Kunden erf\u00fcllen.<\/strong><\/p>\n<\/div><\/section>\n<div  class='flex_column av-av_one_half-2a9015ff38129c418a3f2eafba3e9512 av_one_half  avia-builder-el-3  el_after_av_textblock  el_before_av_one_half  first flex_column_div  column-top-margin'     ><section  class='av_textblock_section av-av_textblock-0366cc7376be6c9e82a3e9cc8987b64f '   itemscope=\"itemscope\" itemtype=\"https:\/\/schema.org\/CreativeWork\" ><div class='avia_textblock'  itemprop=\"text\" ><h3>Englisch in der Personalentwicklung: Top-Themen<\/h3>\n<ul>\n<li>Aufgaben und Vorz\u00fcge der Personalentwicklung kommunizieren<\/li>\n<li>Kommunikation mit Sponsoren<\/li>\n<li>Optionen und Empfehlungen pr\u00e4sentieren<\/li>\n<li>Beeinflussen, \u00fcberzeugen und verhandeln in der eigenen Organisation<\/li>\n<li>Teilnahme an Meetings<\/li>\n<li>Erwartungen wecken<\/li>\n<li>Trainingsverlauf skizzieren<\/li>\n<li>Steuerung der Anbieterleistungen und \u2013erwartungen<\/li>\n<li>Steuerung des Feedback-Zyklus<\/li>\n<li>Pr\u00e4sentation und Berichterstattung<\/li>\n<li>Moderation von Workshops<\/li>\n<li>Durchf\u00fchrung von Trainingsma\u00dfnahmen<\/li>\n<li>Coaching auf Englisch<\/li>\n<li>Gespr\u00e4chsf\u00fchrung f\u00fcr Mitarbeiter in der Personalentwicklung:\n<ul>\n<li>um interne Bed\u00fcrfnisse und Priorit\u00e4ten aufzudecken<\/li>\n<li>um den richtigen Anbieter auszuw\u00e4hlen.<\/li>\n<li>um den Trainingserfolg zu messen.<\/li>\n<\/ul>\n<\/li>\n<\/ul>\n<\/div><\/section><\/div>\n<style type=\"text\/css\" data-created_by=\"avia_inline_auto\" id=\"style-css-av-av_one_half-2a64de42b738552fe666ca889af77e28\">\n.flex_column.av-av_one_half-2a64de42b738552fe666ca889af77e28{\nborder-radius:0px 0px 0px 0px;\npadding:0px 0px 0px 0px;\n}\n<\/style>\n<div  class='flex_column av-av_one_half-2a64de42b738552fe666ca889af77e28 av_one_half  avia-builder-el-5  el_after_av_one_half  el_before_av_hr  flex_column_div av-zero-column-padding  column-top-margin'     ><p><section  class='av_textblock_section av-av_textblock-0366cc7376be6c9e82a3e9cc8987b64f '   itemscope=\"itemscope\" itemtype=\"https:\/\/schema.org\/CreativeWork\" ><div class='avia_textblock'  itemprop=\"text\" ><p><img loading=\"lazy\" decoding=\"async\" class=\"alignnone lazyload\" data-src=\"http:\/\/02086ee2.kundenrechner.net\/wp-content\/uploads\/2013\/08\/kb1-300x208.png\" alt=\"Kate Baade Business Englisch in der Personalentwicklung\" width=\"300\" height=\"208\" src=\"data:image\/gif;base64,R0lGODlhAQABAAAAACH5BAEKAAEALAAAAAABAAEAAAICTAEAOw==\" style=\"--smush-placeholder-width: 300px; --smush-placeholder-aspect-ratio: 300\/208;\" \/><noscript><img loading=\"lazy\" decoding=\"async\" class=\"alignnone\" src=\"http:\/\/02086ee2.kundenrechner.net\/wp-content\/uploads\/2013\/08\/kb1-300x208.png\" alt=\"Kate Baade Business Englisch in der Personalentwicklung\" width=\"300\" height=\"208\" \/><\/noscript><\/p>\n<\/div><\/section><br \/>\n<section  class='av_textblock_section av-av_textblock-0366cc7376be6c9e82a3e9cc8987b64f '   itemscope=\"itemscope\" itemtype=\"https:\/\/schema.org\/CreativeWork\" ><div class='avia_textblock'  itemprop=\"text\" ><p><em>&#8222;Es ist \u00e4u\u00dferst interessant und macht Spa\u00df ein Training mit Mitarbeitern durchzuf\u00fchren, die beruflich vor \u00e4hnlichen Herausforderungen stehen wie ich. Durch die Konzentration auf konkrete Situationen aus dem Arbeitsalltag integrieren wir ein klares und wirksames Sprachtraining in das Ein\u00fcben praktischer und bew\u00e4hrter Kommunikationsf\u00e4higkeiten.\u201c<\/em><\/p>\n<p><strong>Kate Baade<br \/>\n<\/strong><\/p>\n<\/div><\/section><br \/>\n<div  class='hr av-av_hr-d3021aff4e2c88ff75459fd6b3a45a12 hr-default'><span class='hr-inner '><span class=\"hr-inner-style\"><\/span><\/span><\/div><br \/>\n<section  class='av_textblock_section av-av_textblock-0366cc7376be6c9e82a3e9cc8987b64f '   itemscope=\"itemscope\" itemtype=\"https:\/\/schema.org\/CreativeWork\" ><div class='avia_textblock'  itemprop=\"text\" ><h3>Was ist das richtige Konzept f\u00fcr Sie?<\/h3>\n<ul>\n<li><strong>Training und Support on-the-job<\/strong><\/li>\n<li><strong>Betriebsinternes Training<\/strong><\/li>\n<li><strong>Seminare &amp; Workshops<\/strong><\/li>\n<li><strong>Coaching<\/strong><\/li>\n<li><strong>Blended Learning<\/strong><\/li>\n<\/ul>\n<\/div><\/section><\/p><\/div><\/p>\n<div  class='hr av-av_hr-d3021aff4e2c88ff75459fd6b3a45a12 hr-default'><span class='hr-inner '><span class=\"hr-inner-style\"><\/span><\/span><\/div>\n","protected":false},"excerpt":{"rendered":"","protected":false},"author":3,"featured_media":0,"parent":0,"menu_order":0,"comment_status":"open","ping_status":"open","template":"","meta":{"_acf_changed":false,"content-type":"","footnotes":""},"class_list":["post-11362","page","type-page","status-publish","hentry"],"acf":[],"yoast_head":"<!-- This site is optimized with the Yoast SEO plugin v23.6 - https:\/\/yoast.com\/wordpress\/plugins\/seo\/ -->\n<title>Englisch in der Personalentwicklung | Seminar<\/title>\n<meta name=\"description\" content=\"In unserem Seminar &quot;Englisch in der Personalentwicklung&quot; werden gezielt kommunikative und sprachliche F\u00e4higkeiten f\u00fcr die Personalentwicklung vermittelt.\" \/>\n<meta name=\"robots\" content=\"index, follow, max-snippet:-1, max-image-preview:large, max-video-preview:-1\" \/>\n<link rel=\"canonical\" href=\"https:\/\/www.targettraining.eu\/de\/englisch-in-der-personalentwicklung\/\" \/>\n<meta property=\"og:locale\" content=\"de_DE\" \/>\n<meta property=\"og:type\" content=\"article\" \/>\n<meta property=\"og:title\" content=\"Englisch in der Personalentwicklung | Seminar\" \/>\n<meta property=\"og:description\" content=\"In unserem Seminar &quot;Englisch in der Personalentwicklung&quot; werden gezielt kommunikative und sprachliche F\u00e4higkeiten f\u00fcr die Personalentwicklung vermittelt.\" \/>\n<meta property=\"og:url\" content=\"https:\/\/www.targettraining.eu\/de\/englisch-in-der-personalentwicklung\/\" \/>\n<meta property=\"og:site_name\" content=\"Target Training GmbH\" \/>\n<meta property=\"article:publisher\" content=\"https:\/\/www.facebook.com\/TargetTrainingGmbh\" \/>\n<meta property=\"article:modified_time\" content=\"2015-10-02T08:25:32+00:00\" \/>\n<meta property=\"og:image\" content=\"http:\/\/02086ee2.kundenrechner.net\/wp-content\/uploads\/2013\/08\/kb1-300x208.png\" \/>\n<meta name=\"twitter:label1\" content=\"Gesch\u00e4tzte Lesezeit\" \/>\n\t<meta name=\"twitter:data1\" content=\"2 Minuten\" \/>\n<script type=\"application\/ld+json\" class=\"yoast-schema-graph\">{\"@context\":\"https:\/\/schema.org\",\"@graph\":[{\"@type\":\"WebPage\",\"@id\":\"https:\/\/www.targettraining.eu\/de\/englisch-in-der-personalentwicklung\/\",\"url\":\"https:\/\/www.targettraining.eu\/de\/englisch-in-der-personalentwicklung\/\",\"name\":\"Englisch in der Personalentwicklung | Seminar\",\"isPartOf\":{\"@id\":\"https:\/\/www.targettraining.eu\/#website\"},\"primaryImageOfPage\":{\"@id\":\"https:\/\/www.targettraining.eu\/de\/englisch-in-der-personalentwicklung\/#primaryimage\"},\"image\":{\"@id\":\"https:\/\/www.targettraining.eu\/de\/englisch-in-der-personalentwicklung\/#primaryimage\"},\"thumbnailUrl\":\"http:\/\/02086ee2.kundenrechner.net\/wp-content\/uploads\/2013\/08\/kb1-300x208.png\",\"datePublished\":\"2015-07-26T11:59:58+00:00\",\"dateModified\":\"2015-10-02T08:25:32+00:00\",\"description\":\"In unserem Seminar \\\"Englisch in der Personalentwicklung\\\" werden gezielt kommunikative und sprachliche F\u00e4higkeiten f\u00fcr die Personalentwicklung vermittelt.\",\"breadcrumb\":{\"@id\":\"https:\/\/www.targettraining.eu\/de\/englisch-in-der-personalentwicklung\/#breadcrumb\"},\"inLanguage\":\"de-DE\",\"potentialAction\":[{\"@type\":\"ReadAction\",\"target\":[\"https:\/\/www.targettraining.eu\/de\/englisch-in-der-personalentwicklung\/\"]}]},{\"@type\":\"ImageObject\",\"inLanguage\":\"de-DE\",\"@id\":\"https:\/\/www.targettraining.eu\/de\/englisch-in-der-personalentwicklung\/#primaryimage\",\"url\":\"http:\/\/02086ee2.kundenrechner.net\/wp-content\/uploads\/2013\/08\/kb1-300x208.png\",\"contentUrl\":\"http:\/\/02086ee2.kundenrechner.net\/wp-content\/uploads\/2013\/08\/kb1-300x208.png\"},{\"@type\":\"BreadcrumbList\",\"@id\":\"https:\/\/www.targettraining.eu\/de\/englisch-in-der-personalentwicklung\/#breadcrumb\",\"itemListElement\":[{\"@type\":\"ListItem\",\"position\":1,\"name\":\"Home\",\"item\":\"https:\/\/www.targettraining.eu\/de\/\"},{\"@type\":\"ListItem\",\"position\":2,\"name\":\"Englisch in der Personalentwicklung\"}]},{\"@type\":\"WebSite\",\"@id\":\"https:\/\/www.targettraining.eu\/#website\",\"url\":\"https:\/\/www.targettraining.eu\/\",\"name\":\"Target Training GmbH\",\"description\":\"Training you to succeed globally\",\"publisher\":{\"@id\":\"https:\/\/www.targettraining.eu\/#organization\"},\"potentialAction\":[{\"@type\":\"SearchAction\",\"target\":{\"@type\":\"EntryPoint\",\"urlTemplate\":\"https:\/\/www.targettraining.eu\/?s={search_term_string}\"},\"query-input\":{\"@type\":\"PropertyValueSpecification\",\"valueRequired\":true,\"valueName\":\"search_term_string\"}}],\"inLanguage\":\"de-DE\"},{\"@type\":\"Organization\",\"@id\":\"https:\/\/www.targettraining.eu\/#organization\",\"name\":\"Target Training GmbH\",\"url\":\"https:\/\/www.targettraining.eu\/\",\"logo\":{\"@type\":\"ImageObject\",\"inLanguage\":\"de-DE\",\"@id\":\"https:\/\/www.targettraining.eu\/#\/schema\/logo\/image\/\",\"url\":\"https:\/\/www.targettraining.eu\/wp-content\/uploads\/2013\/04\/WP-logo2.png\",\"contentUrl\":\"https:\/\/www.targettraining.eu\/wp-content\/uploads\/2013\/04\/WP-logo2.png\",\"width\":103,\"height\":32,\"caption\":\"Target Training GmbH\"},\"image\":{\"@id\":\"https:\/\/www.targettraining.eu\/#\/schema\/logo\/image\/\"},\"sameAs\":[\"https:\/\/www.facebook.com\/TargetTrainingGmbh\",\"https:\/\/x.com\/TargetTrains\",\"https:\/\/www.youtube.com\/c\/TargettrainingEugmbh\"]}]}<\/script>\n<!-- \/ Yoast SEO plugin. -->","yoast_head_json":{"title":"Englisch in der Personalentwicklung | Seminar","description":"In unserem Seminar \"Englisch in der Personalentwicklung\" werden gezielt kommunikative und sprachliche F\u00e4higkeiten f\u00fcr die Personalentwicklung vermittelt.","robots":{"index":"index","follow":"follow","max-snippet":"max-snippet:-1","max-image-preview":"max-image-preview:large","max-video-preview":"max-video-preview:-1"},"canonical":"https:\/\/www.targettraining.eu\/de\/englisch-in-der-personalentwicklung\/","og_locale":"de_DE","og_type":"article","og_title":"Englisch in der Personalentwicklung | Seminar","og_description":"In unserem Seminar \"Englisch in der Personalentwicklung\" werden gezielt kommunikative und sprachliche F\u00e4higkeiten f\u00fcr die Personalentwicklung vermittelt.","og_url":"https:\/\/www.targettraining.eu\/de\/englisch-in-der-personalentwicklung\/","og_site_name":"Target Training GmbH","article_publisher":"https:\/\/www.facebook.com\/TargetTrainingGmbh","article_modified_time":"2015-10-02T08:25:32+00:00","og_image":[{"url":"http:\/\/02086ee2.kundenrechner.net\/wp-content\/uploads\/2013\/08\/kb1-300x208.png"}],"twitter_misc":{"Gesch\u00e4tzte Lesezeit":"2 Minuten"},"schema":{"@context":"https:\/\/schema.org","@graph":[{"@type":"WebPage","@id":"https:\/\/www.targettraining.eu\/de\/englisch-in-der-personalentwicklung\/","url":"https:\/\/www.targettraining.eu\/de\/englisch-in-der-personalentwicklung\/","name":"Englisch in der Personalentwicklung | Seminar","isPartOf":{"@id":"https:\/\/www.targettraining.eu\/#website"},"primaryImageOfPage":{"@id":"https:\/\/www.targettraining.eu\/de\/englisch-in-der-personalentwicklung\/#primaryimage"},"image":{"@id":"https:\/\/www.targettraining.eu\/de\/englisch-in-der-personalentwicklung\/#primaryimage"},"thumbnailUrl":"http:\/\/02086ee2.kundenrechner.net\/wp-content\/uploads\/2013\/08\/kb1-300x208.png","datePublished":"2015-07-26T11:59:58+00:00","dateModified":"2015-10-02T08:25:32+00:00","description":"In unserem Seminar \"Englisch in der Personalentwicklung\" werden gezielt kommunikative und sprachliche F\u00e4higkeiten f\u00fcr die Personalentwicklung vermittelt.","breadcrumb":{"@id":"https:\/\/www.targettraining.eu\/de\/englisch-in-der-personalentwicklung\/#breadcrumb"},"inLanguage":"de-DE","potentialAction":[{"@type":"ReadAction","target":["https:\/\/www.targettraining.eu\/de\/englisch-in-der-personalentwicklung\/"]}]},{"@type":"ImageObject","inLanguage":"de-DE","@id":"https:\/\/www.targettraining.eu\/de\/englisch-in-der-personalentwicklung\/#primaryimage","url":"http:\/\/02086ee2.kundenrechner.net\/wp-content\/uploads\/2013\/08\/kb1-300x208.png","contentUrl":"http:\/\/02086ee2.kundenrechner.net\/wp-content\/uploads\/2013\/08\/kb1-300x208.png"},{"@type":"BreadcrumbList","@id":"https:\/\/www.targettraining.eu\/de\/englisch-in-der-personalentwicklung\/#breadcrumb","itemListElement":[{"@type":"ListItem","position":1,"name":"Home","item":"https:\/\/www.targettraining.eu\/de\/"},{"@type":"ListItem","position":2,"name":"Englisch in der Personalentwicklung"}]},{"@type":"WebSite","@id":"https:\/\/www.targettraining.eu\/#website","url":"https:\/\/www.targettraining.eu\/","name":"Target Training GmbH","description":"Training you to succeed globally","publisher":{"@id":"https:\/\/www.targettraining.eu\/#organization"},"potentialAction":[{"@type":"SearchAction","target":{"@type":"EntryPoint","urlTemplate":"https:\/\/www.targettraining.eu\/?s={search_term_string}"},"query-input":{"@type":"PropertyValueSpecification","valueRequired":true,"valueName":"search_term_string"}}],"inLanguage":"de-DE"},{"@type":"Organization","@id":"https:\/\/www.targettraining.eu\/#organization","name":"Target Training GmbH","url":"https:\/\/www.targettraining.eu\/","logo":{"@type":"ImageObject","inLanguage":"de-DE","@id":"https:\/\/www.targettraining.eu\/#\/schema\/logo\/image\/","url":"https:\/\/www.targettraining.eu\/wp-content\/uploads\/2013\/04\/WP-logo2.png","contentUrl":"https:\/\/www.targettraining.eu\/wp-content\/uploads\/2013\/04\/WP-logo2.png","width":103,"height":32,"caption":"Target Training GmbH"},"image":{"@id":"https:\/\/www.targettraining.eu\/#\/schema\/logo\/image\/"},"sameAs":["https:\/\/www.facebook.com\/TargetTrainingGmbh","https:\/\/x.com\/TargetTrains","https:\/\/www.youtube.com\/c\/TargettrainingEugmbh"]}]}},"_links":{"self":[{"href":"https:\/\/www.targettraining.eu\/de\/wp-json\/wp\/v2\/pages\/11362\/"}],"collection":[{"href":"https:\/\/www.targettraining.eu\/de\/wp-json\/wp\/v2\/pages\/"}],"about":[{"href":"https:\/\/www.targettraining.eu\/de\/wp-json\/wp\/v2\/types\/page\/"}],"author":[{"embeddable":true,"href":"https:\/\/www.targettraining.eu\/de\/wp-json\/wp\/v2\/users\/3\/"}],"replies":[{"embeddable":true,"href":"https:\/\/www.targettraining.eu\/de\/wp-json\/wp\/v2\/comments\/?post=11362"}],"version-history":[{"count":9,"href":"https:\/\/www.targettraining.eu\/de\/wp-json\/wp\/v2\/pages\/11362\/revisions\/"}],"predecessor-version":[{"id":12793,"href":"https:\/\/www.targettraining.eu\/de\/wp-json\/wp\/v2\/pages\/11362\/revisions\/12793\/"}],"wp:attachment":[{"href":"https:\/\/www.targettraining.eu\/de\/wp-json\/wp\/v2\/media\/?parent=11362"}],"curies":[{"name":"wp","href":"https:\/\/api.w.org\/{rel}","templated":true}]}}