{"id":11366,"date":"2015-07-26T14:13:13","date_gmt":"2015-07-26T12:13:13","guid":{"rendered":"http:\/\/www.targettraining.eu\/?page_id=11366"},"modified":"2015-09-30T12:16:00","modified_gmt":"2015-09-30T10:16:00","slug":"business-englisch-fur-projektmanager","status":"publish","type":"page","link":"https:\/\/www.targettraining.eu\/de\/business-englisch-fur-projektmanager\/","title":{"rendered":"Englisch f\u00fcr Projektmanager"},"content":{"rendered":"<section  class='av_textblock_section av-av_textblock-0366cc7376be6c9e82a3e9cc8987b64f '   itemscope=\"itemscope\" itemtype=\"https:\/\/schema.org\/CreativeWork\" ><div class='avia_textblock'  itemprop=\"text\" ><h3 style=\"text-align: right;\"><span style=\"color: #888888;\">Business Englisch<\/span><\/h3>\n<\/div><\/section>\n\n<style type=\"text\/css\" data-created_by=\"avia_inline_auto\" id=\"style-css-av-av_hr-7148c96ad18338470e2200b4c17e1ba3\">\n#top .hr.hr-invisible.av-av_hr-7148c96ad18338470e2200b4c17e1ba3{\nheight:30px;\n}\n<\/style>\n<div  class='hr av-av_hr-7148c96ad18338470e2200b4c17e1ba3 hr-invisible  avia-builder-el-1  el_after_av_textblock  el_before_av_textblock '><span class='hr-inner '><span class=\"hr-inner-style\"><\/span><\/span><\/div>\n<section  class='av_textblock_section av-av_textblock-0366cc7376be6c9e82a3e9cc8987b64f '   itemscope=\"itemscope\" itemtype=\"https:\/\/schema.org\/CreativeWork\" ><div class='avia_textblock'  itemprop=\"text\" ><h1><strong>Englisch f\u00fcr Projektmanager<\/strong><\/h1>\n<h2>Branchen- und fachspezifisches Business Englisch | Seminar<\/h2>\n<p><strong>Projektmanager m\u00fcssen klar und selbstbewusst mit Kunden, Lieferanten und Kollegen auf allen Ebenen der\u00a0Projektverantwortung kommunizieren. Diese Trainingsl\u00f6sung &#8222;Business Englisch f\u00fcr Projektmanager&#8220; wurde entworfen, um die erforderlichen sprachlichen und kommunikativen F\u00e4higkeiten f\u00fcr Ihren Erfolg zu entwickeln, einzu\u00fcben und auf Ihre T\u00e4tigkeit zu \u00fcbertragen: Fristgerecht, im Rahmen des Budgets und im vertragsgem\u00e4\u00df vereinbarten Umfang.<\/strong><\/p>\n<h1><\/h1>\n<\/div><\/section>\n<div  class='flex_column av-av_one_half-2a9015ff38129c418a3f2eafba3e9512 av_one_half  avia-builder-el-3  el_after_av_textblock  el_before_av_one_half  first flex_column_div  column-top-margin'     ><section  class='av_textblock_section av-av_textblock-0366cc7376be6c9e82a3e9cc8987b64f '   itemscope=\"itemscope\" itemtype=\"https:\/\/schema.org\/CreativeWork\" ><div class='avia_textblock'  itemprop=\"text\" ><h3>Business Englisch f\u00fcr Projektmanager:\u00a0Top-Themen<\/h3>\n<ul>\n<li>Teambuilding<\/li>\n<li>Ein Projekt starten<\/li>\n<li>Pr\u00e4sentieren<\/li>\n<li>Projektplanung und Terminplanung<\/li>\n<li>Festlegung von Erwartungen und Rahmenbedingungen<\/li>\n<li>Diskussion und Klarstellung von Rollen, Verantwortlichkeiten und Rechenschaftspflichten<\/li>\n<li>Leitung von Meetings<\/li>\n<li>Mitarbeiter f\u00fchren: Beauftragen, delegieren und Feedback geben<\/li>\n<li>Umgang mit Konflikten: Zeit, Ressourcen und Menschen<\/li>\n<li>Kommunikation schlechter Nachrichten<\/li>\n<li>Kommunikation nach oben<\/li>\n<li>Anspr\u00fcche formulieren und Erweiterungen vorschlagen<\/li>\n<li>Bericht erstatten \u00fcber Projektstatus und Aktualisierungen<\/li>\n<li>Mit Vertr\u00e4gen arbeiten<\/li>\n<li>\u00c4nderungen kommunizieren<\/li>\n<li>Verhandeln<\/li>\n<li>Beeinflussen und \u00fcberzeugen quer durch die Projektmatrix<\/li>\n<li>Fernkommunikation (E-Mail, Telefon und kollaborative Technologien)<\/li>\n<li>Interkulturelle Kommunikation<\/li>\n<\/ul>\n<\/div><\/section><\/div>\n\n<style type=\"text\/css\" data-created_by=\"avia_inline_auto\" id=\"style-css-av-av_one_half-2a64de42b738552fe666ca889af77e28\">\n.flex_column.av-av_one_half-2a64de42b738552fe666ca889af77e28{\nborder-radius:0px 0px 0px 0px;\npadding:0px 0px 0px 0px;\n}\n<\/style>\n<div  class='flex_column av-av_one_half-2a64de42b738552fe666ca889af77e28 av_one_half  avia-builder-el-5  el_after_av_one_half  el_before_av_hr  flex_column_div av-zero-column-padding  column-top-margin'     ><p><section  class='av_textblock_section av-av_textblock-0366cc7376be6c9e82a3e9cc8987b64f '   itemscope=\"itemscope\" itemtype=\"https:\/\/schema.org\/CreativeWork\" ><div class='avia_textblock'  itemprop=\"text\" ><p><img loading=\"lazy\" decoding=\"async\" class=\"alignnone lazyload\" data-src=\"http:\/\/02086ee2.kundenrechner.net\/wp-content\/uploads\/2013\/08\/keith-300x208.png\" alt=\"Keith Billman Business Englisch f\u00fcr Projektmanager\" width=\"300\" height=\"208\" src=\"data:image\/gif;base64,R0lGODlhAQABAAAAACH5BAEKAAEALAAAAAABAAEAAAICTAEAOw==\" style=\"--smush-placeholder-width: 300px; --smush-placeholder-aspect-ratio: 300\/208;\" \/><noscript><img loading=\"lazy\" decoding=\"async\" class=\"alignnone\" src=\"http:\/\/02086ee2.kundenrechner.net\/wp-content\/uploads\/2013\/08\/keith-300x208.png\" alt=\"Keith Billman Business Englisch f\u00fcr Projektmanager\" width=\"300\" height=\"208\" \/><\/noscript><\/p>\n<\/div><\/section><br \/>\n<section  class='av_textblock_section av-av_textblock-0366cc7376be6c9e82a3e9cc8987b64f '   itemscope=\"itemscope\" itemtype=\"https:\/\/schema.org\/CreativeWork\" ><div class='avia_textblock'  itemprop=\"text\" ><p><em>&#8222;Handlungsspielr\u00e4ume, verf\u00fcgbare Zeit und Ressourcen auszubalancieren, kann schon in der eigenen Sprache schwer genug sein.\u00a0Wenn Sie jedoch Ergebnisse von Projektmitarbeitern aus anderen Kulturen in einer anderen Sprache ben\u00f6tigen, kann es richtig m\u00fchsam werden. Wir schauen uns die besten M\u00f6glichkeiten an, unsere Aufgaben durch den Einsatz der richtigen sprachlichen Mittel zu erledigen.&#8220;<\/em><\/p>\n<p><strong>Keith Billman<br \/>\n<\/strong><\/p>\n<\/div><\/section><br \/>\n<div  class='hr av-av_hr-d3021aff4e2c88ff75459fd6b3a45a12 hr-default'><span class='hr-inner '><span class=\"hr-inner-style\"><\/span><\/span><\/div><br \/>\n<section  class='av_textblock_section av-av_textblock-0366cc7376be6c9e82a3e9cc8987b64f '   itemscope=\"itemscope\" itemtype=\"https:\/\/schema.org\/CreativeWork\" ><div class='avia_textblock'  itemprop=\"text\" ><h3>Was ist das richtige Konzept f\u00fcr Sie?<\/h3>\n<ul>\n<li><strong>Training und Support on-the-job<\/strong><\/li>\n<li><strong>Betriebsinternes Training<\/strong><\/li>\n<li><strong>Seminare &amp; Workshops<\/strong><\/li>\n<li><strong>Coaching<\/strong><\/li>\n<li><strong>Blended Learning<\/strong><\/li>\n<\/ul>\n<\/div><\/section><\/p><\/div>\n<div  class='hr av-av_hr-d3021aff4e2c88ff75459fd6b3a45a12 hr-default'><span class='hr-inner '><span class=\"hr-inner-style\"><\/span><\/span><\/div>\n","protected":false},"excerpt":{"rendered":"","protected":false},"author":3,"featured_media":0,"parent":0,"menu_order":0,"comment_status":"open","ping_status":"open","template":"","meta":{"_acf_changed":false,"content-type":"","footnotes":""},"class_list":["post-11366","page","type-page","status-publish","hentry"],"acf":[],"yoast_head":"<!-- This site is optimized with the Yoast SEO plugin v23.6 - https:\/\/yoast.com\/wordpress\/plugins\/seo\/ -->\n<title>Englisch f\u00fcr Projektmanager | Seminar - Target Training<\/title>\n<meta name=\"description\" content=\"Das Seminar &quot;Englisch f\u00fcr Projektmanager&quot; vermittelt Schl\u00fcsselkompetenzen, um als Projektmanager im Berufsalltag international erfolgreich zu sein.\" \/>\n<meta name=\"robots\" content=\"index, follow, max-snippet:-1, max-image-preview:large, max-video-preview:-1\" \/>\n<link rel=\"canonical\" href=\"https:\/\/www.targettraining.eu\/de\/business-englisch-fur-projektmanager\/\" \/>\n<meta property=\"og:locale\" content=\"de_DE\" \/>\n<meta property=\"og:type\" content=\"article\" \/>\n<meta property=\"og:title\" content=\"Englisch f\u00fcr Projektmanager | Seminar - Target Training\" \/>\n<meta property=\"og:description\" content=\"Das Seminar &quot;Englisch f\u00fcr Projektmanager&quot; vermittelt Schl\u00fcsselkompetenzen, um als Projektmanager im Berufsalltag international erfolgreich zu sein.\" \/>\n<meta property=\"og:url\" content=\"https:\/\/www.targettraining.eu\/de\/business-englisch-fur-projektmanager\/\" \/>\n<meta property=\"og:site_name\" content=\"Target Training GmbH\" \/>\n<meta property=\"article:publisher\" content=\"https:\/\/www.facebook.com\/TargetTrainingGmbh\" \/>\n<meta property=\"article:modified_time\" content=\"2015-09-30T10:16:00+00:00\" \/>\n<meta property=\"og:image\" content=\"http:\/\/02086ee2.kundenrechner.net\/wp-content\/uploads\/2013\/08\/keith-300x208.png\" \/>\n<meta name=\"twitter:label1\" content=\"Gesch\u00e4tzte Lesezeit\" \/>\n\t<meta name=\"twitter:data1\" content=\"2 Minuten\" \/>\n<script type=\"application\/ld+json\" class=\"yoast-schema-graph\">{\"@context\":\"https:\/\/schema.org\",\"@graph\":[{\"@type\":\"WebPage\",\"@id\":\"https:\/\/www.targettraining.eu\/de\/business-englisch-fur-projektmanager\/\",\"url\":\"https:\/\/www.targettraining.eu\/de\/business-englisch-fur-projektmanager\/\",\"name\":\"Englisch f\u00fcr Projektmanager | Seminar - Target Training\",\"isPartOf\":{\"@id\":\"https:\/\/www.targettraining.eu\/#website\"},\"primaryImageOfPage\":{\"@id\":\"https:\/\/www.targettraining.eu\/de\/business-englisch-fur-projektmanager\/#primaryimage\"},\"image\":{\"@id\":\"https:\/\/www.targettraining.eu\/de\/business-englisch-fur-projektmanager\/#primaryimage\"},\"thumbnailUrl\":\"http:\/\/02086ee2.kundenrechner.net\/wp-content\/uploads\/2013\/08\/keith-300x208.png\",\"datePublished\":\"2015-07-26T12:13:13+00:00\",\"dateModified\":\"2015-09-30T10:16:00+00:00\",\"description\":\"Das Seminar \\\"Englisch f\u00fcr Projektmanager\\\" vermittelt Schl\u00fcsselkompetenzen, um als Projektmanager im Berufsalltag international erfolgreich zu sein.\",\"breadcrumb\":{\"@id\":\"https:\/\/www.targettraining.eu\/de\/business-englisch-fur-projektmanager\/#breadcrumb\"},\"inLanguage\":\"de-DE\",\"potentialAction\":[{\"@type\":\"ReadAction\",\"target\":[\"https:\/\/www.targettraining.eu\/de\/business-englisch-fur-projektmanager\/\"]}]},{\"@type\":\"ImageObject\",\"inLanguage\":\"de-DE\",\"@id\":\"https:\/\/www.targettraining.eu\/de\/business-englisch-fur-projektmanager\/#primaryimage\",\"url\":\"http:\/\/02086ee2.kundenrechner.net\/wp-content\/uploads\/2013\/08\/keith-300x208.png\",\"contentUrl\":\"http:\/\/02086ee2.kundenrechner.net\/wp-content\/uploads\/2013\/08\/keith-300x208.png\"},{\"@type\":\"BreadcrumbList\",\"@id\":\"https:\/\/www.targettraining.eu\/de\/business-englisch-fur-projektmanager\/#breadcrumb\",\"itemListElement\":[{\"@type\":\"ListItem\",\"position\":1,\"name\":\"Home\",\"item\":\"https:\/\/www.targettraining.eu\/de\/\"},{\"@type\":\"ListItem\",\"position\":2,\"name\":\"Englisch f\u00fcr Projektmanager\"}]},{\"@type\":\"WebSite\",\"@id\":\"https:\/\/www.targettraining.eu\/#website\",\"url\":\"https:\/\/www.targettraining.eu\/\",\"name\":\"Target Training GmbH\",\"description\":\"Training you to succeed globally\",\"publisher\":{\"@id\":\"https:\/\/www.targettraining.eu\/#organization\"},\"potentialAction\":[{\"@type\":\"SearchAction\",\"target\":{\"@type\":\"EntryPoint\",\"urlTemplate\":\"https:\/\/www.targettraining.eu\/?s={search_term_string}\"},\"query-input\":{\"@type\":\"PropertyValueSpecification\",\"valueRequired\":true,\"valueName\":\"search_term_string\"}}],\"inLanguage\":\"de-DE\"},{\"@type\":\"Organization\",\"@id\":\"https:\/\/www.targettraining.eu\/#organization\",\"name\":\"Target Training GmbH\",\"url\":\"https:\/\/www.targettraining.eu\/\",\"logo\":{\"@type\":\"ImageObject\",\"inLanguage\":\"de-DE\",\"@id\":\"https:\/\/www.targettraining.eu\/#\/schema\/logo\/image\/\",\"url\":\"https:\/\/www.targettraining.eu\/wp-content\/uploads\/2013\/04\/WP-logo2.png\",\"contentUrl\":\"https:\/\/www.targettraining.eu\/wp-content\/uploads\/2013\/04\/WP-logo2.png\",\"width\":103,\"height\":32,\"caption\":\"Target Training GmbH\"},\"image\":{\"@id\":\"https:\/\/www.targettraining.eu\/#\/schema\/logo\/image\/\"},\"sameAs\":[\"https:\/\/www.facebook.com\/TargetTrainingGmbh\",\"https:\/\/x.com\/TargetTrains\",\"https:\/\/www.youtube.com\/c\/TargettrainingEugmbh\"]}]}<\/script>\n<!-- \/ Yoast SEO plugin. -->","yoast_head_json":{"title":"Englisch f\u00fcr Projektmanager | Seminar - Target Training","description":"Das Seminar \"Englisch f\u00fcr Projektmanager\" vermittelt Schl\u00fcsselkompetenzen, um als Projektmanager im Berufsalltag international erfolgreich zu sein.","robots":{"index":"index","follow":"follow","max-snippet":"max-snippet:-1","max-image-preview":"max-image-preview:large","max-video-preview":"max-video-preview:-1"},"canonical":"https:\/\/www.targettraining.eu\/de\/business-englisch-fur-projektmanager\/","og_locale":"de_DE","og_type":"article","og_title":"Englisch f\u00fcr Projektmanager | Seminar - Target Training","og_description":"Das Seminar \"Englisch f\u00fcr Projektmanager\" vermittelt Schl\u00fcsselkompetenzen, um als Projektmanager im Berufsalltag international erfolgreich zu sein.","og_url":"https:\/\/www.targettraining.eu\/de\/business-englisch-fur-projektmanager\/","og_site_name":"Target Training GmbH","article_publisher":"https:\/\/www.facebook.com\/TargetTrainingGmbh","article_modified_time":"2015-09-30T10:16:00+00:00","og_image":[{"url":"http:\/\/02086ee2.kundenrechner.net\/wp-content\/uploads\/2013\/08\/keith-300x208.png"}],"twitter_misc":{"Gesch\u00e4tzte Lesezeit":"2 Minuten"},"schema":{"@context":"https:\/\/schema.org","@graph":[{"@type":"WebPage","@id":"https:\/\/www.targettraining.eu\/de\/business-englisch-fur-projektmanager\/","url":"https:\/\/www.targettraining.eu\/de\/business-englisch-fur-projektmanager\/","name":"Englisch f\u00fcr Projektmanager | Seminar - Target Training","isPartOf":{"@id":"https:\/\/www.targettraining.eu\/#website"},"primaryImageOfPage":{"@id":"https:\/\/www.targettraining.eu\/de\/business-englisch-fur-projektmanager\/#primaryimage"},"image":{"@id":"https:\/\/www.targettraining.eu\/de\/business-englisch-fur-projektmanager\/#primaryimage"},"thumbnailUrl":"http:\/\/02086ee2.kundenrechner.net\/wp-content\/uploads\/2013\/08\/keith-300x208.png","datePublished":"2015-07-26T12:13:13+00:00","dateModified":"2015-09-30T10:16:00+00:00","description":"Das Seminar \"Englisch f\u00fcr Projektmanager\" vermittelt Schl\u00fcsselkompetenzen, um als Projektmanager im Berufsalltag international erfolgreich zu sein.","breadcrumb":{"@id":"https:\/\/www.targettraining.eu\/de\/business-englisch-fur-projektmanager\/#breadcrumb"},"inLanguage":"de-DE","potentialAction":[{"@type":"ReadAction","target":["https:\/\/www.targettraining.eu\/de\/business-englisch-fur-projektmanager\/"]}]},{"@type":"ImageObject","inLanguage":"de-DE","@id":"https:\/\/www.targettraining.eu\/de\/business-englisch-fur-projektmanager\/#primaryimage","url":"http:\/\/02086ee2.kundenrechner.net\/wp-content\/uploads\/2013\/08\/keith-300x208.png","contentUrl":"http:\/\/02086ee2.kundenrechner.net\/wp-content\/uploads\/2013\/08\/keith-300x208.png"},{"@type":"BreadcrumbList","@id":"https:\/\/www.targettraining.eu\/de\/business-englisch-fur-projektmanager\/#breadcrumb","itemListElement":[{"@type":"ListItem","position":1,"name":"Home","item":"https:\/\/www.targettraining.eu\/de\/"},{"@type":"ListItem","position":2,"name":"Englisch f\u00fcr Projektmanager"}]},{"@type":"WebSite","@id":"https:\/\/www.targettraining.eu\/#website","url":"https:\/\/www.targettraining.eu\/","name":"Target Training GmbH","description":"Training you to succeed globally","publisher":{"@id":"https:\/\/www.targettraining.eu\/#organization"},"potentialAction":[{"@type":"SearchAction","target":{"@type":"EntryPoint","urlTemplate":"https:\/\/www.targettraining.eu\/?s={search_term_string}"},"query-input":{"@type":"PropertyValueSpecification","valueRequired":true,"valueName":"search_term_string"}}],"inLanguage":"de-DE"},{"@type":"Organization","@id":"https:\/\/www.targettraining.eu\/#organization","name":"Target Training GmbH","url":"https:\/\/www.targettraining.eu\/","logo":{"@type":"ImageObject","inLanguage":"de-DE","@id":"https:\/\/www.targettraining.eu\/#\/schema\/logo\/image\/","url":"https:\/\/www.targettraining.eu\/wp-content\/uploads\/2013\/04\/WP-logo2.png","contentUrl":"https:\/\/www.targettraining.eu\/wp-content\/uploads\/2013\/04\/WP-logo2.png","width":103,"height":32,"caption":"Target Training GmbH"},"image":{"@id":"https:\/\/www.targettraining.eu\/#\/schema\/logo\/image\/"},"sameAs":["https:\/\/www.facebook.com\/TargetTrainingGmbh","https:\/\/x.com\/TargetTrains","https:\/\/www.youtube.com\/c\/TargettrainingEugmbh"]}]}},"_links":{"self":[{"href":"https:\/\/www.targettraining.eu\/de\/wp-json\/wp\/v2\/pages\/11366\/"}],"collection":[{"href":"https:\/\/www.targettraining.eu\/de\/wp-json\/wp\/v2\/pages\/"}],"about":[{"href":"https:\/\/www.targettraining.eu\/de\/wp-json\/wp\/v2\/types\/page\/"}],"author":[{"embeddable":true,"href":"https:\/\/www.targettraining.eu\/de\/wp-json\/wp\/v2\/users\/3\/"}],"replies":[{"embeddable":true,"href":"https:\/\/www.targettraining.eu\/de\/wp-json\/wp\/v2\/comments\/?post=11366"}],"version-history":[{"count":4,"href":"https:\/\/www.targettraining.eu\/de\/wp-json\/wp\/v2\/pages\/11366\/revisions\/"}],"predecessor-version":[{"id":12735,"href":"https:\/\/www.targettraining.eu\/de\/wp-json\/wp\/v2\/pages\/11366\/revisions\/12735\/"}],"wp:attachment":[{"href":"https:\/\/www.targettraining.eu\/de\/wp-json\/wp\/v2\/media\/?parent=11366"}],"curies":[{"name":"wp","href":"https:\/\/api.w.org\/{rel}","templated":true}]}}