{"id":11422,"date":"2015-07-30T17:30:33","date_gmt":"2015-07-30T15:30:33","guid":{"rendered":"http:\/\/www.targettraining.eu\/?page_id=11422"},"modified":"2016-09-07T14:06:23","modified_gmt":"2016-09-07T12:06:23","slug":"der-werkzeugkasten-fur-erfolgreiches-management","status":"publish","type":"page","link":"https:\/\/www.targettraining.eu\/de\/der-werkzeugkasten-fur-erfolgreiches-management\/","title":{"rendered":"Der Werkzeugkasten f\u00fcr erfolgreiches Management"},"content":{"rendered":"<div  class='flex_column av-av_one_full-2a9015ff38129c418a3f2eafba3e9512 av_one_full  avia-builder-el-0  el_before_av_two_third  avia-builder-el-first  first flex_column_div  '     ><section  class='av_textblock_section av-av_textblock-0366cc7376be6c9e82a3e9cc8987b64f '   itemscope=\"itemscope\" itemtype=\"https:\/\/schema.org\/CreativeWork\" ><div class='avia_textblock'  itemprop=\"text\" ><h3 style=\"text-align: right;\"><span style=\"color: #888888;\">Soft Skills<\/span><\/h3>\n<\/div><\/section><br \/>\n<section  class='av_textblock_section av-av_textblock-0366cc7376be6c9e82a3e9cc8987b64f '   itemscope=\"itemscope\" itemtype=\"https:\/\/schema.org\/CreativeWork\" ><div class='avia_textblock'  itemprop=\"text\" ><h1>Der Werkzeugkasten f\u00fcr erfolgreiches Management<\/h1>\n<h2>F\u00fchrungsf\u00e4higkeiten | \u00a0Seminar<\/h2>\n<\/div><\/section><br \/>\n<section  class='av_textblock_section av-av_textblock-0366cc7376be6c9e82a3e9cc8987b64f '   itemscope=\"itemscope\" itemtype=\"https:\/\/schema.org\/CreativeWork\" ><div class='avia_textblock'  itemprop=\"text\" ><h1><img loading=\"lazy\" decoding=\"async\" class=\"alignnone lazyload\" data-src=\"http:\/\/02086ee2.kundenrechner.net\/wp-content\/uploads\/2013\/08\/a-practical-toolbox-for-new-managers-e1378383748280.jpg\" alt=\"Der Werkzeugkasten f\u00fcr erfolgreiches Management\" width=\"1029\" height=\"350\" src=\"data:image\/gif;base64,R0lGODlhAQABAAAAACH5BAEKAAEALAAAAAABAAEAAAICTAEAOw==\" style=\"--smush-placeholder-width: 1029px; --smush-placeholder-aspect-ratio: 1029\/350;\" \/><noscript><img loading=\"lazy\" decoding=\"async\" class=\"alignnone\" src=\"http:\/\/02086ee2.kundenrechner.net\/wp-content\/uploads\/2013\/08\/a-practical-toolbox-for-new-managers-e1378383748280.jpg\" alt=\"Der Werkzeugkasten f\u00fcr erfolgreiches Management\" width=\"1029\" height=\"350\" \/><\/noscript><\/h1>\n<\/div><\/section><\/p><\/div>\n<div  class='flex_column av-av_two_third-2a9015ff38129c418a3f2eafba3e9512 av_two_third first flex_column_div  '     ><section  class='av_textblock_section av-av_textblock-0366cc7376be6c9e82a3e9cc8987b64f '   itemscope=\"itemscope\" itemtype=\"https:\/\/schema.org\/CreativeWork\" ><div class='avia_textblock'  itemprop=\"text\" ><p><strong>Der \u00dcbergang in eine F\u00fchrungsposition oder Team-Leiter-Rolle erfordert neue Kenntnisse, F\u00e4higkeiten und Verhaltensweisen. Wie Marshall Goldsmith schrieb: &#8222;What you got here won&#8217;t get you there.&#8220; Durch den direkten Bezug zu Ihren eigenen Beispielen und die praktischen Erfahrungen und Einsichten des Trainers, garantiert Ihnen dieses Seminar ein sicheres Gef\u00fchl f\u00fcr Ihre erste F\u00fchrungsposition und die\u00a0Motivation in dieser Rolle Resultate mit der Hilfe Ihrer Mitarbeiter\u00a0abzuliefern.<\/strong><\/p>\n<h3>F\u00fcr wen ist es geeignet?<\/h3>\n<p>Das Seminar &#8222;F\u00e4higkeiten und Kenntnisse f\u00fcr die erste F\u00fchrungsposition&#8220; ist ein experimentelles Seminar f\u00fcr diejenigen, denen eine\u00a0Bef\u00f6rderung in eine F\u00fchrungsposition bevorsteht, die vor kurzem bef\u00f6rdert wurden oder seit bis zu drei Jahren in einer solchen Position arbeiten.<\/p>\n<h3>Was k\u00f6nnen Sie erwarten?<\/h3>\n<p>Bis zum Abschluss dieses Seminars haben Sie:<\/p>\n<ul>\n<li>die Schl\u00fcsselqualifikationen eines Managers durchdacht.<\/li>\n<li>Ihre Eigenwahrnehmung erh\u00f6ht, mit dem Ziel, einen eigenen Management-Stil zu entwickeln.<\/li>\n<li>praktische F\u00e4higkeiten f\u00fcr das Erreichen von Zielen, den Aufbau eines Teams und die Weiterentwicklung einzelner erlernt.<\/li>\n<li>Ihre pers\u00f6nliche Leistungsf\u00e4higkeit verbessert.<\/li>\n<li>sich darauf vorbereitet, das erlernte Training in die Tat umzusetzen.<\/li>\n<\/ul>\n<h3>Welchen Themen werden behandelt?<\/h3>\n<ul>\n<li>Identifizierung von F\u00e4higkeiten und Verhaltensweisen eines erfolgreichen Managers<\/li>\n<li>Reflektion und Auswertung der eigenen Pers\u00f6nlichkeit (SDI)<\/li>\n<li>Aufbau von Vertrauen und Glaubw\u00fcrdigkeit<\/li>\n<li>Aktionszentrierte F\u00fchrung<\/li>\n<li>Aufbau eines &#8222;emotionalen Bankkontos&#8220;<\/li>\n<li>Sch\u00e4rfung Ihrer Wirkung durch effektive Kommunikation<\/li>\n<li>Ziele setzen und Leistung sichern<\/li>\n<li>Produktives Feedback geben (das DESC und SOFA Modell)<\/li>\n<li>Beeinflussung anderer<\/li>\n<li>Effektivit\u00e4t und nicht nur Besch\u00e4ftigung<\/li>\n<li>Delegierung &#8211; was h\u00e4lt Sie zur\u00fcck?<\/li>\n<li>Ihre Rechte und Verantwortungen kennen &#8211; Durchsetzungsverm\u00f6gen bei der Arbeit<\/li>\n<\/ul>\n<\/div><\/section><\/div>\n\n<style type=\"text\/css\" data-created_by=\"avia_inline_auto\" id=\"style-css-av-av_one_third-2a64de42b738552fe666ca889af77e28\">\n.flex_column.av-av_one_third-2a64de42b738552fe666ca889af77e28{\nborder-radius:0px 0px 0px 0px;\npadding:0px 0px 0px 0px;\n}\n<\/style>\n<div  class='flex_column av-av_one_third-2a64de42b738552fe666ca889af77e28 av_one_third flex_column_div av-zero-column-padding  '     ><p>\n<style type=\"text\/css\" data-created_by=\"avia_inline_auto\" id=\"style-css-av-av_heading-9cf45dddb311ba3802125b9ca6562803\">\n#top .av-special-heading.av-av_heading-9cf45dddb311ba3802125b9ca6562803{\npadding-bottom:1px;\n}\nbody .av-special-heading.av-av_heading-9cf45dddb311ba3802125b9ca6562803 .av-special-heading-tag .heading-char{\nfont-size:25px;\n}\n.av-special-heading.av-av_heading-9cf45dddb311ba3802125b9ca6562803 .av-subheading{\nfont-size:10px;\n}\n<\/style>\n<div  class='av-special-heading av-av_heading-9cf45dddb311ba3802125b9ca6562803 av-special-heading-h6 meta-heading blockquote modern-quote'><h6 class='av-special-heading-tag'  itemprop=\"headline\"  >Teilnehmerbewertung<\/h6><div class=\"special-heading-border\"><div class=\"special-heading-inner-border\"><\/div><\/div><\/div><br \/>\n\n<style type=\"text\/css\" data-created_by=\"avia_inline_auto\" id=\"style-css-av-av_image-8d3f4b5b9b8e5f5f0c0843969ed058c1\">\n.avia-image-container.av-av_image-8d3f4b5b9b8e5f5f0c0843969ed058c1 img.avia_image{\nbox-shadow:none;\n}\n.avia-image-container.av-av_image-8d3f4b5b9b8e5f5f0c0843969ed058c1 .av-image-caption-overlay-center{\ncolor:#ffffff;\n}\n<\/style>\n<div  class='avia-image-container av-av_image-8d3f4b5b9b8e5f5f0c0843969ed058c1 av-styling- avia-align-left  avia-builder-el-3  el_after_av_textblock  avia-builder-el-last '   itemprop=\"image\" itemscope=\"itemscope\" itemtype=\"https:\/\/schema.org\/ImageObject\" ><div class=\"avia-image-container-inner\"><div class=\"avia-image-overlay-wrap\"><img decoding=\"async\" fetchpriority=\"high\" class='avia-img-lazy-loading-not- avia_image ' src=\"http:\/\/02086ee2.kundenrechner.net\/wp-content\/uploads\/2013\/08\/stars-4-three-quarters.bmp\" alt='' title=''   itemprop=\"thumbnailUrl\"  \/><\/div><\/div><\/div><br \/>\n<div  class='hr av-av_hr-d3021aff4e2c88ff75459fd6b3a45a12 hr-default'><span class='hr-inner '><span class=\"hr-inner-style\"><\/span><\/span><\/div><br \/>\n<section  class='av_textblock_section av-av_textblock-0366cc7376be6c9e82a3e9cc8987b64f '   itemscope=\"itemscope\" itemtype=\"https:\/\/schema.org\/CreativeWork\" ><div class='avia_textblock'  itemprop=\"text\" ><ul>\n<li><strong>Dauer:<\/strong> 2\u00a0Tage<\/li>\n<li><strong>Kosten:<\/strong>\u00a0 3540 \u20ac<\/li>\n<\/ul>\n<\/div><\/section><br \/>\n<div  class='hr av-av_hr-d3021aff4e2c88ff75459fd6b3a45a12 hr-default'><span class='hr-inner '><span class=\"hr-inner-style\"><\/span><\/span><\/div><br \/>\n<section  class='av_textblock_section av-av_textblock-0366cc7376be6c9e82a3e9cc8987b64f '   itemscope=\"itemscope\" itemtype=\"https:\/\/schema.org\/CreativeWork\" ><div class='avia_textblock'  itemprop=\"text\" ><p><strong>Was Teilnehmer sagen&#8230;<\/strong><\/p>\n<p>&#8222;Sehr n\u00fctzlich f\u00fcr meine allt\u00e4gliche Arbeit. Sehr klar strukturiert und eine gute Ausgewogenheit zwischen Theorie und Praxis.&#8220;<\/p>\n<p><em>&#8222;Ich fand das Training sehr motivierend. Ich habe jetzt das Gef\u00fchl, dass ich mich gut schlage und ich wei\u00df, worauf ich mich konzentrieren muss. Die praktischen und manchmal stressigen L\u00f6sungen f\u00fcr Probleme waren sehr n\u00fctzlich!&#8220;<\/em><\/p>\n<p>&#8222;Meiner Meinung nach waren das Training und die Trainer exzellent. Ich habe konkrete Beispiele, die ich in meinen Beziehungen auf der Arbeit anwenden kann.&#8220;<\/p>\n<p><em>&#8222;Sehr viel wirklich n\u00fctzliche Informationen in einer kurzen Zeit. Ich w\u00fcnschte, ich h\u00e4tte an diesem Training schon vor sechs Monaten teilgenommen, als ich Abteilungsleiter wurde.&#8220;<\/em><\/p>\n<\/div><\/section><br \/>\n<div  class='hr av-av_hr-d3021aff4e2c88ff75459fd6b3a45a12 hr-default'><span class='hr-inner '><span class=\"hr-inner-style\"><\/span><\/span><\/div><\/p><\/div><div  class='hr av-av_hr-d3021aff4e2c88ff75459fd6b3a45a12 hr-default'><span class='hr-inner '><span class=\"hr-inner-style\"><\/span><\/span><\/div><\/p>\n<div  class='avia-content-slider-element-container av-av_content_slider-786019a9caf5d6b6fa4f545f08f53690 avia-content-slider-element-slider avia-content-slider avia-smallarrow-slider avia-content-slider-active avia-content-slider-odd av-slideshow-ui av-control-default av-nav-arrows-visible av-nav-dots-visible av-no-slider-navigation av-slideshow-manual av-loop-once av-loop-manual-endless avia-content-slider1' data-slideshow-options=\"{&quot;animation&quot;:&quot;slide&quot;,&quot;autoplay&quot;:false,&quot;loop_autoplay&quot;:&quot;once&quot;,&quot;interval&quot;:5,&quot;loop_manual&quot;:&quot;manual-endless&quot;,&quot;autoplay_stopper&quot;:false,&quot;noNavigation&quot;:false,&quot;bg_slider&quot;:false,&quot;keep_padding&quot;:&quot;&quot;,&quot;hoverpause&quot;:false,&quot;show_slide_delay&quot;:30}\"><div class='avia-smallarrow-slider-heading '><div class='new-special-heading'><h3 class=''>Das k\u00f6nnte Sie auch interessieren<\/h3><\/div><\/div><div class=\"avia-content-slider-inner\"><div class=\"slide-entry-wrap\"><section class='slide-entry av-av_content_slide-73046fd93222c7a8fe03608ae4931bf5 flex_column av_one_third post-entry slide-entry-overview slide-loop-1 slide-parity-odd  first'  itemscope=\"itemscope\" itemtype=\"https:\/\/schema.org\/CreativeWork\" ><h3 class='slide-entry-title entry-title '  itemprop=\"headline\" ><a href='https:\/\/www.targettraining.eu\/de\/ergebnisorientiertes-delegieren\/'  title='Ergebnisorientiertes Delegieren'>Ergebnisorientiertes Delegieren<\/a><\/h3><div class='slide-entry-excerpt entry-content'  itemprop=\"text\" ><p><img loading=\"lazy\" decoding=\"async\" class=\"alignnone lazyload\" data-src=\"http:\/\/02086ee2.kundenrechner.net\/wp-content\/uploads\/2013\/09\/delegating-for-results.jpg\" alt=\"Ergebnisorientiertes Delegieren\" width=\"1281\" height=\"587\" src=\"data:image\/gif;base64,R0lGODlhAQABAAAAACH5BAEKAAEALAAAAAABAAEAAAICTAEAOw==\" style=\"--smush-placeholder-width: 1281px; --smush-placeholder-aspect-ratio: 1281\/587;\" \/><noscript><img loading=\"lazy\" decoding=\"async\" class=\"alignnone\" src=\"http:\/\/02086ee2.kundenrechner.net\/wp-content\/uploads\/2013\/09\/delegating-for-results.jpg\" alt=\"Ergebnisorientiertes Delegieren\" width=\"1281\" height=\"587\" \/><\/noscript><br \/>\nAufgaben und Verantwortung abzugeben ist eine der gr\u00f6\u00dften Schwierigkeiten f\u00fcr neue Manager oder Teamleiter. Ist es nicht\u00a0auch einfacher und schneller, wenn Sie es selbst erledigen? Und Sie wissen ja auch, dass Ihr Team sehr besch\u00e4ftigt ist, richtig? Das Seminar &#8222;F\u00fchren und delegieren auf Englisch&#8220; umfasst ein Delegationstraining, das Ihnen vermittelt, wie Sie Aufgaben gezielt verteilen. Das Ziel ist es Vermutungen zu hinterfragen, H\u00fcrden zu \u00fcberwinden und einen Aktionsplan aufzustellen und so Ihren Einfluss und den Einfluss Ihres Teams auf den Unternehmensfortschritt\u00a0zu erh\u00f6hen.<\/p>\n<\/div><\/section><section class='slide-entry av-av_content_slide-9079e8881d352857b1164124a2f56226 flex_column av_one_third post-entry slide-entry-overview slide-loop-2 slide-parity-even  '  itemscope=\"itemscope\" itemtype=\"https:\/\/schema.org\/CreativeWork\" ><h3 class='slide-entry-title entry-title '  itemprop=\"headline\" ><a href='https:\/\/www.targettraining.eu\/de\/selbstmanagement-und-zeitmanagement\/'  title='Selbstmanagement und Zeitmanagement'>Selbstmanagement und Zeitmanagement<\/a><\/h3><div class='slide-entry-excerpt entry-content'  itemprop=\"text\" ><p><a href=\"https:\/\/www.targettraining.eu\/de\/selbstmanagement-und-zeitmanagement\/?lang=de\"><img loading=\"lazy\" decoding=\"async\" class=\"alignnone wp-image-3339 size-medium lazyload\" data-src=\"https:\/\/www.targettraining.eu\/wp-content\/uploads\/2013\/08\/Self-efficiency-e1378804196861-300x98.jpg\" alt=\"Selbstmanagement und Zeitmanagement\" width=\"300\" height=\"98\" src=\"data:image\/gif;base64,R0lGODlhAQABAAAAACH5BAEKAAEALAAAAAABAAEAAAICTAEAOw==\" style=\"--smush-placeholder-width: 300px; --smush-placeholder-aspect-ratio: 300\/98;\" \/><noscript><img loading=\"lazy\" decoding=\"async\" class=\"alignnone wp-image-3339 size-medium\" src=\"https:\/\/www.targettraining.eu\/wp-content\/uploads\/2013\/08\/Self-efficiency-e1378804196861-300x98.jpg\" alt=\"Selbstmanagement und Zeitmanagement\" width=\"300\" height=\"98\" \/><\/noscript><\/a><\/p>\n<p>Verlassen Sie h\u00e4ufig m\u00fcde und ausgelastet Ihre Arbeitsstelle, ohne zu wissen, was Sie genau gemacht haben? Sind Sie frustriert, weil Sie sich leicht von den falschen Dingen oder durch andere ablenken lassen? Haben Sie Schwierigkeiten Ihre Priorit\u00e4ten in einem hektischen Umfeld zu bewahren?<\/p>\n<\/div><\/section><section class='slide-entry av-av_content_slide-638a227cceb33d5770ce9718ccc355eb flex_column av_one_third post-entry slide-entry-overview slide-loop-3 slide-parity-odd  post-entry-last  '  itemscope=\"itemscope\" itemtype=\"https:\/\/schema.org\/CreativeWork\" ><h3 class='slide-entry-title entry-title '  itemprop=\"headline\" ><a href='https:\/\/www.targettraining.eu\/de\/erfolgreiches-konfliktmanagement\/'  title='Erfolgreiches Konfliktmanagement'>Erfolgreiches Konfliktmanagement<\/a><\/h3><div class='slide-entry-excerpt entry-content'  itemprop=\"text\" ><p><img loading=\"lazy\" decoding=\"async\" class=\"alignnone lazyload\" data-src=\"http:\/\/02086ee2.kundenrechner.net\/wp-content\/uploads\/2013\/08\/Managing-Conflict-1-1030x360.jpg\" alt=\"Erfolgreiches Konfliktmanagement\" width=\"1030\" height=\"360\" src=\"data:image\/gif;base64,R0lGODlhAQABAAAAACH5BAEKAAEALAAAAAABAAEAAAICTAEAOw==\" style=\"--smush-placeholder-width: 1030px; --smush-placeholder-aspect-ratio: 1030\/360;\" \/><noscript><img loading=\"lazy\" decoding=\"async\" class=\"alignnone\" src=\"http:\/\/02086ee2.kundenrechner.net\/wp-content\/uploads\/2013\/08\/Managing-Conflict-1-1030x360.jpg\" alt=\"Erfolgreiches Konfliktmanagement\" width=\"1030\" height=\"360\" \/><\/noscript><br \/>\nIn der sich rasant wandelnden Arbeitswelt von heute k\u00f6nnen stets Konflikte um Ressourcen, Kulturen,\u00a0Priorit\u00e4ten oder individuelle Charaktereigenschaften auftreten. Dieser Workshop vermittelt Ihnen hilfreiche\u00a0Strategien um Konflikte zu erkennen, mit ihnen umzugehen und sie schnell und effektiv zu l\u00f6sen, damit\u00a0Sie sich wieder auf Ihre eigentlichen Aufgaben konzentrieren k\u00f6nnen.<\/p>\n<\/div><\/section><\/div><\/div><\/div>\n","protected":false},"excerpt":{"rendered":"","protected":false},"author":3,"featured_media":0,"parent":0,"menu_order":0,"comment_status":"open","ping_status":"open","template":"","meta":{"_acf_changed":false,"content-type":"","footnotes":""},"class_list":["post-11422","page","type-page","status-publish","hentry"],"acf":[],"yoast_head":"<!-- This site is optimized with the Yoast SEO plugin v23.6 - https:\/\/yoast.com\/wordpress\/plugins\/seo\/ -->\n<title>Der Werkzeugkasten f\u00fcr erfolgreiches Management<\/title>\n<meta name=\"description\" content=\"Im Seminar &quot;Der Werkzeugkasten f\u00fcr erfolgreiches Management&quot; lernen neue oder angehende F\u00fchrungskr\u00e4fte n\u00fctzliche Tipps f\u00fcr Ihre Manager-Position.\" \/>\n<meta name=\"robots\" content=\"index, follow, max-snippet:-1, max-image-preview:large, max-video-preview:-1\" \/>\n<link rel=\"canonical\" href=\"https:\/\/www.targettraining.eu\/de\/der-werkzeugkasten-fur-erfolgreiches-management\/\" \/>\n<meta property=\"og:locale\" content=\"de_DE\" \/>\n<meta property=\"og:type\" content=\"article\" \/>\n<meta property=\"og:title\" content=\"Der Werkzeugkasten f\u00fcr erfolgreiches Management\" \/>\n<meta property=\"og:description\" content=\"Im Seminar &quot;Der Werkzeugkasten f\u00fcr erfolgreiches Management&quot; lernen neue oder angehende F\u00fchrungskr\u00e4fte n\u00fctzliche Tipps f\u00fcr Ihre Manager-Position.\" \/>\n<meta property=\"og:url\" content=\"https:\/\/www.targettraining.eu\/de\/der-werkzeugkasten-fur-erfolgreiches-management\/\" \/>\n<meta property=\"og:site_name\" content=\"Target Training GmbH\" \/>\n<meta property=\"article:publisher\" content=\"https:\/\/www.facebook.com\/TargetTrainingGmbh\" \/>\n<meta property=\"article:modified_time\" content=\"2016-09-07T12:06:23+00:00\" \/>\n<meta property=\"og:image\" content=\"http:\/\/02086ee2.kundenrechner.net\/wp-content\/uploads\/2013\/08\/a-practical-toolbox-for-new-managers-e1378383748280.jpg\" \/>\n<meta name=\"twitter:label1\" content=\"Gesch\u00e4tzte Lesezeit\" \/>\n\t<meta name=\"twitter:data1\" content=\"4 Minuten\" \/>\n<script type=\"application\/ld+json\" class=\"yoast-schema-graph\">{\"@context\":\"https:\/\/schema.org\",\"@graph\":[{\"@type\":\"WebPage\",\"@id\":\"https:\/\/www.targettraining.eu\/de\/der-werkzeugkasten-fur-erfolgreiches-management\/\",\"url\":\"https:\/\/www.targettraining.eu\/de\/der-werkzeugkasten-fur-erfolgreiches-management\/\",\"name\":\"Der Werkzeugkasten f\u00fcr erfolgreiches Management\",\"isPartOf\":{\"@id\":\"https:\/\/www.targettraining.eu\/#website\"},\"primaryImageOfPage\":{\"@id\":\"https:\/\/www.targettraining.eu\/de\/der-werkzeugkasten-fur-erfolgreiches-management\/#primaryimage\"},\"image\":{\"@id\":\"https:\/\/www.targettraining.eu\/de\/der-werkzeugkasten-fur-erfolgreiches-management\/#primaryimage\"},\"thumbnailUrl\":\"http:\/\/02086ee2.kundenrechner.net\/wp-content\/uploads\/2013\/08\/a-practical-toolbox-for-new-managers-e1378383748280.jpg\",\"datePublished\":\"2015-07-30T15:30:33+00:00\",\"dateModified\":\"2016-09-07T12:06:23+00:00\",\"description\":\"Im Seminar \\\"Der Werkzeugkasten f\u00fcr erfolgreiches Management\\\" lernen neue oder angehende F\u00fchrungskr\u00e4fte n\u00fctzliche Tipps f\u00fcr Ihre Manager-Position.\",\"breadcrumb\":{\"@id\":\"https:\/\/www.targettraining.eu\/de\/der-werkzeugkasten-fur-erfolgreiches-management\/#breadcrumb\"},\"inLanguage\":\"de-DE\",\"potentialAction\":[{\"@type\":\"ReadAction\",\"target\":[\"https:\/\/www.targettraining.eu\/de\/der-werkzeugkasten-fur-erfolgreiches-management\/\"]}]},{\"@type\":\"ImageObject\",\"inLanguage\":\"de-DE\",\"@id\":\"https:\/\/www.targettraining.eu\/de\/der-werkzeugkasten-fur-erfolgreiches-management\/#primaryimage\",\"url\":\"http:\/\/02086ee2.kundenrechner.net\/wp-content\/uploads\/2013\/08\/a-practical-toolbox-for-new-managers-e1378383748280.jpg\",\"contentUrl\":\"http:\/\/02086ee2.kundenrechner.net\/wp-content\/uploads\/2013\/08\/a-practical-toolbox-for-new-managers-e1378383748280.jpg\"},{\"@type\":\"BreadcrumbList\",\"@id\":\"https:\/\/www.targettraining.eu\/de\/der-werkzeugkasten-fur-erfolgreiches-management\/#breadcrumb\",\"itemListElement\":[{\"@type\":\"ListItem\",\"position\":1,\"name\":\"Home\",\"item\":\"https:\/\/www.targettraining.eu\/de\/\"},{\"@type\":\"ListItem\",\"position\":2,\"name\":\"Der Werkzeugkasten f\u00fcr erfolgreiches Management\"}]},{\"@type\":\"WebSite\",\"@id\":\"https:\/\/www.targettraining.eu\/#website\",\"url\":\"https:\/\/www.targettraining.eu\/\",\"name\":\"Target Training GmbH\",\"description\":\"Training you to succeed globally\",\"publisher\":{\"@id\":\"https:\/\/www.targettraining.eu\/#organization\"},\"potentialAction\":[{\"@type\":\"SearchAction\",\"target\":{\"@type\":\"EntryPoint\",\"urlTemplate\":\"https:\/\/www.targettraining.eu\/?s={search_term_string}\"},\"query-input\":{\"@type\":\"PropertyValueSpecification\",\"valueRequired\":true,\"valueName\":\"search_term_string\"}}],\"inLanguage\":\"de-DE\"},{\"@type\":\"Organization\",\"@id\":\"https:\/\/www.targettraining.eu\/#organization\",\"name\":\"Target Training GmbH\",\"url\":\"https:\/\/www.targettraining.eu\/\",\"logo\":{\"@type\":\"ImageObject\",\"inLanguage\":\"de-DE\",\"@id\":\"https:\/\/www.targettraining.eu\/#\/schema\/logo\/image\/\",\"url\":\"https:\/\/www.targettraining.eu\/wp-content\/uploads\/2013\/04\/WP-logo2.png\",\"contentUrl\":\"https:\/\/www.targettraining.eu\/wp-content\/uploads\/2013\/04\/WP-logo2.png\",\"width\":103,\"height\":32,\"caption\":\"Target Training GmbH\"},\"image\":{\"@id\":\"https:\/\/www.targettraining.eu\/#\/schema\/logo\/image\/\"},\"sameAs\":[\"https:\/\/www.facebook.com\/TargetTrainingGmbh\",\"https:\/\/x.com\/TargetTrains\",\"https:\/\/www.youtube.com\/c\/TargettrainingEugmbh\"]}]}<\/script>\n<!-- \/ Yoast SEO plugin. -->","yoast_head_json":{"title":"Der Werkzeugkasten f\u00fcr erfolgreiches Management","description":"Im Seminar \"Der Werkzeugkasten f\u00fcr erfolgreiches Management\" lernen neue oder angehende F\u00fchrungskr\u00e4fte n\u00fctzliche Tipps f\u00fcr Ihre Manager-Position.","robots":{"index":"index","follow":"follow","max-snippet":"max-snippet:-1","max-image-preview":"max-image-preview:large","max-video-preview":"max-video-preview:-1"},"canonical":"https:\/\/www.targettraining.eu\/de\/der-werkzeugkasten-fur-erfolgreiches-management\/","og_locale":"de_DE","og_type":"article","og_title":"Der Werkzeugkasten f\u00fcr erfolgreiches Management","og_description":"Im Seminar \"Der Werkzeugkasten f\u00fcr erfolgreiches Management\" lernen neue oder angehende F\u00fchrungskr\u00e4fte n\u00fctzliche Tipps f\u00fcr Ihre Manager-Position.","og_url":"https:\/\/www.targettraining.eu\/de\/der-werkzeugkasten-fur-erfolgreiches-management\/","og_site_name":"Target Training GmbH","article_publisher":"https:\/\/www.facebook.com\/TargetTrainingGmbh","article_modified_time":"2016-09-07T12:06:23+00:00","og_image":[{"url":"http:\/\/02086ee2.kundenrechner.net\/wp-content\/uploads\/2013\/08\/a-practical-toolbox-for-new-managers-e1378383748280.jpg"}],"twitter_misc":{"Gesch\u00e4tzte Lesezeit":"4 Minuten"},"schema":{"@context":"https:\/\/schema.org","@graph":[{"@type":"WebPage","@id":"https:\/\/www.targettraining.eu\/de\/der-werkzeugkasten-fur-erfolgreiches-management\/","url":"https:\/\/www.targettraining.eu\/de\/der-werkzeugkasten-fur-erfolgreiches-management\/","name":"Der Werkzeugkasten f\u00fcr erfolgreiches Management","isPartOf":{"@id":"https:\/\/www.targettraining.eu\/#website"},"primaryImageOfPage":{"@id":"https:\/\/www.targettraining.eu\/de\/der-werkzeugkasten-fur-erfolgreiches-management\/#primaryimage"},"image":{"@id":"https:\/\/www.targettraining.eu\/de\/der-werkzeugkasten-fur-erfolgreiches-management\/#primaryimage"},"thumbnailUrl":"http:\/\/02086ee2.kundenrechner.net\/wp-content\/uploads\/2013\/08\/a-practical-toolbox-for-new-managers-e1378383748280.jpg","datePublished":"2015-07-30T15:30:33+00:00","dateModified":"2016-09-07T12:06:23+00:00","description":"Im Seminar \"Der Werkzeugkasten f\u00fcr erfolgreiches Management\" lernen neue oder angehende F\u00fchrungskr\u00e4fte n\u00fctzliche Tipps f\u00fcr Ihre Manager-Position.","breadcrumb":{"@id":"https:\/\/www.targettraining.eu\/de\/der-werkzeugkasten-fur-erfolgreiches-management\/#breadcrumb"},"inLanguage":"de-DE","potentialAction":[{"@type":"ReadAction","target":["https:\/\/www.targettraining.eu\/de\/der-werkzeugkasten-fur-erfolgreiches-management\/"]}]},{"@type":"ImageObject","inLanguage":"de-DE","@id":"https:\/\/www.targettraining.eu\/de\/der-werkzeugkasten-fur-erfolgreiches-management\/#primaryimage","url":"http:\/\/02086ee2.kundenrechner.net\/wp-content\/uploads\/2013\/08\/a-practical-toolbox-for-new-managers-e1378383748280.jpg","contentUrl":"http:\/\/02086ee2.kundenrechner.net\/wp-content\/uploads\/2013\/08\/a-practical-toolbox-for-new-managers-e1378383748280.jpg"},{"@type":"BreadcrumbList","@id":"https:\/\/www.targettraining.eu\/de\/der-werkzeugkasten-fur-erfolgreiches-management\/#breadcrumb","itemListElement":[{"@type":"ListItem","position":1,"name":"Home","item":"https:\/\/www.targettraining.eu\/de\/"},{"@type":"ListItem","position":2,"name":"Der Werkzeugkasten f\u00fcr erfolgreiches Management"}]},{"@type":"WebSite","@id":"https:\/\/www.targettraining.eu\/#website","url":"https:\/\/www.targettraining.eu\/","name":"Target Training GmbH","description":"Training you to succeed globally","publisher":{"@id":"https:\/\/www.targettraining.eu\/#organization"},"potentialAction":[{"@type":"SearchAction","target":{"@type":"EntryPoint","urlTemplate":"https:\/\/www.targettraining.eu\/?s={search_term_string}"},"query-input":{"@type":"PropertyValueSpecification","valueRequired":true,"valueName":"search_term_string"}}],"inLanguage":"de-DE"},{"@type":"Organization","@id":"https:\/\/www.targettraining.eu\/#organization","name":"Target Training GmbH","url":"https:\/\/www.targettraining.eu\/","logo":{"@type":"ImageObject","inLanguage":"de-DE","@id":"https:\/\/www.targettraining.eu\/#\/schema\/logo\/image\/","url":"https:\/\/www.targettraining.eu\/wp-content\/uploads\/2013\/04\/WP-logo2.png","contentUrl":"https:\/\/www.targettraining.eu\/wp-content\/uploads\/2013\/04\/WP-logo2.png","width":103,"height":32,"caption":"Target Training GmbH"},"image":{"@id":"https:\/\/www.targettraining.eu\/#\/schema\/logo\/image\/"},"sameAs":["https:\/\/www.facebook.com\/TargetTrainingGmbh","https:\/\/x.com\/TargetTrains","https:\/\/www.youtube.com\/c\/TargettrainingEugmbh"]}]}},"_links":{"self":[{"href":"https:\/\/www.targettraining.eu\/de\/wp-json\/wp\/v2\/pages\/11422\/"}],"collection":[{"href":"https:\/\/www.targettraining.eu\/de\/wp-json\/wp\/v2\/pages\/"}],"about":[{"href":"https:\/\/www.targettraining.eu\/de\/wp-json\/wp\/v2\/types\/page\/"}],"author":[{"embeddable":true,"href":"https:\/\/www.targettraining.eu\/de\/wp-json\/wp\/v2\/users\/3\/"}],"replies":[{"embeddable":true,"href":"https:\/\/www.targettraining.eu\/de\/wp-json\/wp\/v2\/comments\/?post=11422"}],"version-history":[{"count":15,"href":"https:\/\/www.targettraining.eu\/de\/wp-json\/wp\/v2\/pages\/11422\/revisions\/"}],"predecessor-version":[{"id":14885,"href":"https:\/\/www.targettraining.eu\/de\/wp-json\/wp\/v2\/pages\/11422\/revisions\/14885\/"}],"wp:attachment":[{"href":"https:\/\/www.targettraining.eu\/de\/wp-json\/wp\/v2\/media\/?parent=11422"}],"curies":[{"name":"wp","href":"https:\/\/api.w.org\/{rel}","templated":true}]}}