{"id":11437,"date":"2015-07-31T11:49:45","date_gmt":"2015-07-31T09:49:45","guid":{"rendered":"http:\/\/www.targettraining.eu\/?page_id=11437"},"modified":"2015-08-26T15:11:37","modified_gmt":"2015-08-26T13:11:37","slug":"ebook-making-the-most-of-your-training-investment","status":"publish","type":"page","link":"https:\/\/www.targettraining.eu\/de\/ebook-making-the-most-of-your-training-investment\/","title":{"rendered":"Ebook &#8222;Making the most of your training investment&#8220;"},"content":{"rendered":"<div  class='flex_column av-av_one_full-2a9015ff38129c418a3f2eafba3e9512 av_one_full  avia-builder-el-0  el_before_av_one_half  avia-builder-el-first  first flex_column_div  '     ><section  class='av_textblock_section av-av_textblock-0366cc7376be6c9e82a3e9cc8987b64f '   itemscope=\"itemscope\" itemtype=\"https:\/\/schema.org\/CreativeWork\" ><div class='avia_textblock'  itemprop=\"text\" ><h1 style=\"text-align: center;\"><span style=\"color: #0070c0;\">Kostenloses Ebook<\/span> &#8211; Making the most of your training investment<\/h1>\n<\/div><\/section><br \/>\n<div  class='hr av-av_hr-c69e1af1bad63c3964cc522caf796498 hr-short  avia-builder-el-2  el_after_av_textblock  avia-builder-el-last  hr-center'><span class='hr-inner '><span class=\"hr-inner-style\"><\/span><\/span><\/div><\/p><\/div>\n<div  class='flex_column av-av_one_half-2a9015ff38129c418a3f2eafba3e9512 av_one_half  avia-builder-el-3  el_after_av_one_full  el_before_av_one_half  first flex_column_div  column-top-margin'     ><section  class='av_textblock_section av-av_textblock-0366cc7376be6c9e82a3e9cc8987b64f '   itemscope=\"itemscope\" itemtype=\"https:\/\/schema.org\/CreativeWork\" ><div class='avia_textblock'  itemprop=\"text\" ><h1>Oops,\u00a0bitte entschuldigen Sie!<\/h1>\n<p>Diese Seite ist umgezogen. Klicken Sie auf den unteren Knopf, um zum EBook &#8222;Making the most out of your training investement&#8220; zu gelangen.<\/p>\n<\/div><\/section><br \/>\n\n<style type=\"text\/css\" data-created_by=\"avia_inline_auto\" id=\"style-css-av-av_hr-0688d0b0b6ed2f8b057db7a8270206df\">\n#top .hr.hr-invisible.av-av_hr-0688d0b0b6ed2f8b057db7a8270206df{\nheight:50px;\n}\n<\/style>\n<div  class='hr av-av_hr-0688d0b0b6ed2f8b057db7a8270206df hr-invisible  avia-builder-el-5  el_after_av_textblock  el_before_av_button '><span class='hr-inner '><span class=\"hr-inner-style\"><\/span><\/span><\/div><br \/>\n<div  class='avia-button-wrap av-av_button-3966480875b6b567d158ea1658c7f9d4-wrap avia-button-center  avia-builder-el-6  el_after_av_hr  el_before_av_hr '><a href='https:\/\/hs.targettraining.eu\/ebook\/traininginvestment'  class='avia-button av-av_button-3966480875b6b567d158ea1658c7f9d4 avia-icon_select-yes-left-icon avia-size-medium avia-position-center avia-color-theme-color'  ><span class='avia_button_icon avia_button_icon_left' aria-hidden='true' data-av_icon='\ue84f' data-av_iconfont='entypo-fontello'><\/span><span class='avia_iconbox_title' >Holen Sie sich jetzt das EBook<\/span><\/a><\/div><br \/>\n\n<style type=\"text\/css\" data-created_by=\"avia_inline_auto\" id=\"style-css-av-av_hr-0688d0b0b6ed2f8b057db7a8270206df\">\n#top .hr.hr-invisible.av-av_hr-0688d0b0b6ed2f8b057db7a8270206df{\nheight:50px;\n}\n<\/style>\n<div  class='hr av-av_hr-0688d0b0b6ed2f8b057db7a8270206df hr-invisible  avia-builder-el-7  el_after_av_button  el_before_av_textblock '><span class='hr-inner '><span class=\"hr-inner-style\"><\/span><\/span><\/div><br \/>\n<section  class='av_textblock_section av-av_textblock-0366cc7376be6c9e82a3e9cc8987b64f '   itemscope=\"itemscope\" itemtype=\"https:\/\/schema.org\/CreativeWork\" ><div class='avia_textblock'  itemprop=\"text\" ><h5 style=\"text-align: center;\"><\/h5>\n<h5 style=\"text-align: center;\"><\/h5>\n<p style=\"text-align: center;\"><em>Dieses beliebte EBook ist voller einfacher Ma\u00dfnahmen, die Manager und Angestellte ergreifen k\u00f6nnen, um das beste aus Ihrer Trainingsinvestition herauszuholen. So k\u00f6nnen Sie Ihr Budget effektiv nutzen und Ergebnisse erzielen.<\/em><\/p>\n<\/div><\/section><\/p><\/div><div  class='flex_column av-av_one_half-5c3bdd854542bbc70d067b1f6b1f9883 av_one_half  avia-builder-el-9  el_after_av_one_half  el_before_av_hr  flex_column_div  column-top-margin'     ><section  class='av_textblock_section av-av_textblock-0366cc7376be6c9e82a3e9cc8987b64f '   itemscope=\"itemscope\" itemtype=\"https:\/\/schema.org\/CreativeWork\" ><div class='avia_textblock'  itemprop=\"text\" ><p><a href=\"https:\/\/www.targettraining.eu\/wp-content\/uploads\/2013\/04\/training-investment.jpg\"><br \/>\n<\/a><a href=\"https:\/\/hs.targettraining.eu\/ebook\/traininginvestment\"><img loading=\"lazy\" decoding=\"async\" class=\"aligncenter lazyload\" data-src=\"https:\/\/www.targettraining.eu\/wp-content\/uploads\/2013\/04\/training-investment.jpg\" alt=\"eBook Making the most of your Training Investment\" width=\"203\" height=\"340\" src=\"data:image\/gif;base64,R0lGODlhAQABAAAAACH5BAEKAAEALAAAAAABAAEAAAICTAEAOw==\" style=\"--smush-placeholder-width: 203px; --smush-placeholder-aspect-ratio: 203\/340;\" \/><noscript><img loading=\"lazy\" decoding=\"async\" class=\"aligncenter\" src=\"https:\/\/www.targettraining.eu\/wp-content\/uploads\/2013\/04\/training-investment.jpg\" alt=\"eBook Making the most of your Training Investment\" width=\"203\" height=\"340\" \/><\/noscript><\/a><\/p>\n<\/div><\/section><\/div>\n<style type=\"text\/css\" data-created_by=\"avia_inline_auto\" id=\"style-css-av-av_hr-0688d0b0b6ed2f8b057db7a8270206df\">\n#top .hr.hr-invisible.av-av_hr-0688d0b0b6ed2f8b057db7a8270206df{\nheight:50px;\n}\n<\/style>\n<div  class='hr av-av_hr-0688d0b0b6ed2f8b057db7a8270206df hr-invisible  avia-builder-el-11  el_after_av_one_half  el_before_av_one_fifth '><span class='hr-inner '><span class=\"hr-inner-style\"><\/span><\/span><\/div><\/p>\n<div  class='flex_column av-av_one_fifth-2a9015ff38129c418a3f2eafba3e9512 av_one_fifth  avia-builder-el-12  el_after_av_hr  el_before_av_four_fifth  first flex_column_div  '     ><section  class='av_textblock_section av-av_textblock-0366cc7376be6c9e82a3e9cc8987b64f '   itemscope=\"itemscope\" itemtype=\"https:\/\/schema.org\/CreativeWork\" ><div class='avia_textblock'  itemprop=\"text\" ><p><img loading=\"lazy\" decoding=\"async\" class=\"aligncenter lazyload\" data-src=\"http:\/\/cdn2.hubspot.net\/hub\/455190\/file-2377409904-png\/scottround.png?t=1436107366941&amp;width=278\" alt=\"Scott Levey Making the most of your training investment\" width=\"278\" height=\"278\" src=\"data:image\/gif;base64,R0lGODlhAQABAAAAACH5BAEKAAEALAAAAAABAAEAAAICTAEAOw==\" style=\"--smush-placeholder-width: 278px; --smush-placeholder-aspect-ratio: 278\/278;\" \/><noscript><img loading=\"lazy\" decoding=\"async\" class=\"aligncenter\" src=\"http:\/\/cdn2.hubspot.net\/hub\/455190\/file-2377409904-png\/scottround.png?t=1436107366941&amp;width=278\" alt=\"Scott Levey Making the most of your training investment\" width=\"278\" height=\"278\" \/><\/noscript><\/p>\n<\/div><\/section><\/div>\n<div  class='flex_column av-av_four_fifth-5c3bdd854542bbc70d067b1f6b1f9883 av_four_fifth  avia-builder-el-14  el_after_av_one_fifth  avia-builder-el-last  flex_column_div  '     ><section  class='av_textblock_section av-av_textblock-0366cc7376be6c9e82a3e9cc8987b64f '   itemscope=\"itemscope\" itemtype=\"https:\/\/schema.org\/CreativeWork\" ><div class='avia_textblock'  itemprop=\"text\" ><p><strong>Von Scott Levey<\/strong><\/p>\n<p>Scott ist ein Leiter bei Target Training GmbH und besch\u00e4ftigt sich seit 1996 mit InCoporate Training. Er hat f\u00fcr viele Klienten aus\u00a0Deutschland, den Benelux-L\u00e4ndern, dem Baltikum oder Gro\u00dfbritannien praktische sprachliche und Soft Skills L\u00f6sungen hervorgebracht. Wenn er nicht arbeitet, genie\u00dft er die Zeit in seinem Garten. Er kocht gerne (und isst auch gerne).<\/p>\n<\/div><\/section><\/div>\n","protected":false},"excerpt":{"rendered":"","protected":false},"author":3,"featured_media":0,"parent":0,"menu_order":0,"comment_status":"open","ping_status":"open","template":"","meta":{"_acf_changed":false,"content-type":"","footnotes":""},"class_list":["post-11437","page","type-page","status-publish","hentry"],"acf":[],"yoast_head":"<!-- This site is optimized with the Yoast SEO plugin v23.6 - https:\/\/yoast.com\/wordpress\/plugins\/seo\/ -->\n<title>Making the most of your training investment - EBook<\/title>\n<meta name=\"description\" content=\"Hier kommen Sie zum kostenlosen Download des EBooks &quot;Making the most of your training investment&quot; und holen Sie das beste aus unserem Training heraus.\" \/>\n<meta name=\"robots\" content=\"index, follow, max-snippet:-1, max-image-preview:large, max-video-preview:-1\" \/>\n<link rel=\"canonical\" href=\"https:\/\/www.targettraining.eu\/de\/ebook-making-the-most-of-your-training-investment\/\" \/>\n<meta property=\"og:locale\" content=\"de_DE\" \/>\n<meta property=\"og:type\" content=\"article\" \/>\n<meta property=\"og:title\" content=\"Making the most of your training investment - EBook\" \/>\n<meta property=\"og:description\" content=\"Hier kommen Sie zum kostenlosen Download des EBooks &quot;Making the most of your training investment&quot; und holen Sie das beste aus unserem Training heraus.\" \/>\n<meta property=\"og:url\" content=\"https:\/\/www.targettraining.eu\/de\/ebook-making-the-most-of-your-training-investment\/\" \/>\n<meta property=\"og:site_name\" content=\"Target Training GmbH\" \/>\n<meta property=\"article:publisher\" content=\"https:\/\/www.facebook.com\/TargetTrainingGmbh\" \/>\n<meta property=\"article:modified_time\" content=\"2015-08-26T13:11:37+00:00\" \/>\n<meta property=\"og:image\" content=\"https:\/\/www.targettraining.eu\/wp-content\/uploads\/2013\/04\/training-investment.jpg\" \/>\n<meta name=\"twitter:label1\" content=\"Gesch\u00e4tzte Lesezeit\" \/>\n\t<meta name=\"twitter:data1\" content=\"2 Minuten\" \/>\n<script type=\"application\/ld+json\" class=\"yoast-schema-graph\">{\"@context\":\"https:\/\/schema.org\",\"@graph\":[{\"@type\":\"WebPage\",\"@id\":\"https:\/\/www.targettraining.eu\/de\/ebook-making-the-most-of-your-training-investment\/\",\"url\":\"https:\/\/www.targettraining.eu\/de\/ebook-making-the-most-of-your-training-investment\/\",\"name\":\"Making the most of your training investment - EBook\",\"isPartOf\":{\"@id\":\"https:\/\/www.targettraining.eu\/#website\"},\"primaryImageOfPage\":{\"@id\":\"https:\/\/www.targettraining.eu\/de\/ebook-making-the-most-of-your-training-investment\/#primaryimage\"},\"image\":{\"@id\":\"https:\/\/www.targettraining.eu\/de\/ebook-making-the-most-of-your-training-investment\/#primaryimage\"},\"thumbnailUrl\":\"https:\/\/www.targettraining.eu\/wp-content\/uploads\/2013\/04\/training-investment.jpg\",\"datePublished\":\"2015-07-31T09:49:45+00:00\",\"dateModified\":\"2015-08-26T13:11:37+00:00\",\"description\":\"Hier kommen Sie zum kostenlosen Download des EBooks \\\"Making the most of your training investment\\\" und holen Sie das beste aus unserem Training heraus.\",\"breadcrumb\":{\"@id\":\"https:\/\/www.targettraining.eu\/de\/ebook-making-the-most-of-your-training-investment\/#breadcrumb\"},\"inLanguage\":\"de-DE\",\"potentialAction\":[{\"@type\":\"ReadAction\",\"target\":[\"https:\/\/www.targettraining.eu\/de\/ebook-making-the-most-of-your-training-investment\/\"]}]},{\"@type\":\"ImageObject\",\"inLanguage\":\"de-DE\",\"@id\":\"https:\/\/www.targettraining.eu\/de\/ebook-making-the-most-of-your-training-investment\/#primaryimage\",\"url\":\"https:\/\/www.targettraining.eu\/wp-content\/uploads\/2013\/04\/training-investment.jpg\",\"contentUrl\":\"https:\/\/www.targettraining.eu\/wp-content\/uploads\/2013\/04\/training-investment.jpg\"},{\"@type\":\"BreadcrumbList\",\"@id\":\"https:\/\/www.targettraining.eu\/de\/ebook-making-the-most-of-your-training-investment\/#breadcrumb\",\"itemListElement\":[{\"@type\":\"ListItem\",\"position\":1,\"name\":\"Home\",\"item\":\"https:\/\/www.targettraining.eu\/de\/\"},{\"@type\":\"ListItem\",\"position\":2,\"name\":\"Ebook &#8222;Making the most of your training investment&#8220;\"}]},{\"@type\":\"WebSite\",\"@id\":\"https:\/\/www.targettraining.eu\/#website\",\"url\":\"https:\/\/www.targettraining.eu\/\",\"name\":\"Target Training GmbH\",\"description\":\"Training you to succeed globally\",\"publisher\":{\"@id\":\"https:\/\/www.targettraining.eu\/#organization\"},\"potentialAction\":[{\"@type\":\"SearchAction\",\"target\":{\"@type\":\"EntryPoint\",\"urlTemplate\":\"https:\/\/www.targettraining.eu\/?s={search_term_string}\"},\"query-input\":{\"@type\":\"PropertyValueSpecification\",\"valueRequired\":true,\"valueName\":\"search_term_string\"}}],\"inLanguage\":\"de-DE\"},{\"@type\":\"Organization\",\"@id\":\"https:\/\/www.targettraining.eu\/#organization\",\"name\":\"Target Training GmbH\",\"url\":\"https:\/\/www.targettraining.eu\/\",\"logo\":{\"@type\":\"ImageObject\",\"inLanguage\":\"de-DE\",\"@id\":\"https:\/\/www.targettraining.eu\/#\/schema\/logo\/image\/\",\"url\":\"https:\/\/www.targettraining.eu\/wp-content\/uploads\/2013\/04\/WP-logo2.png\",\"contentUrl\":\"https:\/\/www.targettraining.eu\/wp-content\/uploads\/2013\/04\/WP-logo2.png\",\"width\":103,\"height\":32,\"caption\":\"Target Training GmbH\"},\"image\":{\"@id\":\"https:\/\/www.targettraining.eu\/#\/schema\/logo\/image\/\"},\"sameAs\":[\"https:\/\/www.facebook.com\/TargetTrainingGmbh\",\"https:\/\/x.com\/TargetTrains\",\"https:\/\/www.youtube.com\/c\/TargettrainingEugmbh\"]}]}<\/script>\n<!-- \/ Yoast SEO plugin. -->","yoast_head_json":{"title":"Making the most of your training investment - EBook","description":"Hier kommen Sie zum kostenlosen Download des EBooks \"Making the most of your training investment\" und holen Sie das beste aus unserem Training heraus.","robots":{"index":"index","follow":"follow","max-snippet":"max-snippet:-1","max-image-preview":"max-image-preview:large","max-video-preview":"max-video-preview:-1"},"canonical":"https:\/\/www.targettraining.eu\/de\/ebook-making-the-most-of-your-training-investment\/","og_locale":"de_DE","og_type":"article","og_title":"Making the most of your training investment - EBook","og_description":"Hier kommen Sie zum kostenlosen Download des EBooks \"Making the most of your training investment\" und holen Sie das beste aus unserem Training heraus.","og_url":"https:\/\/www.targettraining.eu\/de\/ebook-making-the-most-of-your-training-investment\/","og_site_name":"Target Training GmbH","article_publisher":"https:\/\/www.facebook.com\/TargetTrainingGmbh","article_modified_time":"2015-08-26T13:11:37+00:00","og_image":[{"url":"https:\/\/www.targettraining.eu\/wp-content\/uploads\/2013\/04\/training-investment.jpg"}],"twitter_misc":{"Gesch\u00e4tzte Lesezeit":"2 Minuten"},"schema":{"@context":"https:\/\/schema.org","@graph":[{"@type":"WebPage","@id":"https:\/\/www.targettraining.eu\/de\/ebook-making-the-most-of-your-training-investment\/","url":"https:\/\/www.targettraining.eu\/de\/ebook-making-the-most-of-your-training-investment\/","name":"Making the most of your training investment - EBook","isPartOf":{"@id":"https:\/\/www.targettraining.eu\/#website"},"primaryImageOfPage":{"@id":"https:\/\/www.targettraining.eu\/de\/ebook-making-the-most-of-your-training-investment\/#primaryimage"},"image":{"@id":"https:\/\/www.targettraining.eu\/de\/ebook-making-the-most-of-your-training-investment\/#primaryimage"},"thumbnailUrl":"https:\/\/www.targettraining.eu\/wp-content\/uploads\/2013\/04\/training-investment.jpg","datePublished":"2015-07-31T09:49:45+00:00","dateModified":"2015-08-26T13:11:37+00:00","description":"Hier kommen Sie zum kostenlosen Download des EBooks \"Making the most of your training investment\" und holen Sie das beste aus unserem Training heraus.","breadcrumb":{"@id":"https:\/\/www.targettraining.eu\/de\/ebook-making-the-most-of-your-training-investment\/#breadcrumb"},"inLanguage":"de-DE","potentialAction":[{"@type":"ReadAction","target":["https:\/\/www.targettraining.eu\/de\/ebook-making-the-most-of-your-training-investment\/"]}]},{"@type":"ImageObject","inLanguage":"de-DE","@id":"https:\/\/www.targettraining.eu\/de\/ebook-making-the-most-of-your-training-investment\/#primaryimage","url":"https:\/\/www.targettraining.eu\/wp-content\/uploads\/2013\/04\/training-investment.jpg","contentUrl":"https:\/\/www.targettraining.eu\/wp-content\/uploads\/2013\/04\/training-investment.jpg"},{"@type":"BreadcrumbList","@id":"https:\/\/www.targettraining.eu\/de\/ebook-making-the-most-of-your-training-investment\/#breadcrumb","itemListElement":[{"@type":"ListItem","position":1,"name":"Home","item":"https:\/\/www.targettraining.eu\/de\/"},{"@type":"ListItem","position":2,"name":"Ebook &#8222;Making the most of your training investment&#8220;"}]},{"@type":"WebSite","@id":"https:\/\/www.targettraining.eu\/#website","url":"https:\/\/www.targettraining.eu\/","name":"Target Training GmbH","description":"Training you to succeed globally","publisher":{"@id":"https:\/\/www.targettraining.eu\/#organization"},"potentialAction":[{"@type":"SearchAction","target":{"@type":"EntryPoint","urlTemplate":"https:\/\/www.targettraining.eu\/?s={search_term_string}"},"query-input":{"@type":"PropertyValueSpecification","valueRequired":true,"valueName":"search_term_string"}}],"inLanguage":"de-DE"},{"@type":"Organization","@id":"https:\/\/www.targettraining.eu\/#organization","name":"Target Training GmbH","url":"https:\/\/www.targettraining.eu\/","logo":{"@type":"ImageObject","inLanguage":"de-DE","@id":"https:\/\/www.targettraining.eu\/#\/schema\/logo\/image\/","url":"https:\/\/www.targettraining.eu\/wp-content\/uploads\/2013\/04\/WP-logo2.png","contentUrl":"https:\/\/www.targettraining.eu\/wp-content\/uploads\/2013\/04\/WP-logo2.png","width":103,"height":32,"caption":"Target Training GmbH"},"image":{"@id":"https:\/\/www.targettraining.eu\/#\/schema\/logo\/image\/"},"sameAs":["https:\/\/www.facebook.com\/TargetTrainingGmbh","https:\/\/x.com\/TargetTrains","https:\/\/www.youtube.com\/c\/TargettrainingEugmbh"]}]}},"_links":{"self":[{"href":"https:\/\/www.targettraining.eu\/de\/wp-json\/wp\/v2\/pages\/11437\/"}],"collection":[{"href":"https:\/\/www.targettraining.eu\/de\/wp-json\/wp\/v2\/pages\/"}],"about":[{"href":"https:\/\/www.targettraining.eu\/de\/wp-json\/wp\/v2\/types\/page\/"}],"author":[{"embeddable":true,"href":"https:\/\/www.targettraining.eu\/de\/wp-json\/wp\/v2\/users\/3\/"}],"replies":[{"embeddable":true,"href":"https:\/\/www.targettraining.eu\/de\/wp-json\/wp\/v2\/comments\/?post=11437"}],"version-history":[{"count":5,"href":"https:\/\/www.targettraining.eu\/de\/wp-json\/wp\/v2\/pages\/11437\/revisions\/"}],"predecessor-version":[{"id":11439,"href":"https:\/\/www.targettraining.eu\/de\/wp-json\/wp\/v2\/pages\/11437\/revisions\/11439\/"}],"wp:attachment":[{"href":"https:\/\/www.targettraining.eu\/de\/wp-json\/wp\/v2\/media\/?parent=11437"}],"curies":[{"name":"wp","href":"https:\/\/api.w.org\/{rel}","templated":true}]}}