{"id":11469,"date":"2015-08-02T15:27:30","date_gmt":"2015-08-02T13:27:30","guid":{"rendered":"http:\/\/www.targettraining.eu\/?page_id=11469"},"modified":"2016-09-07T13:39:43","modified_gmt":"2016-09-07T11:39:43","slug":"interviews-die-wichtigen-und-richtigen-fragen-stellen","status":"publish","type":"page","link":"https:\/\/www.targettraining.eu\/de\/interviews-die-wichtigen-und-richtigen-fragen-stellen\/","title":{"rendered":"Interviews &#8211; die wichtigen und richtigen Fragen stellen"},"content":{"rendered":"<div  class='flex_column av-av_one_full-2a9015ff38129c418a3f2eafba3e9512 av_one_full  avia-builder-el-0  el_before_av_two_third  avia-builder-el-first  first flex_column_div  '     ><section  class='av_textblock_section av-av_textblock-0366cc7376be6c9e82a3e9cc8987b64f '   itemscope=\"itemscope\" itemtype=\"https:\/\/schema.org\/CreativeWork\" ><div class='avia_textblock'  itemprop=\"text\" ><h3 style=\"text-align: right;\"><span style=\"color: #888888;\">Soft Skills<\/span><\/h3>\n<\/div><\/section><br \/>\n<section  class='av_textblock_section av-av_textblock-0366cc7376be6c9e82a3e9cc8987b64f '   itemscope=\"itemscope\" itemtype=\"https:\/\/schema.org\/CreativeWork\" ><div class='avia_textblock'  itemprop=\"text\" ><h1>Interviews &#8211; die wichtigen und richtigen Fragen stellen<\/h1>\n<h2>Pers\u00f6nliche &amp; soziale Kompetenz | Soft skills | Seminar<\/h2>\n<\/div><\/section><br \/>\n<section  class='av_textblock_section av-av_textblock-0366cc7376be6c9e82a3e9cc8987b64f '   itemscope=\"itemscope\" itemtype=\"https:\/\/schema.org\/CreativeWork\" ><div class='avia_textblock'  itemprop=\"text\" ><p><img loading=\"lazy\" decoding=\"async\" class=\"alignnone lazyload\" data-src=\"http:\/\/02086ee2.kundenrechner.net\/wp-content\/uploads\/2013\/08\/Interviewing-e1379761501730.jpg\" alt=\"Interviews - die wichtigen und richtigen Fragen stellen\" width=\"923\" height=\"360\" src=\"data:image\/gif;base64,R0lGODlhAQABAAAAACH5BAEKAAEALAAAAAABAAEAAAICTAEAOw==\" style=\"--smush-placeholder-width: 923px; --smush-placeholder-aspect-ratio: 923\/360;\" \/><noscript><img loading=\"lazy\" decoding=\"async\" class=\"alignnone\" src=\"http:\/\/02086ee2.kundenrechner.net\/wp-content\/uploads\/2013\/08\/Interviewing-e1379761501730.jpg\" alt=\"Interviews - die wichtigen und richtigen Fragen stellen\" width=\"923\" height=\"360\" \/><\/noscript><\/p>\n<\/div><\/section><\/p><\/div>\n<div  class='flex_column av-av_two_third-2a9015ff38129c418a3f2eafba3e9512 av_two_third first flex_column_div  '     ><section  class='av_textblock_section av-av_textblock-0366cc7376be6c9e82a3e9cc8987b64f '   itemscope=\"itemscope\" itemtype=\"https:\/\/schema.org\/CreativeWork\" ><div class='avia_textblock'  itemprop=\"text\" ><p><strong>Interviews f\u00fchren ist eine der besten Wege, um f\u00fcr verschiedene Zwecke Informationen einzuholen. Gute Interviewf\u00e4higkeiten unterst\u00fctzen Ihre Entscheidungen und das erfolgreiche Einholen von Informationen. Dieses Seminar nutzt Rollenspiele und Feedback, um bew\u00e4hrte Interviewtechniken zu entwickeln und diese an Ihrem Arbeitsplatz anwendbar zu machen.<\/strong><\/p>\n<h3>F\u00fcr wen ist es geeignet?<\/h3>\n<p>Dieses experimentelle Seminar ist f\u00fcr alle Berufst\u00e4tige, die Ihre Interviewf\u00e4higkeiten verbessern wollen. Unsere Teilnehmer bestehen meist aus Experten des Personalwesens, Qualit\u00e4tsmanagern, Wirtschaftspr\u00fcfern, Eink\u00e4ufer und leitenden Angestellten.<\/p>\n<h3>Was k\u00f6nnen Sie erwarten?<\/h3>\n<p>Bis zum Abschluss des Trainings haben Sie:<\/p>\n<ul>\n<li>die 10 goldenen Regeln der erfolgreichen Interviewf\u00fchrung verinnerlicht.<\/li>\n<li>bew\u00e4hrte Interviewtechniken \u00fcberpr\u00fcft und verfestigt.<\/li>\n<li>eine Werkzeugkiste mit den wichtigsten Interview-Vokabeln entwickelt.<\/li>\n<li>ein Verst\u00e4ndnis f\u00fcr den Einfluss von Kultur auf Interviews und deren Ergebnisse erlangt.<\/li>\n<li>die besten Methoden in Ihr derzeitiges Interview-Umfeld eingegliedert.<\/li>\n<\/ul>\n<h3>Welche Themen werden behandelt?<\/h3>\n<ul>\n<li>Die Wichtigkeit des Verhaltens eines Interviewers<\/li>\n<li>Wichtige Charakteristika eines guten Interviewers<\/li>\n<li>Anerkennung der kulturellen Einfl\u00fcsse in einem Interview<\/li>\n<li>Erleichterung des Interview-Prozesses<\/li>\n<li>Erfolg planen &#8211; die Aufstellung eines Leitfadens<\/li>\n<li>Beziehungen aufbauen<\/li>\n<li>Verschiedene Fragetypen kennen und nutzen<\/li>\n<li>Richtiges Zuh\u00f6ren<\/li>\n<li>H\u00fcrden \u00fcberwinden, die das Zuh\u00f6ren erschweren<\/li>\n<li>Auswertung verbalen und non-verbalen Verhaltens<\/li>\n<li>Recherche, Durchf\u00fchrung und Schlie\u00dfung<\/li>\n<li>Verst\u00e4ndnis pr\u00fcfen<\/li>\n<li>Indikatoren f\u00fcr T\u00e4uschung, Verz\u00f6gerungstaktiken und Ablenkungsman\u00f6ver erkennen<\/li>\n<li>Techniken f\u00fcr die Dokumentierung<\/li>\n<li>Umsetzung in die Tat durch kritische Fallanalyse<\/li>\n<\/ul>\n<\/div><\/section><\/div>\n\n<style type=\"text\/css\" data-created_by=\"avia_inline_auto\" id=\"style-css-av-av_one_third-2a64de42b738552fe666ca889af77e28\">\n.flex_column.av-av_one_third-2a64de42b738552fe666ca889af77e28{\nborder-radius:0px 0px 0px 0px;\npadding:0px 0px 0px 0px;\n}\n<\/style>\n<div  class='flex_column av-av_one_third-2a64de42b738552fe666ca889af77e28 av_one_third flex_column_div av-zero-column-padding  '     ><p>\n<style type=\"text\/css\" data-created_by=\"avia_inline_auto\" id=\"style-css-av-av_heading-9cf45dddb311ba3802125b9ca6562803\">\n#top .av-special-heading.av-av_heading-9cf45dddb311ba3802125b9ca6562803{\npadding-bottom:1px;\n}\nbody .av-special-heading.av-av_heading-9cf45dddb311ba3802125b9ca6562803 .av-special-heading-tag .heading-char{\nfont-size:25px;\n}\n.av-special-heading.av-av_heading-9cf45dddb311ba3802125b9ca6562803 .av-subheading{\nfont-size:10px;\n}\n<\/style>\n<div  class='av-special-heading av-av_heading-9cf45dddb311ba3802125b9ca6562803 av-special-heading-h6 meta-heading blockquote modern-quote'><h6 class='av-special-heading-tag'  itemprop=\"headline\"  >Teilnehmerbewertung<\/h6><div class=\"special-heading-border\"><div class=\"special-heading-inner-border\"><\/div><\/div><\/div><br \/>\n\n<style type=\"text\/css\" data-created_by=\"avia_inline_auto\" id=\"style-css-av-av_image-7a5bdc8db7b2079327b71aa4aa090dba\">\n.avia-image-container.av-av_image-7a5bdc8db7b2079327b71aa4aa090dba img.avia_image{\nbox-shadow:none;\n}\n.avia-image-container.av-av_image-7a5bdc8db7b2079327b71aa4aa090dba .av-image-caption-overlay-center{\ncolor:#ffffff;\n}\n<\/style>\n<div  class='avia-image-container av-av_image-7a5bdc8db7b2079327b71aa4aa090dba av-styling- avia-align-left  avia-builder-el-3  el_after_av_textblock  avia-builder-el-last '   itemprop=\"image\" itemscope=\"itemscope\" itemtype=\"https:\/\/schema.org\/ImageObject\" ><div class=\"avia-image-container-inner\"><div class=\"avia-image-overlay-wrap\"><img decoding=\"async\" fetchpriority=\"high\" class='avia-img-lazy-loading-not- avia_image ' src=\"http:\/\/02086ee2.kundenrechner.net\/wp-content\/uploads\/2013\/08\/stars-4-one-quarter1.bmp\" alt='' title=''   itemprop=\"thumbnailUrl\"  \/><\/div><\/div><\/div><br \/>\n<div  class='hr av-av_hr-d3021aff4e2c88ff75459fd6b3a45a12 hr-default'><span class='hr-inner '><span class=\"hr-inner-style\"><\/span><\/span><\/div><br \/>\n<section  class='av_textblock_section av-av_textblock-0366cc7376be6c9e82a3e9cc8987b64f '   itemscope=\"itemscope\" itemtype=\"https:\/\/schema.org\/CreativeWork\" ><div class='avia_textblock'  itemprop=\"text\" ><p><img loading=\"lazy\" decoding=\"async\" class=\"alignnone lazyload\" data-src=\"http:\/\/02086ee2.kundenrechner.net\/wp-content\/uploads\/2013\/08\/combine_gross2-e1377083180974.png\" alt=\"Interviews - die wichtigen und richtigen Fragen stellen\" width=\"132\" height=\"120\" src=\"data:image\/gif;base64,R0lGODlhAQABAAAAACH5BAEKAAEALAAAAAABAAEAAAICTAEAOw==\" style=\"--smush-placeholder-width: 132px; --smush-placeholder-aspect-ratio: 132\/120;\" \/><noscript><img loading=\"lazy\" decoding=\"async\" class=\"alignnone\" src=\"http:\/\/02086ee2.kundenrechner.net\/wp-content\/uploads\/2013\/08\/combine_gross2-e1377083180974.png\" alt=\"Interviews - die wichtigen und richtigen Fragen stellen\" width=\"132\" height=\"120\" \/><\/noscript><\/p>\n<\/div><\/section><br \/>\n<div  class='hr av-av_hr-d3021aff4e2c88ff75459fd6b3a45a12 hr-default'><span class='hr-inner '><span class=\"hr-inner-style\"><\/span><\/span><\/div><br \/>\n<section  class='av_textblock_section av-av_textblock-0366cc7376be6c9e82a3e9cc8987b64f '   itemscope=\"itemscope\" itemtype=\"https:\/\/schema.org\/CreativeWork\" ><div class='avia_textblock'  itemprop=\"text\" ><ul>\n<li><strong>Dauer:<\/strong> 2\u00a0Tage<\/li>\n<li><strong>Kosten:<\/strong>\u00a0 3100 \u20ac<\/li>\n<\/ul>\n<\/div><\/section><br \/>\n<div  class='hr av-av_hr-d3021aff4e2c88ff75459fd6b3a45a12 hr-default'><span class='hr-inner '><span class=\"hr-inner-style\"><\/span><\/span><\/div><br \/>\n<section  class='av_textblock_section av-av_textblock-0366cc7376be6c9e82a3e9cc8987b64f '   itemscope=\"itemscope\" itemtype=\"https:\/\/schema.org\/CreativeWork\" ><div class='avia_textblock'  itemprop=\"text\" ><p id=\"tw-target-text\" class=\"tw-data-text vk_txt tw-ta tw-text-small\" dir=\"ltr\" data-placeholder=\"Translation\"><em><span lang=\"de\">&#8222;Die Wahrheit ist eine Funktion des Vertrauens. Wenn wir die Wahrheit in einem Interview erfahren wollen, ist es wichtig, das richtige Ma\u00df an Vertrauen aufzubauen. \u00dcber verschiedene Wege der Beziehungskn\u00fcpfung, den Ausdruck von Ehrlichkeit, das Stellen von Fragen oder genaues Zuh\u00f6ren k\u00f6nnen wir dieses Vertrauenslevel erreichen. Wir konzentrieren uns auf diese und weitere Methoden, um die Wahrheiten zu finden, die unserer Effizient und Effektivit\u00e4t dienen.&#8220;<\/span><\/em><\/p>\n<p class=\"tw-data-text vk_txt tw-ta tw-text-small\" dir=\"ltr\" data-placeholder=\"Translation\"><strong>Eve Turner<\/strong><\/p>\n<\/div><\/section><\/p><\/div><div  class='hr av-av_hr-d3021aff4e2c88ff75459fd6b3a45a12 hr-default'><span class='hr-inner '><span class=\"hr-inner-style\"><\/span><\/span><\/div><\/p>\n","protected":false},"excerpt":{"rendered":"","protected":false},"author":3,"featured_media":0,"parent":0,"menu_order":0,"comment_status":"open","ping_status":"open","template":"","meta":{"_acf_changed":false,"content-type":"","footnotes":""},"class_list":["post-11469","page","type-page","status-publish","hentry"],"acf":[],"yoast_head":"<!-- This site is optimized with the Yoast SEO plugin v23.6 - https:\/\/yoast.com\/wordpress\/plugins\/seo\/ -->\n<title>Interviews - die wichtigen und richtigen Fragen stellen<\/title>\n<meta name=\"description\" content=\"Im Seminar &quot;Interviews - die wichtigen und richtigen Fragen stellen&quot; vermitteln wir Techniken &amp; F\u00e4higkeiten f\u00fcr eine erfolgreiche Interviewf\u00fchrung.\" \/>\n<meta name=\"robots\" content=\"index, follow, max-snippet:-1, max-image-preview:large, max-video-preview:-1\" \/>\n<link rel=\"canonical\" href=\"https:\/\/www.targettraining.eu\/de\/interviews-die-wichtigen-und-richtigen-fragen-stellen\/\" \/>\n<meta property=\"og:locale\" content=\"de_DE\" \/>\n<meta property=\"og:type\" content=\"article\" \/>\n<meta property=\"og:title\" content=\"Interviews - die wichtigen und richtigen Fragen stellen\" \/>\n<meta property=\"og:description\" content=\"Im Seminar &quot;Interviews - die wichtigen und richtigen Fragen stellen&quot; vermitteln wir Techniken &amp; F\u00e4higkeiten f\u00fcr eine erfolgreiche Interviewf\u00fchrung.\" \/>\n<meta property=\"og:url\" content=\"https:\/\/www.targettraining.eu\/de\/interviews-die-wichtigen-und-richtigen-fragen-stellen\/\" \/>\n<meta property=\"og:site_name\" content=\"Target Training GmbH\" \/>\n<meta property=\"article:publisher\" content=\"https:\/\/www.facebook.com\/TargetTrainingGmbh\" \/>\n<meta property=\"article:modified_time\" content=\"2016-09-07T11:39:43+00:00\" \/>\n<meta property=\"og:image\" content=\"http:\/\/02086ee2.kundenrechner.net\/wp-content\/uploads\/2013\/08\/Interviewing-e1379761501730.jpg\" \/>\n<meta name=\"twitter:label1\" content=\"Gesch\u00e4tzte Lesezeit\" \/>\n\t<meta name=\"twitter:data1\" content=\"3 Minuten\" \/>\n<script type=\"application\/ld+json\" class=\"yoast-schema-graph\">{\"@context\":\"https:\/\/schema.org\",\"@graph\":[{\"@type\":\"WebPage\",\"@id\":\"https:\/\/www.targettraining.eu\/de\/interviews-die-wichtigen-und-richtigen-fragen-stellen\/\",\"url\":\"https:\/\/www.targettraining.eu\/de\/interviews-die-wichtigen-und-richtigen-fragen-stellen\/\",\"name\":\"Interviews - die wichtigen und richtigen Fragen stellen\",\"isPartOf\":{\"@id\":\"https:\/\/www.targettraining.eu\/#website\"},\"primaryImageOfPage\":{\"@id\":\"https:\/\/www.targettraining.eu\/de\/interviews-die-wichtigen-und-richtigen-fragen-stellen\/#primaryimage\"},\"image\":{\"@id\":\"https:\/\/www.targettraining.eu\/de\/interviews-die-wichtigen-und-richtigen-fragen-stellen\/#primaryimage\"},\"thumbnailUrl\":\"http:\/\/02086ee2.kundenrechner.net\/wp-content\/uploads\/2013\/08\/Interviewing-e1379761501730.jpg\",\"datePublished\":\"2015-08-02T13:27:30+00:00\",\"dateModified\":\"2016-09-07T11:39:43+00:00\",\"description\":\"Im Seminar \\\"Interviews - die wichtigen und richtigen Fragen stellen\\\" vermitteln wir Techniken & F\u00e4higkeiten f\u00fcr eine erfolgreiche Interviewf\u00fchrung.\",\"breadcrumb\":{\"@id\":\"https:\/\/www.targettraining.eu\/de\/interviews-die-wichtigen-und-richtigen-fragen-stellen\/#breadcrumb\"},\"inLanguage\":\"de-DE\",\"potentialAction\":[{\"@type\":\"ReadAction\",\"target\":[\"https:\/\/www.targettraining.eu\/de\/interviews-die-wichtigen-und-richtigen-fragen-stellen\/\"]}]},{\"@type\":\"ImageObject\",\"inLanguage\":\"de-DE\",\"@id\":\"https:\/\/www.targettraining.eu\/de\/interviews-die-wichtigen-und-richtigen-fragen-stellen\/#primaryimage\",\"url\":\"http:\/\/02086ee2.kundenrechner.net\/wp-content\/uploads\/2013\/08\/Interviewing-e1379761501730.jpg\",\"contentUrl\":\"http:\/\/02086ee2.kundenrechner.net\/wp-content\/uploads\/2013\/08\/Interviewing-e1379761501730.jpg\"},{\"@type\":\"BreadcrumbList\",\"@id\":\"https:\/\/www.targettraining.eu\/de\/interviews-die-wichtigen-und-richtigen-fragen-stellen\/#breadcrumb\",\"itemListElement\":[{\"@type\":\"ListItem\",\"position\":1,\"name\":\"Home\",\"item\":\"https:\/\/www.targettraining.eu\/de\/\"},{\"@type\":\"ListItem\",\"position\":2,\"name\":\"Interviews &#8211; die wichtigen und richtigen Fragen stellen\"}]},{\"@type\":\"WebSite\",\"@id\":\"https:\/\/www.targettraining.eu\/#website\",\"url\":\"https:\/\/www.targettraining.eu\/\",\"name\":\"Target Training GmbH\",\"description\":\"Training you to succeed globally\",\"publisher\":{\"@id\":\"https:\/\/www.targettraining.eu\/#organization\"},\"potentialAction\":[{\"@type\":\"SearchAction\",\"target\":{\"@type\":\"EntryPoint\",\"urlTemplate\":\"https:\/\/www.targettraining.eu\/?s={search_term_string}\"},\"query-input\":{\"@type\":\"PropertyValueSpecification\",\"valueRequired\":true,\"valueName\":\"search_term_string\"}}],\"inLanguage\":\"de-DE\"},{\"@type\":\"Organization\",\"@id\":\"https:\/\/www.targettraining.eu\/#organization\",\"name\":\"Target Training GmbH\",\"url\":\"https:\/\/www.targettraining.eu\/\",\"logo\":{\"@type\":\"ImageObject\",\"inLanguage\":\"de-DE\",\"@id\":\"https:\/\/www.targettraining.eu\/#\/schema\/logo\/image\/\",\"url\":\"https:\/\/www.targettraining.eu\/wp-content\/uploads\/2013\/04\/WP-logo2.png\",\"contentUrl\":\"https:\/\/www.targettraining.eu\/wp-content\/uploads\/2013\/04\/WP-logo2.png\",\"width\":103,\"height\":32,\"caption\":\"Target Training GmbH\"},\"image\":{\"@id\":\"https:\/\/www.targettraining.eu\/#\/schema\/logo\/image\/\"},\"sameAs\":[\"https:\/\/www.facebook.com\/TargetTrainingGmbh\",\"https:\/\/x.com\/TargetTrains\",\"https:\/\/www.youtube.com\/c\/TargettrainingEugmbh\"]}]}<\/script>\n<!-- \/ Yoast SEO plugin. -->","yoast_head_json":{"title":"Interviews - die wichtigen und richtigen Fragen stellen","description":"Im Seminar \"Interviews - die wichtigen und richtigen Fragen stellen\" vermitteln wir Techniken & F\u00e4higkeiten f\u00fcr eine erfolgreiche Interviewf\u00fchrung.","robots":{"index":"index","follow":"follow","max-snippet":"max-snippet:-1","max-image-preview":"max-image-preview:large","max-video-preview":"max-video-preview:-1"},"canonical":"https:\/\/www.targettraining.eu\/de\/interviews-die-wichtigen-und-richtigen-fragen-stellen\/","og_locale":"de_DE","og_type":"article","og_title":"Interviews - die wichtigen und richtigen Fragen stellen","og_description":"Im Seminar \"Interviews - die wichtigen und richtigen Fragen stellen\" vermitteln wir Techniken & F\u00e4higkeiten f\u00fcr eine erfolgreiche Interviewf\u00fchrung.","og_url":"https:\/\/www.targettraining.eu\/de\/interviews-die-wichtigen-und-richtigen-fragen-stellen\/","og_site_name":"Target Training GmbH","article_publisher":"https:\/\/www.facebook.com\/TargetTrainingGmbh","article_modified_time":"2016-09-07T11:39:43+00:00","og_image":[{"url":"http:\/\/02086ee2.kundenrechner.net\/wp-content\/uploads\/2013\/08\/Interviewing-e1379761501730.jpg"}],"twitter_misc":{"Gesch\u00e4tzte Lesezeit":"3 Minuten"},"schema":{"@context":"https:\/\/schema.org","@graph":[{"@type":"WebPage","@id":"https:\/\/www.targettraining.eu\/de\/interviews-die-wichtigen-und-richtigen-fragen-stellen\/","url":"https:\/\/www.targettraining.eu\/de\/interviews-die-wichtigen-und-richtigen-fragen-stellen\/","name":"Interviews - die wichtigen und richtigen Fragen stellen","isPartOf":{"@id":"https:\/\/www.targettraining.eu\/#website"},"primaryImageOfPage":{"@id":"https:\/\/www.targettraining.eu\/de\/interviews-die-wichtigen-und-richtigen-fragen-stellen\/#primaryimage"},"image":{"@id":"https:\/\/www.targettraining.eu\/de\/interviews-die-wichtigen-und-richtigen-fragen-stellen\/#primaryimage"},"thumbnailUrl":"http:\/\/02086ee2.kundenrechner.net\/wp-content\/uploads\/2013\/08\/Interviewing-e1379761501730.jpg","datePublished":"2015-08-02T13:27:30+00:00","dateModified":"2016-09-07T11:39:43+00:00","description":"Im Seminar \"Interviews - die wichtigen und richtigen Fragen stellen\" vermitteln wir Techniken & F\u00e4higkeiten f\u00fcr eine erfolgreiche Interviewf\u00fchrung.","breadcrumb":{"@id":"https:\/\/www.targettraining.eu\/de\/interviews-die-wichtigen-und-richtigen-fragen-stellen\/#breadcrumb"},"inLanguage":"de-DE","potentialAction":[{"@type":"ReadAction","target":["https:\/\/www.targettraining.eu\/de\/interviews-die-wichtigen-und-richtigen-fragen-stellen\/"]}]},{"@type":"ImageObject","inLanguage":"de-DE","@id":"https:\/\/www.targettraining.eu\/de\/interviews-die-wichtigen-und-richtigen-fragen-stellen\/#primaryimage","url":"http:\/\/02086ee2.kundenrechner.net\/wp-content\/uploads\/2013\/08\/Interviewing-e1379761501730.jpg","contentUrl":"http:\/\/02086ee2.kundenrechner.net\/wp-content\/uploads\/2013\/08\/Interviewing-e1379761501730.jpg"},{"@type":"BreadcrumbList","@id":"https:\/\/www.targettraining.eu\/de\/interviews-die-wichtigen-und-richtigen-fragen-stellen\/#breadcrumb","itemListElement":[{"@type":"ListItem","position":1,"name":"Home","item":"https:\/\/www.targettraining.eu\/de\/"},{"@type":"ListItem","position":2,"name":"Interviews &#8211; die wichtigen und richtigen Fragen stellen"}]},{"@type":"WebSite","@id":"https:\/\/www.targettraining.eu\/#website","url":"https:\/\/www.targettraining.eu\/","name":"Target Training GmbH","description":"Training you to succeed globally","publisher":{"@id":"https:\/\/www.targettraining.eu\/#organization"},"potentialAction":[{"@type":"SearchAction","target":{"@type":"EntryPoint","urlTemplate":"https:\/\/www.targettraining.eu\/?s={search_term_string}"},"query-input":{"@type":"PropertyValueSpecification","valueRequired":true,"valueName":"search_term_string"}}],"inLanguage":"de-DE"},{"@type":"Organization","@id":"https:\/\/www.targettraining.eu\/#organization","name":"Target Training GmbH","url":"https:\/\/www.targettraining.eu\/","logo":{"@type":"ImageObject","inLanguage":"de-DE","@id":"https:\/\/www.targettraining.eu\/#\/schema\/logo\/image\/","url":"https:\/\/www.targettraining.eu\/wp-content\/uploads\/2013\/04\/WP-logo2.png","contentUrl":"https:\/\/www.targettraining.eu\/wp-content\/uploads\/2013\/04\/WP-logo2.png","width":103,"height":32,"caption":"Target Training GmbH"},"image":{"@id":"https:\/\/www.targettraining.eu\/#\/schema\/logo\/image\/"},"sameAs":["https:\/\/www.facebook.com\/TargetTrainingGmbh","https:\/\/x.com\/TargetTrains","https:\/\/www.youtube.com\/c\/TargettrainingEugmbh"]}]}},"_links":{"self":[{"href":"https:\/\/www.targettraining.eu\/de\/wp-json\/wp\/v2\/pages\/11469\/"}],"collection":[{"href":"https:\/\/www.targettraining.eu\/de\/wp-json\/wp\/v2\/pages\/"}],"about":[{"href":"https:\/\/www.targettraining.eu\/de\/wp-json\/wp\/v2\/types\/page\/"}],"author":[{"embeddable":true,"href":"https:\/\/www.targettraining.eu\/de\/wp-json\/wp\/v2\/users\/3\/"}],"replies":[{"embeddable":true,"href":"https:\/\/www.targettraining.eu\/de\/wp-json\/wp\/v2\/comments\/?post=11469"}],"version-history":[{"count":7,"href":"https:\/\/www.targettraining.eu\/de\/wp-json\/wp\/v2\/pages\/11469\/revisions\/"}],"predecessor-version":[{"id":14866,"href":"https:\/\/www.targettraining.eu\/de\/wp-json\/wp\/v2\/pages\/11469\/revisions\/14866\/"}],"wp:attachment":[{"href":"https:\/\/www.targettraining.eu\/de\/wp-json\/wp\/v2\/media\/?parent=11469"}],"curies":[{"name":"wp","href":"https:\/\/api.w.org\/{rel}","templated":true}]}}