{"id":11471,"date":"2015-08-02T16:05:32","date_gmt":"2015-08-02T14:05:32","guid":{"rendered":"http:\/\/www.targettraining.eu\/?page_id=11471"},"modified":"2015-08-27T10:54:48","modified_gmt":"2015-08-27T08:54:48","slug":"feedback-hinterlassen","status":"publish","type":"page","link":"https:\/\/www.targettraining.eu\/de\/feedback-hinterlassen\/","title":{"rendered":"Feedback hinterlassen"},"content":{"rendered":"<div  class='flex_column av-av_two_third-2a9015ff38129c418a3f2eafba3e9512 av_two_third  avia-builder-el-0  el_before_av_one_third  avia-builder-el-first  first flex_column_div  '     ><section  class='av_textblock_section av-av_textblock-0366cc7376be6c9e82a3e9cc8987b64f '   itemscope=\"itemscope\" itemtype=\"https:\/\/schema.org\/CreativeWork\" ><div class='avia_textblock'  itemprop=\"text\" ><h1 style=\"text-align: left;\">Feedback hinterlassen<\/h1>\n<p>F\u00fcllen Sie dieses Online-Formular aus und sagen Sie uns Ihre Meinung. Wir w\u00fcrden gerne h\u00f6ren, welche Erfahrungen Sie mit Target Training gemacht haben. Wenn Sie Feedback hinterlassen, wissen wir, ob Sie zufrieden waren und helfen uns, unseren Service zu verbessern.<\/p>\n<p style=\"text-align: center;\"><a name=\"ttform\"><\/a>\n\t\t<!-- #primary BEGIN -->\n\t\t\n\t\t<div id=\"ttshowcase_form_wrap\">\n\n\t\t\t<form action=\"#ttform\" id=\"ttshowcase_form\" method=\"POST\" ><fieldset>\n\n\t\t\t\t\t\t<label for=\"postTitle\">Name<\/label>\n\n\t\t\t\t\t\t<input type=\"text\" name=\"postTitle\" id=\"postTitle\" value=\"\" class=\"required\" \/><\/fieldset><fieldset>\n\n\t\t\t\t\t\t<label for=\"_aditional_info_name\">Position or Company<\/label>\n\n\t\t\t\t\t\t<input type=\"text\" name=\"_aditional_info_name\" id=\"_aditional_info_rating\" value=\"\" \/>\n\n\t\t\t\t\t\t<\/fieldset><fieldset>\n\n\t\t\t\t\t\t<label for=\"_aditional_info_rating\">Rate<\/label>\n\t\t\t\t\t\t<select class=\"regular\" name=\"_aditional_info_rating\" id=\"_aditional_info_rating\"><option value=\"5\"  >5 Stars<\/option><option value=\"4\"  >4 Stars<\/option><option value=\"3\"  >3 Stars<\/option><option value=\"2\"  >2 Stars<\/option><option value=\"1\"  >1 Star<\/option><\/select>\n\n\t\t\t\t\t<\/fieldset>\n\n\n\t\t\t\t<fieldset>\n\t\t\t\t\t\t\t\n\t\t\t\t\t<label for=\"_aditional_info_short_testimonial\">Your feedback<\/label>\n\n\t\t\t\t\t<textarea name=\"_aditional_info_short_testimonial\" id=\"_aditional_info_short_testimonial\" rows=\"8\" cols=\"30\"><\/textarea>\n\n\t\t\t\t<\/fieldset>\n\n\t\t\t\t\t<fieldset>\n\n\t\t\t\t\t\t<label for=\"_aditional_info_email\">Email<\/label>\n\n\t\t\t\t\t\t<input type=\"text\" name=\"_aditional_info_email\" id=\"_aditional_info_email\" value=\"\" \/>\n\n\t\t\t\t\t<\/fieldset><fieldset><input type=\"hidden\" id=\"post_nonce_field\" name=\"post_nonce_field\" value=\"9b9a33052f\" \/><input type=\"hidden\" name=\"_wp_http_referer\" value=\"\/de\/wp-json\/wp\/v2\/pages\/11471\/\" \/><input type=\"hidden\" name=\"submitted\" id=\"submitted\" value=\"true\" \/><button type=\"submit\">Send feedback<\/button><\/fieldset><\/form><\/div><!-- #primary END --><\/p>\n<\/div><\/section><\/div>\n<div  class='flex_column av-av_one_third-5c3bdd854542bbc70d067b1f6b1f9883 av_one_third  avia-builder-el-2  el_after_av_two_third  el_before_av_textblock  flex_column_div  '     ><p>\n<style type=\"text\/css\" data-created_by=\"avia_inline_auto\" id=\"style-css-av-av_hr-0688d0b0b6ed2f8b057db7a8270206df\">\n#top .hr.hr-invisible.av-av_hr-0688d0b0b6ed2f8b057db7a8270206df{\nheight:50px;\n}\n<\/style>\n<div  class='hr av-av_hr-0688d0b0b6ed2f8b057db7a8270206df hr-invisible  avia-builder-el-3  el_before_av_textblock  avia-builder-el-first '><span class='hr-inner '><span class=\"hr-inner-style\"><\/span><\/span><\/div><br \/>\n<section  class='av_textblock_section av-av_textblock-0366cc7376be6c9e82a3e9cc8987b64f '   itemscope=\"itemscope\" itemtype=\"https:\/\/schema.org\/CreativeWork\" ><div class='avia_textblock'  itemprop=\"text\" ><h4>Feedback:<\/h4>\n<\/div><\/section><br \/>\n\n<style type=\"text\/css\" data-created_by=\"avia_inline_auto\" id=\"style-css-av-av_hr-c9ba6ccf0e28539cef079a4b419f7f68\">\n#top .hr.hr-invisible.av-av_hr-c9ba6ccf0e28539cef079a4b419f7f68{\nheight:25px;\n}\n<\/style>\n<div  class='hr av-av_hr-c9ba6ccf0e28539cef079a4b419f7f68 hr-invisible  avia-builder-el-5  el_after_av_textblock  el_before_av_textblock '><span class='hr-inner '><span class=\"hr-inner-style\"><\/span><\/span><\/div><br \/>\n<section  class='av_textblock_section av-av_textblock-0366cc7376be6c9e82a3e9cc8987b64f '   itemscope=\"itemscope\" itemtype=\"https:\/\/schema.org\/CreativeWork\" ><div class='avia_textblock'  itemprop=\"text\" ><p><strong>H\u00f6chst informative Schulung\u00a0mit einem sehr kenntnisreichen\u00a0Trainer<\/strong><\/p>\n<p>Ich nahm am Seminar &#8222;F\u00e4higkeiten und Kenntnisse f\u00fcr die erste F\u00fchrungsposition&#8220; teil und fand es h\u00f6chst informativ und es wurde von einem sehr kenntnisreichen Trainer durchgef\u00fchrt. Die Schulung war interessant und mithilfe der Rollenspiele haben Sie es geschafft, unsere Aufmerksamkeit durchweg aufrechtzuerhalten. Der Trainer war sich sicher in seiner Rolle &#8211; die Themen wurden mit Klarheit \u00fcbermittelt und direkte Interaktion wurde mit Leichtigkeit und Selbstbewusstsein gef\u00f6rdert. Target Training ist ein professionelles Unternehmen, das die erste Anlaufstelle sein sollte, wenn man auf der Suche nach professionellen und effektiven Trainingsl\u00f6sungen ist.<\/p>\n<div class=\"ttshowcase_rl_title reviewer\"><strong>Gerhard Jung<\/strong><\/div>\n<div class=\"ttshowcase_rl_subtitle\">Senior Project Manager<\/div>\n<div class=\"ttshowcase_rl_subtitle\"><img loading=\"lazy\" decoding=\"async\" class=\"alignleft\" src=\"http:\/\/02086ee2.kundenrechner.net\/wp-content\/uploads\/2013\/08\/stars-5.bmp\" alt=\"Feedback Target Training\" width=\"114\" height=\"22\" \/><\/div>\n<\/div><\/section><br \/>\n<div  class='hr av-av_hr-45f931f05f5898fdc250bd31b51b694c hr-default  avia-builder-el-7  el_after_av_textblock  el_before_av_textblock '><span class='hr-inner '><span class=\"hr-inner-style\"><\/span><\/span><\/div><br \/>\n<section  class='av_textblock_section av-av_textblock-0366cc7376be6c9e82a3e9cc8987b64f '   itemscope=\"itemscope\" itemtype=\"https:\/\/schema.org\/CreativeWork\" ><div class='avia_textblock'  itemprop=\"text\" ><p>Das Training war sehr hilfreich in\u00a0meinem Arbeitsalltag. Vielen Dank Lynn f\u00fcr die hervorragende Arbeit.<\/p>\n<div class=\"ttshowcase_rl_title reviewer\">\n<div class=\"ttshowcase_rl_title reviewer\"><strong>Helmut M.<\/strong><\/div>\n<div class=\"ttshowcase_rl_subtitle\">InCorporateTrainer\u00a0Teilnehmer<\/div>\n<\/div>\n<div class=\"ttshowcase_rl_subtitle\"><img loading=\"lazy\" decoding=\"async\" class=\"alignleft\" src=\"http:\/\/02086ee2.kundenrechner.net\/wp-content\/uploads\/2013\/08\/stars-5.bmp\" alt=\"Feedback Target Training\" width=\"114\" height=\"22\" \/><\/div>\n<\/div><\/section><br \/>\n<div  class='hr av-av_hr-45f931f05f5898fdc250bd31b51b694c hr-default  avia-builder-el-9  el_after_av_textblock  el_before_av_icon_box '><span class='hr-inner '><span class=\"hr-inner-style\"><\/span><\/span><\/div><br \/>\n<article  class='iconbox iconbox_left av-av_icon_box-d0edffae83c719ca1b53cdc79fb89e98  avia-builder-el-10  el_after_av_hr  avia-builder-el-last '  itemscope=\"itemscope\" itemtype=\"https:\/\/schema.org\/CreativeWork\" ><div class=\"iconbox_content\"><header class=\"entry-content-header\"><a href='https:\/\/www.targettraining.eu\/de\/kundenbewertungen\/' title='Bewertungen'  class=\"iconbox_icon heading-color\" aria-hidden='true' data-av_icon='\ue836' data-av_iconfont='entypo-fontello'><\/a><h3 class='iconbox_content_title '  itemprop=\"headline\" ><a href='https:\/\/www.targettraining.eu\/de\/kundenbewertungen\/' title='Bewertungen' >Bewertungen<\/a><\/h3><\/header><div class='iconbox_content_container '  itemprop=\"text\" ><p>Lesen Sie mehr Kundenmeinungen\u00a0auf unserer Bewertungsseite.<\/p>\n<\/div><\/div><footer class=\"entry-footer\"><\/footer><\/article><\/p><\/div><section  class='av_textblock_section av-av_textblock-0366cc7376be6c9e82a3e9cc8987b64f '   itemscope=\"itemscope\" itemtype=\"https:\/\/schema.org\/CreativeWork\" ><div class='avia_textblock'  itemprop=\"text\" ><p><img loading=\"lazy\" decoding=\"async\" class=\"aligncenter lazyload\" data-src=\"https:\/\/www.targettraining.eu\/wp-content\/uploads\/2014\/05\/Fotolia_61606327_M-e1400072440629.jpg\" alt=\"Feedback hinterlassen\" width=\"1171\" height=\"225\" src=\"data:image\/gif;base64,R0lGODlhAQABAAAAACH5BAEKAAEALAAAAAABAAEAAAICTAEAOw==\" style=\"--smush-placeholder-width: 1171px; --smush-placeholder-aspect-ratio: 1171\/225;\" \/><noscript><img loading=\"lazy\" decoding=\"async\" class=\"aligncenter\" src=\"https:\/\/www.targettraining.eu\/wp-content\/uploads\/2014\/05\/Fotolia_61606327_M-e1400072440629.jpg\" alt=\"Feedback hinterlassen\" width=\"1171\" height=\"225\" \/><\/noscript><\/p>\n<\/div><\/section><\/p>\n","protected":false},"excerpt":{"rendered":"","protected":false},"author":3,"featured_media":0,"parent":0,"menu_order":0,"comment_status":"open","ping_status":"open","template":"","meta":{"_acf_changed":false,"content-type":"","footnotes":""},"class_list":["post-11471","page","type-page","status-publish","hentry"],"acf":[],"yoast_head":"<!-- This site is optimized with the Yoast SEO plugin v23.6 - https:\/\/yoast.com\/wordpress\/plugins\/seo\/ -->\n<title>Feedback hinterlassen - Target Training GmbH<\/title>\n<meta name=\"description\" content=\"Auf dieser Seite k\u00f6nnen Sie Feedback hinterlassen. Teilen Sie uns und anderen Interessenten mit, welche Erfahrungen Sie mit Target Training gemacht haben.\" \/>\n<meta name=\"robots\" content=\"index, follow, max-snippet:-1, max-image-preview:large, max-video-preview:-1\" \/>\n<link rel=\"canonical\" href=\"https:\/\/www.targettraining.eu\/de\/feedback-hinterlassen\/\" \/>\n<meta property=\"og:locale\" content=\"de_DE\" \/>\n<meta property=\"og:type\" content=\"article\" \/>\n<meta property=\"og:title\" content=\"Feedback hinterlassen - Target Training GmbH\" \/>\n<meta property=\"og:description\" content=\"Auf dieser Seite k\u00f6nnen Sie Feedback hinterlassen. Teilen Sie uns und anderen Interessenten mit, welche Erfahrungen Sie mit Target Training gemacht haben.\" \/>\n<meta property=\"og:url\" content=\"https:\/\/www.targettraining.eu\/de\/feedback-hinterlassen\/\" \/>\n<meta property=\"og:site_name\" content=\"Target Training GmbH\" \/>\n<meta property=\"article:publisher\" content=\"https:\/\/www.facebook.com\/TargetTrainingGmbh\" \/>\n<meta property=\"article:modified_time\" content=\"2015-08-27T08:54:48+00:00\" \/>\n<meta property=\"og:image\" content=\"http:\/\/02086ee2.kundenrechner.net\/wp-content\/uploads\/2013\/08\/stars-5.bmp\" \/>\n<meta name=\"twitter:label1\" content=\"Gesch\u00e4tzte Lesezeit\" \/>\n\t<meta name=\"twitter:data1\" content=\"2 Minuten\" \/>\n<script type=\"application\/ld+json\" class=\"yoast-schema-graph\">{\"@context\":\"https:\/\/schema.org\",\"@graph\":[{\"@type\":\"WebPage\",\"@id\":\"https:\/\/www.targettraining.eu\/de\/feedback-hinterlassen\/\",\"url\":\"https:\/\/www.targettraining.eu\/de\/feedback-hinterlassen\/\",\"name\":\"Feedback hinterlassen - Target Training GmbH\",\"isPartOf\":{\"@id\":\"https:\/\/www.targettraining.eu\/#website\"},\"primaryImageOfPage\":{\"@id\":\"https:\/\/www.targettraining.eu\/de\/feedback-hinterlassen\/#primaryimage\"},\"image\":{\"@id\":\"https:\/\/www.targettraining.eu\/de\/feedback-hinterlassen\/#primaryimage\"},\"thumbnailUrl\":\"http:\/\/02086ee2.kundenrechner.net\/wp-content\/uploads\/2013\/08\/stars-5.bmp\",\"datePublished\":\"2015-08-02T14:05:32+00:00\",\"dateModified\":\"2015-08-27T08:54:48+00:00\",\"description\":\"Auf dieser Seite k\u00f6nnen Sie Feedback hinterlassen. Teilen Sie uns und anderen Interessenten mit, welche Erfahrungen Sie mit Target Training gemacht haben.\",\"breadcrumb\":{\"@id\":\"https:\/\/www.targettraining.eu\/de\/feedback-hinterlassen\/#breadcrumb\"},\"inLanguage\":\"de-DE\",\"potentialAction\":[{\"@type\":\"ReadAction\",\"target\":[\"https:\/\/www.targettraining.eu\/de\/feedback-hinterlassen\/\"]}]},{\"@type\":\"ImageObject\",\"inLanguage\":\"de-DE\",\"@id\":\"https:\/\/www.targettraining.eu\/de\/feedback-hinterlassen\/#primaryimage\",\"url\":\"http:\/\/02086ee2.kundenrechner.net\/wp-content\/uploads\/2013\/08\/stars-5.bmp\",\"contentUrl\":\"http:\/\/02086ee2.kundenrechner.net\/wp-content\/uploads\/2013\/08\/stars-5.bmp\"},{\"@type\":\"BreadcrumbList\",\"@id\":\"https:\/\/www.targettraining.eu\/de\/feedback-hinterlassen\/#breadcrumb\",\"itemListElement\":[{\"@type\":\"ListItem\",\"position\":1,\"name\":\"Home\",\"item\":\"https:\/\/www.targettraining.eu\/de\/\"},{\"@type\":\"ListItem\",\"position\":2,\"name\":\"Feedback hinterlassen\"}]},{\"@type\":\"WebSite\",\"@id\":\"https:\/\/www.targettraining.eu\/#website\",\"url\":\"https:\/\/www.targettraining.eu\/\",\"name\":\"Target Training GmbH\",\"description\":\"Training you to succeed globally\",\"publisher\":{\"@id\":\"https:\/\/www.targettraining.eu\/#organization\"},\"potentialAction\":[{\"@type\":\"SearchAction\",\"target\":{\"@type\":\"EntryPoint\",\"urlTemplate\":\"https:\/\/www.targettraining.eu\/?s={search_term_string}\"},\"query-input\":{\"@type\":\"PropertyValueSpecification\",\"valueRequired\":true,\"valueName\":\"search_term_string\"}}],\"inLanguage\":\"de-DE\"},{\"@type\":\"Organization\",\"@id\":\"https:\/\/www.targettraining.eu\/#organization\",\"name\":\"Target Training GmbH\",\"url\":\"https:\/\/www.targettraining.eu\/\",\"logo\":{\"@type\":\"ImageObject\",\"inLanguage\":\"de-DE\",\"@id\":\"https:\/\/www.targettraining.eu\/#\/schema\/logo\/image\/\",\"url\":\"https:\/\/www.targettraining.eu\/wp-content\/uploads\/2013\/04\/WP-logo2.png\",\"contentUrl\":\"https:\/\/www.targettraining.eu\/wp-content\/uploads\/2013\/04\/WP-logo2.png\",\"width\":103,\"height\":32,\"caption\":\"Target Training GmbH\"},\"image\":{\"@id\":\"https:\/\/www.targettraining.eu\/#\/schema\/logo\/image\/\"},\"sameAs\":[\"https:\/\/www.facebook.com\/TargetTrainingGmbh\",\"https:\/\/x.com\/TargetTrains\",\"https:\/\/www.youtube.com\/c\/TargettrainingEugmbh\"]}]}<\/script>\n<!-- \/ Yoast SEO plugin. -->","yoast_head_json":{"title":"Feedback hinterlassen - Target Training GmbH","description":"Auf dieser Seite k\u00f6nnen Sie Feedback hinterlassen. Teilen Sie uns und anderen Interessenten mit, welche Erfahrungen Sie mit Target Training gemacht haben.","robots":{"index":"index","follow":"follow","max-snippet":"max-snippet:-1","max-image-preview":"max-image-preview:large","max-video-preview":"max-video-preview:-1"},"canonical":"https:\/\/www.targettraining.eu\/de\/feedback-hinterlassen\/","og_locale":"de_DE","og_type":"article","og_title":"Feedback hinterlassen - Target Training GmbH","og_description":"Auf dieser Seite k\u00f6nnen Sie Feedback hinterlassen. Teilen Sie uns und anderen Interessenten mit, welche Erfahrungen Sie mit Target Training gemacht haben.","og_url":"https:\/\/www.targettraining.eu\/de\/feedback-hinterlassen\/","og_site_name":"Target Training GmbH","article_publisher":"https:\/\/www.facebook.com\/TargetTrainingGmbh","article_modified_time":"2015-08-27T08:54:48+00:00","og_image":[{"url":"http:\/\/02086ee2.kundenrechner.net\/wp-content\/uploads\/2013\/08\/stars-5.bmp"}],"twitter_misc":{"Gesch\u00e4tzte Lesezeit":"2 Minuten"},"schema":{"@context":"https:\/\/schema.org","@graph":[{"@type":"WebPage","@id":"https:\/\/www.targettraining.eu\/de\/feedback-hinterlassen\/","url":"https:\/\/www.targettraining.eu\/de\/feedback-hinterlassen\/","name":"Feedback hinterlassen - Target Training GmbH","isPartOf":{"@id":"https:\/\/www.targettraining.eu\/#website"},"primaryImageOfPage":{"@id":"https:\/\/www.targettraining.eu\/de\/feedback-hinterlassen\/#primaryimage"},"image":{"@id":"https:\/\/www.targettraining.eu\/de\/feedback-hinterlassen\/#primaryimage"},"thumbnailUrl":"http:\/\/02086ee2.kundenrechner.net\/wp-content\/uploads\/2013\/08\/stars-5.bmp","datePublished":"2015-08-02T14:05:32+00:00","dateModified":"2015-08-27T08:54:48+00:00","description":"Auf dieser Seite k\u00f6nnen Sie Feedback hinterlassen. Teilen Sie uns und anderen Interessenten mit, welche Erfahrungen Sie mit Target Training gemacht haben.","breadcrumb":{"@id":"https:\/\/www.targettraining.eu\/de\/feedback-hinterlassen\/#breadcrumb"},"inLanguage":"de-DE","potentialAction":[{"@type":"ReadAction","target":["https:\/\/www.targettraining.eu\/de\/feedback-hinterlassen\/"]}]},{"@type":"ImageObject","inLanguage":"de-DE","@id":"https:\/\/www.targettraining.eu\/de\/feedback-hinterlassen\/#primaryimage","url":"http:\/\/02086ee2.kundenrechner.net\/wp-content\/uploads\/2013\/08\/stars-5.bmp","contentUrl":"http:\/\/02086ee2.kundenrechner.net\/wp-content\/uploads\/2013\/08\/stars-5.bmp"},{"@type":"BreadcrumbList","@id":"https:\/\/www.targettraining.eu\/de\/feedback-hinterlassen\/#breadcrumb","itemListElement":[{"@type":"ListItem","position":1,"name":"Home","item":"https:\/\/www.targettraining.eu\/de\/"},{"@type":"ListItem","position":2,"name":"Feedback hinterlassen"}]},{"@type":"WebSite","@id":"https:\/\/www.targettraining.eu\/#website","url":"https:\/\/www.targettraining.eu\/","name":"Target Training GmbH","description":"Training you to succeed globally","publisher":{"@id":"https:\/\/www.targettraining.eu\/#organization"},"potentialAction":[{"@type":"SearchAction","target":{"@type":"EntryPoint","urlTemplate":"https:\/\/www.targettraining.eu\/?s={search_term_string}"},"query-input":{"@type":"PropertyValueSpecification","valueRequired":true,"valueName":"search_term_string"}}],"inLanguage":"de-DE"},{"@type":"Organization","@id":"https:\/\/www.targettraining.eu\/#organization","name":"Target Training GmbH","url":"https:\/\/www.targettraining.eu\/","logo":{"@type":"ImageObject","inLanguage":"de-DE","@id":"https:\/\/www.targettraining.eu\/#\/schema\/logo\/image\/","url":"https:\/\/www.targettraining.eu\/wp-content\/uploads\/2013\/04\/WP-logo2.png","contentUrl":"https:\/\/www.targettraining.eu\/wp-content\/uploads\/2013\/04\/WP-logo2.png","width":103,"height":32,"caption":"Target Training GmbH"},"image":{"@id":"https:\/\/www.targettraining.eu\/#\/schema\/logo\/image\/"},"sameAs":["https:\/\/www.facebook.com\/TargetTrainingGmbh","https:\/\/x.com\/TargetTrains","https:\/\/www.youtube.com\/c\/TargettrainingEugmbh"]}]}},"_links":{"self":[{"href":"https:\/\/www.targettraining.eu\/de\/wp-json\/wp\/v2\/pages\/11471\/"}],"collection":[{"href":"https:\/\/www.targettraining.eu\/de\/wp-json\/wp\/v2\/pages\/"}],"about":[{"href":"https:\/\/www.targettraining.eu\/de\/wp-json\/wp\/v2\/types\/page\/"}],"author":[{"embeddable":true,"href":"https:\/\/www.targettraining.eu\/de\/wp-json\/wp\/v2\/users\/3\/"}],"replies":[{"embeddable":true,"href":"https:\/\/www.targettraining.eu\/de\/wp-json\/wp\/v2\/comments\/?post=11471"}],"version-history":[{"count":6,"href":"https:\/\/www.targettraining.eu\/de\/wp-json\/wp\/v2\/pages\/11471\/revisions\/"}],"predecessor-version":[{"id":12097,"href":"https:\/\/www.targettraining.eu\/de\/wp-json\/wp\/v2\/pages\/11471\/revisions\/12097\/"}],"wp:attachment":[{"href":"https:\/\/www.targettraining.eu\/de\/wp-json\/wp\/v2\/media\/?parent=11471"}],"curies":[{"name":"wp","href":"https:\/\/api.w.org\/{rel}","templated":true}]}}