{"id":11505,"date":"2015-08-04T10:52:23","date_gmt":"2015-08-04T08:52:23","guid":{"rendered":"http:\/\/www.targettraining.eu\/?page_id=11505"},"modified":"2015-10-12T10:56:00","modified_gmt":"2015-10-12T08:56:00","slug":"datenschutzerklarung","status":"publish","type":"page","link":"https:\/\/www.targettraining.eu\/de\/datenschutzerklarung\/","title":{"rendered":"Datenschutzerkl\u00e4rung"},"content":{"rendered":"<section  class='av_textblock_section av-av_textblock-0366cc7376be6c9e82a3e9cc8987b64f '   itemscope=\"itemscope\" itemtype=\"https:\/\/schema.org\/CreativeWork\" ><div class='avia_textblock'  itemprop=\"text\" ><h1 style=\"text-align: center;\">Datenschutzerkl\u00e4rung<\/h1>\n<\/div><\/section>\n<div  class='hr av-av_hr-c69e1af1bad63c3964cc522caf796498 hr-short hr-center'><span class='hr-inner '><span class=\"hr-inner-style\"><\/span><\/span><\/div>\n<div  class='flex_column av-av_one_half-2a9015ff38129c418a3f2eafba3e9512 av_one_half first flex_column_div  '     ><section  class='av_textblock_section av-av_textblock-0366cc7376be6c9e82a3e9cc8987b64f '   itemscope=\"itemscope\" itemtype=\"https:\/\/schema.org\/CreativeWork\" ><div class='avia_textblock'  itemprop=\"text\" ><h3>Welche Informationen sammeln wir?<\/h3>\n<p>Wir sammeln Informationen, wenn Sie sich f\u00fcr einen Newsletter anmelden oder ein Formular auf unserer Seite ausf\u00fcllen.\u00a0<strong>Wenn Sie sich auf unserer Seite anmelden, werden Sie nach Ihrem Namen, Ihrer E-Mail-Adresse oder dem Namen Ihres Unternehmens gefragt.<\/strong><\/p>\n<h3>F\u00fcr was werden diese Informationen verwendet?<\/h3>\n<p>Wir verwenden die E-Mail-Adresse, die Sie angeben, um Ihnen die von Ihnen gew\u00fcnschten Informationen zuzusenden. Wir k\u00f6nnten Ihnen ebenfalls Neuigkeiten \u00fcber unsere Angebote zusenden, zus\u00e4tzlich zu gelegentlichen Neuigkeiten und Newslettern zu unserem Unternehmen.<\/p>\n<p>Anmerkung: Wenn Sie in Zukunft keine E-Mails mehr erhalten m\u00f6chten, k\u00f6nnen Sie sich jederzeit \u00fcber den Link am Ende jeder E-Mail abmelden.<\/p>\n<h3>Verwenden wir Cookies?<\/h3>\n<p>Wir verwenden keine Cookies, AU\u00dfER auf Einstiegsseiten.<\/p>\n<h3>Werden irgendwelche Informationen nach au\u00dfen weitergegeben?<\/h3>\n<p>Wir verkaufen, tauschen oder \u00fcbergeben auf keine andere Art und Weise Ihre pers\u00f6nlichen Informationen an Au\u00dfenstehende. Wir teilen Ihre Infos nicht mir der NSA oder anderen Geheimdiensten. Nur vertrauensw\u00fcrdige Dritte, die uns bei der Arbeit an unserer Webseite, im Gesch\u00e4ft oder im Service behilflich sind, haben Zugang zu Ihren Informationen. Diese Personen willigen auch darin ein, Ihre Informationen vertraulich zu behandeln. Wir werden Ihre Informationen nur weitergeben, wenn wir verpflichtet sind, das Gesetz zu befolgen, zur Durchsetzung der auf dieser Webseite aufgestellten Verhaltensanweisungen oder zum Schutz der Rechte, des Eigentums oder der Sicherheit anderer.<\/p>\n<\/div><\/section><\/div><div  class='flex_column av-av_one_half-5c3bdd854542bbc70d067b1f6b1f9883 av_one_half flex_column_div  '     ><section  class='av_textblock_section av-av_textblock-0366cc7376be6c9e82a3e9cc8987b64f '   itemscope=\"itemscope\" itemtype=\"https:\/\/schema.org\/CreativeWork\" ><div class='avia_textblock'  itemprop=\"text\" ><h3>Ihr Zustimmung<\/h3>\n<p>Durch die Nutzung unserer Webseite, stimmen Sie unserer\u00a0Datenschutzerkl\u00e4rung\u00a0zu.<\/p>\n<h3>\u00c4nderungen an unserer Datenschutzerkl\u00e4rung<\/h3>\n<p>Wenn wir unsere Datenschutzerkl\u00e4rung\u00a0<span style=\"line-height: 1.5;\">\u00e4ndern, aktualisieren wir die \u00c4nderungen auf dieser Webseite und passen das \u00c4nderungsdatum am Ende der Seite an.<\/span><\/p>\n<h3>Kontakt mit uns aufnehmen<\/h3>\n<p>Sollten Sie Fragen bez\u00fcglich unserer Datenschutzrichtlinien haben, <a title=\"Contact\" href=\"https:\/\/www.targettraining.eu\/de\/kontakt\/?lang=de\">nehmen Sie Kontakt mit uns auf.<\/a><\/p>\n<\/div><\/section><br \/>\n<div  class='hr av-av_hr-d3021aff4e2c88ff75459fd6b3a45a12 hr-default'><span class='hr-inner '><span class=\"hr-inner-style\"><\/span><\/span><\/div><br \/>\n<section  class='av_textblock_section av-av_textblock-0366cc7376be6c9e82a3e9cc8987b64f '   itemscope=\"itemscope\" itemtype=\"https:\/\/schema.org\/CreativeWork\" ><div class='avia_textblock'  itemprop=\"text\" ><p style=\"text-align: right;\">Diese Richtlinien wurden das letzte mal am\u00a027.09.2013 ge\u00e4ndert.<\/p>\n<\/div><\/section><\/p><\/div><\/p>\n","protected":false},"excerpt":{"rendered":"","protected":false},"author":3,"featured_media":0,"parent":0,"menu_order":0,"comment_status":"open","ping_status":"open","template":"","meta":{"_acf_changed":false,"content-type":"","footnotes":""},"class_list":["post-11505","page","type-page","status-publish","hentry"],"acf":[],"yoast_head":"<!-- This site is optimized with the Yoast SEO plugin v23.6 - https:\/\/yoast.com\/wordpress\/plugins\/seo\/ -->\n<title>Datenschutzerkl\u00e4rung - Target Training GmbH<\/title>\n<meta name=\"description\" content=\"In unserer Datenschutzerkl\u00e4rung erfahren Sie mehr \u00fcber unsere Richtlinien bez\u00fcglich der pers\u00f6nlichen Informationen, die Sie auf unserer Seite hinterlassen.\" \/>\n<meta name=\"robots\" content=\"index, follow, max-snippet:-1, max-image-preview:large, max-video-preview:-1\" \/>\n<link rel=\"canonical\" href=\"https:\/\/www.targettraining.eu\/de\/datenschutzerklarung\/\" \/>\n<meta property=\"og:locale\" content=\"de_DE\" \/>\n<meta property=\"og:type\" content=\"article\" \/>\n<meta property=\"og:title\" content=\"Datenschutzerkl\u00e4rung - Target Training GmbH\" \/>\n<meta property=\"og:description\" content=\"In unserer Datenschutzerkl\u00e4rung erfahren Sie mehr \u00fcber unsere Richtlinien bez\u00fcglich der pers\u00f6nlichen Informationen, die Sie auf unserer Seite hinterlassen.\" \/>\n<meta property=\"og:url\" content=\"https:\/\/www.targettraining.eu\/de\/datenschutzerklarung\/\" \/>\n<meta property=\"og:site_name\" content=\"Target Training GmbH\" \/>\n<meta property=\"article:publisher\" content=\"https:\/\/www.facebook.com\/TargetTrainingGmbh\" \/>\n<meta property=\"article:modified_time\" content=\"2015-10-12T08:56:00+00:00\" \/>\n<meta name=\"twitter:label1\" content=\"Gesch\u00e4tzte Lesezeit\" \/>\n\t<meta name=\"twitter:data1\" content=\"2 Minuten\" \/>\n<script type=\"application\/ld+json\" class=\"yoast-schema-graph\">{\"@context\":\"https:\/\/schema.org\",\"@graph\":[{\"@type\":\"WebPage\",\"@id\":\"https:\/\/www.targettraining.eu\/de\/datenschutzerklarung\/\",\"url\":\"https:\/\/www.targettraining.eu\/de\/datenschutzerklarung\/\",\"name\":\"Datenschutzerkl\u00e4rung - Target Training GmbH\",\"isPartOf\":{\"@id\":\"https:\/\/www.targettraining.eu\/#website\"},\"datePublished\":\"2015-08-04T08:52:23+00:00\",\"dateModified\":\"2015-10-12T08:56:00+00:00\",\"description\":\"In unserer Datenschutzerkl\u00e4rung erfahren Sie mehr \u00fcber unsere Richtlinien bez\u00fcglich der pers\u00f6nlichen Informationen, die Sie auf unserer Seite hinterlassen.\",\"breadcrumb\":{\"@id\":\"https:\/\/www.targettraining.eu\/de\/datenschutzerklarung\/#breadcrumb\"},\"inLanguage\":\"de-DE\",\"potentialAction\":[{\"@type\":\"ReadAction\",\"target\":[\"https:\/\/www.targettraining.eu\/de\/datenschutzerklarung\/\"]}]},{\"@type\":\"BreadcrumbList\",\"@id\":\"https:\/\/www.targettraining.eu\/de\/datenschutzerklarung\/#breadcrumb\",\"itemListElement\":[{\"@type\":\"ListItem\",\"position\":1,\"name\":\"Home\",\"item\":\"https:\/\/www.targettraining.eu\/de\/\"},{\"@type\":\"ListItem\",\"position\":2,\"name\":\"Datenschutzerkl\u00e4rung\"}]},{\"@type\":\"WebSite\",\"@id\":\"https:\/\/www.targettraining.eu\/#website\",\"url\":\"https:\/\/www.targettraining.eu\/\",\"name\":\"Target Training GmbH\",\"description\":\"Training you to succeed globally\",\"publisher\":{\"@id\":\"https:\/\/www.targettraining.eu\/#organization\"},\"potentialAction\":[{\"@type\":\"SearchAction\",\"target\":{\"@type\":\"EntryPoint\",\"urlTemplate\":\"https:\/\/www.targettraining.eu\/?s={search_term_string}\"},\"query-input\":{\"@type\":\"PropertyValueSpecification\",\"valueRequired\":true,\"valueName\":\"search_term_string\"}}],\"inLanguage\":\"de-DE\"},{\"@type\":\"Organization\",\"@id\":\"https:\/\/www.targettraining.eu\/#organization\",\"name\":\"Target Training GmbH\",\"url\":\"https:\/\/www.targettraining.eu\/\",\"logo\":{\"@type\":\"ImageObject\",\"inLanguage\":\"de-DE\",\"@id\":\"https:\/\/www.targettraining.eu\/#\/schema\/logo\/image\/\",\"url\":\"https:\/\/www.targettraining.eu\/wp-content\/uploads\/2013\/04\/WP-logo2.png\",\"contentUrl\":\"https:\/\/www.targettraining.eu\/wp-content\/uploads\/2013\/04\/WP-logo2.png\",\"width\":103,\"height\":32,\"caption\":\"Target Training GmbH\"},\"image\":{\"@id\":\"https:\/\/www.targettraining.eu\/#\/schema\/logo\/image\/\"},\"sameAs\":[\"https:\/\/www.facebook.com\/TargetTrainingGmbh\",\"https:\/\/x.com\/TargetTrains\",\"https:\/\/www.youtube.com\/c\/TargettrainingEugmbh\"]}]}<\/script>\n<!-- \/ Yoast SEO plugin. -->","yoast_head_json":{"title":"Datenschutzerkl\u00e4rung - Target Training GmbH","description":"In unserer Datenschutzerkl\u00e4rung erfahren Sie mehr \u00fcber unsere Richtlinien bez\u00fcglich der pers\u00f6nlichen Informationen, die Sie auf unserer Seite hinterlassen.","robots":{"index":"index","follow":"follow","max-snippet":"max-snippet:-1","max-image-preview":"max-image-preview:large","max-video-preview":"max-video-preview:-1"},"canonical":"https:\/\/www.targettraining.eu\/de\/datenschutzerklarung\/","og_locale":"de_DE","og_type":"article","og_title":"Datenschutzerkl\u00e4rung - Target Training GmbH","og_description":"In unserer Datenschutzerkl\u00e4rung erfahren Sie mehr \u00fcber unsere Richtlinien bez\u00fcglich der pers\u00f6nlichen Informationen, die Sie auf unserer Seite hinterlassen.","og_url":"https:\/\/www.targettraining.eu\/de\/datenschutzerklarung\/","og_site_name":"Target Training GmbH","article_publisher":"https:\/\/www.facebook.com\/TargetTrainingGmbh","article_modified_time":"2015-10-12T08:56:00+00:00","twitter_misc":{"Gesch\u00e4tzte Lesezeit":"2 Minuten"},"schema":{"@context":"https:\/\/schema.org","@graph":[{"@type":"WebPage","@id":"https:\/\/www.targettraining.eu\/de\/datenschutzerklarung\/","url":"https:\/\/www.targettraining.eu\/de\/datenschutzerklarung\/","name":"Datenschutzerkl\u00e4rung - Target Training GmbH","isPartOf":{"@id":"https:\/\/www.targettraining.eu\/#website"},"datePublished":"2015-08-04T08:52:23+00:00","dateModified":"2015-10-12T08:56:00+00:00","description":"In unserer Datenschutzerkl\u00e4rung erfahren Sie mehr \u00fcber unsere Richtlinien bez\u00fcglich der pers\u00f6nlichen Informationen, die Sie auf unserer Seite hinterlassen.","breadcrumb":{"@id":"https:\/\/www.targettraining.eu\/de\/datenschutzerklarung\/#breadcrumb"},"inLanguage":"de-DE","potentialAction":[{"@type":"ReadAction","target":["https:\/\/www.targettraining.eu\/de\/datenschutzerklarung\/"]}]},{"@type":"BreadcrumbList","@id":"https:\/\/www.targettraining.eu\/de\/datenschutzerklarung\/#breadcrumb","itemListElement":[{"@type":"ListItem","position":1,"name":"Home","item":"https:\/\/www.targettraining.eu\/de\/"},{"@type":"ListItem","position":2,"name":"Datenschutzerkl\u00e4rung"}]},{"@type":"WebSite","@id":"https:\/\/www.targettraining.eu\/#website","url":"https:\/\/www.targettraining.eu\/","name":"Target Training GmbH","description":"Training you to succeed globally","publisher":{"@id":"https:\/\/www.targettraining.eu\/#organization"},"potentialAction":[{"@type":"SearchAction","target":{"@type":"EntryPoint","urlTemplate":"https:\/\/www.targettraining.eu\/?s={search_term_string}"},"query-input":{"@type":"PropertyValueSpecification","valueRequired":true,"valueName":"search_term_string"}}],"inLanguage":"de-DE"},{"@type":"Organization","@id":"https:\/\/www.targettraining.eu\/#organization","name":"Target Training GmbH","url":"https:\/\/www.targettraining.eu\/","logo":{"@type":"ImageObject","inLanguage":"de-DE","@id":"https:\/\/www.targettraining.eu\/#\/schema\/logo\/image\/","url":"https:\/\/www.targettraining.eu\/wp-content\/uploads\/2013\/04\/WP-logo2.png","contentUrl":"https:\/\/www.targettraining.eu\/wp-content\/uploads\/2013\/04\/WP-logo2.png","width":103,"height":32,"caption":"Target Training GmbH"},"image":{"@id":"https:\/\/www.targettraining.eu\/#\/schema\/logo\/image\/"},"sameAs":["https:\/\/www.facebook.com\/TargetTrainingGmbh","https:\/\/x.com\/TargetTrains","https:\/\/www.youtube.com\/c\/TargettrainingEugmbh"]}]}},"_links":{"self":[{"href":"https:\/\/www.targettraining.eu\/de\/wp-json\/wp\/v2\/pages\/11505\/"}],"collection":[{"href":"https:\/\/www.targettraining.eu\/de\/wp-json\/wp\/v2\/pages\/"}],"about":[{"href":"https:\/\/www.targettraining.eu\/de\/wp-json\/wp\/v2\/types\/page\/"}],"author":[{"embeddable":true,"href":"https:\/\/www.targettraining.eu\/de\/wp-json\/wp\/v2\/users\/3\/"}],"replies":[{"embeddable":true,"href":"https:\/\/www.targettraining.eu\/de\/wp-json\/wp\/v2\/comments\/?post=11505"}],"version-history":[{"count":5,"href":"https:\/\/www.targettraining.eu\/de\/wp-json\/wp\/v2\/pages\/11505\/revisions\/"}],"predecessor-version":[{"id":12044,"href":"https:\/\/www.targettraining.eu\/de\/wp-json\/wp\/v2\/pages\/11505\/revisions\/12044\/"}],"wp:attachment":[{"href":"https:\/\/www.targettraining.eu\/de\/wp-json\/wp\/v2\/media\/?parent=11505"}],"curies":[{"name":"wp","href":"https:\/\/api.w.org\/{rel}","templated":true}]}}