{"id":11518,"date":"2015-08-04T15:06:57","date_gmt":"2015-08-04T13:06:57","guid":{"rendered":"http:\/\/www.targettraining.eu\/?page_id=11518"},"modified":"2015-10-02T11:54:29","modified_gmt":"2015-10-02T09:54:29","slug":"was-unsere-kunden-an-uns-schatzen","status":"publish","type":"page","link":"https:\/\/www.targettraining.eu\/de\/was-unsere-kunden-an-uns-schatzen\/","title":{"rendered":"Was unsere Kunden an uns sch\u00e4tzen"},"content":{"rendered":"<section  class='av_textblock_section av-av_textblock-0366cc7376be6c9e82a3e9cc8987b64f '   itemscope=\"itemscope\" itemtype=\"https:\/\/schema.org\/CreativeWork\" ><div class='avia_textblock'  itemprop=\"text\" ><h1>Was unsere Kunden an uns sch\u00e4tzen<\/h1>\n<\/div><\/section>\n<div  class='avia-slideshow av-av_slideshow-de3aa5616dd3f307df849f8723caac52 avia-slideshow-entry_without_sidebar av_slideshow avia-fade-slider  avia-builder-el-1  el_after_av_textblock  el_before_av_one_full  av-slideshow-ui av-control-default av-slideshow-autoplay av-loop-endless av-loop-manual-endless av-default-height-applied avia-slideshow-1' data-slideshow-options=\"{&quot;animation&quot;:&quot;fade&quot;,&quot;autoplay&quot;:true,&quot;loop_autoplay&quot;:&quot;endless&quot;,&quot;interval&quot;:8,&quot;loop_manual&quot;:&quot;manual-endless&quot;,&quot;autoplay_stopper&quot;:false,&quot;noNavigation&quot;:false,&quot;bg_slider&quot;:false,&quot;keep_padding&quot;:false,&quot;hoverpause&quot;:false,&quot;show_slide_delay&quot;:0}\"  itemprop=\"image\" itemscope=\"itemscope\" itemtype=\"https:\/\/schema.org\/ImageObject\" ><ul class='avia-slideshow-inner ' style='padding-bottom: 34.95867768595%;'><\/ul><\/div>\n<div  class='flex_column av-av_one_full-2a9015ff38129c418a3f2eafba3e9512 av_one_full  avia-builder-el-2  el_after_av_slideshow  avia-builder-el-last  first flex_column_div  '     ><section  class='av_textblock_section av-av_textblock-0366cc7376be6c9e82a3e9cc8987b64f '   itemscope=\"itemscope\" itemtype=\"https:\/\/schema.org\/CreativeWork\" ><div class='avia_textblock'  itemprop=\"text\" ><h2><b>Kundenfeedback:<\/b> Lesen Sie was unsere Kunden an uns sch\u00e4tzen und zu unseren Soft Skills Seminaren sagen<\/h2>\n<\/div><\/section><br \/>\n<div  class='avia-testimonial-wrapper av-av_testimonials-f7c85b12c3e312912b69ca0d636c61bd avia-grid-testimonials avia-grid-2-testimonials avia_animate_when_almost_visible' >\n<section class=\"avia-testimonial-row\"><div class='avia-testimonial av-av_testimonial_single-7c66ba41734b3bcbd246c43618109b54 avia-testimonial-row-1 avia-first-testimonial flex_column no_margin av_one_half'><div class='avia-testimonial_inner'  itemscope=\"itemscope\" itemtype=\"https:\/\/schema.org\/CreativeWork\" ><div class='avia-testimonial-content '><div class='avia-testimonial-markup-entry-content'  itemprop=\"text\" ><h3><strong>Starke Ablieferung auf Basis von detaillierten Analysen<\/strong><\/h3>\n<p>Ich habe mit Target Training zu verschiedenen Gelegenheiten in den letzten 12 Jahren zusammengearbeitet. Jedes \u00a0mal waren sie in der Lage ein effektives Training abzuliefern, weil sie die richtigen Fragen stellen konnten, was uns als Kunden dazu brachte, genau dar\u00fcber nachzudenken, welche Erwartungen wir an das Training haben. Sehr l\u00f6sungsorientiert und professional mit einer eindrucksvollen &#8222;was auch immer notwendig ist&#8220; Haltung, die sicherstellt, dass die richtige Art des Trainings stattfindet und gleichzeitig Teilnehmer und der Sponsor mit dem Ergebnis zufrieden sind.<\/p>\n<p><a href=\"http:\/\/02086ee2.kundenrechner.net\/wp-content\/uploads\/2013\/08\/stars-5.bmp\"><img decoding=\"async\" class=\"alignleft size-full wp-image-2644\" src=\"http:\/\/02086ee2.kundenrechner.net\/wp-content\/uploads\/2013\/08\/stars-5.bmp\" alt=\"stars 5\" \/><\/a><\/p>\n<\/div><\/div><div class=\"avia-testimonial-meta\"><div class=\"avia-testimonial-arrow-wrap\"><div class=\"avia-arrow\"><\/div><\/div><div class='avia-testimonial-meta-mini'  itemprop=\"author\" itemscope=\"itemscope\" itemtype=\"https:\/\/schema.org\/Person\" ><strong  class='avia-testimonial-name'  itemprop=\"name\" >Training Manager<\/strong><span  class='avia-testimonial-subtitle '  itemprop=\"jobTitle\" >Finanzwesen<\/span><\/div><\/div><\/div><\/div>\n<div class='avia-testimonial av-av_testimonial_single-735bb73f8eeffbdefdd9f5ebed408246 avia-testimonial-row-1 avia-last-testimonial flex_column no_margin av_one_half'><div class='avia-testimonial_inner'  itemscope=\"itemscope\" itemtype=\"https:\/\/schema.org\/CreativeWork\" ><div class='avia-testimonial-content '><div class='avia-testimonial-markup-entry-content'  itemprop=\"text\" ><h3><\/h3>\n<h3><strong>H\u00f6chst informatives Training<\/strong><\/h3>\n<p>Ein h\u00f6chst informatives Training von einem gutfundierten Trainer! Das Training war interessant und zusammen mit Rollenspielen wurde unsere Aufmerksamkeit durchweg aufrechterhalten. Der Trainer kannte offensichtlich seine Rolle &#8211; die Themen wurden mit Klarheit dargestellt und der Trainer animierte mit Leichtigkeit und Zuversicht zum Mitmachen. Target Training sind ganz klar seri\u00f6s in Ihren Absichten und sollte die erste Anlaufstelle sein, wenn es um professionelle und effektive Trainingsl\u00f6sungen geht!<\/p>\n<p><a href=\"http:\/\/02086ee2.kundenrechner.net\/wp-content\/uploads\/2013\/08\/stars-5.bmp\"><img decoding=\"async\" class=\"alignleft size-full wp-image-2644\" src=\"http:\/\/02086ee2.kundenrechner.net\/wp-content\/uploads\/2013\/08\/stars-5.bmp\" alt=\"stars 5\" \/><\/a><\/p>\n<\/div><\/div><div class=\"avia-testimonial-meta\"><div class=\"avia-testimonial-arrow-wrap\"><div class=\"avia-arrow\"><\/div><\/div><div class='avia-testimonial-meta-mini'  itemprop=\"author\" itemscope=\"itemscope\" itemtype=\"https:\/\/schema.org\/Person\" ><strong  class='avia-testimonial-name'  itemprop=\"name\" >B\u00fcroleiter<\/strong><span  class='avia-testimonial-subtitle '  itemprop=\"jobTitle\" >Investmentbanking<\/span><\/div><\/div><\/div><\/div><\/section>\n<section class=\"avia-testimonial-row\"><div class='avia-testimonial av-av_testimonial_single-e1b367f796ed17e48561717e9bb9e425 avia-testimonial-row-2 avia-first-testimonial flex_column no_margin av_one_half'><div class='avia-testimonial_inner'  itemscope=\"itemscope\" itemtype=\"https:\/\/schema.org\/CreativeWork\" ><div class='avia-testimonial-content '><div class='avia-testimonial-markup-entry-content'  itemprop=\"text\" ><h3><strong>Einwandfreie Methoden und Inhalte<\/strong><\/h3>\n<p>Ich nahm am Seminar &#8222;Virtuelle Meetings auf Englisch&#8220; teil und das Gelernte war aufschlussreich und anwendbar (anders als bei anderen Trainings, die nur Theorie vermitteln). Einwandfreie Methoden und Inhalte, meiner Meinung nach.<\/p>\n<p><a href=\"http:\/\/02086ee2.kundenrechner.net\/wp-content\/uploads\/2013\/08\/stars-5.bmp\"><img decoding=\"async\" class=\"alignleft size-full wp-image-2644\" src=\"http:\/\/02086ee2.kundenrechner.net\/wp-content\/uploads\/2013\/08\/stars-5.bmp\" alt=\"stars 5\" \/><\/a><\/p>\n<\/div><\/div><div class=\"avia-testimonial-meta\"><div class=\"avia-testimonial-arrow-wrap\"><div class=\"avia-arrow\"><\/div><\/div><div class='avia-testimonial-meta-mini'  itemprop=\"author\" itemscope=\"itemscope\" itemtype=\"https:\/\/schema.org\/Person\" ><strong  class='avia-testimonial-name'  itemprop=\"name\" >Kommunikationsmanager<\/strong><span  class='avia-testimonial-subtitle '  itemprop=\"jobTitle\" >Logistik<\/span><\/div><\/div><\/div><\/div>\n<div class='avia-testimonial av-av_testimonial_single-a6686e7eb6c78d108a9feaa4665e6793 avia-testimonial-row-2 avia-last-testimonial flex_column no_margin av_one_half'><div class='avia-testimonial_inner'  itemscope=\"itemscope\" itemtype=\"https:\/\/schema.org\/CreativeWork\" ><div class='avia-testimonial-content '><div class='avia-testimonial-markup-entry-content'  itemprop=\"text\" ><h3>Ein tolles Unternehmen<\/h3>\n<p>Die Arbeit mit Target Training war eine wahre Freude. Es ist immer toll, wenn sich ein Anbieter die genauen Bed\u00fcrfnisse anh\u00f6rt, das Training dazu passend entwickelt und das Training im Detail an die Erwartungen und Bed\u00fcrfnisse anpassen kann. Keine Anforderungen waren zu gro\u00df. Das Trainingsteam war extrem professionell, gut fundiert und war in der Lage die Teilnehmer zu jederzeit miteinzubeziehen, was bei einem ganzt\u00e4gigen Training sehr wichtig ist. Vom Anfang bis zur Durchf\u00fchrung war beispielhaft.<\/p>\n<p style=\"text-align: left;\"><a href=\"http:\/\/02086ee2.kundenrechner.net\/wp-content\/uploads\/2013\/08\/stars-5.bmp\"><img decoding=\"async\" class=\"size-full wp-image-2644\" src=\"http:\/\/02086ee2.kundenrechner.net\/wp-content\/uploads\/2013\/08\/stars-5.bmp\" alt=\"stars 5\" \/><\/a><\/p>\n<\/div><\/div><div class=\"avia-testimonial-meta\"><div class=\"avia-testimonial-arrow-wrap\"><div class=\"avia-arrow\"><\/div><\/div><div class='avia-testimonial-meta-mini'  itemprop=\"author\" itemscope=\"itemscope\" itemtype=\"https:\/\/schema.org\/Person\" ><strong  class='avia-testimonial-name'  itemprop=\"name\" >Personalentwicklung<\/strong><span  class='avia-testimonial-subtitle '  itemprop=\"jobTitle\" >Finanzwesen<\/span><\/div><\/div><\/div><\/div><\/section>\n<section class=\"avia-testimonial-row\"><div class='avia-testimonial av-av_testimonial_single-2f330a8ecc09d4c11b85ff3013822c4f avia-testimonial-row-3 avia-first-testimonial flex_column no_margin av_one_half'><div class='avia-testimonial_inner'  itemscope=\"itemscope\" itemtype=\"https:\/\/schema.org\/CreativeWork\" ><div class='avia-testimonial-content '><div class='avia-testimonial-markup-entry-content'  itemprop=\"text\" ><h3 id=\"stcpDiv\">Ma\u00dfgeschneidertes Training in einem multikulturellen Umfeld<\/h3>\n<p>Bereits w\u00e4hrend der Vorbereitungszeit, zeigte Target Training viel Hingabe, um sicherzugehen, dass das Training an NAMSA&#8217;S spezielle Rolle als NATO-Eink\u00e4ufer in einem multikulturellen Markt angepasst ist. Alle Teilnehmer waren positiv beeindruckt von der Art und Weise, wie der Trainer Ihnen wichtige Aspekte der Verhandlungsf\u00fchrung n\u00e4her brachte, die ihnen vorher kaum oder nicht bekannt waren und wie die Theorie mithilfe von realistischen Verhandlungssimulationen in die Praxis umgesetzt wurde.<\/p>\n<p><a href=\"http:\/\/02086ee2.kundenrechner.net\/wp-content\/uploads\/2013\/08\/stars-5.bmp\"><img decoding=\"async\" class=\"alignleft size-full wp-image-2644\" src=\"http:\/\/02086ee2.kundenrechner.net\/wp-content\/uploads\/2013\/08\/stars-5.bmp\" alt=\"stars 5\" \/><\/a><\/p>\n<\/div><\/div><div class=\"avia-testimonial-meta\"><div class=\"avia-testimonial-arrow-wrap\"><div class=\"avia-arrow\"><\/div><\/div><div class='avia-testimonial-meta-mini'  itemprop=\"author\" itemscope=\"itemscope\" itemtype=\"https:\/\/schema.org\/Person\" ><strong  class='avia-testimonial-name'  itemprop=\"name\" >Leiter f\u00fcr Einkauf und Vertrieb<\/strong><span  class='avia-testimonial-subtitle '  itemprop=\"jobTitle\" >Betreuungsagentur<\/span><\/div><\/div><\/div><\/div>\n<div class='avia-testimonial av-av_testimonial_single-014cdda35dae4c913e860996ca5c784d avia-testimonial-row-3 avia-last-testimonial flex_column no_margin av_one_half'><div class='avia-testimonial_inner'  itemscope=\"itemscope\" itemtype=\"https:\/\/schema.org\/CreativeWork\" ><div class='avia-testimonial-content '><div class='avia-testimonial-markup-entry-content'  itemprop=\"text\" ><h3>Realistische Szenarios<\/h3>\n<p>Das zweit\u00e4gige Training, das sich im Umfeld unserer eigenen Fallbeispiele abspielt, entspricht vollkommen unseren Anforderungen. Wir haben uns dazu entschieden, dies drei Mal im Jahr durchzuf\u00fchren. Das sagt doch alles \u00fcber unsere Weiterempfehlung aus oder?<\/p>\n<p><a href=\"http:\/\/02086ee2.kundenrechner.net\/wp-content\/uploads\/2013\/08\/stars-5.bmp\"><img decoding=\"async\" class=\"alignleft size-full wp-image-2644\" src=\"http:\/\/02086ee2.kundenrechner.net\/wp-content\/uploads\/2013\/08\/stars-5.bmp\" alt=\"stars 5\" \/><\/a><\/p>\n<\/div><\/div><div class=\"avia-testimonial-meta\"><div class=\"avia-testimonial-arrow-wrap\"><div class=\"avia-arrow\"><\/div><\/div><div class='avia-testimonial-meta-mini'  itemprop=\"author\" itemscope=\"itemscope\" itemtype=\"https:\/\/schema.org\/Person\" ><strong  class='avia-testimonial-name'  itemprop=\"name\" >Abteilungsleitung<\/strong><span  class='avia-testimonial-subtitle '  itemprop=\"jobTitle\" >Systemforschung<\/span><\/div><\/div><\/div><\/div><\/section>\n<\/div><\/p><\/div>\n","protected":false},"excerpt":{"rendered":"","protected":false},"author":3,"featured_media":0,"parent":0,"menu_order":0,"comment_status":"open","ping_status":"open","template":"","meta":{"_acf_changed":false,"content-type":"","footnotes":""},"class_list":["post-11518","page","type-page","status-publish","hentry"],"acf":[],"yoast_head":"<!-- This site is optimized with the Yoast SEO plugin v23.6 - https:\/\/yoast.com\/wordpress\/plugins\/seo\/ -->\n<title>Was unsere Kunden an uns sch\u00e4tzen - Target Training GmbH<\/title>\n<meta name=\"description\" content=\"Lesen Sie was unsere Kunden an uns sch\u00e4tzen, was Teilnehmer und Sponsoren zu unseren Soft Skills Seminaren sagen und welche Erfahrungen sie gemacht haben.\" \/>\n<meta name=\"robots\" content=\"index, follow, max-snippet:-1, max-image-preview:large, max-video-preview:-1\" \/>\n<link rel=\"canonical\" href=\"https:\/\/www.targettraining.eu\/de\/was-unsere-kunden-an-uns-schatzen\/\" \/>\n<meta property=\"og:locale\" content=\"de_DE\" \/>\n<meta property=\"og:type\" content=\"article\" \/>\n<meta property=\"og:title\" content=\"Was unsere Kunden an uns sch\u00e4tzen - Target Training GmbH\" \/>\n<meta property=\"og:description\" content=\"Lesen Sie was unsere Kunden an uns sch\u00e4tzen, was Teilnehmer und Sponsoren zu unseren Soft Skills Seminaren sagen und welche Erfahrungen sie gemacht haben.\" \/>\n<meta property=\"og:url\" content=\"https:\/\/www.targettraining.eu\/de\/was-unsere-kunden-an-uns-schatzen\/\" \/>\n<meta property=\"og:site_name\" content=\"Target Training GmbH\" \/>\n<meta property=\"article:publisher\" content=\"https:\/\/www.facebook.com\/TargetTrainingGmbh\" \/>\n<meta property=\"article:modified_time\" content=\"2015-10-02T09:54:29+00:00\" \/>\n<meta property=\"og:image\" content=\"http:\/\/02086ee2.kundenrechner.net\/wp-content\/uploads\/2013\/08\/stars-5.bmp\" \/>\n<meta name=\"twitter:label1\" content=\"Gesch\u00e4tzte Lesezeit\" \/>\n\t<meta name=\"twitter:data1\" content=\"3 Minuten\" \/>\n<script type=\"application\/ld+json\" class=\"yoast-schema-graph\">{\"@context\":\"https:\/\/schema.org\",\"@graph\":[{\"@type\":\"WebPage\",\"@id\":\"https:\/\/www.targettraining.eu\/de\/was-unsere-kunden-an-uns-schatzen\/\",\"url\":\"https:\/\/www.targettraining.eu\/de\/was-unsere-kunden-an-uns-schatzen\/\",\"name\":\"Was unsere Kunden an uns sch\u00e4tzen - Target Training GmbH\",\"isPartOf\":{\"@id\":\"https:\/\/www.targettraining.eu\/#website\"},\"primaryImageOfPage\":{\"@id\":\"https:\/\/www.targettraining.eu\/de\/was-unsere-kunden-an-uns-schatzen\/#primaryimage\"},\"image\":{\"@id\":\"https:\/\/www.targettraining.eu\/de\/was-unsere-kunden-an-uns-schatzen\/#primaryimage\"},\"thumbnailUrl\":\"http:\/\/02086ee2.kundenrechner.net\/wp-content\/uploads\/2013\/08\/stars-5.bmp\",\"datePublished\":\"2015-08-04T13:06:57+00:00\",\"dateModified\":\"2015-10-02T09:54:29+00:00\",\"description\":\"Lesen Sie was unsere Kunden an uns sch\u00e4tzen, was Teilnehmer und Sponsoren zu unseren Soft Skills Seminaren sagen und welche Erfahrungen sie gemacht haben.\",\"breadcrumb\":{\"@id\":\"https:\/\/www.targettraining.eu\/de\/was-unsere-kunden-an-uns-schatzen\/#breadcrumb\"},\"inLanguage\":\"de-DE\",\"potentialAction\":[{\"@type\":\"ReadAction\",\"target\":[\"https:\/\/www.targettraining.eu\/de\/was-unsere-kunden-an-uns-schatzen\/\"]}]},{\"@type\":\"ImageObject\",\"inLanguage\":\"de-DE\",\"@id\":\"https:\/\/www.targettraining.eu\/de\/was-unsere-kunden-an-uns-schatzen\/#primaryimage\",\"url\":\"http:\/\/02086ee2.kundenrechner.net\/wp-content\/uploads\/2013\/08\/stars-5.bmp\",\"contentUrl\":\"http:\/\/02086ee2.kundenrechner.net\/wp-content\/uploads\/2013\/08\/stars-5.bmp\"},{\"@type\":\"BreadcrumbList\",\"@id\":\"https:\/\/www.targettraining.eu\/de\/was-unsere-kunden-an-uns-schatzen\/#breadcrumb\",\"itemListElement\":[{\"@type\":\"ListItem\",\"position\":1,\"name\":\"Home\",\"item\":\"https:\/\/www.targettraining.eu\/de\/\"},{\"@type\":\"ListItem\",\"position\":2,\"name\":\"Was unsere Kunden an uns sch\u00e4tzen\"}]},{\"@type\":\"WebSite\",\"@id\":\"https:\/\/www.targettraining.eu\/#website\",\"url\":\"https:\/\/www.targettraining.eu\/\",\"name\":\"Target Training GmbH\",\"description\":\"Training you to succeed globally\",\"publisher\":{\"@id\":\"https:\/\/www.targettraining.eu\/#organization\"},\"potentialAction\":[{\"@type\":\"SearchAction\",\"target\":{\"@type\":\"EntryPoint\",\"urlTemplate\":\"https:\/\/www.targettraining.eu\/?s={search_term_string}\"},\"query-input\":{\"@type\":\"PropertyValueSpecification\",\"valueRequired\":true,\"valueName\":\"search_term_string\"}}],\"inLanguage\":\"de-DE\"},{\"@type\":\"Organization\",\"@id\":\"https:\/\/www.targettraining.eu\/#organization\",\"name\":\"Target Training GmbH\",\"url\":\"https:\/\/www.targettraining.eu\/\",\"logo\":{\"@type\":\"ImageObject\",\"inLanguage\":\"de-DE\",\"@id\":\"https:\/\/www.targettraining.eu\/#\/schema\/logo\/image\/\",\"url\":\"https:\/\/www.targettraining.eu\/wp-content\/uploads\/2013\/04\/WP-logo2.png\",\"contentUrl\":\"https:\/\/www.targettraining.eu\/wp-content\/uploads\/2013\/04\/WP-logo2.png\",\"width\":103,\"height\":32,\"caption\":\"Target Training GmbH\"},\"image\":{\"@id\":\"https:\/\/www.targettraining.eu\/#\/schema\/logo\/image\/\"},\"sameAs\":[\"https:\/\/www.facebook.com\/TargetTrainingGmbh\",\"https:\/\/x.com\/TargetTrains\",\"https:\/\/www.youtube.com\/c\/TargettrainingEugmbh\"]}]}<\/script>\n<!-- \/ Yoast SEO plugin. -->","yoast_head_json":{"title":"Was unsere Kunden an uns sch\u00e4tzen - Target Training GmbH","description":"Lesen Sie was unsere Kunden an uns sch\u00e4tzen, was Teilnehmer und Sponsoren zu unseren Soft Skills Seminaren sagen und welche Erfahrungen sie gemacht haben.","robots":{"index":"index","follow":"follow","max-snippet":"max-snippet:-1","max-image-preview":"max-image-preview:large","max-video-preview":"max-video-preview:-1"},"canonical":"https:\/\/www.targettraining.eu\/de\/was-unsere-kunden-an-uns-schatzen\/","og_locale":"de_DE","og_type":"article","og_title":"Was unsere Kunden an uns sch\u00e4tzen - Target Training GmbH","og_description":"Lesen Sie was unsere Kunden an uns sch\u00e4tzen, was Teilnehmer und Sponsoren zu unseren Soft Skills Seminaren sagen und welche Erfahrungen sie gemacht haben.","og_url":"https:\/\/www.targettraining.eu\/de\/was-unsere-kunden-an-uns-schatzen\/","og_site_name":"Target Training GmbH","article_publisher":"https:\/\/www.facebook.com\/TargetTrainingGmbh","article_modified_time":"2015-10-02T09:54:29+00:00","og_image":[{"url":"http:\/\/02086ee2.kundenrechner.net\/wp-content\/uploads\/2013\/08\/stars-5.bmp"}],"twitter_misc":{"Gesch\u00e4tzte Lesezeit":"3 Minuten"},"schema":{"@context":"https:\/\/schema.org","@graph":[{"@type":"WebPage","@id":"https:\/\/www.targettraining.eu\/de\/was-unsere-kunden-an-uns-schatzen\/","url":"https:\/\/www.targettraining.eu\/de\/was-unsere-kunden-an-uns-schatzen\/","name":"Was unsere Kunden an uns sch\u00e4tzen - Target Training GmbH","isPartOf":{"@id":"https:\/\/www.targettraining.eu\/#website"},"primaryImageOfPage":{"@id":"https:\/\/www.targettraining.eu\/de\/was-unsere-kunden-an-uns-schatzen\/#primaryimage"},"image":{"@id":"https:\/\/www.targettraining.eu\/de\/was-unsere-kunden-an-uns-schatzen\/#primaryimage"},"thumbnailUrl":"http:\/\/02086ee2.kundenrechner.net\/wp-content\/uploads\/2013\/08\/stars-5.bmp","datePublished":"2015-08-04T13:06:57+00:00","dateModified":"2015-10-02T09:54:29+00:00","description":"Lesen Sie was unsere Kunden an uns sch\u00e4tzen, was Teilnehmer und Sponsoren zu unseren Soft Skills Seminaren sagen und welche Erfahrungen sie gemacht haben.","breadcrumb":{"@id":"https:\/\/www.targettraining.eu\/de\/was-unsere-kunden-an-uns-schatzen\/#breadcrumb"},"inLanguage":"de-DE","potentialAction":[{"@type":"ReadAction","target":["https:\/\/www.targettraining.eu\/de\/was-unsere-kunden-an-uns-schatzen\/"]}]},{"@type":"ImageObject","inLanguage":"de-DE","@id":"https:\/\/www.targettraining.eu\/de\/was-unsere-kunden-an-uns-schatzen\/#primaryimage","url":"http:\/\/02086ee2.kundenrechner.net\/wp-content\/uploads\/2013\/08\/stars-5.bmp","contentUrl":"http:\/\/02086ee2.kundenrechner.net\/wp-content\/uploads\/2013\/08\/stars-5.bmp"},{"@type":"BreadcrumbList","@id":"https:\/\/www.targettraining.eu\/de\/was-unsere-kunden-an-uns-schatzen\/#breadcrumb","itemListElement":[{"@type":"ListItem","position":1,"name":"Home","item":"https:\/\/www.targettraining.eu\/de\/"},{"@type":"ListItem","position":2,"name":"Was unsere Kunden an uns sch\u00e4tzen"}]},{"@type":"WebSite","@id":"https:\/\/www.targettraining.eu\/#website","url":"https:\/\/www.targettraining.eu\/","name":"Target Training GmbH","description":"Training you to succeed globally","publisher":{"@id":"https:\/\/www.targettraining.eu\/#organization"},"potentialAction":[{"@type":"SearchAction","target":{"@type":"EntryPoint","urlTemplate":"https:\/\/www.targettraining.eu\/?s={search_term_string}"},"query-input":{"@type":"PropertyValueSpecification","valueRequired":true,"valueName":"search_term_string"}}],"inLanguage":"de-DE"},{"@type":"Organization","@id":"https:\/\/www.targettraining.eu\/#organization","name":"Target Training GmbH","url":"https:\/\/www.targettraining.eu\/","logo":{"@type":"ImageObject","inLanguage":"de-DE","@id":"https:\/\/www.targettraining.eu\/#\/schema\/logo\/image\/","url":"https:\/\/www.targettraining.eu\/wp-content\/uploads\/2013\/04\/WP-logo2.png","contentUrl":"https:\/\/www.targettraining.eu\/wp-content\/uploads\/2013\/04\/WP-logo2.png","width":103,"height":32,"caption":"Target Training GmbH"},"image":{"@id":"https:\/\/www.targettraining.eu\/#\/schema\/logo\/image\/"},"sameAs":["https:\/\/www.facebook.com\/TargetTrainingGmbh","https:\/\/x.com\/TargetTrains","https:\/\/www.youtube.com\/c\/TargettrainingEugmbh"]}]}},"_links":{"self":[{"href":"https:\/\/www.targettraining.eu\/de\/wp-json\/wp\/v2\/pages\/11518\/"}],"collection":[{"href":"https:\/\/www.targettraining.eu\/de\/wp-json\/wp\/v2\/pages\/"}],"about":[{"href":"https:\/\/www.targettraining.eu\/de\/wp-json\/wp\/v2\/types\/page\/"}],"author":[{"embeddable":true,"href":"https:\/\/www.targettraining.eu\/de\/wp-json\/wp\/v2\/users\/3\/"}],"replies":[{"embeddable":true,"href":"https:\/\/www.targettraining.eu\/de\/wp-json\/wp\/v2\/comments\/?post=11518"}],"version-history":[{"count":5,"href":"https:\/\/www.targettraining.eu\/de\/wp-json\/wp\/v2\/pages\/11518\/revisions\/"}],"predecessor-version":[{"id":12825,"href":"https:\/\/www.targettraining.eu\/de\/wp-json\/wp\/v2\/pages\/11518\/revisions\/12825\/"}],"wp:attachment":[{"href":"https:\/\/www.targettraining.eu\/de\/wp-json\/wp\/v2\/media\/?parent=11518"}],"curies":[{"name":"wp","href":"https:\/\/api.w.org\/{rel}","templated":true}]}}